{"id":3016,"date":"2016-04-26T00:00:19","date_gmt":"2016-04-25T22:00:19","guid":{"rendered":"https:\/\/sakumetall.ee\/allhanketehas\/de\/services\/bending\/"},"modified":"2018-07-12T15:09:49","modified_gmt":"2018-07-12T13:09:49","slug":"bending","status":"publish","type":"page","link":"https:\/\/sakumetall.ee\/allhanketehas\/de\/services\/bending\/","title":{"rendered":"Biegen"},"content":{"rendered":"<h1>Biegen<\/h1>\n<ul style=\"list-style-type: square;\">\n<li><span style=\"font-size: 12pt;\">Wir verf\u00fcgen \u00fcber langzeitige Erfahrungen und Know-How \u00fcber das Biegen von Blech. Wir erf\u00fcllen die Auftr\u00e4ge unserer Kunden auf sieben modernen Biegemaschinen. Au\u00dfer manuellen Ger\u00e4ten geh\u00f6ren zu unserem Ger\u00e4tepark zwei automatische Biegeroboter, die durch Stichw\u00f6rter hohe Produktion und Qualit\u00e4t gekennzeichnet werden.<\/span><\/li>\n<li><span style=\"font-size: 12pt;\">Zugleich bieten wird Walzen von Blech und Profilen. Mit verschiedenen Press-, Biege- und Walzger\u00e4ten k\u00f6nnen wird auch komplizierte Teile (z. B. mit variablem Radius) herstellen. Die numerisch gesteuerten Biegemaschinen sind mit einem automatischen Teillager verbunden, das es erm\u00f6glicht, Ger\u00e4te effizient zu bedienen und unn\u00f6tige T\u00e4tigkeiten zu vermeiden.<\/span><\/li>\n<\/ul>\n<p><a href=\"https:\/\/sakumetall.ee\/allhanketehas\/de\/contact\/contact\/\" class=\"button\">Fragen Sie nach einem Angebot<\/a><\/p>\n<p>&nbsp;<\/p>\n<div id='gallery-1' class='gallery galleryid-3016 gallery-columns-3 gallery-size-single-work-thumb'><figure class='gallery-item'>\n\t\t\t<div class='gallery-icon landscape'>\n\t\t\t\t<a href='https:\/\/sakumetall.ee\/allhanketehas\/wp-content\/uploads\/sites\/3\/2016\/06\/IMG_2593.jpg'><img loading=\"lazy\" decoding=\"async\" width=\"150\" height=\"100\" src=\"https:\/\/sakumetall.ee\/allhanketehas\/wp-content\/uploads\/sites\/3\/2016\/06\/IMG_2593-150x100.jpg\" class=\"attachment-single-work-thumb size-single-work-thumb\" alt=\"\" srcset=\"https:\/\/sakumetall.ee\/allhanketehas\/wp-content\/uploads\/sites\/3\/2016\/06\/IMG_2593-150x100.jpg 150w, https:\/\/sakumetall.ee\/allhanketehas\/wp-content\/uploads\/sites\/3\/2016\/06\/IMG_2593-300x200.jpg 300w, https:\/\/sakumetall.ee\/allhanketehas\/wp-content\/uploads\/sites\/3\/2016\/06\/IMG_2593-1024x683.jpg 1024w, https:\/\/sakumetall.ee\/allhanketehas\/wp-content\/uploads\/sites\/3\/2016\/06\/IMG_2593-285x190.jpg 285w, https:\/\/sakumetall.ee\/allhanketehas\/wp-content\/uploads\/sites\/3\/2016\/06\/IMG_2593-180x120.jpg 180w\" sizes=\"auto, (max-width: 150px) 100vw, 150px\" \/><\/a>\n\t\t\t<\/div><\/figure><figure class='gallery-item'>\n\t\t\t<div class='gallery-icon landscape'>\n\t\t\t\t<a href='https:\/\/sakumetall.ee\/allhanketehas\/wp-content\/uploads\/sites\/3\/2016\/04\/pain4a-e1460706617368.jpg'><img loading=\"lazy\" decoding=\"async\" width=\"150\" height=\"100\" src=\"https:\/\/sakumetall.ee\/allhanketehas\/wp-content\/uploads\/sites\/3\/2016\/04\/pain4a-150x100.jpg\" class=\"attachment-single-work-thumb size-single-work-thumb\" alt=\"\" srcset=\"https:\/\/sakumetall.ee\/allhanketehas\/wp-content\/uploads\/sites\/3\/2016\/04\/pain4a-150x100.jpg 150w, https:\/\/sakumetall.ee\/allhanketehas\/wp-content\/uploads\/sites\/3\/2016\/04\/pain4a-300x200.jpg 300w, https:\/\/sakumetall.ee\/allhanketehas\/wp-content\/uploads\/sites\/3\/2016\/04\/pain4a-1024x683.jpg 1024w, https:\/\/sakumetall.ee\/allhanketehas\/wp-content\/uploads\/sites\/3\/2016\/04\/pain4a-285x190.jpg 285w, https:\/\/sakumetall.ee\/allhanketehas\/wp-content\/uploads\/sites\/3\/2016\/04\/pain4a-180x120.jpg 180w, https:\/\/sakumetall.ee\/allhanketehas\/wp-content\/uploads\/sites\/3\/2016\/04\/pain4a-e1460706617368.jpg 1350w\" sizes=\"auto, (max-width: 150px) 100vw, 150px\" \/><\/a>\n\t\t\t<\/div><\/figure><figure class='gallery-item'>\n\t\t\t<div class='gallery-icon landscape'>\n\t\t\t\t<a href='https:\/\/sakumetall.ee\/allhanketehas\/wp-content\/uploads\/sites\/3\/2016\/04\/pain6a-e1460706487374.jpg'><img loading=\"lazy\" decoding=\"async\" width=\"150\" height=\"100\" src=\"https:\/\/sakumetall.ee\/allhanketehas\/wp-content\/uploads\/sites\/3\/2016\/04\/pain6a-150x100.jpg\" class=\"attachment-single-work-thumb size-single-work-thumb\" alt=\"\" srcset=\"https:\/\/sakumetall.ee\/allhanketehas\/wp-content\/uploads\/sites\/3\/2016\/04\/pain6a-150x100.jpg 150w, https:\/\/sakumetall.ee\/allhanketehas\/wp-content\/uploads\/sites\/3\/2016\/04\/pain6a-300x200.jpg 300w, https:\/\/sakumetall.ee\/allhanketehas\/wp-content\/uploads\/sites\/3\/2016\/04\/pain6a-1024x682.jpg 1024w, https:\/\/sakumetall.ee\/allhanketehas\/wp-content\/uploads\/sites\/3\/2016\/04\/pain6a-285x190.jpg 285w, https:\/\/sakumetall.ee\/allhanketehas\/wp-content\/uploads\/sites\/3\/2016\/04\/pain6a-180x120.jpg 180w, https:\/\/sakumetall.ee\/allhanketehas\/wp-content\/uploads\/sites\/3\/2016\/04\/pain6a-e1460706487374.jpg 1350w\" sizes=\"auto, (max-width: 150px) 100vw, 150px\" \/><\/a>\n\t\t\t<\/div><\/figure><figure class='gallery-item'>\n\t\t\t<div class='gallery-icon landscape'>\n\t\t\t\t<a href='https:\/\/sakumetall.ee\/allhanketehas\/wp-content\/uploads\/sites\/3\/2016\/06\/IMG_2581.jpg'><img loading=\"lazy\" decoding=\"async\" width=\"150\" height=\"100\" src=\"https:\/\/sakumetall.ee\/allhanketehas\/wp-content\/uploads\/sites\/3\/2016\/06\/IMG_2581-150x100.jpg\" class=\"attachment-single-work-thumb size-single-work-thumb\" alt=\"\" srcset=\"https:\/\/sakumetall.ee\/allhanketehas\/wp-content\/uploads\/sites\/3\/2016\/06\/IMG_2581-150x100.jpg 150w, https:\/\/sakumetall.ee\/allhanketehas\/wp-content\/uploads\/sites\/3\/2016\/06\/IMG_2581-300x200.jpg 300w, https:\/\/sakumetall.ee\/allhanketehas\/wp-content\/uploads\/sites\/3\/2016\/06\/IMG_2581-1024x683.jpg 1024w, https:\/\/sakumetall.ee\/allhanketehas\/wp-content\/uploads\/sites\/3\/2016\/06\/IMG_2581-285x190.jpg 285w, https:\/\/sakumetall.ee\/allhanketehas\/wp-content\/uploads\/sites\/3\/2016\/06\/IMG_2581-180x120.jpg 180w, https:\/\/sakumetall.ee\/allhanketehas\/wp-content\/uploads\/sites\/3\/2016\/06\/IMG_2581.jpg 1966w\" sizes=\"auto, (max-width: 150px) 100vw, 150px\" \/><\/a>\n\t\t\t<\/div><\/figure><figure class='gallery-item'>\n\t\t\t<div class='gallery-icon landscape'>\n\t\t\t\t<a href='https:\/\/sakumetall.ee\/allhanketehas\/wp-content\/uploads\/sites\/3\/2016\/06\/IMG_2685.jpg'><img loading=\"lazy\" decoding=\"async\" width=\"150\" height=\"100\" src=\"https:\/\/sakumetall.ee\/allhanketehas\/wp-content\/uploads\/sites\/3\/2016\/06\/IMG_2685-150x100.jpg\" class=\"attachment-single-work-thumb size-single-work-thumb\" alt=\"\" srcset=\"https:\/\/sakumetall.ee\/allhanketehas\/wp-content\/uploads\/sites\/3\/2016\/06\/IMG_2685-150x100.jpg 150w, https:\/\/sakumetall.ee\/allhanketehas\/wp-content\/uploads\/sites\/3\/2016\/06\/IMG_2685-300x200.jpg 300w, https:\/\/sakumetall.ee\/allhanketehas\/wp-content\/uploads\/sites\/3\/2016\/06\/IMG_2685-1024x683.jpg 1024w, https:\/\/sakumetall.ee\/allhanketehas\/wp-content\/uploads\/sites\/3\/2016\/06\/IMG_2685-285x190.jpg 285w, https:\/\/sakumetall.ee\/allhanketehas\/wp-content\/uploads\/sites\/3\/2016\/06\/IMG_2685-180x120.jpg 180w, https:\/\/sakumetall.ee\/allhanketehas\/wp-content\/uploads\/sites\/3\/2016\/06\/IMG_2685.jpg 1945w\" sizes=\"auto, (max-width: 150px) 100vw, 150px\" \/><\/a>\n\t\t\t<\/div><\/figure><figure class='gallery-item'>\n\t\t\t<div class='gallery-icon landscape'>\n\t\t\t\t<a href='https:\/\/sakumetall.ee\/allhanketehas\/wp-content\/uploads\/sites\/3\/2016\/04\/pain5a-e1460706534333.jpg'><img loading=\"lazy\" decoding=\"async\" width=\"150\" height=\"100\" src=\"https:\/\/sakumetall.ee\/allhanketehas\/wp-content\/uploads\/sites\/3\/2016\/04\/pain5a-150x100.jpg\" class=\"attachment-single-work-thumb size-single-work-thumb\" alt=\"\" srcset=\"https:\/\/sakumetall.ee\/allhanketehas\/wp-content\/uploads\/sites\/3\/2016\/04\/pain5a-150x100.jpg 150w, https:\/\/sakumetall.ee\/allhanketehas\/wp-content\/uploads\/sites\/3\/2016\/04\/pain5a-300x200.jpg 300w, https:\/\/sakumetall.ee\/allhanketehas\/wp-content\/uploads\/sites\/3\/2016\/04\/pain5a-1024x683.jpg 1024w, https:\/\/sakumetall.ee\/allhanketehas\/wp-content\/uploads\/sites\/3\/2016\/04\/pain5a-285x190.jpg 285w, https:\/\/sakumetall.ee\/allhanketehas\/wp-content\/uploads\/sites\/3\/2016\/04\/pain5a-180x120.jpg 180w, https:\/\/sakumetall.ee\/allhanketehas\/wp-content\/uploads\/sites\/3\/2016\/04\/pain5a-e1460706534333.jpg 1350w\" sizes=\"auto, (max-width: 150px) 100vw, 150px\" \/><\/a>\n\t\t\t<\/div><\/figure><figure class='gallery-item'>\n\t\t\t<div class='gallery-icon landscape'>\n\t\t\t\t<a href='https:\/\/sakumetall.ee\/allhanketehas\/wp-content\/uploads\/sites\/3\/2016\/04\/pain8a-e1460706642971.jpg'><img loading=\"lazy\" decoding=\"async\" width=\"150\" height=\"100\" src=\"https:\/\/sakumetall.ee\/allhanketehas\/wp-content\/uploads\/sites\/3\/2016\/04\/pain8a-150x100.jpg\" class=\"attachment-single-work-thumb size-single-work-thumb\" alt=\"\" srcset=\"https:\/\/sakumetall.ee\/allhanketehas\/wp-content\/uploads\/sites\/3\/2016\/04\/pain8a-150x100.jpg 150w, https:\/\/sakumetall.ee\/allhanketehas\/wp-content\/uploads\/sites\/3\/2016\/04\/pain8a-285x190.jpg 285w\" sizes=\"auto, (max-width: 150px) 100vw, 150px\" \/><\/a>\n\t\t\t<\/div><\/figure><figure class='gallery-item'>\n\t\t\t<div class='gallery-icon landscape'>\n\t\t\t\t<a href='https:\/\/sakumetall.ee\/allhanketehas\/wp-content\/uploads\/sites\/3\/2015\/07\/pain12-e1460723539326.jpg'><img loading=\"lazy\" decoding=\"async\" width=\"150\" height=\"100\" src=\"https:\/\/sakumetall.ee\/allhanketehas\/wp-content\/uploads\/sites\/3\/2015\/07\/pain12-150x100.jpg\" class=\"attachment-single-work-thumb size-single-work-thumb\" alt=\"\" srcset=\"https:\/\/sakumetall.ee\/allhanketehas\/wp-content\/uploads\/sites\/3\/2015\/07\/pain12-150x100.jpg 150w, https:\/\/sakumetall.ee\/allhanketehas\/wp-content\/uploads\/sites\/3\/2015\/07\/pain12-285x190.jpg 285w\" sizes=\"auto, (max-width: 150px) 100vw, 150px\" \/><\/a>\n\t\t\t<\/div><\/figure><figure class='gallery-item'>\n\t\t\t<div class='gallery-icon landscape'>\n\t\t\t\t<a href='https:\/\/sakumetall.ee\/allhanketehas\/wp-content\/uploads\/sites\/3\/2015\/07\/pain1a-e1460706113310.jpg'><img loading=\"lazy\" decoding=\"async\" width=\"150\" height=\"100\" src=\"https:\/\/sakumetall.ee\/allhanketehas\/wp-content\/uploads\/sites\/3\/2015\/07\/pain1a-150x100.jpg\" class=\"attachment-single-work-thumb size-single-work-thumb\" alt=\"\" srcset=\"https:\/\/sakumetall.ee\/allhanketehas\/wp-content\/uploads\/sites\/3\/2015\/07\/pain1a-150x100.jpg 150w, https:\/\/sakumetall.ee\/allhanketehas\/wp-content\/uploads\/sites\/3\/2015\/07\/pain1a-285x190.jpg 285w\" sizes=\"auto, (max-width: 150px) 100vw, 150px\" \/><\/a>\n\t\t\t<\/div><\/figure>\n\t\t<\/div>\n\n","protected":false},"excerpt":{"rendered":"<p>Biegen Wir verf\u00fcgen \u00fcber langzeitige Erfahrungen und Know-How \u00fcber das Biegen von Blech. Wir erf\u00fcllen die Auftr\u00e4ge unserer Kunden auf sieben modernen Biegemaschinen. Au\u00dfer manuellen Ger\u00e4ten geh\u00f6ren zu unserem Ger\u00e4tepark zwei automatische Biegeroboter, die durch Stichw\u00f6rter hohe Produktion und Qualit\u00e4t gekennzeichnet werden. Zugleich bieten wird Walzen von Blech und Profilen. Mit verschiedenen Press-, Biege- und &#8230;<\/p>\n","protected":false},"author":1,"featured_media":0,"parent":2961,"menu_order":3,"comment_status":"closed","ping_status":"closed","template":"","meta":{"footnotes":""},"class_list":["post-3016","page","type-page","status-publish","hentry"],"yoast_head":"<!-- This site is optimized with the Yoast SEO plugin v27.3 - https:\/\/yoast.com\/product\/yoast-seo-wordpress\/ -->\n<title>Biegen\u00a0| Saku Metall Allhanke Tehas<\/title>\n<meta name=\"robots\" content=\"index, follow, max-snippet:-1, max-image-preview:large, max-video-preview:-1\" \/>\n<link rel=\"canonical\" href=\"https:\/\/sakumetall.ee\/allhanketehas\/de\/services\/bending\/\" \/>\n<meta property=\"og:locale\" content=\"de_DE\" \/>\n<meta property=\"og:type\" content=\"article\" \/>\n<meta property=\"og:title\" content=\"Biegen\u00a0| Saku Metall Allhanke Tehas\" \/>\n<meta property=\"og:description\" content=\"Biegen Wir verf\u00fcgen \u00fcber langzeitige Erfahrungen und Know-How \u00fcber das Biegen von Blech. Wir erf\u00fcllen die Auftr\u00e4ge unserer Kunden auf sieben modernen Biegemaschinen. Au\u00dfer manuellen Ger\u00e4ten geh\u00f6ren zu unserem Ger\u00e4tepark zwei automatische Biegeroboter, die durch Stichw\u00f6rter hohe Produktion und Qualit\u00e4t gekennzeichnet werden. Zugleich bieten wird Walzen von Blech und Profilen. Mit verschiedenen Press-, Biege- und ...\" \/>\n<meta property=\"og:url\" content=\"https:\/\/sakumetall.ee\/allhanketehas\/de\/services\/bending\/\" \/>\n<meta property=\"og:site_name\" content=\"Saku Metall Allhanke Tehas\" \/>\n<meta property=\"article:modified_time\" content=\"2018-07-12T13:09:49+00:00\" \/>\n<meta property=\"og:image\" content=\"https:\/\/sakumetall.ee\/allhanketehas\/wp-content\/uploads\/sites\/3\/2016\/06\/IMG_2593-150x100.jpg\" \/>\n<meta name=\"twitter:card\" content=\"summary_large_image\" \/>\n<meta name=\"twitter:label1\" content=\"Gesch\u00e4tzte Lesezeit\" \/>\n\t<meta name=\"twitter:data1\" content=\"1\u00a0Minute\" \/>\n<script type=\"application\/ld+json\" class=\"yoast-schema-graph\">{\"@context\":\"https:\\\/\\\/schema.org\",\"@graph\":[{\"@type\":\"WebPage\",\"@id\":\"https:\\\/\\\/sakumetall.ee\\\/allhanketehas\\\/de\\\/services\\\/bending\\\/\",\"url\":\"https:\\\/\\\/sakumetall.ee\\\/allhanketehas\\\/de\\\/services\\\/bending\\\/\",\"name\":\"Biegen\u00a0| Saku Metall Allhanke Tehas\",\"isPartOf\":{\"@id\":\"https:\\\/\\\/sakumetall.ee\\\/allhanketehas\\\/de\\\/#website\"},\"datePublished\":\"2016-04-25T22:00:19+00:00\",\"dateModified\":\"2018-07-12T13:09:49+00:00\",\"breadcrumb\":{\"@id\":\"https:\\\/\\\/sakumetall.ee\\\/allhanketehas\\\/de\\\/services\\\/bending\\\/#breadcrumb\"},\"inLanguage\":\"de\",\"potentialAction\":[{\"@type\":\"ReadAction\",\"target\":[\"https:\\\/\\\/sakumetall.ee\\\/allhanketehas\\\/de\\\/services\\\/bending\\\/\"]}]},{\"@type\":\"BreadcrumbList\",\"@id\":\"https:\\\/\\\/sakumetall.ee\\\/allhanketehas\\\/de\\\/services\\\/bending\\\/#breadcrumb\",\"itemListElement\":[{\"@type\":\"ListItem\",\"position\":1,\"name\":\"Home\",\"item\":\"https:\\\/\\\/sakumetall.ee\\\/allhanketehas\\\/de\\\/\"},{\"@type\":\"ListItem\",\"position\":2,\"name\":\"Leistungen\",\"item\":\"https:\\\/\\\/sakumetall.ee\\\/allhanketehas\\\/de\\\/services\\\/\"},{\"@type\":\"ListItem\",\"position\":3,\"name\":\"Biegen\"}]},{\"@type\":\"WebSite\",\"@id\":\"https:\\\/\\\/sakumetall.ee\\\/allhanketehas\\\/de\\\/#website\",\"url\":\"https:\\\/\\\/sakumetall.ee\\\/allhanketehas\\\/de\\\/\",\"name\":\"Saku Metall Allhanke Tehas\",\"description\":\"Informationen \u00fcber das Unternehmen\",\"potentialAction\":[{\"@type\":\"SearchAction\",\"target\":{\"@type\":\"EntryPoint\",\"urlTemplate\":\"https:\\\/\\\/sakumetall.ee\\\/allhanketehas\\\/de\\\/?s={search_term_string}\"},\"query-input\":{\"@type\":\"PropertyValueSpecification\",\"valueRequired\":true,\"valueName\":\"search_term_string\"}}],\"inLanguage\":\"de\"}]}<\/script>\n<!-- \/ Yoast SEO plugin. -->","yoast_head_json":{"title":"Biegen\u00a0| Saku Metall Allhanke Tehas","robots":{"index":"index","follow":"follow","max-snippet":"max-snippet:-1","max-image-preview":"max-image-preview:large","max-video-preview":"max-video-preview:-1"},"canonical":"https:\/\/sakumetall.ee\/allhanketehas\/de\/services\/bending\/","og_locale":"de_DE","og_type":"article","og_title":"Biegen\u00a0| Saku Metall Allhanke Tehas","og_description":"Biegen Wir verf\u00fcgen \u00fcber langzeitige Erfahrungen und Know-How \u00fcber das Biegen von Blech. Wir erf\u00fcllen die Auftr\u00e4ge unserer Kunden auf sieben modernen Biegemaschinen. Au\u00dfer manuellen Ger\u00e4ten geh\u00f6ren zu unserem Ger\u00e4tepark zwei automatische Biegeroboter, die durch Stichw\u00f6rter hohe Produktion und Qualit\u00e4t gekennzeichnet werden. Zugleich bieten wird Walzen von Blech und Profilen. Mit verschiedenen Press-, Biege- und ...","og_url":"https:\/\/sakumetall.ee\/allhanketehas\/de\/services\/bending\/","og_site_name":"Saku Metall Allhanke Tehas","article_modified_time":"2018-07-12T13:09:49+00:00","og_image":[{"url":"https:\/\/sakumetall.ee\/allhanketehas\/wp-content\/uploads\/sites\/3\/2016\/06\/IMG_2593-150x100.jpg","type":"","width":"","height":""}],"twitter_card":"summary_large_image","twitter_misc":{"Gesch\u00e4tzte Lesezeit":"1\u00a0Minute"},"schema":{"@context":"https:\/\/schema.org","@graph":[{"@type":"WebPage","@id":"https:\/\/sakumetall.ee\/allhanketehas\/de\/services\/bending\/","url":"https:\/\/sakumetall.ee\/allhanketehas\/de\/services\/bending\/","name":"Biegen\u00a0| Saku Metall Allhanke Tehas","isPartOf":{"@id":"https:\/\/sakumetall.ee\/allhanketehas\/de\/#website"},"datePublished":"2016-04-25T22:00:19+00:00","dateModified":"2018-07-12T13:09:49+00:00","breadcrumb":{"@id":"https:\/\/sakumetall.ee\/allhanketehas\/de\/services\/bending\/#breadcrumb"},"inLanguage":"de","potentialAction":[{"@type":"ReadAction","target":["https:\/\/sakumetall.ee\/allhanketehas\/de\/services\/bending\/"]}]},{"@type":"BreadcrumbList","@id":"https:\/\/sakumetall.ee\/allhanketehas\/de\/services\/bending\/#breadcrumb","itemListElement":[{"@type":"ListItem","position":1,"name":"Home","item":"https:\/\/sakumetall.ee\/allhanketehas\/de\/"},{"@type":"ListItem","position":2,"name":"Leistungen","item":"https:\/\/sakumetall.ee\/allhanketehas\/de\/services\/"},{"@type":"ListItem","position":3,"name":"Biegen"}]},{"@type":"WebSite","@id":"https:\/\/sakumetall.ee\/allhanketehas\/de\/#website","url":"https:\/\/sakumetall.ee\/allhanketehas\/de\/","name":"Saku Metall Allhanke Tehas","description":"Informationen \u00fcber das Unternehmen","potentialAction":[{"@type":"SearchAction","target":{"@type":"EntryPoint","urlTemplate":"https:\/\/sakumetall.ee\/allhanketehas\/de\/?s={search_term_string}"},"query-input":{"@type":"PropertyValueSpecification","valueRequired":true,"valueName":"search_term_string"}}],"inLanguage":"de"}]}},"_links":{"self":[{"href":"https:\/\/sakumetall.ee\/allhanketehas\/de\/wp-json\/wp\/v2\/pages\/3016","targetHints":{"allow":["GET"]}}],"collection":[{"href":"https:\/\/sakumetall.ee\/allhanketehas\/de\/wp-json\/wp\/v2\/pages"}],"about":[{"href":"https:\/\/sakumetall.ee\/allhanketehas\/de\/wp-json\/wp\/v2\/types\/page"}],"author":[{"embeddable":true,"href":"https:\/\/sakumetall.ee\/allhanketehas\/de\/wp-json\/wp\/v2\/users\/1"}],"replies":[{"embeddable":true,"href":"https:\/\/sakumetall.ee\/allhanketehas\/de\/wp-json\/wp\/v2\/comments?post=3016"}],"version-history":[{"count":5,"href":"https:\/\/sakumetall.ee\/allhanketehas\/de\/wp-json\/wp\/v2\/pages\/3016\/revisions"}],"predecessor-version":[{"id":3940,"href":"https:\/\/sakumetall.ee\/allhanketehas\/de\/wp-json\/wp\/v2\/pages\/3016\/revisions\/3940"}],"up":[{"embeddable":true,"href":"https:\/\/sakumetall.ee\/allhanketehas\/de\/wp-json\/wp\/v2\/pages\/2961"}],"wp:attachment":[{"href":"https:\/\/sakumetall.ee\/allhanketehas\/de\/wp-json\/wp\/v2\/media?parent=3016"}],"curies":[{"name":"wp","href":"https:\/\/api.w.org\/{rel}","templated":true}]}}