{"id":138,"date":"2015-06-23T09:23:39","date_gmt":"2015-06-23T09:23:39","guid":{"rendered":"https:\/\/sakumetall.ee\/allhanketehas\/?page_id=138"},"modified":"2025-11-03T11:39:53","modified_gmt":"2025-11-03T09:39:53","slug":"sertifikaadid","status":"publish","type":"page","link":"https:\/\/sakumetall.ee\/allhanketehas\/et\/ettevottest\/kvaliteedipoliitika\/sertifikaadid\/","title":{"rendered":"Sertifikaadid"},"content":{"rendered":"<h1><span style=\"font-family: verdana, geneva, sans-serif\">Sertifikaadid<\/span><\/h1>\n<ul style=\"list-style-type: square\">\n<li><span style=\"font-size: 12pt;font-family: verdana, geneva, sans-serif\">Alates aastast 2004 on Saku Metall AS juurutatud kvaliteedijuhtimiss\u00fcsteem, mis vastab standardi ISO 9001 n\u00f5uetele.<\/span><\/li>\n<li><span style=\"font-size: 12pt;font-family: verdana, geneva, sans-serif\">Alates aastast 2010 on Saku Metall AS kvaliteedijuhtimiss\u00fcsteem integreeritud keskkonnajuhtimiss\u00fcsteemiga, mis vastab standardite ISO 9001:2015 ja ISO 14001:2015 n\u00f5uetele.<\/span><\/li>\n<li><span style=\"font-size: 12pt;font-family: verdana, geneva, sans-serif\">Alates aastast 2021 on Saku Metall AS kvaliteedijuhtimiss\u00fcsteem integreeritud keskkonnajuhtimiss\u00fcsteemiga ja turvalise ja tervist hoidva t\u00f6\u00f6keskkonnajuhtimiss\u00fcsteemiga, mis vastavad standardite ISO 9001:2015, ISO 14001:2015 ja ISO 45001:2018 n\u00f5uetele.<\/span><\/li>\n<li><span style=\"font-size: 12pt;font-family: verdana, geneva, sans-serif\">Saku Metall Allhanke Tehase keevituskvaliteet vastab EN ISO 3834-2:2005 ja EN 15085-2 level CL1 n\u00f5uetele.<\/span><\/li>\n<li><span style=\"font-size: 12pt;font-family: verdana, geneva, sans-serif\">K\u00f5ikidele oma toormaterjalidele oleme valmis pakkuma tootjapoolset standardile EN ISO 10204 tase 3.1 vastavat sertifikaati.<\/span><\/li>\n<li><span style=\"font-size: 12pt\">Aastal 2022 allkirjastas Saku Metall Allhanke Tehas deklarastiooni seoses j\u00e4tkusuutliku metsamajandamise juhtp\u00f5him\u00f5tega, mille alusel kohustub ettev\u00f5te:<\/span>\n<ul>\n<li><span style=\"font-size: 12pt\">j\u00e4rgima FSC-STD-40-004 v3-1 standardis toodud protseduure, mis on integreeritud ettev\u00f5tte juhtimiss\u00fcsteemiga;<\/span><\/li>\n<li><span style=\"font-size: 12pt\">j\u00e4rgima j\u00e4tkusuutliku metsamajandamise \u00a0t\u00f6\u00f6j\u00f5up\u00f5him\u00f5tted vastavalt Saku Metall AS eetikakoodeksis s\u00e4testatud t\u00f6\u00f6tajate p\u00f5hi\u00f5igustele ja Eesti Vabariigi seadustele;<\/span><\/li>\n<li><span style=\"font-size: 12pt\">n\u00f5udma oma \u00e4ripartneritelt t\u00f5endust FSC-STD-40-004 v3-1 vastavuse kohta<\/span><\/li>\n<\/ul>\n<\/li>\n<\/ul>\n<ul style=\"list-style-type: square\">\n<li data-start=\"69\" data-end=\"467\"><span style=\"font-family: verdana, geneva, sans-serif;font-size: 12pt\">Saku Metall Allhanke Tehas on saavutanud olulise sertifikaadi pulberv\u00e4rvimise kvaliteedi valdkonnas, olles esimene ettev\u00f5te Balti riikides, kellele on omistatud mainekas QIB (Qualit\u00e4tsgemeinschaft Industriebeschichtung e.V.) sertifikaat. See tunnustus kinnitab ettev\u00f5tte p\u00fchendumust k\u00f5rgetasemelistele pulbrv\u00e4rvimisele ja pidevale kvaliteedikontrollile.<\/span><\/li>\n<li data-start=\"469\" data-end=\"765\"><span style=\"font-family: verdana, geneva, sans-serif;font-size: 12pt\">Lisaks on Saku Metallil Deutsche Bahni (DB) sertifikaat DBS 918 340 nii teras- kui ka alumiiniumpindade pulberv\u00e4rvimiseks. Tegemist on rongit\u00f6\u00f6stuses olulise sertifikaadiga, mis kinnitab vastavust rangetele kvaliteedin\u00f5uetele ja loob eeldused uute projektide realiseerimiseks selles valdkonnas.<\/span><\/li>\n<li data-start=\"767\" data-end=\"1107\"><span style=\"font-family: verdana, geneva, sans-serif;font-size: 12pt\">Kvaliteedi tagamiseks viiakse regulaarselt l\u00e4bi mehhaanilisi katseid, sealhulgas painutus-, l\u00f6\u00f6gi-, kriimustus-, keemis- ja Machu-test \u2013 viimane on kiirendatud korrosioonikindluse test. Lisaks tehakse katseplaatidel kuni 1500-tunniseid soolapritsimiskatseid, mis t\u00f5endavad korrosioonikaitse taset ja annavad kindluse toodete vastupidavuses.<\/span><\/li>\n<\/ul>\n<p><span style=\"font-family: verdana, geneva, sans-serif\"><strong><span style=\"font-size: 12pt\">Sertifikaadid leiad siit<\/span><\/strong><\/span><\/p>\n<p>Kvalitedijuhtimiss\u00fcsteem<\/p>\n<p><a href=\"https:\/\/sakumetall.ee\/allhanketehas\/wp-content\/uploads\/sites\/3\/2025\/09\/9001-14001-45001-EST.pdf\" class=\"button secondary\">ISO 9001 | 14001 | 45001<\/a><\/p>\n<p>Keevituskvaliteet<\/p>\n<p><a href=\"https:\/\/sakumetall.ee\/allhanketehas\/wp-content\/uploads\/sites\/3\/2021\/06\/SKM_C250i210311100600.pdf\" class=\"button secondary\">\u00a0 \u00a0 \u00a0 \u00a0 EN ISO 3834-2\u00a0 \u00a0 \u00a0 \u00a0 \u00a0<\/a><\/p>\n<p><a href=\"https:\/\/sakumetall.ee\/allhanketehas\/wp-content\/uploads\/sites\/3\/2021\/06\/Saku-Metall-Allhanke-Tehas-en15085-CL1.pdf\" class=\"button secondary\">\u00a0 \u00a0EN 15085 level CL1\u00a0\u00a0\u00a0\u00a0<\/a><\/p>\n<p>Pulberv\u00e4rvi kvaliteet<\/p>\n<p><a href=\"https:\/\/sakumetall.ee\/allhanketehas\/wp-content\/uploads\/sites\/3\/2025\/06\/BQ_Saku_Stahl_innen-1.pdf\" class=\"button secondary\">DEUTSCHE BAHN DBS 918 340 TERAS<\/a><\/p>\n<p><a href=\"https:\/\/sakumetall.ee\/allhanketehas\/wp-content\/uploads\/sites\/3\/2025\/06\/BQ_Saku_Alu_innen_ausen-1.pdf\" class=\"button secondary\">DEUTSCHE BAHN DBS 918 340 alumiinium<\/a><\/p>\n<p><a href=\"https:\/\/sakumetall.ee\/allhanketehas\/wp-content\/uploads\/sites\/3\/2025\/06\/Urkunde-2.pdf\" class=\"button secondary\">QIB (Qualit\u00e4tsgemeinschaft Industriebeschichtung QIB e.V)<\/a><\/p>\n","protected":false},"excerpt":{"rendered":"<p>Sertifikaadid Alates aastast 2004 on Saku Metall AS juurutatud kvaliteedijuhtimiss\u00fcsteem, mis vastab standardi ISO 9001 n\u00f5uetele. Alates aastast 2010 on Saku Metall AS kvaliteedijuhtimiss\u00fcsteem integreeritud keskkonnajuhtimiss\u00fcsteemiga, mis vastab standardite ISO 9001:2015 ja ISO 14001:2015 n\u00f5uetele. Alates aastast 2021 on Saku Metall AS kvaliteedijuhtimiss\u00fcsteem integreeritud keskkonnajuhtimiss\u00fcsteemiga ja turvalise ja tervist hoidva t\u00f6\u00f6keskkonnajuhtimiss\u00fcsteemiga, mis vastavad standardite ISO &#8230;<\/p>\n","protected":false},"author":1,"featured_media":0,"parent":2525,"menu_order":4,"comment_status":"closed","ping_status":"closed","template":"","meta":{"footnotes":""},"class_list":["post-138","page","type-page","status-publish","hentry"],"yoast_head":"<!-- This site is optimized with the Yoast SEO plugin v27.3 - https:\/\/yoast.com\/product\/yoast-seo-wordpress\/ -->\n<title>Sertifikaadid - Saku Metall Allhanke Tehas<\/title>\n<meta name=\"robots\" content=\"index, follow, max-snippet:-1, max-image-preview:large, max-video-preview:-1\" \/>\n<link rel=\"canonical\" href=\"https:\/\/sakumetall.ee\/allhanketehas\/et\/ettevottest\/kvaliteedipoliitika\/sertifikaadid\/\" \/>\n<meta property=\"og:locale\" content=\"et_EE\" \/>\n<meta property=\"og:type\" content=\"article\" \/>\n<meta property=\"og:title\" content=\"Sertifikaadid - Saku Metall Allhanke Tehas\" \/>\n<meta property=\"og:description\" content=\"Sertifikaadid Alates aastast 2004 on Saku Metall AS juurutatud kvaliteedijuhtimiss\u00fcsteem, mis vastab standardi ISO 9001 n\u00f5uetele. Alates aastast 2010 on Saku Metall AS kvaliteedijuhtimiss\u00fcsteem integreeritud keskkonnajuhtimiss\u00fcsteemiga, mis vastab standardite ISO 9001:2015 ja ISO 14001:2015 n\u00f5uetele. Alates aastast 2021 on Saku Metall AS kvaliteedijuhtimiss\u00fcsteem integreeritud keskkonnajuhtimiss\u00fcsteemiga ja turvalise ja tervist hoidva t\u00f6\u00f6keskkonnajuhtimiss\u00fcsteemiga, mis vastavad standardite ISO ...\" \/>\n<meta property=\"og:url\" content=\"https:\/\/sakumetall.ee\/allhanketehas\/et\/ettevottest\/kvaliteedipoliitika\/sertifikaadid\/\" \/>\n<meta property=\"og:site_name\" content=\"Saku Metall Allhanke Tehas\" \/>\n<meta property=\"article:modified_time\" content=\"2025-11-03T09:39:53+00:00\" \/>\n<meta name=\"twitter:card\" content=\"summary_large_image\" \/>\n<meta name=\"twitter:label1\" content=\"Est. reading time\" \/>\n\t<meta name=\"twitter:data1\" content=\"2 minutit\" \/>\n<script type=\"application\/ld+json\" class=\"yoast-schema-graph\">{\"@context\":\"https:\\\/\\\/schema.org\",\"@graph\":[{\"@type\":\"WebPage\",\"@id\":\"https:\\\/\\\/sakumetall.ee\\\/allhanketehas\\\/et\\\/ettevottest\\\/kvaliteedipoliitika\\\/sertifikaadid\\\/\",\"url\":\"https:\\\/\\\/sakumetall.ee\\\/allhanketehas\\\/et\\\/ettevottest\\\/kvaliteedipoliitika\\\/sertifikaadid\\\/\",\"name\":\"Sertifikaadid - Saku Metall Allhanke Tehas\",\"isPartOf\":{\"@id\":\"https:\\\/\\\/sakumetall.ee\\\/allhanketehas\\\/et\\\/#website\"},\"datePublished\":\"2015-06-23T09:23:39+00:00\",\"dateModified\":\"2025-11-03T09:39:53+00:00\",\"breadcrumb\":{\"@id\":\"https:\\\/\\\/sakumetall.ee\\\/allhanketehas\\\/et\\\/ettevottest\\\/kvaliteedipoliitika\\\/sertifikaadid\\\/#breadcrumb\"},\"inLanguage\":\"et\",\"potentialAction\":[{\"@type\":\"ReadAction\",\"target\":[\"https:\\\/\\\/sakumetall.ee\\\/allhanketehas\\\/et\\\/ettevottest\\\/kvaliteedipoliitika\\\/sertifikaadid\\\/\"]}]},{\"@type\":\"BreadcrumbList\",\"@id\":\"https:\\\/\\\/sakumetall.ee\\\/allhanketehas\\\/et\\\/ettevottest\\\/kvaliteedipoliitika\\\/sertifikaadid\\\/#breadcrumb\",\"itemListElement\":[{\"@type\":\"ListItem\",\"position\":1,\"name\":\"Home\",\"item\":\"https:\\\/\\\/sakumetall.ee\\\/allhanketehas\\\/et\\\/\"},{\"@type\":\"ListItem\",\"position\":2,\"name\":\"Ettev\u00f5ttest\",\"item\":\"https:\\\/\\\/sakumetall.ee\\\/allhanketehas\\\/et\\\/ettevottest\\\/\"},{\"@type\":\"ListItem\",\"position\":3,\"name\":\"Juhtp\u00f5him\u00f5tted\",\"item\":\"https:\\\/\\\/sakumetall.ee\\\/allhanketehas\\\/et\\\/ettevottest\\\/kvaliteedipoliitika\\\/\"},{\"@type\":\"ListItem\",\"position\":4,\"name\":\"Sertifikaadid\"}]},{\"@type\":\"WebSite\",\"@id\":\"https:\\\/\\\/sakumetall.ee\\\/allhanketehas\\\/et\\\/#website\",\"url\":\"https:\\\/\\\/sakumetall.ee\\\/allhanketehas\\\/et\\\/\",\"name\":\"Saku Metall Allhanke Tehas\",\"description\":\"Saku Metall AS tegeleb uksetootmise ja allhankega. Pakume tulet\u00f5kkeuksi, metalluksi, profiil- ja l\u00fckanduksi ning garaa\u017ei- ja t\u00f6\u00f6stuslikke t\u00f5stuksi ning lehtmetallist allhanket\u00f6id. V\u00f5ta \u00fchendust!\",\"potentialAction\":[{\"@type\":\"SearchAction\",\"target\":{\"@type\":\"EntryPoint\",\"urlTemplate\":\"https:\\\/\\\/sakumetall.ee\\\/allhanketehas\\\/et\\\/?s={search_term_string}\"},\"query-input\":{\"@type\":\"PropertyValueSpecification\",\"valueRequired\":true,\"valueName\":\"search_term_string\"}}],\"inLanguage\":\"et\"}]}<\/script>\n<!-- \/ Yoast SEO plugin. -->","yoast_head_json":{"title":"Sertifikaadid - Saku Metall Allhanke Tehas","robots":{"index":"index","follow":"follow","max-snippet":"max-snippet:-1","max-image-preview":"max-image-preview:large","max-video-preview":"max-video-preview:-1"},"canonical":"https:\/\/sakumetall.ee\/allhanketehas\/et\/ettevottest\/kvaliteedipoliitika\/sertifikaadid\/","og_locale":"et_EE","og_type":"article","og_title":"Sertifikaadid - Saku Metall Allhanke Tehas","og_description":"Sertifikaadid Alates aastast 2004 on Saku Metall AS juurutatud kvaliteedijuhtimiss\u00fcsteem, mis vastab standardi ISO 9001 n\u00f5uetele. Alates aastast 2010 on Saku Metall AS kvaliteedijuhtimiss\u00fcsteem integreeritud keskkonnajuhtimiss\u00fcsteemiga, mis vastab standardite ISO 9001:2015 ja ISO 14001:2015 n\u00f5uetele. Alates aastast 2021 on Saku Metall AS kvaliteedijuhtimiss\u00fcsteem integreeritud keskkonnajuhtimiss\u00fcsteemiga ja turvalise ja tervist hoidva t\u00f6\u00f6keskkonnajuhtimiss\u00fcsteemiga, mis vastavad standardite ISO ...","og_url":"https:\/\/sakumetall.ee\/allhanketehas\/et\/ettevottest\/kvaliteedipoliitika\/sertifikaadid\/","og_site_name":"Saku Metall Allhanke Tehas","article_modified_time":"2025-11-03T09:39:53+00:00","twitter_card":"summary_large_image","twitter_misc":{"Est. reading time":"2 minutit"},"schema":{"@context":"https:\/\/schema.org","@graph":[{"@type":"WebPage","@id":"https:\/\/sakumetall.ee\/allhanketehas\/et\/ettevottest\/kvaliteedipoliitika\/sertifikaadid\/","url":"https:\/\/sakumetall.ee\/allhanketehas\/et\/ettevottest\/kvaliteedipoliitika\/sertifikaadid\/","name":"Sertifikaadid - Saku Metall Allhanke Tehas","isPartOf":{"@id":"https:\/\/sakumetall.ee\/allhanketehas\/et\/#website"},"datePublished":"2015-06-23T09:23:39+00:00","dateModified":"2025-11-03T09:39:53+00:00","breadcrumb":{"@id":"https:\/\/sakumetall.ee\/allhanketehas\/et\/ettevottest\/kvaliteedipoliitika\/sertifikaadid\/#breadcrumb"},"inLanguage":"et","potentialAction":[{"@type":"ReadAction","target":["https:\/\/sakumetall.ee\/allhanketehas\/et\/ettevottest\/kvaliteedipoliitika\/sertifikaadid\/"]}]},{"@type":"BreadcrumbList","@id":"https:\/\/sakumetall.ee\/allhanketehas\/et\/ettevottest\/kvaliteedipoliitika\/sertifikaadid\/#breadcrumb","itemListElement":[{"@type":"ListItem","position":1,"name":"Home","item":"https:\/\/sakumetall.ee\/allhanketehas\/et\/"},{"@type":"ListItem","position":2,"name":"Ettev\u00f5ttest","item":"https:\/\/sakumetall.ee\/allhanketehas\/et\/ettevottest\/"},{"@type":"ListItem","position":3,"name":"Juhtp\u00f5him\u00f5tted","item":"https:\/\/sakumetall.ee\/allhanketehas\/et\/ettevottest\/kvaliteedipoliitika\/"},{"@type":"ListItem","position":4,"name":"Sertifikaadid"}]},{"@type":"WebSite","@id":"https:\/\/sakumetall.ee\/allhanketehas\/et\/#website","url":"https:\/\/sakumetall.ee\/allhanketehas\/et\/","name":"Saku Metall Allhanke Tehas","description":"Saku Metall AS tegeleb uksetootmise ja allhankega. Pakume tulet\u00f5kkeuksi, metalluksi, profiil- ja l\u00fckanduksi ning garaa\u017ei- ja t\u00f6\u00f6stuslikke t\u00f5stuksi ning lehtmetallist allhanket\u00f6id. V\u00f5ta \u00fchendust!","potentialAction":[{"@type":"SearchAction","target":{"@type":"EntryPoint","urlTemplate":"https:\/\/sakumetall.ee\/allhanketehas\/et\/?s={search_term_string}"},"query-input":{"@type":"PropertyValueSpecification","valueRequired":true,"valueName":"search_term_string"}}],"inLanguage":"et"}]}},"_links":{"self":[{"href":"https:\/\/sakumetall.ee\/allhanketehas\/et\/wp-json\/wp\/v2\/pages\/138","targetHints":{"allow":["GET"]}}],"collection":[{"href":"https:\/\/sakumetall.ee\/allhanketehas\/et\/wp-json\/wp\/v2\/pages"}],"about":[{"href":"https:\/\/sakumetall.ee\/allhanketehas\/et\/wp-json\/wp\/v2\/types\/page"}],"author":[{"embeddable":true,"href":"https:\/\/sakumetall.ee\/allhanketehas\/et\/wp-json\/wp\/v2\/users\/1"}],"replies":[{"embeddable":true,"href":"https:\/\/sakumetall.ee\/allhanketehas\/et\/wp-json\/wp\/v2\/comments?post=138"}],"version-history":[{"count":67,"href":"https:\/\/sakumetall.ee\/allhanketehas\/et\/wp-json\/wp\/v2\/pages\/138\/revisions"}],"predecessor-version":[{"id":6026,"href":"https:\/\/sakumetall.ee\/allhanketehas\/et\/wp-json\/wp\/v2\/pages\/138\/revisions\/6026"}],"up":[{"embeddable":true,"href":"https:\/\/sakumetall.ee\/allhanketehas\/et\/wp-json\/wp\/v2\/pages\/2525"}],"wp:attachment":[{"href":"https:\/\/sakumetall.ee\/allhanketehas\/et\/wp-json\/wp\/v2\/media?parent=138"}],"curies":[{"name":"wp","href":"https:\/\/api.w.org\/{rel}","templated":true}]}}