{"id":1619,"date":"2015-07-30T12:29:25","date_gmt":"2015-07-30T12:29:25","guid":{"rendered":"https:\/\/sakumetall.ee\/allhanketehas\/?page_id=1619"},"modified":"2018-07-11T14:52:03","modified_gmt":"2018-07-11T12:52:03","slug":"varvimine","status":"publish","type":"page","link":"https:\/\/sakumetall.ee\/allhanketehas\/et\/teenused\/varvimine\/","title":{"rendered":"V\u00e4rvimine"},"content":{"rendered":"<h1>V\u00e4rvimine<\/h1>\n<ul style=\"list-style-type: square;\">\n<li><span style=\"font-size: 12pt;\">Esmaklassilise pinnakatte saavutamiseks pakume <strong>pulberv\u00e4rvimise tehnoloogiat<\/strong>, kus enne v\u00e4rvkatte pealekandmist l\u00e4bib toode viie-etapilise OXYLAN eelt\u00f6\u00f6tluse. <\/span><\/li>\n<li><span style=\"font-size: 12pt;\">Oma v\u00e4rviliinis kasutame maailma juhtivate tootjate pulberv\u00e4rve nii RAL, NCS kui RR v\u00e4rvikaardi valikust.<\/span><\/li>\n<li><span style=\"font-size: 12pt;\">V\u00e4rviliinil on v\u00f5imalik v\u00e4rvida tooteid m\u00f5\u00f5tudega kuni <strong>4000 x 2500 x 400 mm<\/strong> (P x L x K). Paindlikkust t\u00f6\u00f6de teostamisel lisab k\u00e4si- ja automaatne v\u00e4rvikamber. <\/span><\/li>\n<li><span style=\"font-size: 12pt;\">P<\/span><span style=\"font-size: 12pt;\">akume v\u00e4rvimise teenust ka kliendi materjalile.<\/span><\/li>\n<li><span style=\"font-size: 12pt;\">K\u00fcsi pakkumist kogu projektile v\u00f5i v\u00e4rvimist\u00f6\u00f6le eraldi\u00a0<\/span><\/li>\n<\/ul>\n<p><a href=\"https:\/\/sakumetall.ee\/allhanketehas\/et\/kontakt\/kontaktinfo\/\" class=\"button\">K\u00dcSI PAKKUMIST<\/a><\/p>\n<div id='gallery-1' class='gallery galleryid-1619 gallery-columns-3 gallery-size-single-work-thumb'><figure class='gallery-item'>\n\t\t\t<div class='gallery-icon landscape'>\n\t\t\t\t<a href='https:\/\/sakumetall.ee\/allhanketehas\/wp-content\/uploads\/sites\/3\/2016\/04\/varv3-e1460706873526.jpg'><img loading=\"lazy\" decoding=\"async\" width=\"150\" height=\"100\" src=\"https:\/\/sakumetall.ee\/allhanketehas\/wp-content\/uploads\/sites\/3\/2016\/04\/varv3-150x100.jpg\" class=\"attachment-single-work-thumb size-single-work-thumb\" alt=\"\" srcset=\"https:\/\/sakumetall.ee\/allhanketehas\/wp-content\/uploads\/sites\/3\/2016\/04\/varv3-150x100.jpg 150w, https:\/\/sakumetall.ee\/allhanketehas\/wp-content\/uploads\/sites\/3\/2016\/04\/varv3-285x190.jpg 285w\" sizes=\"auto, (max-width: 150px) 100vw, 150px\" \/><\/a>\n\t\t\t<\/div><\/figure><figure class='gallery-item'>\n\t\t\t<div class='gallery-icon landscape'>\n\t\t\t\t<a href='https:\/\/sakumetall.ee\/allhanketehas\/wp-content\/uploads\/sites\/3\/2016\/06\/IMG_2910.jpg'><img loading=\"lazy\" decoding=\"async\" width=\"150\" height=\"100\" src=\"https:\/\/sakumetall.ee\/allhanketehas\/wp-content\/uploads\/sites\/3\/2016\/06\/IMG_2910-150x100.jpg\" class=\"attachment-single-work-thumb size-single-work-thumb\" alt=\"\" srcset=\"https:\/\/sakumetall.ee\/allhanketehas\/wp-content\/uploads\/sites\/3\/2016\/06\/IMG_2910-150x100.jpg 150w, https:\/\/sakumetall.ee\/allhanketehas\/wp-content\/uploads\/sites\/3\/2016\/06\/IMG_2910-300x200.jpg 300w, https:\/\/sakumetall.ee\/allhanketehas\/wp-content\/uploads\/sites\/3\/2016\/06\/IMG_2910-1024x683.jpg 1024w, https:\/\/sakumetall.ee\/allhanketehas\/wp-content\/uploads\/sites\/3\/2016\/06\/IMG_2910-285x190.jpg 285w, https:\/\/sakumetall.ee\/allhanketehas\/wp-content\/uploads\/sites\/3\/2016\/06\/IMG_2910-180x120.jpg 180w, https:\/\/sakumetall.ee\/allhanketehas\/wp-content\/uploads\/sites\/3\/2016\/06\/IMG_2910.jpg 1966w\" sizes=\"auto, (max-width: 150px) 100vw, 150px\" \/><\/a>\n\t\t\t<\/div><\/figure><figure class='gallery-item'>\n\t\t\t<div class='gallery-icon landscape'>\n\t\t\t\t<a href='https:\/\/sakumetall.ee\/allhanketehas\/wp-content\/uploads\/sites\/3\/2016\/06\/IMG_2912.jpg'><img loading=\"lazy\" decoding=\"async\" width=\"150\" height=\"100\" src=\"https:\/\/sakumetall.ee\/allhanketehas\/wp-content\/uploads\/sites\/3\/2016\/06\/IMG_2912-150x100.jpg\" class=\"attachment-single-work-thumb size-single-work-thumb\" alt=\"\" srcset=\"https:\/\/sakumetall.ee\/allhanketehas\/wp-content\/uploads\/sites\/3\/2016\/06\/IMG_2912-150x100.jpg 150w, https:\/\/sakumetall.ee\/allhanketehas\/wp-content\/uploads\/sites\/3\/2016\/06\/IMG_2912-300x197.jpg 300w, https:\/\/sakumetall.ee\/allhanketehas\/wp-content\/uploads\/sites\/3\/2016\/06\/IMG_2912-1024x673.jpg 1024w, https:\/\/sakumetall.ee\/allhanketehas\/wp-content\/uploads\/sites\/3\/2016\/06\/IMG_2912-285x190.jpg 285w, https:\/\/sakumetall.ee\/allhanketehas\/wp-content\/uploads\/sites\/3\/2016\/06\/IMG_2912.jpg 1910w\" sizes=\"auto, (max-width: 150px) 100vw, 150px\" \/><\/a>\n\t\t\t<\/div><\/figure><figure class='gallery-item'>\n\t\t\t<div class='gallery-icon landscape'>\n\t\t\t\t<a href='https:\/\/sakumetall.ee\/allhanketehas\/wp-content\/uploads\/sites\/3\/2016\/06\/IMG_2900.jpg'><img loading=\"lazy\" decoding=\"async\" width=\"150\" height=\"100\" src=\"https:\/\/sakumetall.ee\/allhanketehas\/wp-content\/uploads\/sites\/3\/2016\/06\/IMG_2900-150x100.jpg\" class=\"attachment-single-work-thumb size-single-work-thumb\" alt=\"\" srcset=\"https:\/\/sakumetall.ee\/allhanketehas\/wp-content\/uploads\/sites\/3\/2016\/06\/IMG_2900-150x100.jpg 150w, https:\/\/sakumetall.ee\/allhanketehas\/wp-content\/uploads\/sites\/3\/2016\/06\/IMG_2900-300x200.jpg 300w, https:\/\/sakumetall.ee\/allhanketehas\/wp-content\/uploads\/sites\/3\/2016\/06\/IMG_2900-1024x683.jpg 1024w, https:\/\/sakumetall.ee\/allhanketehas\/wp-content\/uploads\/sites\/3\/2016\/06\/IMG_2900-285x190.jpg 285w, https:\/\/sakumetall.ee\/allhanketehas\/wp-content\/uploads\/sites\/3\/2016\/06\/IMG_2900-180x120.jpg 180w, https:\/\/sakumetall.ee\/allhanketehas\/wp-content\/uploads\/sites\/3\/2016\/06\/IMG_2900.jpg 1966w\" sizes=\"auto, (max-width: 150px) 100vw, 150px\" \/><\/a>\n\t\t\t<\/div><\/figure><figure class='gallery-item'>\n\t\t\t<div class='gallery-icon landscape'>\n\t\t\t\t<a href='https:\/\/sakumetall.ee\/allhanketehas\/wp-content\/uploads\/sites\/3\/2016\/04\/varv5-e1460706896389.jpg'><img loading=\"lazy\" decoding=\"async\" width=\"150\" height=\"100\" src=\"https:\/\/sakumetall.ee\/allhanketehas\/wp-content\/uploads\/sites\/3\/2016\/04\/varv5-150x100.jpg\" class=\"attachment-single-work-thumb size-single-work-thumb\" alt=\"\" srcset=\"https:\/\/sakumetall.ee\/allhanketehas\/wp-content\/uploads\/sites\/3\/2016\/04\/varv5-150x100.jpg 150w, https:\/\/sakumetall.ee\/allhanketehas\/wp-content\/uploads\/sites\/3\/2016\/04\/varv5-300x200.jpg 300w, https:\/\/sakumetall.ee\/allhanketehas\/wp-content\/uploads\/sites\/3\/2016\/04\/varv5-1024x683.jpg 1024w, https:\/\/sakumetall.ee\/allhanketehas\/wp-content\/uploads\/sites\/3\/2016\/04\/varv5-285x190.jpg 285w, https:\/\/sakumetall.ee\/allhanketehas\/wp-content\/uploads\/sites\/3\/2016\/04\/varv5-180x120.jpg 180w, https:\/\/sakumetall.ee\/allhanketehas\/wp-content\/uploads\/sites\/3\/2016\/04\/varv5-e1460706896389.jpg 1350w\" sizes=\"auto, (max-width: 150px) 100vw, 150px\" \/><\/a>\n\t\t\t<\/div><\/figure><figure class='gallery-item'>\n\t\t\t<div class='gallery-icon landscape'>\n\t\t\t\t<a href='https:\/\/sakumetall.ee\/allhanketehas\/wp-content\/uploads\/sites\/3\/2016\/06\/IMG_2982.jpg'><img loading=\"lazy\" decoding=\"async\" width=\"150\" height=\"100\" src=\"https:\/\/sakumetall.ee\/allhanketehas\/wp-content\/uploads\/sites\/3\/2016\/06\/IMG_2982-150x100.jpg\" class=\"attachment-single-work-thumb size-single-work-thumb\" alt=\"\" srcset=\"https:\/\/sakumetall.ee\/allhanketehas\/wp-content\/uploads\/sites\/3\/2016\/06\/IMG_2982-150x100.jpg 150w, https:\/\/sakumetall.ee\/allhanketehas\/wp-content\/uploads\/sites\/3\/2016\/06\/IMG_2982-285x190.jpg 285w\" sizes=\"auto, (max-width: 150px) 100vw, 150px\" \/><\/a>\n\t\t\t<\/div><\/figure><figure class='gallery-item'>\n\t\t\t<div class='gallery-icon landscape'>\n\t\t\t\t<a href='https:\/\/sakumetall.ee\/allhanketehas\/wp-content\/uploads\/sites\/3\/2016\/04\/varv4-e1460706885307.jpg'><img loading=\"lazy\" decoding=\"async\" width=\"150\" height=\"100\" src=\"https:\/\/sakumetall.ee\/allhanketehas\/wp-content\/uploads\/sites\/3\/2016\/04\/varv4-150x100.jpg\" class=\"attachment-single-work-thumb size-single-work-thumb\" alt=\"\" srcset=\"https:\/\/sakumetall.ee\/allhanketehas\/wp-content\/uploads\/sites\/3\/2016\/04\/varv4-150x100.jpg 150w, https:\/\/sakumetall.ee\/allhanketehas\/wp-content\/uploads\/sites\/3\/2016\/04\/varv4-300x200.jpg 300w, https:\/\/sakumetall.ee\/allhanketehas\/wp-content\/uploads\/sites\/3\/2016\/04\/varv4-1024x682.jpg 1024w, https:\/\/sakumetall.ee\/allhanketehas\/wp-content\/uploads\/sites\/3\/2016\/04\/varv4-285x190.jpg 285w, https:\/\/sakumetall.ee\/allhanketehas\/wp-content\/uploads\/sites\/3\/2016\/04\/varv4-180x120.jpg 180w, https:\/\/sakumetall.ee\/allhanketehas\/wp-content\/uploads\/sites\/3\/2016\/04\/varv4-e1460706885307.jpg 1350w\" sizes=\"auto, (max-width: 150px) 100vw, 150px\" \/><\/a>\n\t\t\t<\/div><\/figure><figure class='gallery-item'>\n\t\t\t<div class='gallery-icon landscape'>\n\t\t\t\t<a href='https:\/\/sakumetall.ee\/allhanketehas\/wp-content\/uploads\/sites\/3\/2016\/06\/IMG_2955.jpg'><img loading=\"lazy\" decoding=\"async\" width=\"150\" height=\"100\" src=\"https:\/\/sakumetall.ee\/allhanketehas\/wp-content\/uploads\/sites\/3\/2016\/06\/IMG_2955-150x100.jpg\" class=\"attachment-single-work-thumb size-single-work-thumb\" alt=\"\" srcset=\"https:\/\/sakumetall.ee\/allhanketehas\/wp-content\/uploads\/sites\/3\/2016\/06\/IMG_2955-150x100.jpg 150w, https:\/\/sakumetall.ee\/allhanketehas\/wp-content\/uploads\/sites\/3\/2016\/06\/IMG_2955-300x200.jpg 300w, https:\/\/sakumetall.ee\/allhanketehas\/wp-content\/uploads\/sites\/3\/2016\/06\/IMG_2955-1024x683.jpg 1024w, https:\/\/sakumetall.ee\/allhanketehas\/wp-content\/uploads\/sites\/3\/2016\/06\/IMG_2955-285x190.jpg 285w, https:\/\/sakumetall.ee\/allhanketehas\/wp-content\/uploads\/sites\/3\/2016\/06\/IMG_2955-180x120.jpg 180w, https:\/\/sakumetall.ee\/allhanketehas\/wp-content\/uploads\/sites\/3\/2016\/06\/IMG_2955.jpg 1928w\" sizes=\"auto, (max-width: 150px) 100vw, 150px\" \/><\/a>\n\t\t\t<\/div><\/figure><figure class='gallery-item'>\n\t\t\t<div class='gallery-icon portrait'>\n\t\t\t\t<a href='https:\/\/sakumetall.ee\/allhanketehas\/wp-content\/uploads\/sites\/3\/2016\/06\/IMG_2961.jpg'><img loading=\"lazy\" decoding=\"async\" width=\"150\" height=\"100\" src=\"https:\/\/sakumetall.ee\/allhanketehas\/wp-content\/uploads\/sites\/3\/2016\/06\/IMG_2961-150x100.jpg\" class=\"attachment-single-work-thumb size-single-work-thumb\" alt=\"\" srcset=\"https:\/\/sakumetall.ee\/allhanketehas\/wp-content\/uploads\/sites\/3\/2016\/06\/IMG_2961-150x100.jpg 150w, https:\/\/sakumetall.ee\/allhanketehas\/wp-content\/uploads\/sites\/3\/2016\/06\/IMG_2961-285x190.jpg 285w\" sizes=\"auto, (max-width: 150px) 100vw, 150px\" \/><\/a>\n\t\t\t<\/div><\/figure><figure class='gallery-item'>\n\t\t\t<div class='gallery-icon landscape'>\n\t\t\t\t<a href='https:\/\/sakumetall.ee\/allhanketehas\/wp-content\/uploads\/sites\/3\/2016\/06\/IMG_2959.jpg'><img loading=\"lazy\" decoding=\"async\" width=\"150\" height=\"100\" src=\"https:\/\/sakumetall.ee\/allhanketehas\/wp-content\/uploads\/sites\/3\/2016\/06\/IMG_2959-150x100.jpg\" class=\"attachment-single-work-thumb size-single-work-thumb\" alt=\"\" srcset=\"https:\/\/sakumetall.ee\/allhanketehas\/wp-content\/uploads\/sites\/3\/2016\/06\/IMG_2959-150x100.jpg 150w, https:\/\/sakumetall.ee\/allhanketehas\/wp-content\/uploads\/sites\/3\/2016\/06\/IMG_2959-300x200.jpg 300w, https:\/\/sakumetall.ee\/allhanketehas\/wp-content\/uploads\/sites\/3\/2016\/06\/IMG_2959-1024x683.jpg 1024w, https:\/\/sakumetall.ee\/allhanketehas\/wp-content\/uploads\/sites\/3\/2016\/06\/IMG_2959-285x190.jpg 285w, https:\/\/sakumetall.ee\/allhanketehas\/wp-content\/uploads\/sites\/3\/2016\/06\/IMG_2959-180x120.jpg 180w\" sizes=\"auto, (max-width: 150px) 100vw, 150px\" \/><\/a>\n\t\t\t<\/div><\/figure><figure class='gallery-item'>\n\t\t\t<div class='gallery-icon landscape'>\n\t\t\t\t<a href='https:\/\/sakumetall.ee\/allhanketehas\/wp-content\/uploads\/sites\/3\/2016\/06\/IMG_2993.jpg'><img loading=\"lazy\" decoding=\"async\" width=\"150\" height=\"100\" src=\"https:\/\/sakumetall.ee\/allhanketehas\/wp-content\/uploads\/sites\/3\/2016\/06\/IMG_2993-150x100.jpg\" class=\"attachment-single-work-thumb size-single-work-thumb\" alt=\"\" srcset=\"https:\/\/sakumetall.ee\/allhanketehas\/wp-content\/uploads\/sites\/3\/2016\/06\/IMG_2993-150x100.jpg 150w, https:\/\/sakumetall.ee\/allhanketehas\/wp-content\/uploads\/sites\/3\/2016\/06\/IMG_2993-300x200.jpg 300w, https:\/\/sakumetall.ee\/allhanketehas\/wp-content\/uploads\/sites\/3\/2016\/06\/IMG_2993-1024x683.jpg 1024w, https:\/\/sakumetall.ee\/allhanketehas\/wp-content\/uploads\/sites\/3\/2016\/06\/IMG_2993-285x190.jpg 285w, https:\/\/sakumetall.ee\/allhanketehas\/wp-content\/uploads\/sites\/3\/2016\/06\/IMG_2993-180x120.jpg 180w, https:\/\/sakumetall.ee\/allhanketehas\/wp-content\/uploads\/sites\/3\/2016\/06\/IMG_2993.jpg 1966w\" sizes=\"auto, (max-width: 150px) 100vw, 150px\" \/><\/a>\n\t\t\t<\/div><\/figure><figure class='gallery-item'>\n\t\t\t<div class='gallery-icon landscape'>\n\t\t\t\t<a href='https:\/\/sakumetall.ee\/allhanketehas\/wp-content\/uploads\/sites\/3\/2016\/06\/IMG_2988.jpg'><img loading=\"lazy\" decoding=\"async\" width=\"150\" height=\"100\" src=\"https:\/\/sakumetall.ee\/allhanketehas\/wp-content\/uploads\/sites\/3\/2016\/06\/IMG_2988-150x100.jpg\" class=\"attachment-single-work-thumb size-single-work-thumb\" alt=\"\" srcset=\"https:\/\/sakumetall.ee\/allhanketehas\/wp-content\/uploads\/sites\/3\/2016\/06\/IMG_2988-150x100.jpg 150w, https:\/\/sakumetall.ee\/allhanketehas\/wp-content\/uploads\/sites\/3\/2016\/06\/IMG_2988-300x200.jpg 300w, https:\/\/sakumetall.ee\/allhanketehas\/wp-content\/uploads\/sites\/3\/2016\/06\/IMG_2988-1024x683.jpg 1024w, https:\/\/sakumetall.ee\/allhanketehas\/wp-content\/uploads\/sites\/3\/2016\/06\/IMG_2988-285x190.jpg 285w, https:\/\/sakumetall.ee\/allhanketehas\/wp-content\/uploads\/sites\/3\/2016\/06\/IMG_2988-180x120.jpg 180w\" sizes=\"auto, (max-width: 150px) 100vw, 150px\" \/><\/a>\n\t\t\t<\/div><\/figure><figure class='gallery-item'>\n\t\t\t<div class='gallery-icon landscape'>\n\t\t\t\t<a href='https:\/\/sakumetall.ee\/allhanketehas\/wp-content\/uploads\/sites\/3\/2016\/06\/IMG_2966.jpg'><img loading=\"lazy\" decoding=\"async\" width=\"150\" height=\"100\" src=\"https:\/\/sakumetall.ee\/allhanketehas\/wp-content\/uploads\/sites\/3\/2016\/06\/IMG_2966-150x100.jpg\" class=\"attachment-single-work-thumb size-single-work-thumb\" alt=\"\" srcset=\"https:\/\/sakumetall.ee\/allhanketehas\/wp-content\/uploads\/sites\/3\/2016\/06\/IMG_2966-150x100.jpg 150w, https:\/\/sakumetall.ee\/allhanketehas\/wp-content\/uploads\/sites\/3\/2016\/06\/IMG_2966-300x200.jpg 300w, https:\/\/sakumetall.ee\/allhanketehas\/wp-content\/uploads\/sites\/3\/2016\/06\/IMG_2966-1024x683.jpg 1024w, https:\/\/sakumetall.ee\/allhanketehas\/wp-content\/uploads\/sites\/3\/2016\/06\/IMG_2966-285x190.jpg 285w, https:\/\/sakumetall.ee\/allhanketehas\/wp-content\/uploads\/sites\/3\/2016\/06\/IMG_2966-180x120.jpg 180w\" sizes=\"auto, (max-width: 150px) 100vw, 150px\" \/><\/a>\n\t\t\t<\/div><\/figure><figure class='gallery-item'>\n\t\t\t<div class='gallery-icon landscape'>\n\t\t\t\t<a href='https:\/\/sakumetall.ee\/allhanketehas\/wp-content\/uploads\/sites\/3\/2016\/04\/varv1-e1460706846300.jpg'><img loading=\"lazy\" decoding=\"async\" width=\"150\" height=\"100\" src=\"https:\/\/sakumetall.ee\/allhanketehas\/wp-content\/uploads\/sites\/3\/2016\/04\/varv1-e1460697558633-150x100.jpg\" class=\"attachment-single-work-thumb size-single-work-thumb\" alt=\"\" srcset=\"https:\/\/sakumetall.ee\/allhanketehas\/wp-content\/uploads\/sites\/3\/2016\/04\/varv1-e1460697558633-150x100.jpg 150w, https:\/\/sakumetall.ee\/allhanketehas\/wp-content\/uploads\/sites\/3\/2016\/04\/varv1-e1460697558633-285x190.jpg 285w\" sizes=\"auto, (max-width: 150px) 100vw, 150px\" \/><\/a>\n\t\t\t<\/div><\/figure><figure class='gallery-item'>\n\t\t\t<div class='gallery-icon landscape'>\n\t\t\t\t<a href='https:\/\/sakumetall.ee\/allhanketehas\/wp-content\/uploads\/sites\/3\/2016\/04\/varv2-e1460706863885.jpg'><img loading=\"lazy\" decoding=\"async\" width=\"150\" height=\"100\" src=\"https:\/\/sakumetall.ee\/allhanketehas\/wp-content\/uploads\/sites\/3\/2016\/04\/varv2-150x100.jpg\" class=\"attachment-single-work-thumb size-single-work-thumb\" alt=\"\" srcset=\"https:\/\/sakumetall.ee\/allhanketehas\/wp-content\/uploads\/sites\/3\/2016\/04\/varv2-150x100.jpg 150w, https:\/\/sakumetall.ee\/allhanketehas\/wp-content\/uploads\/sites\/3\/2016\/04\/varv2-300x197.jpg 300w, https:\/\/sakumetall.ee\/allhanketehas\/wp-content\/uploads\/sites\/3\/2016\/04\/varv2-285x190.jpg 285w\" sizes=\"auto, (max-width: 150px) 100vw, 150px\" \/><\/a>\n\t\t\t<\/div><\/figure>\n\t\t<\/div>\n\n","protected":false},"excerpt":{"rendered":"<p>V\u00e4rvimine Esmaklassilise pinnakatte saavutamiseks pakume pulberv\u00e4rvimise tehnoloogiat, kus enne v\u00e4rvkatte pealekandmist l\u00e4bib toode viie-etapilise OXYLAN eelt\u00f6\u00f6tluse. Oma v\u00e4rviliinis kasutame maailma juhtivate tootjate pulberv\u00e4rve nii RAL, NCS kui RR v\u00e4rvikaardi valikust. V\u00e4rviliinil on v\u00f5imalik v\u00e4rvida tooteid m\u00f5\u00f5tudega kuni 4000 x 2500 x 400 mm (P x L x K). Paindlikkust t\u00f6\u00f6de teostamisel lisab k\u00e4si- ja automaatne &#8230;<\/p>\n","protected":false},"author":2,"featured_media":0,"parent":87,"menu_order":5,"comment_status":"closed","ping_status":"closed","template":"","meta":{"footnotes":""},"class_list":["post-1619","page","type-page","status-publish","hentry"],"yoast_head":"<!-- This site is optimized with the Yoast SEO plugin v27.3 - https:\/\/yoast.com\/product\/yoast-seo-wordpress\/ -->\n<title>V\u00e4rvimine - Saku Metall Allhanke Tehas<\/title>\n<meta name=\"robots\" content=\"index, follow, max-snippet:-1, max-image-preview:large, max-video-preview:-1\" \/>\n<link rel=\"canonical\" href=\"https:\/\/sakumetall.ee\/allhanketehas\/et\/teenused\/varvimine\/\" \/>\n<meta property=\"og:locale\" content=\"et_EE\" \/>\n<meta property=\"og:type\" content=\"article\" \/>\n<meta property=\"og:title\" content=\"V\u00e4rvimine - Saku Metall Allhanke Tehas\" \/>\n<meta property=\"og:description\" content=\"V\u00e4rvimine Esmaklassilise pinnakatte saavutamiseks pakume pulberv\u00e4rvimise tehnoloogiat, kus enne v\u00e4rvkatte pealekandmist l\u00e4bib toode viie-etapilise OXYLAN eelt\u00f6\u00f6tluse. Oma v\u00e4rviliinis kasutame maailma juhtivate tootjate pulberv\u00e4rve nii RAL, NCS kui RR v\u00e4rvikaardi valikust. V\u00e4rviliinil on v\u00f5imalik v\u00e4rvida tooteid m\u00f5\u00f5tudega kuni 4000 x 2500 x 400 mm (P x L x K). Paindlikkust t\u00f6\u00f6de teostamisel lisab k\u00e4si- ja automaatne ...\" \/>\n<meta property=\"og:url\" content=\"https:\/\/sakumetall.ee\/allhanketehas\/et\/teenused\/varvimine\/\" \/>\n<meta property=\"og:site_name\" content=\"Saku Metall Allhanke Tehas\" \/>\n<meta property=\"article:modified_time\" content=\"2018-07-11T12:52:03+00:00\" \/>\n<meta property=\"og:image\" content=\"https:\/\/sakumetall.ee\/allhanketehas\/wp-content\/uploads\/sites\/3\/2016\/04\/varv3-150x100.jpg\" \/>\n<meta name=\"twitter:card\" content=\"summary_large_image\" \/>\n<script type=\"application\/ld+json\" class=\"yoast-schema-graph\">{\"@context\":\"https:\\\/\\\/schema.org\",\"@graph\":[{\"@type\":\"WebPage\",\"@id\":\"https:\\\/\\\/sakumetall.ee\\\/allhanketehas\\\/et\\\/teenused\\\/varvimine\\\/\",\"url\":\"https:\\\/\\\/sakumetall.ee\\\/allhanketehas\\\/et\\\/teenused\\\/varvimine\\\/\",\"name\":\"V\u00e4rvimine - Saku Metall Allhanke Tehas\",\"isPartOf\":{\"@id\":\"https:\\\/\\\/sakumetall.ee\\\/allhanketehas\\\/et\\\/#website\"},\"datePublished\":\"2015-07-30T12:29:25+00:00\",\"dateModified\":\"2018-07-11T12:52:03+00:00\",\"breadcrumb\":{\"@id\":\"https:\\\/\\\/sakumetall.ee\\\/allhanketehas\\\/et\\\/teenused\\\/varvimine\\\/#breadcrumb\"},\"inLanguage\":\"et\",\"potentialAction\":[{\"@type\":\"ReadAction\",\"target\":[\"https:\\\/\\\/sakumetall.ee\\\/allhanketehas\\\/et\\\/teenused\\\/varvimine\\\/\"]}]},{\"@type\":\"BreadcrumbList\",\"@id\":\"https:\\\/\\\/sakumetall.ee\\\/allhanketehas\\\/et\\\/teenused\\\/varvimine\\\/#breadcrumb\",\"itemListElement\":[{\"@type\":\"ListItem\",\"position\":1,\"name\":\"Home\",\"item\":\"https:\\\/\\\/sakumetall.ee\\\/allhanketehas\\\/et\\\/\"},{\"@type\":\"ListItem\",\"position\":2,\"name\":\"Teenused\",\"item\":\"https:\\\/\\\/sakumetall.ee\\\/allhanketehas\\\/et\\\/teenused\\\/\"},{\"@type\":\"ListItem\",\"position\":3,\"name\":\"V\u00e4rvimine\"}]},{\"@type\":\"WebSite\",\"@id\":\"https:\\\/\\\/sakumetall.ee\\\/allhanketehas\\\/et\\\/#website\",\"url\":\"https:\\\/\\\/sakumetall.ee\\\/allhanketehas\\\/et\\\/\",\"name\":\"Saku Metall Allhanke Tehas\",\"description\":\"Saku Metall AS tegeleb uksetootmise ja allhankega. Pakume tulet\u00f5kkeuksi, metalluksi, profiil- ja l\u00fckanduksi ning garaa\u017ei- ja t\u00f6\u00f6stuslikke t\u00f5stuksi ning lehtmetallist allhanket\u00f6id. V\u00f5ta \u00fchendust!\",\"potentialAction\":[{\"@type\":\"SearchAction\",\"target\":{\"@type\":\"EntryPoint\",\"urlTemplate\":\"https:\\\/\\\/sakumetall.ee\\\/allhanketehas\\\/et\\\/?s={search_term_string}\"},\"query-input\":{\"@type\":\"PropertyValueSpecification\",\"valueRequired\":true,\"valueName\":\"search_term_string\"}}],\"inLanguage\":\"et\"}]}<\/script>\n<!-- \/ Yoast SEO plugin. -->","yoast_head_json":{"title":"V\u00e4rvimine - Saku Metall Allhanke Tehas","robots":{"index":"index","follow":"follow","max-snippet":"max-snippet:-1","max-image-preview":"max-image-preview:large","max-video-preview":"max-video-preview:-1"},"canonical":"https:\/\/sakumetall.ee\/allhanketehas\/et\/teenused\/varvimine\/","og_locale":"et_EE","og_type":"article","og_title":"V\u00e4rvimine - Saku Metall Allhanke Tehas","og_description":"V\u00e4rvimine Esmaklassilise pinnakatte saavutamiseks pakume pulberv\u00e4rvimise tehnoloogiat, kus enne v\u00e4rvkatte pealekandmist l\u00e4bib toode viie-etapilise OXYLAN eelt\u00f6\u00f6tluse. Oma v\u00e4rviliinis kasutame maailma juhtivate tootjate pulberv\u00e4rve nii RAL, NCS kui RR v\u00e4rvikaardi valikust. V\u00e4rviliinil on v\u00f5imalik v\u00e4rvida tooteid m\u00f5\u00f5tudega kuni 4000 x 2500 x 400 mm (P x L x K). Paindlikkust t\u00f6\u00f6de teostamisel lisab k\u00e4si- ja automaatne ...","og_url":"https:\/\/sakumetall.ee\/allhanketehas\/et\/teenused\/varvimine\/","og_site_name":"Saku Metall Allhanke Tehas","article_modified_time":"2018-07-11T12:52:03+00:00","og_image":[{"url":"https:\/\/sakumetall.ee\/allhanketehas\/wp-content\/uploads\/sites\/3\/2016\/04\/varv3-150x100.jpg","type":"","width":"","height":""}],"twitter_card":"summary_large_image","schema":{"@context":"https:\/\/schema.org","@graph":[{"@type":"WebPage","@id":"https:\/\/sakumetall.ee\/allhanketehas\/et\/teenused\/varvimine\/","url":"https:\/\/sakumetall.ee\/allhanketehas\/et\/teenused\/varvimine\/","name":"V\u00e4rvimine - Saku Metall Allhanke Tehas","isPartOf":{"@id":"https:\/\/sakumetall.ee\/allhanketehas\/et\/#website"},"datePublished":"2015-07-30T12:29:25+00:00","dateModified":"2018-07-11T12:52:03+00:00","breadcrumb":{"@id":"https:\/\/sakumetall.ee\/allhanketehas\/et\/teenused\/varvimine\/#breadcrumb"},"inLanguage":"et","potentialAction":[{"@type":"ReadAction","target":["https:\/\/sakumetall.ee\/allhanketehas\/et\/teenused\/varvimine\/"]}]},{"@type":"BreadcrumbList","@id":"https:\/\/sakumetall.ee\/allhanketehas\/et\/teenused\/varvimine\/#breadcrumb","itemListElement":[{"@type":"ListItem","position":1,"name":"Home","item":"https:\/\/sakumetall.ee\/allhanketehas\/et\/"},{"@type":"ListItem","position":2,"name":"Teenused","item":"https:\/\/sakumetall.ee\/allhanketehas\/et\/teenused\/"},{"@type":"ListItem","position":3,"name":"V\u00e4rvimine"}]},{"@type":"WebSite","@id":"https:\/\/sakumetall.ee\/allhanketehas\/et\/#website","url":"https:\/\/sakumetall.ee\/allhanketehas\/et\/","name":"Saku Metall Allhanke Tehas","description":"Saku Metall AS tegeleb uksetootmise ja allhankega. Pakume tulet\u00f5kkeuksi, metalluksi, profiil- ja l\u00fckanduksi ning garaa\u017ei- ja t\u00f6\u00f6stuslikke t\u00f5stuksi ning lehtmetallist allhanket\u00f6id. V\u00f5ta \u00fchendust!","potentialAction":[{"@type":"SearchAction","target":{"@type":"EntryPoint","urlTemplate":"https:\/\/sakumetall.ee\/allhanketehas\/et\/?s={search_term_string}"},"query-input":{"@type":"PropertyValueSpecification","valueRequired":true,"valueName":"search_term_string"}}],"inLanguage":"et"}]}},"_links":{"self":[{"href":"https:\/\/sakumetall.ee\/allhanketehas\/et\/wp-json\/wp\/v2\/pages\/1619","targetHints":{"allow":["GET"]}}],"collection":[{"href":"https:\/\/sakumetall.ee\/allhanketehas\/et\/wp-json\/wp\/v2\/pages"}],"about":[{"href":"https:\/\/sakumetall.ee\/allhanketehas\/et\/wp-json\/wp\/v2\/types\/page"}],"author":[{"embeddable":true,"href":"https:\/\/sakumetall.ee\/allhanketehas\/et\/wp-json\/wp\/v2\/users\/2"}],"replies":[{"embeddable":true,"href":"https:\/\/sakumetall.ee\/allhanketehas\/et\/wp-json\/wp\/v2\/comments?post=1619"}],"version-history":[{"count":12,"href":"https:\/\/sakumetall.ee\/allhanketehas\/et\/wp-json\/wp\/v2\/pages\/1619\/revisions"}],"predecessor-version":[{"id":3912,"href":"https:\/\/sakumetall.ee\/allhanketehas\/et\/wp-json\/wp\/v2\/pages\/1619\/revisions\/3912"}],"up":[{"embeddable":true,"href":"https:\/\/sakumetall.ee\/allhanketehas\/et\/wp-json\/wp\/v2\/pages\/87"}],"wp:attachment":[{"href":"https:\/\/sakumetall.ee\/allhanketehas\/et\/wp-json\/wp\/v2\/media?parent=1619"}],"curies":[{"name":"wp","href":"https:\/\/api.w.org\/{rel}","templated":true}]}}