{"id":2416,"date":"2016-04-20T14:39:35","date_gmt":"2016-04-20T12:39:35","guid":{"rendered":"https:\/\/sakumetall.ee\/allhanketehas\/?page_id=2416"},"modified":"2018-07-10T15:15:07","modified_gmt":"2018-07-10T13:15:07","slug":"nelja-rulliga-cnc-valtspink-davi-mca-2017","status":"publish","type":"page","link":"https:\/\/sakumetall.ee\/allhanketehas\/et\/tehnikapark\/nelja-rulliga-cnc-valtspink-davi-mca-2017\/","title":{"rendered":"Nelja rulliga CNC Valtspink Davi MCA 2017"},"content":{"rendered":"<h1>Nelja rulliga CNC Valtspink Davi MCA 2017<\/h1>\n<ul style=\"list-style-type: square;\">\n<li><span style=\"font-size: 12pt;\">max materjali paksus 7mm;<\/span><\/li>\n<li><span style=\"font-size: 12pt;\">max detaili laius 2050mm;<\/span><\/li>\n<li><span style=\"font-size: 12pt;\">\u00fclemise rulli l\u00e4bim\u00f5\u00f5t 165mm, mis on \u00fchtlasi ka min. detaili l\u00e4bim\u00f5\u00f5t.<\/span><\/li>\n<\/ul>\n<div id='gallery-1' class='gallery galleryid-2416 gallery-columns-3 gallery-size-single-work-thumb'><figure class='gallery-item'>\n\t\t\t<div class='gallery-icon landscape'>\n\t\t\t\t<a href='https:\/\/sakumetall.ee\/allhanketehas\/wp-content\/uploads\/sites\/3\/2016\/04\/valts2.jpg'><img loading=\"lazy\" decoding=\"async\" width=\"150\" height=\"100\" src=\"https:\/\/sakumetall.ee\/allhanketehas\/wp-content\/uploads\/sites\/3\/2016\/04\/valts2-150x100.jpg\" class=\"attachment-single-work-thumb size-single-work-thumb\" alt=\"\" srcset=\"https:\/\/sakumetall.ee\/allhanketehas\/wp-content\/uploads\/sites\/3\/2016\/04\/valts2-150x100.jpg 150w, https:\/\/sakumetall.ee\/allhanketehas\/wp-content\/uploads\/sites\/3\/2016\/04\/valts2-285x190.jpg 285w\" sizes=\"auto, (max-width: 150px) 100vw, 150px\" \/><\/a>\n\t\t\t<\/div><\/figure>\n\t\t<\/div>\n\n","protected":false},"excerpt":{"rendered":"<p>Nelja rulliga CNC Valtspink Davi MCA 2017 max materjali paksus 7mm; max detaili laius 2050mm; \u00fclemise rulli l\u00e4bim\u00f5\u00f5t 165mm, mis on \u00fchtlasi ka min. detaili l\u00e4bim\u00f5\u00f5t.<\/p>\n","protected":false},"author":3,"featured_media":0,"parent":89,"menu_order":12,"comment_status":"closed","ping_status":"closed","template":"","meta":{"footnotes":""},"class_list":["post-2416","page","type-page","status-publish","hentry"],"yoast_head":"<!-- This site is optimized with the Yoast SEO plugin v27.3 - https:\/\/yoast.com\/product\/yoast-seo-wordpress\/ -->\n<title>Nelja rulliga CNC Valtspink Davi MCA 2017 - Saku Metall Allhanke Tehas<\/title>\n<meta name=\"robots\" content=\"index, follow, max-snippet:-1, max-image-preview:large, max-video-preview:-1\" \/>\n<link rel=\"canonical\" href=\"https:\/\/sakumetall.ee\/allhanketehas\/et\/tehnikapark\/nelja-rulliga-cnc-valtspink-davi-mca-2017\/\" \/>\n<meta property=\"og:locale\" content=\"et_EE\" \/>\n<meta property=\"og:type\" content=\"article\" \/>\n<meta property=\"og:title\" content=\"Nelja rulliga CNC Valtspink Davi MCA 2017 - Saku Metall Allhanke Tehas\" \/>\n<meta property=\"og:description\" content=\"Nelja rulliga CNC Valtspink Davi MCA 2017 max materjali paksus 7mm; max detaili laius 2050mm; \u00fclemise rulli l\u00e4bim\u00f5\u00f5t 165mm, mis on \u00fchtlasi ka min. detaili l\u00e4bim\u00f5\u00f5t.\" \/>\n<meta property=\"og:url\" content=\"https:\/\/sakumetall.ee\/allhanketehas\/et\/tehnikapark\/nelja-rulliga-cnc-valtspink-davi-mca-2017\/\" \/>\n<meta property=\"og:site_name\" content=\"Saku Metall Allhanke Tehas\" \/>\n<meta property=\"article:modified_time\" content=\"2018-07-10T13:15:07+00:00\" \/>\n<meta property=\"og:image\" content=\"https:\/\/sakumetall.ee\/allhanketehas\/wp-content\/uploads\/sites\/3\/2016\/04\/valts2-150x100.jpg\" \/>\n<meta name=\"twitter:card\" content=\"summary_large_image\" \/>\n<script type=\"application\/ld+json\" class=\"yoast-schema-graph\">{\"@context\":\"https:\\\/\\\/schema.org\",\"@graph\":[{\"@type\":\"WebPage\",\"@id\":\"https:\\\/\\\/sakumetall.ee\\\/allhanketehas\\\/et\\\/tehnikapark\\\/nelja-rulliga-cnc-valtspink-davi-mca-2017\\\/\",\"url\":\"https:\\\/\\\/sakumetall.ee\\\/allhanketehas\\\/et\\\/tehnikapark\\\/nelja-rulliga-cnc-valtspink-davi-mca-2017\\\/\",\"name\":\"Nelja rulliga CNC Valtspink Davi MCA 2017 - Saku Metall Allhanke Tehas\",\"isPartOf\":{\"@id\":\"https:\\\/\\\/sakumetall.ee\\\/allhanketehas\\\/et\\\/#website\"},\"datePublished\":\"2016-04-20T12:39:35+00:00\",\"dateModified\":\"2018-07-10T13:15:07+00:00\",\"breadcrumb\":{\"@id\":\"https:\\\/\\\/sakumetall.ee\\\/allhanketehas\\\/et\\\/tehnikapark\\\/nelja-rulliga-cnc-valtspink-davi-mca-2017\\\/#breadcrumb\"},\"inLanguage\":\"et\",\"potentialAction\":[{\"@type\":\"ReadAction\",\"target\":[\"https:\\\/\\\/sakumetall.ee\\\/allhanketehas\\\/et\\\/tehnikapark\\\/nelja-rulliga-cnc-valtspink-davi-mca-2017\\\/\"]}]},{\"@type\":\"BreadcrumbList\",\"@id\":\"https:\\\/\\\/sakumetall.ee\\\/allhanketehas\\\/et\\\/tehnikapark\\\/nelja-rulliga-cnc-valtspink-davi-mca-2017\\\/#breadcrumb\",\"itemListElement\":[{\"@type\":\"ListItem\",\"position\":1,\"name\":\"Home\",\"item\":\"https:\\\/\\\/sakumetall.ee\\\/allhanketehas\\\/et\\\/\"},{\"@type\":\"ListItem\",\"position\":2,\"name\":\"Tehnikapark\",\"item\":\"https:\\\/\\\/sakumetall.ee\\\/allhanketehas\\\/et\\\/tehnikapark\\\/\"},{\"@type\":\"ListItem\",\"position\":3,\"name\":\"Nelja rulliga CNC Valtspink Davi MCA 2017\"}]},{\"@type\":\"WebSite\",\"@id\":\"https:\\\/\\\/sakumetall.ee\\\/allhanketehas\\\/et\\\/#website\",\"url\":\"https:\\\/\\\/sakumetall.ee\\\/allhanketehas\\\/et\\\/\",\"name\":\"Saku Metall Allhanke Tehas\",\"description\":\"Saku Metall AS tegeleb uksetootmise ja allhankega. Pakume tulet\u00f5kkeuksi, metalluksi, profiil- ja l\u00fckanduksi ning garaa\u017ei- ja t\u00f6\u00f6stuslikke t\u00f5stuksi ning lehtmetallist allhanket\u00f6id. V\u00f5ta \u00fchendust!\",\"potentialAction\":[{\"@type\":\"SearchAction\",\"target\":{\"@type\":\"EntryPoint\",\"urlTemplate\":\"https:\\\/\\\/sakumetall.ee\\\/allhanketehas\\\/et\\\/?s={search_term_string}\"},\"query-input\":{\"@type\":\"PropertyValueSpecification\",\"valueRequired\":true,\"valueName\":\"search_term_string\"}}],\"inLanguage\":\"et\"}]}<\/script>\n<!-- \/ Yoast SEO plugin. -->","yoast_head_json":{"title":"Nelja rulliga CNC Valtspink Davi MCA 2017 - Saku Metall Allhanke Tehas","robots":{"index":"index","follow":"follow","max-snippet":"max-snippet:-1","max-image-preview":"max-image-preview:large","max-video-preview":"max-video-preview:-1"},"canonical":"https:\/\/sakumetall.ee\/allhanketehas\/et\/tehnikapark\/nelja-rulliga-cnc-valtspink-davi-mca-2017\/","og_locale":"et_EE","og_type":"article","og_title":"Nelja rulliga CNC Valtspink Davi MCA 2017 - Saku Metall Allhanke Tehas","og_description":"Nelja rulliga CNC Valtspink Davi MCA 2017 max materjali paksus 7mm; max detaili laius 2050mm; \u00fclemise rulli l\u00e4bim\u00f5\u00f5t 165mm, mis on \u00fchtlasi ka min. detaili l\u00e4bim\u00f5\u00f5t.","og_url":"https:\/\/sakumetall.ee\/allhanketehas\/et\/tehnikapark\/nelja-rulliga-cnc-valtspink-davi-mca-2017\/","og_site_name":"Saku Metall Allhanke Tehas","article_modified_time":"2018-07-10T13:15:07+00:00","og_image":[{"url":"https:\/\/sakumetall.ee\/allhanketehas\/wp-content\/uploads\/sites\/3\/2016\/04\/valts2-150x100.jpg","type":"","width":"","height":""}],"twitter_card":"summary_large_image","schema":{"@context":"https:\/\/schema.org","@graph":[{"@type":"WebPage","@id":"https:\/\/sakumetall.ee\/allhanketehas\/et\/tehnikapark\/nelja-rulliga-cnc-valtspink-davi-mca-2017\/","url":"https:\/\/sakumetall.ee\/allhanketehas\/et\/tehnikapark\/nelja-rulliga-cnc-valtspink-davi-mca-2017\/","name":"Nelja rulliga CNC Valtspink Davi MCA 2017 - Saku Metall Allhanke Tehas","isPartOf":{"@id":"https:\/\/sakumetall.ee\/allhanketehas\/et\/#website"},"datePublished":"2016-04-20T12:39:35+00:00","dateModified":"2018-07-10T13:15:07+00:00","breadcrumb":{"@id":"https:\/\/sakumetall.ee\/allhanketehas\/et\/tehnikapark\/nelja-rulliga-cnc-valtspink-davi-mca-2017\/#breadcrumb"},"inLanguage":"et","potentialAction":[{"@type":"ReadAction","target":["https:\/\/sakumetall.ee\/allhanketehas\/et\/tehnikapark\/nelja-rulliga-cnc-valtspink-davi-mca-2017\/"]}]},{"@type":"BreadcrumbList","@id":"https:\/\/sakumetall.ee\/allhanketehas\/et\/tehnikapark\/nelja-rulliga-cnc-valtspink-davi-mca-2017\/#breadcrumb","itemListElement":[{"@type":"ListItem","position":1,"name":"Home","item":"https:\/\/sakumetall.ee\/allhanketehas\/et\/"},{"@type":"ListItem","position":2,"name":"Tehnikapark","item":"https:\/\/sakumetall.ee\/allhanketehas\/et\/tehnikapark\/"},{"@type":"ListItem","position":3,"name":"Nelja rulliga CNC Valtspink Davi MCA 2017"}]},{"@type":"WebSite","@id":"https:\/\/sakumetall.ee\/allhanketehas\/et\/#website","url":"https:\/\/sakumetall.ee\/allhanketehas\/et\/","name":"Saku Metall Allhanke Tehas","description":"Saku Metall AS tegeleb uksetootmise ja allhankega. Pakume tulet\u00f5kkeuksi, metalluksi, profiil- ja l\u00fckanduksi ning garaa\u017ei- ja t\u00f6\u00f6stuslikke t\u00f5stuksi ning lehtmetallist allhanket\u00f6id. V\u00f5ta \u00fchendust!","potentialAction":[{"@type":"SearchAction","target":{"@type":"EntryPoint","urlTemplate":"https:\/\/sakumetall.ee\/allhanketehas\/et\/?s={search_term_string}"},"query-input":{"@type":"PropertyValueSpecification","valueRequired":true,"valueName":"search_term_string"}}],"inLanguage":"et"}]}},"_links":{"self":[{"href":"https:\/\/sakumetall.ee\/allhanketehas\/et\/wp-json\/wp\/v2\/pages\/2416","targetHints":{"allow":["GET"]}}],"collection":[{"href":"https:\/\/sakumetall.ee\/allhanketehas\/et\/wp-json\/wp\/v2\/pages"}],"about":[{"href":"https:\/\/sakumetall.ee\/allhanketehas\/et\/wp-json\/wp\/v2\/types\/page"}],"author":[{"embeddable":true,"href":"https:\/\/sakumetall.ee\/allhanketehas\/et\/wp-json\/wp\/v2\/users\/3"}],"replies":[{"embeddable":true,"href":"https:\/\/sakumetall.ee\/allhanketehas\/et\/wp-json\/wp\/v2\/comments?post=2416"}],"version-history":[{"count":4,"href":"https:\/\/sakumetall.ee\/allhanketehas\/et\/wp-json\/wp\/v2\/pages\/2416\/revisions"}],"predecessor-version":[{"id":3793,"href":"https:\/\/sakumetall.ee\/allhanketehas\/et\/wp-json\/wp\/v2\/pages\/2416\/revisions\/3793"}],"up":[{"embeddable":true,"href":"https:\/\/sakumetall.ee\/allhanketehas\/et\/wp-json\/wp\/v2\/pages\/89"}],"wp:attachment":[{"href":"https:\/\/sakumetall.ee\/allhanketehas\/et\/wp-json\/wp\/v2\/media?parent=2416"}],"curies":[{"name":"wp","href":"https:\/\/api.w.org\/{rel}","templated":true}]}}