{"id":249,"date":"2015-06-26T07:01:32","date_gmt":"2015-06-26T07:01:32","guid":{"rendered":"https:\/\/sakumetall.ee\/allhanketehas\/?page_id=249"},"modified":"2016-04-07T11:36:22","modified_gmt":"2016-04-07T11:36:22","slug":"kontakt","status":"publish","type":"page","link":"https:\/\/sakumetall.ee\/allhanketehas\/et\/kontakt\/","title":{"rendered":"Kontakt"},"content":{"rendered":"","protected":false},"excerpt":{"rendered":"","protected":false},"author":1,"featured_media":0,"parent":0,"menu_order":0,"comment_status":"closed","ping_status":"closed","template":"","meta":{"footnotes":""},"class_list":["post-249","page","type-page","status-publish","hentry"],"yoast_head":"<!-- This site is optimized with the Yoast SEO plugin v27.4 - https:\/\/yoast.com\/product\/yoast-seo-wordpress\/ -->\n<title>Kontakt - Saku Metall Allhanke Tehas<\/title>\n<meta name=\"robots\" content=\"index, follow, max-snippet:-1, max-image-preview:large, max-video-preview:-1\" \/>\n<link rel=\"canonical\" href=\"https:\/\/sakumetall.ee\/allhanketehas\/et\/kontakt\/\" \/>\n<meta property=\"og:locale\" content=\"et_EE\" \/>\n<meta property=\"og:type\" content=\"article\" \/>\n<meta property=\"og:title\" content=\"Kontakt - Saku Metall Allhanke Tehas\" \/>\n<meta property=\"og:url\" content=\"https:\/\/sakumetall.ee\/allhanketehas\/et\/kontakt\/\" \/>\n<meta property=\"og:site_name\" content=\"Saku Metall Allhanke Tehas\" \/>\n<meta property=\"article:modified_time\" content=\"2016-04-07T11:36:22+00:00\" \/>\n<meta name=\"twitter:card\" content=\"summary_large_image\" \/>\n<script type=\"application\/ld+json\" class=\"yoast-schema-graph\">{\"@context\":\"https:\\\/\\\/schema.org\",\"@graph\":[{\"@type\":\"WebPage\",\"@id\":\"https:\\\/\\\/sakumetall.ee\\\/allhanketehas\\\/et\\\/kontakt\\\/\",\"url\":\"https:\\\/\\\/sakumetall.ee\\\/allhanketehas\\\/et\\\/kontakt\\\/\",\"name\":\"Kontakt - Saku Metall Allhanke Tehas\",\"isPartOf\":{\"@id\":\"https:\\\/\\\/sakumetall.ee\\\/allhanketehas\\\/et\\\/#website\"},\"datePublished\":\"2015-06-26T07:01:32+00:00\",\"dateModified\":\"2016-04-07T11:36:22+00:00\",\"breadcrumb\":{\"@id\":\"https:\\\/\\\/sakumetall.ee\\\/allhanketehas\\\/et\\\/kontakt\\\/#breadcrumb\"},\"inLanguage\":\"et\",\"potentialAction\":[{\"@type\":\"ReadAction\",\"target\":[\"https:\\\/\\\/sakumetall.ee\\\/allhanketehas\\\/et\\\/kontakt\\\/\"]}]},{\"@type\":\"BreadcrumbList\",\"@id\":\"https:\\\/\\\/sakumetall.ee\\\/allhanketehas\\\/et\\\/kontakt\\\/#breadcrumb\",\"itemListElement\":[{\"@type\":\"ListItem\",\"position\":1,\"name\":\"Home\",\"item\":\"https:\\\/\\\/sakumetall.ee\\\/allhanketehas\\\/et\\\/\"},{\"@type\":\"ListItem\",\"position\":2,\"name\":\"Kontakt\"}]},{\"@type\":\"WebSite\",\"@id\":\"https:\\\/\\\/sakumetall.ee\\\/allhanketehas\\\/et\\\/#website\",\"url\":\"https:\\\/\\\/sakumetall.ee\\\/allhanketehas\\\/et\\\/\",\"name\":\"Saku Metall Allhanke Tehas\",\"description\":\"Saku Metall AS tegeleb uksetootmise ja allhankega. Pakume tulet\u00f5kkeuksi, metalluksi, profiil- ja l\u00fckanduksi ning garaa\u017ei- ja t\u00f6\u00f6stuslikke t\u00f5stuksi ning lehtmetallist allhanket\u00f6id. V\u00f5ta \u00fchendust!\",\"potentialAction\":[{\"@type\":\"SearchAction\",\"target\":{\"@type\":\"EntryPoint\",\"urlTemplate\":\"https:\\\/\\\/sakumetall.ee\\\/allhanketehas\\\/et\\\/?s={search_term_string}\"},\"query-input\":{\"@type\":\"PropertyValueSpecification\",\"valueRequired\":true,\"valueName\":\"search_term_string\"}}],\"inLanguage\":\"et\"}]}<\/script>\n<!-- \/ Yoast SEO plugin. -->","yoast_head_json":{"title":"Kontakt - Saku Metall Allhanke Tehas","robots":{"index":"index","follow":"follow","max-snippet":"max-snippet:-1","max-image-preview":"max-image-preview:large","max-video-preview":"max-video-preview:-1"},"canonical":"https:\/\/sakumetall.ee\/allhanketehas\/et\/kontakt\/","og_locale":"et_EE","og_type":"article","og_title":"Kontakt - Saku Metall Allhanke Tehas","og_url":"https:\/\/sakumetall.ee\/allhanketehas\/et\/kontakt\/","og_site_name":"Saku Metall Allhanke Tehas","article_modified_time":"2016-04-07T11:36:22+00:00","twitter_card":"summary_large_image","schema":{"@context":"https:\/\/schema.org","@graph":[{"@type":"WebPage","@id":"https:\/\/sakumetall.ee\/allhanketehas\/et\/kontakt\/","url":"https:\/\/sakumetall.ee\/allhanketehas\/et\/kontakt\/","name":"Kontakt - Saku Metall Allhanke Tehas","isPartOf":{"@id":"https:\/\/sakumetall.ee\/allhanketehas\/et\/#website"},"datePublished":"2015-06-26T07:01:32+00:00","dateModified":"2016-04-07T11:36:22+00:00","breadcrumb":{"@id":"https:\/\/sakumetall.ee\/allhanketehas\/et\/kontakt\/#breadcrumb"},"inLanguage":"et","potentialAction":[{"@type":"ReadAction","target":["https:\/\/sakumetall.ee\/allhanketehas\/et\/kontakt\/"]}]},{"@type":"BreadcrumbList","@id":"https:\/\/sakumetall.ee\/allhanketehas\/et\/kontakt\/#breadcrumb","itemListElement":[{"@type":"ListItem","position":1,"name":"Home","item":"https:\/\/sakumetall.ee\/allhanketehas\/et\/"},{"@type":"ListItem","position":2,"name":"Kontakt"}]},{"@type":"WebSite","@id":"https:\/\/sakumetall.ee\/allhanketehas\/et\/#website","url":"https:\/\/sakumetall.ee\/allhanketehas\/et\/","name":"Saku Metall Allhanke Tehas","description":"Saku Metall AS tegeleb uksetootmise ja allhankega. Pakume tulet\u00f5kkeuksi, metalluksi, profiil- ja l\u00fckanduksi ning garaa\u017ei- ja t\u00f6\u00f6stuslikke t\u00f5stuksi ning lehtmetallist allhanket\u00f6id. V\u00f5ta \u00fchendust!","potentialAction":[{"@type":"SearchAction","target":{"@type":"EntryPoint","urlTemplate":"https:\/\/sakumetall.ee\/allhanketehas\/et\/?s={search_term_string}"},"query-input":{"@type":"PropertyValueSpecification","valueRequired":true,"valueName":"search_term_string"}}],"inLanguage":"et"}]}},"_links":{"self":[{"href":"https:\/\/sakumetall.ee\/allhanketehas\/et\/wp-json\/wp\/v2\/pages\/249","targetHints":{"allow":["GET"]}}],"collection":[{"href":"https:\/\/sakumetall.ee\/allhanketehas\/et\/wp-json\/wp\/v2\/pages"}],"about":[{"href":"https:\/\/sakumetall.ee\/allhanketehas\/et\/wp-json\/wp\/v2\/types\/page"}],"author":[{"embeddable":true,"href":"https:\/\/sakumetall.ee\/allhanketehas\/et\/wp-json\/wp\/v2\/users\/1"}],"replies":[{"embeddable":true,"href":"https:\/\/sakumetall.ee\/allhanketehas\/et\/wp-json\/wp\/v2\/comments?post=249"}],"version-history":[{"count":3,"href":"https:\/\/sakumetall.ee\/allhanketehas\/et\/wp-json\/wp\/v2\/pages\/249\/revisions"}],"predecessor-version":[{"id":1938,"href":"https:\/\/sakumetall.ee\/allhanketehas\/et\/wp-json\/wp\/v2\/pages\/249\/revisions\/1938"}],"wp:attachment":[{"href":"https:\/\/sakumetall.ee\/allhanketehas\/et\/wp-json\/wp\/v2\/media?parent=249"}],"curies":[{"name":"wp","href":"https:\/\/api.w.org\/{rel}","templated":true}]}}