{"id":5260,"date":"2023-03-28T12:23:45","date_gmt":"2023-03-28T10:23:45","guid":{"rendered":"https:\/\/sakumetall.ee\/allhanketehas\/?page_id=5260"},"modified":"2023-03-29T15:13:10","modified_gmt":"2023-03-29T13:13:10","slug":"trumpf-trubend-5230","status":"publish","type":"page","link":"https:\/\/sakumetall.ee\/allhanketehas\/et\/tehnikapark\/trumpf-trubend-5230\/","title":{"rendered":"TRUMPF TruBend 5230"},"content":{"rendered":"<h1>TRUMPF TruBend 5230<\/h1>\n<ul>\n<li><span style=\"font-size: 12pt\">T\u00fc\u00fcp Elektroh\u00fcdrauliline<\/span><\/li>\n<li><span style=\"font-size: 12pt\">Painutusj\u00f5ud (kN) 2300<\/span><\/li>\n<li><span style=\"font-size: 12pt\">T\u00f6\u00f6laua pikkus (mm) 4250<\/span><\/li>\n<li><span style=\"font-size: 12pt\">Avanemisk\u00f5rgus (mm) 615<\/span><\/li>\n<li><span style=\"font-size: 12pt\">T\u00f6\u00f6riista k\u00e4ik (mm) 445<\/span><\/li>\n<li><span style=\"font-size: 12pt\">Y- telje korratavus (mm) \u00b10.005<\/span><\/li>\n<li><span style=\"font-size: 12pt\">X- telje t\u00e4psus (mm) \u00b10.04<\/span><\/li>\n<li><span style=\"font-size: 12pt\">Tagatoe telgede arv 5, koos delta X \u00b1 75 mm<\/span><\/li>\n<li><span style=\"font-size: 12pt\">Offline programmeerimine TecZone<\/span><\/li>\n<li><span style=\"font-size: 12pt\">Nurgam\u00f5\u00f5tja ACB Laser \/ ACB sensor t\u00f6\u00f6riistad<\/span><\/li>\n<li><span style=\"font-size: 12pt\">CNC juhtimisega painutusabi<\/span><\/li>\n<\/ul>\n<p><img loading=\"lazy\" decoding=\"async\" class=\"alignnone wp-image-5277\" src=\"https:\/\/sakumetall.ee\/allhanketehas\/wp-content\/uploads\/sites\/3\/2023\/03\/TruBend-5230-tehnikapark.jpg\" alt=\"\" width=\"437\" height=\"277\" srcset=\"https:\/\/sakumetall.ee\/allhanketehas\/wp-content\/uploads\/sites\/3\/2023\/03\/TruBend-5230-tehnikapark.jpg 994w, https:\/\/sakumetall.ee\/allhanketehas\/wp-content\/uploads\/sites\/3\/2023\/03\/TruBend-5230-tehnikapark-300x190.jpg 300w, https:\/\/sakumetall.ee\/allhanketehas\/wp-content\/uploads\/sites\/3\/2023\/03\/TruBend-5230-tehnikapark-180x114.jpg 180w\" sizes=\"auto, (max-width: 437px) 100vw, 437px\" \/><\/p>\n","protected":false},"excerpt":{"rendered":"<p>TRUMPF TruBend 5230 T\u00fc\u00fcp Elektroh\u00fcdrauliline Painutusj\u00f5ud (kN) 2300 T\u00f6\u00f6laua pikkus (mm) 4250 Avanemisk\u00f5rgus (mm) 615 T\u00f6\u00f6riista k\u00e4ik (mm) 445 Y- telje korratavus (mm) \u00b10.005 X- telje t\u00e4psus (mm) \u00b10.04 Tagatoe telgede arv 5, koos delta X \u00b1 75 mm Offline programmeerimine TecZone Nurgam\u00f5\u00f5tja ACB Laser \/ ACB sensor t\u00f6\u00f6riistad CNC juhtimisega painutusabi<\/p>\n","protected":false},"author":25,"featured_media":5277,"parent":89,"menu_order":0,"comment_status":"closed","ping_status":"closed","template":"","meta":{"footnotes":""},"class_list":["post-5260","page","type-page","status-publish","has-post-thumbnail","hentry"],"yoast_head":"<!-- This site is optimized with the Yoast SEO plugin v27.3 - https:\/\/yoast.com\/product\/yoast-seo-wordpress\/ -->\n<title>TRUMPF TruBend 5230 - Saku Metall Allhanke Tehas<\/title>\n<meta name=\"robots\" content=\"index, follow, max-snippet:-1, max-image-preview:large, max-video-preview:-1\" \/>\n<link rel=\"canonical\" href=\"https:\/\/sakumetall.ee\/allhanketehas\/et\/tehnikapark\/trumpf-trubend-5230\/\" \/>\n<meta property=\"og:locale\" content=\"et_EE\" \/>\n<meta property=\"og:type\" content=\"article\" \/>\n<meta property=\"og:title\" content=\"TRUMPF TruBend 5230 - Saku Metall Allhanke Tehas\" \/>\n<meta property=\"og:description\" content=\"TRUMPF TruBend 5230 T\u00fc\u00fcp Elektroh\u00fcdrauliline Painutusj\u00f5ud (kN) 2300 T\u00f6\u00f6laua pikkus (mm) 4250 Avanemisk\u00f5rgus (mm) 615 T\u00f6\u00f6riista k\u00e4ik (mm) 445 Y- telje korratavus (mm) \u00b10.005 X- telje t\u00e4psus (mm) \u00b10.04 Tagatoe telgede arv 5, koos delta X \u00b1 75 mm Offline programmeerimine TecZone Nurgam\u00f5\u00f5tja ACB Laser \/ ACB sensor t\u00f6\u00f6riistad CNC juhtimisega painutusabi\" \/>\n<meta property=\"og:url\" content=\"https:\/\/sakumetall.ee\/allhanketehas\/et\/tehnikapark\/trumpf-trubend-5230\/\" \/>\n<meta property=\"og:site_name\" content=\"Saku Metall Allhanke Tehas\" \/>\n<meta property=\"article:modified_time\" content=\"2023-03-29T13:13:10+00:00\" \/>\n<meta property=\"og:image\" content=\"https:\/\/sakumetall.ee\/allhanketehas\/wp-content\/uploads\/sites\/3\/2023\/03\/TruBend-5230-tehnikapark.jpg\" \/>\n\t<meta property=\"og:image:width\" content=\"994\" \/>\n\t<meta property=\"og:image:height\" content=\"630\" \/>\n\t<meta property=\"og:image:type\" content=\"image\/jpeg\" \/>\n<meta name=\"twitter:card\" content=\"summary_large_image\" \/>\n<meta name=\"twitter:label1\" content=\"Est. reading time\" \/>\n\t<meta name=\"twitter:data1\" content=\"1 minut\" \/>\n<script type=\"application\/ld+json\" class=\"yoast-schema-graph\">{\"@context\":\"https:\\\/\\\/schema.org\",\"@graph\":[{\"@type\":\"WebPage\",\"@id\":\"https:\\\/\\\/sakumetall.ee\\\/allhanketehas\\\/et\\\/tehnikapark\\\/trumpf-trubend-5230\\\/\",\"url\":\"https:\\\/\\\/sakumetall.ee\\\/allhanketehas\\\/et\\\/tehnikapark\\\/trumpf-trubend-5230\\\/\",\"name\":\"TRUMPF TruBend 5230 - Saku Metall Allhanke Tehas\",\"isPartOf\":{\"@id\":\"https:\\\/\\\/sakumetall.ee\\\/allhanketehas\\\/et\\\/#website\"},\"primaryImageOfPage\":{\"@id\":\"https:\\\/\\\/sakumetall.ee\\\/allhanketehas\\\/et\\\/tehnikapark\\\/trumpf-trubend-5230\\\/#primaryimage\"},\"image\":{\"@id\":\"https:\\\/\\\/sakumetall.ee\\\/allhanketehas\\\/et\\\/tehnikapark\\\/trumpf-trubend-5230\\\/#primaryimage\"},\"thumbnailUrl\":\"https:\\\/\\\/sakumetall.ee\\\/allhanketehas\\\/wp-content\\\/uploads\\\/sites\\\/3\\\/2023\\\/03\\\/TruBend-5230-tehnikapark.jpg\",\"datePublished\":\"2023-03-28T10:23:45+00:00\",\"dateModified\":\"2023-03-29T13:13:10+00:00\",\"breadcrumb\":{\"@id\":\"https:\\\/\\\/sakumetall.ee\\\/allhanketehas\\\/et\\\/tehnikapark\\\/trumpf-trubend-5230\\\/#breadcrumb\"},\"inLanguage\":\"et\",\"potentialAction\":[{\"@type\":\"ReadAction\",\"target\":[\"https:\\\/\\\/sakumetall.ee\\\/allhanketehas\\\/et\\\/tehnikapark\\\/trumpf-trubend-5230\\\/\"]}]},{\"@type\":\"ImageObject\",\"inLanguage\":\"et\",\"@id\":\"https:\\\/\\\/sakumetall.ee\\\/allhanketehas\\\/et\\\/tehnikapark\\\/trumpf-trubend-5230\\\/#primaryimage\",\"url\":\"https:\\\/\\\/sakumetall.ee\\\/allhanketehas\\\/wp-content\\\/uploads\\\/sites\\\/3\\\/2023\\\/03\\\/TruBend-5230-tehnikapark.jpg\",\"contentUrl\":\"https:\\\/\\\/sakumetall.ee\\\/allhanketehas\\\/wp-content\\\/uploads\\\/sites\\\/3\\\/2023\\\/03\\\/TruBend-5230-tehnikapark.jpg\",\"width\":994,\"height\":630},{\"@type\":\"BreadcrumbList\",\"@id\":\"https:\\\/\\\/sakumetall.ee\\\/allhanketehas\\\/et\\\/tehnikapark\\\/trumpf-trubend-5230\\\/#breadcrumb\",\"itemListElement\":[{\"@type\":\"ListItem\",\"position\":1,\"name\":\"Home\",\"item\":\"https:\\\/\\\/sakumetall.ee\\\/allhanketehas\\\/et\\\/\"},{\"@type\":\"ListItem\",\"position\":2,\"name\":\"Tehnikapark\",\"item\":\"https:\\\/\\\/sakumetall.ee\\\/allhanketehas\\\/et\\\/tehnikapark\\\/\"},{\"@type\":\"ListItem\",\"position\":3,\"name\":\"TRUMPF TruBend 5230\"}]},{\"@type\":\"WebSite\",\"@id\":\"https:\\\/\\\/sakumetall.ee\\\/allhanketehas\\\/et\\\/#website\",\"url\":\"https:\\\/\\\/sakumetall.ee\\\/allhanketehas\\\/et\\\/\",\"name\":\"Saku Metall Allhanke Tehas\",\"description\":\"Saku Metall AS tegeleb uksetootmise ja allhankega. Pakume tulet\u00f5kkeuksi, metalluksi, profiil- ja l\u00fckanduksi ning garaa\u017ei- ja t\u00f6\u00f6stuslikke t\u00f5stuksi ning lehtmetallist allhanket\u00f6id. V\u00f5ta \u00fchendust!\",\"potentialAction\":[{\"@type\":\"SearchAction\",\"target\":{\"@type\":\"EntryPoint\",\"urlTemplate\":\"https:\\\/\\\/sakumetall.ee\\\/allhanketehas\\\/et\\\/?s={search_term_string}\"},\"query-input\":{\"@type\":\"PropertyValueSpecification\",\"valueRequired\":true,\"valueName\":\"search_term_string\"}}],\"inLanguage\":\"et\"}]}<\/script>\n<!-- \/ Yoast SEO plugin. -->","yoast_head_json":{"title":"TRUMPF TruBend 5230 - Saku Metall Allhanke Tehas","robots":{"index":"index","follow":"follow","max-snippet":"max-snippet:-1","max-image-preview":"max-image-preview:large","max-video-preview":"max-video-preview:-1"},"canonical":"https:\/\/sakumetall.ee\/allhanketehas\/et\/tehnikapark\/trumpf-trubend-5230\/","og_locale":"et_EE","og_type":"article","og_title":"TRUMPF TruBend 5230 - Saku Metall Allhanke Tehas","og_description":"TRUMPF TruBend 5230 T\u00fc\u00fcp Elektroh\u00fcdrauliline Painutusj\u00f5ud (kN) 2300 T\u00f6\u00f6laua pikkus (mm) 4250 Avanemisk\u00f5rgus (mm) 615 T\u00f6\u00f6riista k\u00e4ik (mm) 445 Y- telje korratavus (mm) \u00b10.005 X- telje t\u00e4psus (mm) \u00b10.04 Tagatoe telgede arv 5, koos delta X \u00b1 75 mm Offline programmeerimine TecZone Nurgam\u00f5\u00f5tja ACB Laser \/ ACB sensor t\u00f6\u00f6riistad CNC juhtimisega painutusabi","og_url":"https:\/\/sakumetall.ee\/allhanketehas\/et\/tehnikapark\/trumpf-trubend-5230\/","og_site_name":"Saku Metall Allhanke Tehas","article_modified_time":"2023-03-29T13:13:10+00:00","og_image":[{"width":994,"height":630,"url":"https:\/\/sakumetall.ee\/allhanketehas\/wp-content\/uploads\/sites\/3\/2023\/03\/TruBend-5230-tehnikapark.jpg","type":"image\/jpeg"}],"twitter_card":"summary_large_image","twitter_misc":{"Est. reading time":"1 minut"},"schema":{"@context":"https:\/\/schema.org","@graph":[{"@type":"WebPage","@id":"https:\/\/sakumetall.ee\/allhanketehas\/et\/tehnikapark\/trumpf-trubend-5230\/","url":"https:\/\/sakumetall.ee\/allhanketehas\/et\/tehnikapark\/trumpf-trubend-5230\/","name":"TRUMPF TruBend 5230 - Saku Metall Allhanke Tehas","isPartOf":{"@id":"https:\/\/sakumetall.ee\/allhanketehas\/et\/#website"},"primaryImageOfPage":{"@id":"https:\/\/sakumetall.ee\/allhanketehas\/et\/tehnikapark\/trumpf-trubend-5230\/#primaryimage"},"image":{"@id":"https:\/\/sakumetall.ee\/allhanketehas\/et\/tehnikapark\/trumpf-trubend-5230\/#primaryimage"},"thumbnailUrl":"https:\/\/sakumetall.ee\/allhanketehas\/wp-content\/uploads\/sites\/3\/2023\/03\/TruBend-5230-tehnikapark.jpg","datePublished":"2023-03-28T10:23:45+00:00","dateModified":"2023-03-29T13:13:10+00:00","breadcrumb":{"@id":"https:\/\/sakumetall.ee\/allhanketehas\/et\/tehnikapark\/trumpf-trubend-5230\/#breadcrumb"},"inLanguage":"et","potentialAction":[{"@type":"ReadAction","target":["https:\/\/sakumetall.ee\/allhanketehas\/et\/tehnikapark\/trumpf-trubend-5230\/"]}]},{"@type":"ImageObject","inLanguage":"et","@id":"https:\/\/sakumetall.ee\/allhanketehas\/et\/tehnikapark\/trumpf-trubend-5230\/#primaryimage","url":"https:\/\/sakumetall.ee\/allhanketehas\/wp-content\/uploads\/sites\/3\/2023\/03\/TruBend-5230-tehnikapark.jpg","contentUrl":"https:\/\/sakumetall.ee\/allhanketehas\/wp-content\/uploads\/sites\/3\/2023\/03\/TruBend-5230-tehnikapark.jpg","width":994,"height":630},{"@type":"BreadcrumbList","@id":"https:\/\/sakumetall.ee\/allhanketehas\/et\/tehnikapark\/trumpf-trubend-5230\/#breadcrumb","itemListElement":[{"@type":"ListItem","position":1,"name":"Home","item":"https:\/\/sakumetall.ee\/allhanketehas\/et\/"},{"@type":"ListItem","position":2,"name":"Tehnikapark","item":"https:\/\/sakumetall.ee\/allhanketehas\/et\/tehnikapark\/"},{"@type":"ListItem","position":3,"name":"TRUMPF TruBend 5230"}]},{"@type":"WebSite","@id":"https:\/\/sakumetall.ee\/allhanketehas\/et\/#website","url":"https:\/\/sakumetall.ee\/allhanketehas\/et\/","name":"Saku Metall Allhanke Tehas","description":"Saku Metall AS tegeleb uksetootmise ja allhankega. Pakume tulet\u00f5kkeuksi, metalluksi, profiil- ja l\u00fckanduksi ning garaa\u017ei- ja t\u00f6\u00f6stuslikke t\u00f5stuksi ning lehtmetallist allhanket\u00f6id. V\u00f5ta \u00fchendust!","potentialAction":[{"@type":"SearchAction","target":{"@type":"EntryPoint","urlTemplate":"https:\/\/sakumetall.ee\/allhanketehas\/et\/?s={search_term_string}"},"query-input":{"@type":"PropertyValueSpecification","valueRequired":true,"valueName":"search_term_string"}}],"inLanguage":"et"}]}},"_links":{"self":[{"href":"https:\/\/sakumetall.ee\/allhanketehas\/et\/wp-json\/wp\/v2\/pages\/5260","targetHints":{"allow":["GET"]}}],"collection":[{"href":"https:\/\/sakumetall.ee\/allhanketehas\/et\/wp-json\/wp\/v2\/pages"}],"about":[{"href":"https:\/\/sakumetall.ee\/allhanketehas\/et\/wp-json\/wp\/v2\/types\/page"}],"author":[{"embeddable":true,"href":"https:\/\/sakumetall.ee\/allhanketehas\/et\/wp-json\/wp\/v2\/users\/25"}],"replies":[{"embeddable":true,"href":"https:\/\/sakumetall.ee\/allhanketehas\/et\/wp-json\/wp\/v2\/comments?post=5260"}],"version-history":[{"count":4,"href":"https:\/\/sakumetall.ee\/allhanketehas\/et\/wp-json\/wp\/v2\/pages\/5260\/revisions"}],"predecessor-version":[{"id":5303,"href":"https:\/\/sakumetall.ee\/allhanketehas\/et\/wp-json\/wp\/v2\/pages\/5260\/revisions\/5303"}],"up":[{"embeddable":true,"href":"https:\/\/sakumetall.ee\/allhanketehas\/et\/wp-json\/wp\/v2\/pages\/89"}],"wp:featuredmedia":[{"embeddable":true,"href":"https:\/\/sakumetall.ee\/allhanketehas\/et\/wp-json\/wp\/v2\/media\/5277"}],"wp:attachment":[{"href":"https:\/\/sakumetall.ee\/allhanketehas\/et\/wp-json\/wp\/v2\/media?parent=5260"}],"curies":[{"name":"wp","href":"https:\/\/api.w.org\/{rel}","templated":true}]}}