{"id":5292,"date":"2023-03-29T14:59:29","date_gmt":"2023-03-29T12:59:29","guid":{"rendered":"https:\/\/sakumetall.ee\/allhanketehas\/?page_id=5292"},"modified":"2023-03-29T15:01:19","modified_gmt":"2023-03-29T13:01:19","slug":"elektriline-painutuspink-cone-c9","status":"publish","type":"page","link":"https:\/\/sakumetall.ee\/allhanketehas\/et\/tehnikapark\/elektriline-painutuspink-cone-c9\/","title":{"rendered":"Elektriline painutuspink Cone C9"},"content":{"rendered":"<h1>Elektriline painutuspink Cone C9<\/h1>\n<ul style=\"list-style-type: square\">\n<li><span style=\"font-size: 12pt\">Painutusj\u00f5ud (kN) 220;<\/span><\/li>\n<li><span style=\"font-size: 12pt\">Painutatava detaili pikkus kuni (mm) 900;<\/span><\/li>\n<li><span style=\"font-size: 12pt\">Tagatoe telgede arv 4<\/span><\/li>\n<\/ul>\n<p><img loading=\"lazy\" decoding=\"async\" class=\"alignnone  wp-image-5295\" src=\"https:\/\/sakumetall.ee\/allhanketehas\/wp-content\/uploads\/sites\/3\/2023\/03\/c9-press-brake.jpg\" alt=\"\" width=\"202\" height=\"303\" srcset=\"https:\/\/sakumetall.ee\/allhanketehas\/wp-content\/uploads\/sites\/3\/2023\/03\/c9-press-brake.jpg 341w, https:\/\/sakumetall.ee\/allhanketehas\/wp-content\/uploads\/sites\/3\/2023\/03\/c9-press-brake-200x300.jpg 200w, https:\/\/sakumetall.ee\/allhanketehas\/wp-content\/uploads\/sites\/3\/2023\/03\/c9-press-brake-120x180.jpg 120w\" sizes=\"auto, (max-width: 202px) 100vw, 202px\" \/><\/p>\n","protected":false},"excerpt":{"rendered":"<p>Elektriline painutuspink Cone C9 Painutusj\u00f5ud (kN) 220; Painutatava detaili pikkus kuni (mm) 900; Tagatoe telgede arv 4<\/p>\n","protected":false},"author":25,"featured_media":0,"parent":89,"menu_order":0,"comment_status":"closed","ping_status":"closed","template":"","meta":{"footnotes":""},"class_list":["post-5292","page","type-page","status-publish","hentry"],"yoast_head":"<!-- This site is optimized with the Yoast SEO plugin v27.3 - https:\/\/yoast.com\/product\/yoast-seo-wordpress\/ -->\n<title>Elektriline painutuspink Cone C9 - Saku Metall Allhanke Tehas<\/title>\n<meta name=\"robots\" content=\"index, follow, max-snippet:-1, max-image-preview:large, max-video-preview:-1\" \/>\n<link rel=\"canonical\" href=\"https:\/\/sakumetall.ee\/allhanketehas\/et\/tehnikapark\/elektriline-painutuspink-cone-c9\/\" \/>\n<meta property=\"og:locale\" content=\"et_EE\" \/>\n<meta property=\"og:type\" content=\"article\" \/>\n<meta property=\"og:title\" content=\"Elektriline painutuspink Cone C9 - Saku Metall Allhanke Tehas\" \/>\n<meta property=\"og:description\" content=\"Elektriline painutuspink Cone C9 Painutusj\u00f5ud (kN) 220; Painutatava detaili pikkus kuni (mm) 900; Tagatoe telgede arv 4\" \/>\n<meta property=\"og:url\" content=\"https:\/\/sakumetall.ee\/allhanketehas\/et\/tehnikapark\/elektriline-painutuspink-cone-c9\/\" \/>\n<meta property=\"og:site_name\" content=\"Saku Metall Allhanke Tehas\" \/>\n<meta property=\"article:modified_time\" content=\"2023-03-29T13:01:19+00:00\" \/>\n<meta property=\"og:image\" content=\"https:\/\/sakumetall.ee\/allhanketehas\/wp-content\/uploads\/sites\/3\/2023\/03\/c9-press-brake.jpg\" \/>\n<meta name=\"twitter:card\" content=\"summary_large_image\" \/>\n<meta name=\"twitter:label1\" content=\"Est. reading time\" \/>\n\t<meta name=\"twitter:data1\" content=\"1 minut\" \/>\n<script type=\"application\/ld+json\" class=\"yoast-schema-graph\">{\"@context\":\"https:\\\/\\\/schema.org\",\"@graph\":[{\"@type\":\"WebPage\",\"@id\":\"https:\\\/\\\/sakumetall.ee\\\/allhanketehas\\\/et\\\/tehnikapark\\\/elektriline-painutuspink-cone-c9\\\/\",\"url\":\"https:\\\/\\\/sakumetall.ee\\\/allhanketehas\\\/et\\\/tehnikapark\\\/elektriline-painutuspink-cone-c9\\\/\",\"name\":\"Elektriline painutuspink Cone C9 - Saku Metall Allhanke Tehas\",\"isPartOf\":{\"@id\":\"https:\\\/\\\/sakumetall.ee\\\/allhanketehas\\\/et\\\/#website\"},\"primaryImageOfPage\":{\"@id\":\"https:\\\/\\\/sakumetall.ee\\\/allhanketehas\\\/et\\\/tehnikapark\\\/elektriline-painutuspink-cone-c9\\\/#primaryimage\"},\"image\":{\"@id\":\"https:\\\/\\\/sakumetall.ee\\\/allhanketehas\\\/et\\\/tehnikapark\\\/elektriline-painutuspink-cone-c9\\\/#primaryimage\"},\"thumbnailUrl\":\"https:\\\/\\\/sakumetall.ee\\\/allhanketehas\\\/wp-content\\\/uploads\\\/sites\\\/3\\\/2023\\\/03\\\/c9-press-brake.jpg\",\"datePublished\":\"2023-03-29T12:59:29+00:00\",\"dateModified\":\"2023-03-29T13:01:19+00:00\",\"breadcrumb\":{\"@id\":\"https:\\\/\\\/sakumetall.ee\\\/allhanketehas\\\/et\\\/tehnikapark\\\/elektriline-painutuspink-cone-c9\\\/#breadcrumb\"},\"inLanguage\":\"et\",\"potentialAction\":[{\"@type\":\"ReadAction\",\"target\":[\"https:\\\/\\\/sakumetall.ee\\\/allhanketehas\\\/et\\\/tehnikapark\\\/elektriline-painutuspink-cone-c9\\\/\"]}]},{\"@type\":\"ImageObject\",\"inLanguage\":\"et\",\"@id\":\"https:\\\/\\\/sakumetall.ee\\\/allhanketehas\\\/et\\\/tehnikapark\\\/elektriline-painutuspink-cone-c9\\\/#primaryimage\",\"url\":\"https:\\\/\\\/sakumetall.ee\\\/allhanketehas\\\/wp-content\\\/uploads\\\/sites\\\/3\\\/2023\\\/03\\\/c9-press-brake.jpg\",\"contentUrl\":\"https:\\\/\\\/sakumetall.ee\\\/allhanketehas\\\/wp-content\\\/uploads\\\/sites\\\/3\\\/2023\\\/03\\\/c9-press-brake.jpg\"},{\"@type\":\"BreadcrumbList\",\"@id\":\"https:\\\/\\\/sakumetall.ee\\\/allhanketehas\\\/et\\\/tehnikapark\\\/elektriline-painutuspink-cone-c9\\\/#breadcrumb\",\"itemListElement\":[{\"@type\":\"ListItem\",\"position\":1,\"name\":\"Home\",\"item\":\"https:\\\/\\\/sakumetall.ee\\\/allhanketehas\\\/et\\\/\"},{\"@type\":\"ListItem\",\"position\":2,\"name\":\"Tehnikapark\",\"item\":\"https:\\\/\\\/sakumetall.ee\\\/allhanketehas\\\/et\\\/tehnikapark\\\/\"},{\"@type\":\"ListItem\",\"position\":3,\"name\":\"Elektriline painutuspink Cone C9\"}]},{\"@type\":\"WebSite\",\"@id\":\"https:\\\/\\\/sakumetall.ee\\\/allhanketehas\\\/et\\\/#website\",\"url\":\"https:\\\/\\\/sakumetall.ee\\\/allhanketehas\\\/et\\\/\",\"name\":\"Saku Metall Allhanke Tehas\",\"description\":\"Saku Metall AS tegeleb uksetootmise ja allhankega. Pakume tulet\u00f5kkeuksi, metalluksi, profiil- ja l\u00fckanduksi ning garaa\u017ei- ja t\u00f6\u00f6stuslikke t\u00f5stuksi ning lehtmetallist allhanket\u00f6id. V\u00f5ta \u00fchendust!\",\"potentialAction\":[{\"@type\":\"SearchAction\",\"target\":{\"@type\":\"EntryPoint\",\"urlTemplate\":\"https:\\\/\\\/sakumetall.ee\\\/allhanketehas\\\/et\\\/?s={search_term_string}\"},\"query-input\":{\"@type\":\"PropertyValueSpecification\",\"valueRequired\":true,\"valueName\":\"search_term_string\"}}],\"inLanguage\":\"et\"}]}<\/script>\n<!-- \/ Yoast SEO plugin. -->","yoast_head_json":{"title":"Elektriline painutuspink Cone C9 - Saku Metall Allhanke Tehas","robots":{"index":"index","follow":"follow","max-snippet":"max-snippet:-1","max-image-preview":"max-image-preview:large","max-video-preview":"max-video-preview:-1"},"canonical":"https:\/\/sakumetall.ee\/allhanketehas\/et\/tehnikapark\/elektriline-painutuspink-cone-c9\/","og_locale":"et_EE","og_type":"article","og_title":"Elektriline painutuspink Cone C9 - Saku Metall Allhanke Tehas","og_description":"Elektriline painutuspink Cone C9 Painutusj\u00f5ud (kN) 220; Painutatava detaili pikkus kuni (mm) 900; Tagatoe telgede arv 4","og_url":"https:\/\/sakumetall.ee\/allhanketehas\/et\/tehnikapark\/elektriline-painutuspink-cone-c9\/","og_site_name":"Saku Metall Allhanke Tehas","article_modified_time":"2023-03-29T13:01:19+00:00","og_image":[{"url":"https:\/\/sakumetall.ee\/allhanketehas\/wp-content\/uploads\/sites\/3\/2023\/03\/c9-press-brake.jpg","type":"","width":"","height":""}],"twitter_card":"summary_large_image","twitter_misc":{"Est. reading time":"1 minut"},"schema":{"@context":"https:\/\/schema.org","@graph":[{"@type":"WebPage","@id":"https:\/\/sakumetall.ee\/allhanketehas\/et\/tehnikapark\/elektriline-painutuspink-cone-c9\/","url":"https:\/\/sakumetall.ee\/allhanketehas\/et\/tehnikapark\/elektriline-painutuspink-cone-c9\/","name":"Elektriline painutuspink Cone C9 - Saku Metall Allhanke Tehas","isPartOf":{"@id":"https:\/\/sakumetall.ee\/allhanketehas\/et\/#website"},"primaryImageOfPage":{"@id":"https:\/\/sakumetall.ee\/allhanketehas\/et\/tehnikapark\/elektriline-painutuspink-cone-c9\/#primaryimage"},"image":{"@id":"https:\/\/sakumetall.ee\/allhanketehas\/et\/tehnikapark\/elektriline-painutuspink-cone-c9\/#primaryimage"},"thumbnailUrl":"https:\/\/sakumetall.ee\/allhanketehas\/wp-content\/uploads\/sites\/3\/2023\/03\/c9-press-brake.jpg","datePublished":"2023-03-29T12:59:29+00:00","dateModified":"2023-03-29T13:01:19+00:00","breadcrumb":{"@id":"https:\/\/sakumetall.ee\/allhanketehas\/et\/tehnikapark\/elektriline-painutuspink-cone-c9\/#breadcrumb"},"inLanguage":"et","potentialAction":[{"@type":"ReadAction","target":["https:\/\/sakumetall.ee\/allhanketehas\/et\/tehnikapark\/elektriline-painutuspink-cone-c9\/"]}]},{"@type":"ImageObject","inLanguage":"et","@id":"https:\/\/sakumetall.ee\/allhanketehas\/et\/tehnikapark\/elektriline-painutuspink-cone-c9\/#primaryimage","url":"https:\/\/sakumetall.ee\/allhanketehas\/wp-content\/uploads\/sites\/3\/2023\/03\/c9-press-brake.jpg","contentUrl":"https:\/\/sakumetall.ee\/allhanketehas\/wp-content\/uploads\/sites\/3\/2023\/03\/c9-press-brake.jpg"},{"@type":"BreadcrumbList","@id":"https:\/\/sakumetall.ee\/allhanketehas\/et\/tehnikapark\/elektriline-painutuspink-cone-c9\/#breadcrumb","itemListElement":[{"@type":"ListItem","position":1,"name":"Home","item":"https:\/\/sakumetall.ee\/allhanketehas\/et\/"},{"@type":"ListItem","position":2,"name":"Tehnikapark","item":"https:\/\/sakumetall.ee\/allhanketehas\/et\/tehnikapark\/"},{"@type":"ListItem","position":3,"name":"Elektriline painutuspink Cone C9"}]},{"@type":"WebSite","@id":"https:\/\/sakumetall.ee\/allhanketehas\/et\/#website","url":"https:\/\/sakumetall.ee\/allhanketehas\/et\/","name":"Saku Metall Allhanke Tehas","description":"Saku Metall AS tegeleb uksetootmise ja allhankega. Pakume tulet\u00f5kkeuksi, metalluksi, profiil- ja l\u00fckanduksi ning garaa\u017ei- ja t\u00f6\u00f6stuslikke t\u00f5stuksi ning lehtmetallist allhanket\u00f6id. V\u00f5ta \u00fchendust!","potentialAction":[{"@type":"SearchAction","target":{"@type":"EntryPoint","urlTemplate":"https:\/\/sakumetall.ee\/allhanketehas\/et\/?s={search_term_string}"},"query-input":{"@type":"PropertyValueSpecification","valueRequired":true,"valueName":"search_term_string"}}],"inLanguage":"et"}]}},"_links":{"self":[{"href":"https:\/\/sakumetall.ee\/allhanketehas\/et\/wp-json\/wp\/v2\/pages\/5292","targetHints":{"allow":["GET"]}}],"collection":[{"href":"https:\/\/sakumetall.ee\/allhanketehas\/et\/wp-json\/wp\/v2\/pages"}],"about":[{"href":"https:\/\/sakumetall.ee\/allhanketehas\/et\/wp-json\/wp\/v2\/types\/page"}],"author":[{"embeddable":true,"href":"https:\/\/sakumetall.ee\/allhanketehas\/et\/wp-json\/wp\/v2\/users\/25"}],"replies":[{"embeddable":true,"href":"https:\/\/sakumetall.ee\/allhanketehas\/et\/wp-json\/wp\/v2\/comments?post=5292"}],"version-history":[{"count":3,"href":"https:\/\/sakumetall.ee\/allhanketehas\/et\/wp-json\/wp\/v2\/pages\/5292\/revisions"}],"predecessor-version":[{"id":5300,"href":"https:\/\/sakumetall.ee\/allhanketehas\/et\/wp-json\/wp\/v2\/pages\/5292\/revisions\/5300"}],"up":[{"embeddable":true,"href":"https:\/\/sakumetall.ee\/allhanketehas\/et\/wp-json\/wp\/v2\/pages\/89"}],"wp:attachment":[{"href":"https:\/\/sakumetall.ee\/allhanketehas\/et\/wp-json\/wp\/v2\/media?parent=5292"}],"curies":[{"name":"wp","href":"https:\/\/api.w.org\/{rel}","templated":true}]}}