{"id":5654,"date":"2024-01-25T12:53:42","date_gmt":"2024-01-25T10:53:42","guid":{"rendered":"https:\/\/sakumetall.ee\/allhanketehas\/?page_id=5654"},"modified":"2025-06-17T08:14:23","modified_gmt":"2025-06-17T06:14:23","slug":"karjaar","status":"publish","type":"page","link":"https:\/\/sakumetall.ee\/allhanketehas\/et\/karjaar\/","title":{"rendered":"Karj\u00e4\u00e4r"},"content":{"rendered":"<p>&nbsp;<\/p>\n<p>&nbsp;<\/p>\n","protected":false},"excerpt":{"rendered":"<p>&nbsp; &nbsp;<\/p>\n","protected":false},"author":21,"featured_media":0,"parent":0,"menu_order":0,"comment_status":"closed","ping_status":"closed","template":"career-template.php","meta":{"footnotes":""},"class_list":["post-5654","page","type-page","status-publish","hentry"],"yoast_head":"<!-- This site is optimized with the Yoast SEO plugin v27.3 - https:\/\/yoast.com\/product\/yoast-seo-wordpress\/ -->\n<title>Karj\u00e4\u00e4r Saku Metallis<\/title>\n<meta name=\"description\" content=\"Karj\u00e4\u00e4r Saku Metallis - v\u00e4\u00e4rtustame ja hoiame oma inimesi. P\u00fc\u00fcame alati teha oluliselt rohkem kui kohustatud oleme. Oma t\u00f6\u00f6tajatele pakutakse ettev\u00f5tte sees arengu- ja karj\u00e4\u00e4riv\u00f5imalusi ning innustatakse \u00f5ppima. Me tagame tervisliku ja turvalise t\u00f6\u00f6keskkonna, pakume konkurentsiv\u00f5imelist t\u00f6\u00f6tasu ja hindame spetsialistide panust meie missiooni elluviimisel.\" \/>\n<meta name=\"robots\" content=\"index, follow, max-snippet:-1, max-image-preview:large, max-video-preview:-1\" \/>\n<link rel=\"canonical\" href=\"https:\/\/sakumetall.ee\/allhanketehas\/et\/karjaar\/\" \/>\n<meta property=\"og:locale\" content=\"et_EE\" \/>\n<meta property=\"og:type\" content=\"article\" \/>\n<meta property=\"og:title\" content=\"Karj\u00e4\u00e4r Saku Metallis\" \/>\n<meta property=\"og:description\" content=\"Karj\u00e4\u00e4r Saku Metallis - v\u00e4\u00e4rtustame ja hoiame oma inimesi. P\u00fc\u00fcame alati teha oluliselt rohkem kui kohustatud oleme. Oma t\u00f6\u00f6tajatele pakutakse ettev\u00f5tte sees arengu- ja karj\u00e4\u00e4riv\u00f5imalusi ning innustatakse \u00f5ppima. Me tagame tervisliku ja turvalise t\u00f6\u00f6keskkonna, pakume konkurentsiv\u00f5imelist t\u00f6\u00f6tasu ja hindame spetsialistide panust meie missiooni elluviimisel.\" \/>\n<meta property=\"og:url\" content=\"https:\/\/sakumetall.ee\/allhanketehas\/et\/karjaar\/\" \/>\n<meta property=\"og:site_name\" content=\"Saku Metall Allhanke Tehas\" \/>\n<meta property=\"article:modified_time\" content=\"2025-06-17T06:14:23+00:00\" \/>\n<meta name=\"twitter:card\" content=\"summary_large_image\" \/>\n<script type=\"application\/ld+json\" class=\"yoast-schema-graph\">{\"@context\":\"https:\\\/\\\/schema.org\",\"@graph\":[{\"@type\":\"WebPage\",\"@id\":\"https:\\\/\\\/sakumetall.ee\\\/allhanketehas\\\/et\\\/karjaar\\\/\",\"url\":\"https:\\\/\\\/sakumetall.ee\\\/allhanketehas\\\/et\\\/karjaar\\\/\",\"name\":\"Karj\u00e4\u00e4r Saku Metallis\",\"isPartOf\":{\"@id\":\"https:\\\/\\\/sakumetall.ee\\\/allhanketehas\\\/et\\\/#website\"},\"datePublished\":\"2024-01-25T10:53:42+00:00\",\"dateModified\":\"2025-06-17T06:14:23+00:00\",\"description\":\"Karj\u00e4\u00e4r Saku Metallis - v\u00e4\u00e4rtustame ja hoiame oma inimesi. P\u00fc\u00fcame alati teha oluliselt rohkem kui kohustatud oleme. Oma t\u00f6\u00f6tajatele pakutakse ettev\u00f5tte sees arengu- ja karj\u00e4\u00e4riv\u00f5imalusi ning innustatakse \u00f5ppima. Me tagame tervisliku ja turvalise t\u00f6\u00f6keskkonna, pakume konkurentsiv\u00f5imelist t\u00f6\u00f6tasu ja hindame spetsialistide panust meie missiooni elluviimisel.\",\"breadcrumb\":{\"@id\":\"https:\\\/\\\/sakumetall.ee\\\/allhanketehas\\\/et\\\/karjaar\\\/#breadcrumb\"},\"inLanguage\":\"et\",\"potentialAction\":[{\"@type\":\"ReadAction\",\"target\":[\"https:\\\/\\\/sakumetall.ee\\\/allhanketehas\\\/et\\\/karjaar\\\/\"]}]},{\"@type\":\"BreadcrumbList\",\"@id\":\"https:\\\/\\\/sakumetall.ee\\\/allhanketehas\\\/et\\\/karjaar\\\/#breadcrumb\",\"itemListElement\":[{\"@type\":\"ListItem\",\"position\":1,\"name\":\"Home\",\"item\":\"https:\\\/\\\/sakumetall.ee\\\/allhanketehas\\\/et\\\/\"},{\"@type\":\"ListItem\",\"position\":2,\"name\":\"Karj\u00e4\u00e4r\"}]},{\"@type\":\"WebSite\",\"@id\":\"https:\\\/\\\/sakumetall.ee\\\/allhanketehas\\\/et\\\/#website\",\"url\":\"https:\\\/\\\/sakumetall.ee\\\/allhanketehas\\\/et\\\/\",\"name\":\"Saku Metall Allhanke Tehas\",\"description\":\"Saku Metall AS tegeleb uksetootmise ja allhankega. Pakume tulet\u00f5kkeuksi, metalluksi, profiil- ja l\u00fckanduksi ning garaa\u017ei- ja t\u00f6\u00f6stuslikke t\u00f5stuksi ning lehtmetallist allhanket\u00f6id. V\u00f5ta \u00fchendust!\",\"potentialAction\":[{\"@type\":\"SearchAction\",\"target\":{\"@type\":\"EntryPoint\",\"urlTemplate\":\"https:\\\/\\\/sakumetall.ee\\\/allhanketehas\\\/et\\\/?s={search_term_string}\"},\"query-input\":{\"@type\":\"PropertyValueSpecification\",\"valueRequired\":true,\"valueName\":\"search_term_string\"}}],\"inLanguage\":\"et\"}]}<\/script>\n<!-- \/ Yoast SEO plugin. -->","yoast_head_json":{"title":"Karj\u00e4\u00e4r Saku Metallis","description":"Karj\u00e4\u00e4r Saku Metallis - v\u00e4\u00e4rtustame ja hoiame oma inimesi. P\u00fc\u00fcame alati teha oluliselt rohkem kui kohustatud oleme. Oma t\u00f6\u00f6tajatele pakutakse ettev\u00f5tte sees arengu- ja karj\u00e4\u00e4riv\u00f5imalusi ning innustatakse \u00f5ppima. Me tagame tervisliku ja turvalise t\u00f6\u00f6keskkonna, pakume konkurentsiv\u00f5imelist t\u00f6\u00f6tasu ja hindame spetsialistide panust meie missiooni elluviimisel.","robots":{"index":"index","follow":"follow","max-snippet":"max-snippet:-1","max-image-preview":"max-image-preview:large","max-video-preview":"max-video-preview:-1"},"canonical":"https:\/\/sakumetall.ee\/allhanketehas\/et\/karjaar\/","og_locale":"et_EE","og_type":"article","og_title":"Karj\u00e4\u00e4r Saku Metallis","og_description":"Karj\u00e4\u00e4r Saku Metallis - v\u00e4\u00e4rtustame ja hoiame oma inimesi. P\u00fc\u00fcame alati teha oluliselt rohkem kui kohustatud oleme. Oma t\u00f6\u00f6tajatele pakutakse ettev\u00f5tte sees arengu- ja karj\u00e4\u00e4riv\u00f5imalusi ning innustatakse \u00f5ppima. Me tagame tervisliku ja turvalise t\u00f6\u00f6keskkonna, pakume konkurentsiv\u00f5imelist t\u00f6\u00f6tasu ja hindame spetsialistide panust meie missiooni elluviimisel.","og_url":"https:\/\/sakumetall.ee\/allhanketehas\/et\/karjaar\/","og_site_name":"Saku Metall Allhanke Tehas","article_modified_time":"2025-06-17T06:14:23+00:00","twitter_card":"summary_large_image","schema":{"@context":"https:\/\/schema.org","@graph":[{"@type":"WebPage","@id":"https:\/\/sakumetall.ee\/allhanketehas\/et\/karjaar\/","url":"https:\/\/sakumetall.ee\/allhanketehas\/et\/karjaar\/","name":"Karj\u00e4\u00e4r Saku Metallis","isPartOf":{"@id":"https:\/\/sakumetall.ee\/allhanketehas\/et\/#website"},"datePublished":"2024-01-25T10:53:42+00:00","dateModified":"2025-06-17T06:14:23+00:00","description":"Karj\u00e4\u00e4r Saku Metallis - v\u00e4\u00e4rtustame ja hoiame oma inimesi. P\u00fc\u00fcame alati teha oluliselt rohkem kui kohustatud oleme. Oma t\u00f6\u00f6tajatele pakutakse ettev\u00f5tte sees arengu- ja karj\u00e4\u00e4riv\u00f5imalusi ning innustatakse \u00f5ppima. Me tagame tervisliku ja turvalise t\u00f6\u00f6keskkonna, pakume konkurentsiv\u00f5imelist t\u00f6\u00f6tasu ja hindame spetsialistide panust meie missiooni elluviimisel.","breadcrumb":{"@id":"https:\/\/sakumetall.ee\/allhanketehas\/et\/karjaar\/#breadcrumb"},"inLanguage":"et","potentialAction":[{"@type":"ReadAction","target":["https:\/\/sakumetall.ee\/allhanketehas\/et\/karjaar\/"]}]},{"@type":"BreadcrumbList","@id":"https:\/\/sakumetall.ee\/allhanketehas\/et\/karjaar\/#breadcrumb","itemListElement":[{"@type":"ListItem","position":1,"name":"Home","item":"https:\/\/sakumetall.ee\/allhanketehas\/et\/"},{"@type":"ListItem","position":2,"name":"Karj\u00e4\u00e4r"}]},{"@type":"WebSite","@id":"https:\/\/sakumetall.ee\/allhanketehas\/et\/#website","url":"https:\/\/sakumetall.ee\/allhanketehas\/et\/","name":"Saku Metall Allhanke Tehas","description":"Saku Metall AS tegeleb uksetootmise ja allhankega. Pakume tulet\u00f5kkeuksi, metalluksi, profiil- ja l\u00fckanduksi ning garaa\u017ei- ja t\u00f6\u00f6stuslikke t\u00f5stuksi ning lehtmetallist allhanket\u00f6id. V\u00f5ta \u00fchendust!","potentialAction":[{"@type":"SearchAction","target":{"@type":"EntryPoint","urlTemplate":"https:\/\/sakumetall.ee\/allhanketehas\/et\/?s={search_term_string}"},"query-input":{"@type":"PropertyValueSpecification","valueRequired":true,"valueName":"search_term_string"}}],"inLanguage":"et"}]}},"_links":{"self":[{"href":"https:\/\/sakumetall.ee\/allhanketehas\/et\/wp-json\/wp\/v2\/pages\/5654","targetHints":{"allow":["GET"]}}],"collection":[{"href":"https:\/\/sakumetall.ee\/allhanketehas\/et\/wp-json\/wp\/v2\/pages"}],"about":[{"href":"https:\/\/sakumetall.ee\/allhanketehas\/et\/wp-json\/wp\/v2\/types\/page"}],"author":[{"embeddable":true,"href":"https:\/\/sakumetall.ee\/allhanketehas\/et\/wp-json\/wp\/v2\/users\/21"}],"replies":[{"embeddable":true,"href":"https:\/\/sakumetall.ee\/allhanketehas\/et\/wp-json\/wp\/v2\/comments?post=5654"}],"version-history":[{"count":27,"href":"https:\/\/sakumetall.ee\/allhanketehas\/et\/wp-json\/wp\/v2\/pages\/5654\/revisions"}],"predecessor-version":[{"id":5970,"href":"https:\/\/sakumetall.ee\/allhanketehas\/et\/wp-json\/wp\/v2\/pages\/5654\/revisions\/5970"}],"wp:attachment":[{"href":"https:\/\/sakumetall.ee\/allhanketehas\/et\/wp-json\/wp\/v2\/media?parent=5654"}],"curies":[{"name":"wp","href":"https:\/\/api.w.org\/{rel}","templated":true}]}}