{"id":803,"date":"2015-07-14T15:23:47","date_gmt":"2015-07-14T12:23:47","guid":{"rendered":"https:\/\/sakumetall.ee\/uksetehas?page_id=803"},"modified":"2021-07-08T11:26:39","modified_gmt":"2021-07-08T08:26:39","slug":"sales-offices","status":"publish","type":"page","link":"https:\/\/sakumetall.ee\/uksetehas\/en\/contact\/sales-offices\/","title":{"rendered":"Sales offices"},"content":{"rendered":"<h2><span style=\"color: #da2900;\">Tallinn<\/span><\/h2>\n<p>Address: 25 P\u00f5rguv\u00e4lja Road, Rae Parish,<br \/>\nHarju County 75306, Estonia<br \/>\nPhone: +372 655 6232<br \/>\nE-mail: <script type=\"text\/javascript\">document.write('<n uers=\"znvygb:vasb@fnxhzrgnyy.rr\">vasb@fnxhzrgnyy.rr<\/n>'.replace(\/[a-zA-Z]\/g, function(c){return String.fromCharCode((c<=\"Z\"?90:122)>=(c=c.charCodeAt(0)+13)?c:c-26);}));<\/script><\/p>\n<h2><span style=\"color: #da2900;\">P\u00e4rnu<\/span><\/h2>\n<p>Sales representatives P\u00e4rnu, Estonia:<br \/>\nAndres Koodi<br \/>\nAddress: Savi 20, 80041 P\u00e4rnu<br \/>\nPhone: +372 5386 9377<br \/>\nE-mail: <script type=\"text\/javascript\">document.write('<n uers=\"znvygb:naqerf.xbbqv@fnxhzrgnyy.rr\">naqerf.xbbqv@fnxhzrgnyy.rr<\/n>'.replace(\/[a-zA-Z]\/g, function(c){return String.fromCharCode((c<=\"Z\"?90:122)>=(c=c.charCodeAt(0)+13)?c:c-26);}));<\/script><\/p>\n<p>&nbsp;<\/p>\n","protected":false},"excerpt":{"rendered":"<p>Tallinn Address: 25 P\u00f5rguv\u00e4lja Road, Rae Parish, Harju County 75306, Estonia Phone: +372 655 6232 E-mail: P\u00e4rnu Sales representatives P\u00e4rnu, Estonia: Andres Koodi Address: Savi 20, 80041 P\u00e4rnu Phone: +372 5386 9377 E-mail: &nbsp;<\/p>\n","protected":false},"author":2,"featured_media":0,"parent":783,"menu_order":3,"comment_status":"closed","ping_status":"closed","template":"contact-template.php","meta":{"footnotes":""},"class_list":["post-803","page","type-page","status-publish","hentry"],"yoast_head":"<!-- This site is optimized with the Yoast SEO plugin v27.3 - https:\/\/yoast.com\/product\/yoast-seo-wordpress\/ -->\n<title>Sales offices<\/title>\n<meta name=\"description\" content=\"Just another Saku Metall Sites site\" \/>\n<meta name=\"robots\" content=\"index, follow, max-snippet:-1, max-image-preview:large, max-video-preview:-1\" \/>\n<link rel=\"canonical\" href=\"https:\/\/sakumetall.ee\/uksetehas\/en\/contact\/sales-offices\/\" \/>\n<meta property=\"og:locale\" content=\"en_US\" \/>\n<meta property=\"og:type\" content=\"article\" \/>\n<meta property=\"og:title\" content=\"Sales offices\" \/>\n<meta property=\"og:description\" content=\"Just another Saku Metall Sites site\" \/>\n<meta property=\"og:url\" content=\"https:\/\/sakumetall.ee\/uksetehas\/en\/contact\/sales-offices\/\" \/>\n<meta property=\"og:site_name\" content=\"Uksetehas\" \/>\n<meta property=\"article:modified_time\" content=\"2021-07-08T08:26:39+00:00\" \/>\n<meta name=\"twitter:card\" content=\"summary_large_image\" \/>\n<meta name=\"twitter:label1\" content=\"Est. reading time\" \/>\n\t<meta name=\"twitter:data1\" content=\"1 minute\" \/>\n<script type=\"application\/ld+json\" class=\"yoast-schema-graph\">{\"@context\":\"https:\\\/\\\/schema.org\",\"@graph\":[{\"@type\":\"WebPage\",\"@id\":\"https:\\\/\\\/sakumetall.ee\\\/uksetehas\\\/en\\\/contact\\\/sales-offices\\\/\",\"url\":\"https:\\\/\\\/sakumetall.ee\\\/uksetehas\\\/en\\\/contact\\\/sales-offices\\\/\",\"name\":\"Sales offices\",\"isPartOf\":{\"@id\":\"https:\\\/\\\/sakumetall.ee\\\/uksetehas\\\/en\\\/#website\"},\"datePublished\":\"2015-07-14T12:23:47+00:00\",\"dateModified\":\"2021-07-08T08:26:39+00:00\",\"description\":\"Just another Saku Metall Sites site\",\"breadcrumb\":{\"@id\":\"https:\\\/\\\/sakumetall.ee\\\/uksetehas\\\/en\\\/contact\\\/sales-offices\\\/#breadcrumb\"},\"inLanguage\":\"en-US\",\"potentialAction\":[{\"@type\":\"ReadAction\",\"target\":[\"https:\\\/\\\/sakumetall.ee\\\/uksetehas\\\/en\\\/contact\\\/sales-offices\\\/\"]}]},{\"@type\":\"BreadcrumbList\",\"@id\":\"https:\\\/\\\/sakumetall.ee\\\/uksetehas\\\/en\\\/contact\\\/sales-offices\\\/#breadcrumb\",\"itemListElement\":[{\"@type\":\"ListItem\",\"position\":1,\"name\":\"Home\",\"item\":\"https:\\\/\\\/sakumetall.ee\\\/uksetehas\\\/en\\\/\"},{\"@type\":\"ListItem\",\"position\":2,\"name\":\"Contact\",\"item\":\"https:\\\/\\\/sakumetall.ee\\\/uksetehas\\\/en\\\/contact\\\/\"},{\"@type\":\"ListItem\",\"position\":3,\"name\":\"Sales offices\"}]},{\"@type\":\"WebSite\",\"@id\":\"https:\\\/\\\/sakumetall.ee\\\/uksetehas\\\/en\\\/#website\",\"url\":\"https:\\\/\\\/sakumetall.ee\\\/uksetehas\\\/en\\\/\",\"name\":\"Uksetehas\",\"description\":\"Just another Saku Metall Sites site\",\"potentialAction\":[{\"@type\":\"SearchAction\",\"target\":{\"@type\":\"EntryPoint\",\"urlTemplate\":\"https:\\\/\\\/sakumetall.ee\\\/uksetehas\\\/en\\\/?s={search_term_string}\"},\"query-input\":{\"@type\":\"PropertyValueSpecification\",\"valueRequired\":true,\"valueName\":\"search_term_string\"}}],\"inLanguage\":\"en-US\"}]}<\/script>\n<!-- \/ Yoast SEO plugin. -->","yoast_head_json":{"title":"Sales offices","description":"Just another Saku Metall Sites site","robots":{"index":"index","follow":"follow","max-snippet":"max-snippet:-1","max-image-preview":"max-image-preview:large","max-video-preview":"max-video-preview:-1"},"canonical":"https:\/\/sakumetall.ee\/uksetehas\/en\/contact\/sales-offices\/","og_locale":"en_US","og_type":"article","og_title":"Sales offices","og_description":"Just another Saku Metall Sites site","og_url":"https:\/\/sakumetall.ee\/uksetehas\/en\/contact\/sales-offices\/","og_site_name":"Uksetehas","article_modified_time":"2021-07-08T08:26:39+00:00","twitter_card":"summary_large_image","twitter_misc":{"Est. reading time":"1 minute"},"schema":{"@context":"https:\/\/schema.org","@graph":[{"@type":"WebPage","@id":"https:\/\/sakumetall.ee\/uksetehas\/en\/contact\/sales-offices\/","url":"https:\/\/sakumetall.ee\/uksetehas\/en\/contact\/sales-offices\/","name":"Sales offices","isPartOf":{"@id":"https:\/\/sakumetall.ee\/uksetehas\/en\/#website"},"datePublished":"2015-07-14T12:23:47+00:00","dateModified":"2021-07-08T08:26:39+00:00","description":"Just another Saku Metall Sites site","breadcrumb":{"@id":"https:\/\/sakumetall.ee\/uksetehas\/en\/contact\/sales-offices\/#breadcrumb"},"inLanguage":"en-US","potentialAction":[{"@type":"ReadAction","target":["https:\/\/sakumetall.ee\/uksetehas\/en\/contact\/sales-offices\/"]}]},{"@type":"BreadcrumbList","@id":"https:\/\/sakumetall.ee\/uksetehas\/en\/contact\/sales-offices\/#breadcrumb","itemListElement":[{"@type":"ListItem","position":1,"name":"Home","item":"https:\/\/sakumetall.ee\/uksetehas\/en\/"},{"@type":"ListItem","position":2,"name":"Contact","item":"https:\/\/sakumetall.ee\/uksetehas\/en\/contact\/"},{"@type":"ListItem","position":3,"name":"Sales offices"}]},{"@type":"WebSite","@id":"https:\/\/sakumetall.ee\/uksetehas\/en\/#website","url":"https:\/\/sakumetall.ee\/uksetehas\/en\/","name":"Uksetehas","description":"Just another Saku Metall Sites site","potentialAction":[{"@type":"SearchAction","target":{"@type":"EntryPoint","urlTemplate":"https:\/\/sakumetall.ee\/uksetehas\/en\/?s={search_term_string}"},"query-input":{"@type":"PropertyValueSpecification","valueRequired":true,"valueName":"search_term_string"}}],"inLanguage":"en-US"}]}},"_links":{"self":[{"href":"https:\/\/sakumetall.ee\/uksetehas\/en\/wp-json\/wp\/v2\/pages\/803","targetHints":{"allow":["GET"]}}],"collection":[{"href":"https:\/\/sakumetall.ee\/uksetehas\/en\/wp-json\/wp\/v2\/pages"}],"about":[{"href":"https:\/\/sakumetall.ee\/uksetehas\/en\/wp-json\/wp\/v2\/types\/page"}],"author":[{"embeddable":true,"href":"https:\/\/sakumetall.ee\/uksetehas\/en\/wp-json\/wp\/v2\/users\/2"}],"replies":[{"embeddable":true,"href":"https:\/\/sakumetall.ee\/uksetehas\/en\/wp-json\/wp\/v2\/comments?post=803"}],"version-history":[{"count":15,"href":"https:\/\/sakumetall.ee\/uksetehas\/en\/wp-json\/wp\/v2\/pages\/803\/revisions"}],"predecessor-version":[{"id":25458,"href":"https:\/\/sakumetall.ee\/uksetehas\/en\/wp-json\/wp\/v2\/pages\/803\/revisions\/25458"}],"up":[{"embeddable":true,"href":"https:\/\/sakumetall.ee\/uksetehas\/en\/wp-json\/wp\/v2\/pages\/783"}],"wp:attachment":[{"href":"https:\/\/sakumetall.ee\/uksetehas\/en\/wp-json\/wp\/v2\/media?parent=803"}],"curies":[{"name":"wp","href":"https:\/\/api.w.org\/{rel}","templated":true}]}}