{"id":904,"date":"2015-07-16T15:15:29","date_gmt":"2015-07-16T12:15:29","guid":{"rendered":"https:\/\/sakumetall.ee\/uksetehas?page_id=904"},"modified":"2025-09-18T12:18:55","modified_gmt":"2025-09-18T09:18:55","slug":"reseller","status":"publish","type":"page","link":"https:\/\/sakumetall.ee\/uksetehas\/en\/contact\/reseller\/","title":{"rendered":"Resellers"},"content":{"rendered":"<h2><span style=\"color: #da2900\">Estonia<\/span><\/h2>\n<h4><strong>North-Estonia:\u00a0<\/strong>Door Master Eesti O\u00dc<\/h4>\n<p><a target=\"_blank\" href=\"http:\/\/doormaster.ee\/\" rel=\"noopener\"><img loading=\"lazy\" decoding=\"async\" class=\"\" src=\"https:\/\/sakumetall.ee\/uksetehas\/wp-content\/uploads\/sites\/2\/2015\/06\/Door-Master-logo-300x56.jpg\" alt=\"Door Master logo\" width=\"273\" height=\"51\" \/><\/a><\/p>\n<p>Address: T\u00e4hetorni 100a, 11625 Tallinn<br \/>\nPhone: +372 512 7043<br \/>\nE-mail:\u00a0<script type=\"text\/javascript\">document.write('<n uers=\"znvygb:vasb@qbbeznfgre.rr\">vasb@qbbeznfgre.rr<\/n>'.replace(\/[a-zA-Z]\/g, function(c){return String.fromCharCode((c<=\"Z\"?90:122)>=(c=c.charCodeAt(0)+13)?c:c-26);}));<\/script><br \/>\nWebsite: www.doormaster.ee<\/p>\n<h4><strong>Paide: Aknad-Uksed.EE O\u00dc<\/strong><\/h4>\n<p>Address: Tallinna 27, 72713 Paide<br \/>\nPhone: +372 385 1890<br \/>\nE-mail: <script type=\"text\/javascript\">document.write('<n uers=\"znvygb:cnvqr@nxanq-hxfrq.rr\">cnvqr@nxanq-hxfrq.rr<\/n>'.replace(\/[a-zA-Z]\/g, function(c){return String.fromCharCode((c<=\"Z\"?90:122)>=(c=c.charCodeAt(0)+13)?c:c-26);}));<\/script><\/p>\n<h4><strong>Islands: Novaress O\u00dc<\/strong><\/h4>\n<p>Address: \u00d5ie 6-13, 93818 Kuressaare<br \/>\nMobile: +372 520 5333<br \/>\nE-mail: <script type=\"text\/javascript\">document.write('<n uers=\"znvygb:nvabe.crn@gg.rr\">nvabe.crn@gg.rr<\/n>'.replace(\/[a-zA-Z]\/g, function(c){return String.fromCharCode((c<=\"Z\"?90:122)>=(c=c.charCodeAt(0)+13)?c:c-26);}));<\/script><\/p>\n<h4><strong>Viljandi: Timely Group O\u00dc<\/strong><\/h4>\n<p>Address: Viljandi<br \/>\nMobile: +372 552 1387<br \/>\nE-mail: <script type=\"text\/javascript\">document.write('<n uers=\"znvygb:vasb@gvzryl.rr\">vasb@gvzryl.rr<\/n>'.replace(\/[a-zA-Z]\/g, function(c){return String.fromCharCode((c<=\"Z\"?90:122)>=(c=c.charCodeAt(0)+13)?c:c-26);}));<\/script><\/p>\n<h4><strong>Middle and West Estonia: Topdoor O\u00dc<\/strong><\/h4>\n<p>Address: Mustam\u00e4e tee 55-417, 10621 Tallinn<br \/>\nPhone: +372 651 7588<br \/>\nMobile: +372 510 2442<br \/>\nE-mail: <script type=\"text\/javascript\">document.write('<n uers=\"znvygb:vasb@gbcqbbe.rr\">vasb@gbcqbbe.rr<\/n>'.replace(\/[a-zA-Z]\/g, function(c){return String.fromCharCode((c<=\"Z\"?90:122)>=(c=c.charCodeAt(0)+13)?c:c-26);}));<\/script><br \/>\nWebsite: <a target=\"_blank\" href=\"http:\/\/www.topdoor.ee\" rel=\"noopener\">www.topdoor.ee<\/a><\/p>\n<h4><strong>Inoxi O\u00dc<\/strong><\/h4>\n<p>Address: Ristiku 10, Tallinn<br \/>\nPhone: +372 600 2192<br \/>\nE-mail:\u00a0<script type=\"text\/javascript\">document.write('<n uers=\"znvygb:vasb@vabkv.rr\">vasb@vabkv.rr<\/n>'.replace(\/[a-zA-Z]\/g, function(c){return String.fromCharCode((c<=\"Z\"?90:122)>=(c=c.charCodeAt(0)+13)?c:c-26);}));<\/script><br \/>\nWebsite: <a target=\"_blank\" href=\"http:\/\/www.topdoor.ee\" rel=\"noopener\">www.inoxi.ee<\/a><\/p>\n<h3><strong>Resellers<\/strong><\/h3>\n<p>Rakvere: Ehitusmees (AS Later GR) Vase 6, 44311 Rakvere, phone +372 325 5795<br \/>\nJ\u00f5geva: Seicom O\u00dc Kesk-Eesti \u00c4rikeskus: Aia 1, J\u00f5geva; phone +372 526 6460<\/p>\n<h3><strong>Building material stores<\/strong><\/h3>\n<p><a target=\"_blank\" href=\"https:\/\/www.k-rauta.ee\/ehituspood\" rel=\"noopener\">K-Rautakesko<\/a> stores all over Estonia<br \/>\n<a target=\"_blank\" href=\"http:\/\/espak.ee\/\" rel=\"noopener\">ESPAK\u00a0Group<\/a> store-net<br \/>\n<a target=\"_blank\" href=\"http:\/\/ehituseabc.ee\/\" rel=\"noopener\">Ehituse ABC <\/a>stores all over Estonia<br \/>\n<a target=\"_blank\" href=\"http:\/\/www.decora.ee\/et\/\" rel=\"noopener\">Decora AS\u00a0<\/a>building material stores all over Estonia<\/p>\n<h2><span style=\"color: #da2900\">Finland<\/span><\/h2>\n<p><a href=\"https:\/\/sakumetall.ee\/uksetehas\/wp-content\/uploads\/sites\/2\/2023\/01\/downloadLektar.png\"><img loading=\"lazy\" decoding=\"async\" class=\"alignnone wp-image-27296\" src=\"https:\/\/sakumetall.ee\/uksetehas\/wp-content\/uploads\/sites\/2\/2023\/01\/downloadLektar.png\" alt=\"\" width=\"291\" height=\"108\" srcset=\"https:\/\/sakumetall.ee\/uksetehas\/wp-content\/uploads\/sites\/2\/2023\/01\/downloadLektar.png 368w, https:\/\/sakumetall.ee\/uksetehas\/wp-content\/uploads\/sites\/2\/2023\/01\/downloadLektar-300x112.png 300w, https:\/\/sakumetall.ee\/uksetehas\/wp-content\/uploads\/sites\/2\/2023\/01\/downloadLektar-180x67.png 180w\" sizes=\"auto, (max-width: 291px) 100vw, 291px\" \/><\/a><\/p>\n<p><strong>Lektar Oy <\/strong><\/p>\n<p><strong>HELSINKI<\/strong><\/p>\n<p>Osoite: Hiekkakiventie 7, 00710, Helsinki<br \/>\nPuhelin: +358 (09) 413 55 100<br \/>\nS\u00e4hk\u00f6posti: <script type=\"text\/javascript\">document.write('<n uers=\"znvygb:vasb@yrxgne.pbz\">vasb@yrxgne.pbz<\/n>'.replace(\/[a-zA-Z]\/g, function(c){return String.fromCharCode((c<=\"Z\"?90:122)>=(c=c.charCodeAt(0)+13)?c:c-26);}));<\/script><br \/>\nKotisivu:\u00a0<a href=\"https:\/\/lektar.com\/\">www.lektar.com<\/a><\/p>\n<p><strong>TAMPERE<\/strong><\/p>\n<p>Osoite: Ajokinkuja 2, 33800, Tampere<br \/>\nPuhelin: +358 (09) 413 55 100<br \/>\nS\u00e4hk\u00f6posti: <script type=\"text\/javascript\">document.write('<n uers=\"znvygb:gnzcrer@yrxgne.pbz\">gnzcrer@yrxgne.pbz<\/n>'.replace(\/[a-zA-Z]\/g, function(c){return String.fromCharCode((c<=\"Z\"?90:122)>=(c=c.charCodeAt(0)+13)?c:c-26);}));<\/script><br \/>\nKotisivu:\u00a0<a href=\"https:\/\/lektar.com\/\">www.lektar.com<\/a><\/p>\n<p>&nbsp;<\/p>\n<p><a href=\"https:\/\/sakumetall.ee\/uksetehas\/wp-content\/uploads\/sites\/2\/2023\/01\/downloadaluteras.png\"><img loading=\"lazy\" decoding=\"async\" class=\"alignnone wp-image-27303\" src=\"https:\/\/sakumetall.ee\/uksetehas\/wp-content\/uploads\/sites\/2\/2023\/01\/downloadaluteras.png\" alt=\"\" width=\"290\" height=\"54\" srcset=\"https:\/\/sakumetall.ee\/uksetehas\/wp-content\/uploads\/sites\/2\/2023\/01\/downloadaluteras.png 521w, https:\/\/sakumetall.ee\/uksetehas\/wp-content\/uploads\/sites\/2\/2023\/01\/downloadaluteras-300x56.png 300w, https:\/\/sakumetall.ee\/uksetehas\/wp-content\/uploads\/sites\/2\/2023\/01\/downloadaluteras-180x34.png 180w, https:\/\/sakumetall.ee\/uksetehas\/wp-content\/uploads\/sites\/2\/2023\/01\/downloadaluteras-400x74.png 400w\" sizes=\"auto, (max-width: 290px) 100vw, 290px\" \/><\/a><\/p>\n<p><strong>Aluter\u00e4s Oy<\/strong><\/p>\n<p>Osoite: Elementtisuora 5, 90830, Haukipudas<br \/>\nPuhelin: +358 (0)40 575 3554<br \/>\nS\u00e4hk\u00f6posti: <script type=\"text\/javascript\">document.write('<n uers=\"znvygb:wnaar.yvrqrf@nyhgrenf.sv\">wnaar.yvrqrf@nyhgrenf.sv<\/n>'.replace(\/[a-zA-Z]\/g, function(c){return String.fromCharCode((c<=\"Z\"?90:122)>=(c=c.charCodeAt(0)+13)?c:c-26);}));<\/script><br \/>\nKotisivu:\u00a0<a href=\"https:\/\/aluteras.fi\/\">www.aluteras.fi<\/a><\/p>\n<p>&nbsp;<\/p>\n<p><a href=\"https:\/\/sakumetall.ee\/uksetehas\/wp-content\/uploads\/sites\/2\/2025\/04\/Finstaller_logo_55.png\"><img loading=\"lazy\" decoding=\"async\" width=\"243\" height=\"55\" class=\"alignnone size-full wp-image-33606\" src=\"https:\/\/sakumetall.ee\/uksetehas\/wp-content\/uploads\/sites\/2\/2025\/04\/Finstaller_logo_55.png\" alt=\"\" srcset=\"https:\/\/sakumetall.ee\/uksetehas\/wp-content\/uploads\/sites\/2\/2025\/04\/Finstaller_logo_55.png 243w, https:\/\/sakumetall.ee\/uksetehas\/wp-content\/uploads\/sites\/2\/2025\/04\/Finstaller_logo_55-180x41.png 180w\" sizes=\"auto, (max-width: 243px) 100vw, 243px\" \/><\/a><\/p>\n<p><strong>Finstaller Oy\u00a0<\/strong><br \/>\nMerventie 58, 13720 Parola<br \/>\nPuhelin:\u00a0 <a href=\"tel:+358415437466\">041 543 7466<\/a><\/p>\n<p>S\u00e4hk\u00f6posti: <script type=\"text\/javascript\">document.write('<n uers=\"znvygb:vasb@svafgnyyre.sv\">vasb@svafgnyyre.sv<\/n>'.replace(\/[a-zA-Z]\/g, function(c){return String.fromCharCode((c<=\"Z\"?90:122)>=(c=c.charCodeAt(0)+13)?c:c-26);}));<\/script><\/p>\n<p>Kotisivu: <a href=\"https:\/\/www.finstaller.fi\/\">www.finstaller.fi<\/a><\/p>\n<p>&nbsp;<\/p>\n","protected":false},"excerpt":{"rendered":"<p>Estonia North-Estonia:\u00a0Door Master Eesti O\u00dc Address: T\u00e4hetorni 100a, 11625 Tallinn Phone: +372 512 7043 E-mail:\u00a0 Website: www.doormaster.ee Paide: Aknad-Uksed.EE O\u00dc Address: Tallinna 27, 72713 Paide Phone: +372 385 1890 E-mail: Islands: Novaress O\u00dc Address: \u00d5ie 6-13, 93818 Kuressaare Mobile: +372 520 5333 E-mail: Viljandi: Timely Group O\u00dc Address: Viljandi Mobile: +372 552 1387 E-mail: Middle &#8230;<\/p>\n","protected":false},"author":2,"featured_media":28347,"parent":783,"menu_order":5,"comment_status":"closed","ping_status":"closed","template":"contact-template.php","meta":{"footnotes":""},"class_list":["post-904","page","type-page","status-publish","has-post-thumbnail","hentry"],"yoast_head":"<!-- This site is optimized with the Yoast SEO plugin v27.3 - https:\/\/yoast.com\/product\/yoast-seo-wordpress\/ -->\n<title>Resellers<\/title>\n<meta name=\"description\" content=\"Just another Saku Metall Sites site\" \/>\n<meta name=\"robots\" content=\"index, follow, max-snippet:-1, max-image-preview:large, max-video-preview:-1\" \/>\n<link rel=\"canonical\" href=\"https:\/\/sakumetall.ee\/uksetehas\/en\/contact\/reseller\/\" \/>\n<meta property=\"og:locale\" content=\"en_US\" \/>\n<meta property=\"og:type\" content=\"article\" \/>\n<meta property=\"og:title\" content=\"Resellers\" \/>\n<meta property=\"og:description\" content=\"Just another Saku Metall Sites site\" \/>\n<meta property=\"og:url\" content=\"https:\/\/sakumetall.ee\/uksetehas\/en\/contact\/reseller\/\" \/>\n<meta property=\"og:site_name\" content=\"Uksetehas\" \/>\n<meta property=\"article:modified_time\" content=\"2025-09-18T09:18:55+00:00\" \/>\n<meta property=\"og:image\" content=\"https:\/\/sakumetall.ee\/uksetehas\/wp-content\/uploads\/sites\/2\/2023\/10\/KAMPAANIA-STANDARD-METALLUKSED-35-4.png\" \/>\n\t<meta property=\"og:image:width\" content=\"1200\" \/>\n\t<meta property=\"og:image:height\" content=\"537\" \/>\n\t<meta property=\"og:image:type\" content=\"image\/png\" \/>\n<meta name=\"twitter:card\" content=\"summary_large_image\" \/>\n<meta name=\"twitter:label1\" content=\"Est. reading time\" \/>\n\t<meta name=\"twitter:data1\" content=\"3 minutes\" \/>\n<script type=\"application\/ld+json\" class=\"yoast-schema-graph\">{\"@context\":\"https:\\\/\\\/schema.org\",\"@graph\":[{\"@type\":\"WebPage\",\"@id\":\"https:\\\/\\\/sakumetall.ee\\\/uksetehas\\\/en\\\/contact\\\/reseller\\\/\",\"url\":\"https:\\\/\\\/sakumetall.ee\\\/uksetehas\\\/en\\\/contact\\\/reseller\\\/\",\"name\":\"Resellers\",\"isPartOf\":{\"@id\":\"https:\\\/\\\/sakumetall.ee\\\/uksetehas\\\/en\\\/#website\"},\"primaryImageOfPage\":{\"@id\":\"https:\\\/\\\/sakumetall.ee\\\/uksetehas\\\/en\\\/contact\\\/reseller\\\/#primaryimage\"},\"image\":{\"@id\":\"https:\\\/\\\/sakumetall.ee\\\/uksetehas\\\/en\\\/contact\\\/reseller\\\/#primaryimage\"},\"thumbnailUrl\":\"https:\\\/\\\/sakumetall.ee\\\/uksetehas\\\/wp-content\\\/uploads\\\/sites\\\/2\\\/2023\\\/10\\\/KAMPAANIA-STANDARD-METALLUKSED-35-4.png\",\"datePublished\":\"2015-07-16T12:15:29+00:00\",\"dateModified\":\"2025-09-18T09:18:55+00:00\",\"description\":\"Just another Saku Metall Sites site\",\"breadcrumb\":{\"@id\":\"https:\\\/\\\/sakumetall.ee\\\/uksetehas\\\/en\\\/contact\\\/reseller\\\/#breadcrumb\"},\"inLanguage\":\"en-US\",\"potentialAction\":[{\"@type\":\"ReadAction\",\"target\":[\"https:\\\/\\\/sakumetall.ee\\\/uksetehas\\\/en\\\/contact\\\/reseller\\\/\"]}]},{\"@type\":\"ImageObject\",\"inLanguage\":\"en-US\",\"@id\":\"https:\\\/\\\/sakumetall.ee\\\/uksetehas\\\/en\\\/contact\\\/reseller\\\/#primaryimage\",\"url\":\"https:\\\/\\\/sakumetall.ee\\\/uksetehas\\\/wp-content\\\/uploads\\\/sites\\\/2\\\/2023\\\/10\\\/KAMPAANIA-STANDARD-METALLUKSED-35-4.png\",\"contentUrl\":\"https:\\\/\\\/sakumetall.ee\\\/uksetehas\\\/wp-content\\\/uploads\\\/sites\\\/2\\\/2023\\\/10\\\/KAMPAANIA-STANDARD-METALLUKSED-35-4.png\",\"width\":1200,\"height\":537},{\"@type\":\"BreadcrumbList\",\"@id\":\"https:\\\/\\\/sakumetall.ee\\\/uksetehas\\\/en\\\/contact\\\/reseller\\\/#breadcrumb\",\"itemListElement\":[{\"@type\":\"ListItem\",\"position\":1,\"name\":\"Home\",\"item\":\"https:\\\/\\\/sakumetall.ee\\\/uksetehas\\\/en\\\/\"},{\"@type\":\"ListItem\",\"position\":2,\"name\":\"Contact\",\"item\":\"https:\\\/\\\/sakumetall.ee\\\/uksetehas\\\/en\\\/contact\\\/\"},{\"@type\":\"ListItem\",\"position\":3,\"name\":\"Resellers\"}]},{\"@type\":\"WebSite\",\"@id\":\"https:\\\/\\\/sakumetall.ee\\\/uksetehas\\\/en\\\/#website\",\"url\":\"https:\\\/\\\/sakumetall.ee\\\/uksetehas\\\/en\\\/\",\"name\":\"Uksetehas\",\"description\":\"Just another Saku Metall Sites site\",\"potentialAction\":[{\"@type\":\"SearchAction\",\"target\":{\"@type\":\"EntryPoint\",\"urlTemplate\":\"https:\\\/\\\/sakumetall.ee\\\/uksetehas\\\/en\\\/?s={search_term_string}\"},\"query-input\":{\"@type\":\"PropertyValueSpecification\",\"valueRequired\":true,\"valueName\":\"search_term_string\"}}],\"inLanguage\":\"en-US\"}]}<\/script>\n<!-- \/ Yoast SEO plugin. -->","yoast_head_json":{"title":"Resellers","description":"Just another Saku Metall Sites site","robots":{"index":"index","follow":"follow","max-snippet":"max-snippet:-1","max-image-preview":"max-image-preview:large","max-video-preview":"max-video-preview:-1"},"canonical":"https:\/\/sakumetall.ee\/uksetehas\/en\/contact\/reseller\/","og_locale":"en_US","og_type":"article","og_title":"Resellers","og_description":"Just another Saku Metall Sites site","og_url":"https:\/\/sakumetall.ee\/uksetehas\/en\/contact\/reseller\/","og_site_name":"Uksetehas","article_modified_time":"2025-09-18T09:18:55+00:00","og_image":[{"width":1200,"height":537,"url":"https:\/\/sakumetall.ee\/uksetehas\/wp-content\/uploads\/sites\/2\/2023\/10\/KAMPAANIA-STANDARD-METALLUKSED-35-4.png","type":"image\/png"}],"twitter_card":"summary_large_image","twitter_misc":{"Est. reading time":"3 minutes"},"schema":{"@context":"https:\/\/schema.org","@graph":[{"@type":"WebPage","@id":"https:\/\/sakumetall.ee\/uksetehas\/en\/contact\/reseller\/","url":"https:\/\/sakumetall.ee\/uksetehas\/en\/contact\/reseller\/","name":"Resellers","isPartOf":{"@id":"https:\/\/sakumetall.ee\/uksetehas\/en\/#website"},"primaryImageOfPage":{"@id":"https:\/\/sakumetall.ee\/uksetehas\/en\/contact\/reseller\/#primaryimage"},"image":{"@id":"https:\/\/sakumetall.ee\/uksetehas\/en\/contact\/reseller\/#primaryimage"},"thumbnailUrl":"https:\/\/sakumetall.ee\/uksetehas\/wp-content\/uploads\/sites\/2\/2023\/10\/KAMPAANIA-STANDARD-METALLUKSED-35-4.png","datePublished":"2015-07-16T12:15:29+00:00","dateModified":"2025-09-18T09:18:55+00:00","description":"Just another Saku Metall Sites site","breadcrumb":{"@id":"https:\/\/sakumetall.ee\/uksetehas\/en\/contact\/reseller\/#breadcrumb"},"inLanguage":"en-US","potentialAction":[{"@type":"ReadAction","target":["https:\/\/sakumetall.ee\/uksetehas\/en\/contact\/reseller\/"]}]},{"@type":"ImageObject","inLanguage":"en-US","@id":"https:\/\/sakumetall.ee\/uksetehas\/en\/contact\/reseller\/#primaryimage","url":"https:\/\/sakumetall.ee\/uksetehas\/wp-content\/uploads\/sites\/2\/2023\/10\/KAMPAANIA-STANDARD-METALLUKSED-35-4.png","contentUrl":"https:\/\/sakumetall.ee\/uksetehas\/wp-content\/uploads\/sites\/2\/2023\/10\/KAMPAANIA-STANDARD-METALLUKSED-35-4.png","width":1200,"height":537},{"@type":"BreadcrumbList","@id":"https:\/\/sakumetall.ee\/uksetehas\/en\/contact\/reseller\/#breadcrumb","itemListElement":[{"@type":"ListItem","position":1,"name":"Home","item":"https:\/\/sakumetall.ee\/uksetehas\/en\/"},{"@type":"ListItem","position":2,"name":"Contact","item":"https:\/\/sakumetall.ee\/uksetehas\/en\/contact\/"},{"@type":"ListItem","position":3,"name":"Resellers"}]},{"@type":"WebSite","@id":"https:\/\/sakumetall.ee\/uksetehas\/en\/#website","url":"https:\/\/sakumetall.ee\/uksetehas\/en\/","name":"Uksetehas","description":"Just another Saku Metall Sites site","potentialAction":[{"@type":"SearchAction","target":{"@type":"EntryPoint","urlTemplate":"https:\/\/sakumetall.ee\/uksetehas\/en\/?s={search_term_string}"},"query-input":{"@type":"PropertyValueSpecification","valueRequired":true,"valueName":"search_term_string"}}],"inLanguage":"en-US"}]}},"_links":{"self":[{"href":"https:\/\/sakumetall.ee\/uksetehas\/en\/wp-json\/wp\/v2\/pages\/904","targetHints":{"allow":["GET"]}}],"collection":[{"href":"https:\/\/sakumetall.ee\/uksetehas\/en\/wp-json\/wp\/v2\/pages"}],"about":[{"href":"https:\/\/sakumetall.ee\/uksetehas\/en\/wp-json\/wp\/v2\/types\/page"}],"author":[{"embeddable":true,"href":"https:\/\/sakumetall.ee\/uksetehas\/en\/wp-json\/wp\/v2\/users\/2"}],"replies":[{"embeddable":true,"href":"https:\/\/sakumetall.ee\/uksetehas\/en\/wp-json\/wp\/v2\/comments?post=904"}],"version-history":[{"count":18,"href":"https:\/\/sakumetall.ee\/uksetehas\/en\/wp-json\/wp\/v2\/pages\/904\/revisions"}],"predecessor-version":[{"id":34614,"href":"https:\/\/sakumetall.ee\/uksetehas\/en\/wp-json\/wp\/v2\/pages\/904\/revisions\/34614"}],"up":[{"embeddable":true,"href":"https:\/\/sakumetall.ee\/uksetehas\/en\/wp-json\/wp\/v2\/pages\/783"}],"wp:featuredmedia":[{"embeddable":true,"href":"https:\/\/sakumetall.ee\/uksetehas\/en\/wp-json\/wp\/v2\/media\/28347"}],"wp:attachment":[{"href":"https:\/\/sakumetall.ee\/uksetehas\/en\/wp-json\/wp\/v2\/media?parent=904"}],"curies":[{"name":"wp","href":"https:\/\/api.w.org\/{rel}","templated":true}]}}