{"id":1952,"date":"2015-07-22T10:18:09","date_gmt":"2015-07-22T07:18:09","guid":{"rendered":"https:\/\/sakumetall.ee\/uksetehas?page_id=1952"},"modified":"2023-03-20T12:18:11","modified_gmt":"2023-03-20T10:18:11","slug":"tuotanto","status":"publish","type":"page","link":"https:\/\/sakumetall.ee\/uksetehas\/fi\/yrityksesta\/tuotanto\/","title":{"rendered":"Tuotanto"},"content":{"rendered":"<p>Saku Metall AS konserniin kuuluvat Saku Metall Ovitehdas ja Saku Metall Alihankintatehdas sek\u00e4 Saku Metall Oy.<\/p>\n<p>Tehtaamme sijaitsevat teollisuuden ja logistiikan keskittym\u00e4ss\u00e4 Tallinnan lentokent\u00e4n ja \u00dclemiste keskuksen vieress\u00e4, Tallinnan A ja D laivaterminaaleista vain 15 km et\u00e4isyydell\u00e4.<\/p>\n<p><strong>Ensimm\u00e4isten metallioven valmistamisesta vuonna 1991 l\u00e4htien yrityksen tekninen taso on jatkuvasti parantunut ja tuotantom\u00e4\u00e4r\u00e4t ovat kasvaneet. Uudet tuotantolaitokset, moderni teknologia ja jatkuva kehitysty\u00f6 yhdess\u00e4 ISO 9001 tuotannon &#8211; ja toiminnan laatuj\u00e4rjestelm\u00e4n sek\u00e4 ISO 14001 ymp\u00e4rist\u00f6j\u00e4rjestelm\u00e4 piti\u00e4v\u00e4t tuotantomme ja meid\u00e4t kilpailukykyisen\u00e4 kasvavassa markkinassa.<\/strong><\/p>\n<h2>Yrityksen keskim\u00e4\u00e4r\u00e4iset tuotantom\u00e4\u00e4r\u00e4t:<\/h2>\n<ul>\n<li><strong>Ohutlevyjen ty\u00f6st\u00e4minen:<\/strong> 500 t\/kk<\/li>\n<li><strong>Metalliovien valmistus:<\/strong> 1000 kpl\/kk<\/li>\n<li><strong>Ter\u00e4sprofiilituotteiden valmistus<\/strong> (lasiovet ja -sein\u00e4t, ikkunat): 500 m\u00b2\/kk<\/li>\n<li><strong>Nosto-ovien valmistus paneeleista:<\/strong> 120 kpl\/kk.<\/li>\n<\/ul>\n<p>Omat asentajamme asentavat ovitehtaan tuotteet. Huolto- ja korjausosastomme huoltaa <strong>Saku Metallin<\/strong> tuotteita ja tarjoaa huoltopalveluja my\u00f6s muiden valmistajien tuotteille.<\/p>\n<p><a href=\"https:\/\/sakumetall.ee\/uksetehas\/wp-content\/uploads\/sites\/2\/2023\/03\/certificaciones-iso-amp-1024x269-1.png\"><img loading=\"lazy\" decoding=\"async\" width=\"1024\" height=\"269\" class=\"alignnone size-full wp-image-27652\" src=\"https:\/\/sakumetall.ee\/uksetehas\/wp-content\/uploads\/sites\/2\/2023\/03\/certificaciones-iso-amp-1024x269-1.png\" alt=\"\" srcset=\"https:\/\/sakumetall.ee\/uksetehas\/wp-content\/uploads\/sites\/2\/2023\/03\/certificaciones-iso-amp-1024x269-1.png 1024w, https:\/\/sakumetall.ee\/uksetehas\/wp-content\/uploads\/sites\/2\/2023\/03\/certificaciones-iso-amp-1024x269-1-300x79.png 300w, https:\/\/sakumetall.ee\/uksetehas\/wp-content\/uploads\/sites\/2\/2023\/03\/certificaciones-iso-amp-1024x269-1-768x202.png 768w, https:\/\/sakumetall.ee\/uksetehas\/wp-content\/uploads\/sites\/2\/2023\/03\/certificaciones-iso-amp-1024x269-1-180x47.png 180w, https:\/\/sakumetall.ee\/uksetehas\/wp-content\/uploads\/sites\/2\/2023\/03\/certificaciones-iso-amp-1024x269-1-400x105.png 400w\" sizes=\"auto, (max-width: 1024px) 100vw, 1024px\" \/><\/a><\/p>\n","protected":false},"excerpt":{"rendered":"<p>Saku Metall AS konserniin kuuluvat Saku Metall Ovitehdas ja Saku Metall Alihankintatehdas sek\u00e4 Saku Metall Oy. Tehtaamme sijaitsevat teollisuuden ja logistiikan keskittym\u00e4ss\u00e4 Tallinnan lentokent\u00e4n ja \u00dclemiste keskuksen vieress\u00e4, Tallinnan A ja D laivaterminaaleista vain 15 km et\u00e4isyydell\u00e4. Ensimm\u00e4isten metallioven valmistamisesta vuonna 1991 l\u00e4htien yrityksen tekninen taso on jatkuvasti parantunut ja tuotantom\u00e4\u00e4r\u00e4t ovat kasvaneet. Uudet tuotantolaitokset, &#8230;<\/p>\n","protected":false},"author":2,"featured_media":0,"parent":2459,"menu_order":3,"comment_status":"closed","ping_status":"closed","template":"","meta":{"footnotes":""},"class_list":["post-1952","page","type-page","status-publish","hentry"],"yoast_head":"<!-- This site is optimized with the Yoast SEO plugin v27.3 - https:\/\/yoast.com\/product\/yoast-seo-wordpress\/ -->\n<title>Tuotanto<\/title>\n<meta name=\"description\" content=\"Just another Saku Metall Sites site\" \/>\n<meta name=\"robots\" content=\"index, follow, max-snippet:-1, max-image-preview:large, max-video-preview:-1\" \/>\n<link rel=\"canonical\" href=\"https:\/\/sakumetall.ee\/uksetehas\/fi\/yrityksesta\/tuotanto\/\" \/>\n<meta property=\"og:locale\" content=\"fi_FI\" \/>\n<meta property=\"og:type\" content=\"article\" \/>\n<meta property=\"og:title\" content=\"Tuotanto\" \/>\n<meta property=\"og:description\" content=\"Just another Saku Metall Sites site\" \/>\n<meta property=\"og:url\" content=\"https:\/\/sakumetall.ee\/uksetehas\/fi\/yrityksesta\/tuotanto\/\" \/>\n<meta property=\"og:site_name\" content=\"Uksetehas\" \/>\n<meta property=\"article:modified_time\" content=\"2023-03-20T10:18:11+00:00\" \/>\n<meta property=\"og:image\" content=\"https:\/\/sakumetall.ee\/uksetehas\/wp-content\/uploads\/sites\/2\/2023\/03\/certificaciones-iso-amp-1024x269-1.png\" \/>\n<meta name=\"twitter:card\" content=\"summary_large_image\" \/>\n<meta name=\"twitter:label1\" content=\"Arvioitu lukuaika\" \/>\n\t<meta name=\"twitter:data1\" content=\"1 minuutti\" \/>\n<script type=\"application\/ld+json\" class=\"yoast-schema-graph\">{\"@context\":\"https:\\\/\\\/schema.org\",\"@graph\":[{\"@type\":\"WebPage\",\"@id\":\"https:\\\/\\\/sakumetall.ee\\\/uksetehas\\\/fi\\\/yrityksesta\\\/tuotanto\\\/\",\"url\":\"https:\\\/\\\/sakumetall.ee\\\/uksetehas\\\/fi\\\/yrityksesta\\\/tuotanto\\\/\",\"name\":\"Tuotanto\",\"isPartOf\":{\"@id\":\"https:\\\/\\\/sakumetall.ee\\\/uksetehas\\\/fi\\\/#website\"},\"primaryImageOfPage\":{\"@id\":\"https:\\\/\\\/sakumetall.ee\\\/uksetehas\\\/fi\\\/yrityksesta\\\/tuotanto\\\/#primaryimage\"},\"image\":{\"@id\":\"https:\\\/\\\/sakumetall.ee\\\/uksetehas\\\/fi\\\/yrityksesta\\\/tuotanto\\\/#primaryimage\"},\"thumbnailUrl\":\"https:\\\/\\\/sakumetall.ee\\\/uksetehas\\\/wp-content\\\/uploads\\\/sites\\\/2\\\/2023\\\/03\\\/certificaciones-iso-amp-1024x269-1.png\",\"datePublished\":\"2015-07-22T07:18:09+00:00\",\"dateModified\":\"2023-03-20T10:18:11+00:00\",\"description\":\"Just another Saku Metall Sites site\",\"breadcrumb\":{\"@id\":\"https:\\\/\\\/sakumetall.ee\\\/uksetehas\\\/fi\\\/yrityksesta\\\/tuotanto\\\/#breadcrumb\"},\"inLanguage\":\"fi\",\"potentialAction\":[{\"@type\":\"ReadAction\",\"target\":[\"https:\\\/\\\/sakumetall.ee\\\/uksetehas\\\/fi\\\/yrityksesta\\\/tuotanto\\\/\"]}]},{\"@type\":\"ImageObject\",\"inLanguage\":\"fi\",\"@id\":\"https:\\\/\\\/sakumetall.ee\\\/uksetehas\\\/fi\\\/yrityksesta\\\/tuotanto\\\/#primaryimage\",\"url\":\"https:\\\/\\\/sakumetall.ee\\\/uksetehas\\\/wp-content\\\/uploads\\\/sites\\\/2\\\/2023\\\/03\\\/certificaciones-iso-amp-1024x269-1.png\",\"contentUrl\":\"https:\\\/\\\/sakumetall.ee\\\/uksetehas\\\/wp-content\\\/uploads\\\/sites\\\/2\\\/2023\\\/03\\\/certificaciones-iso-amp-1024x269-1.png\"},{\"@type\":\"BreadcrumbList\",\"@id\":\"https:\\\/\\\/sakumetall.ee\\\/uksetehas\\\/fi\\\/yrityksesta\\\/tuotanto\\\/#breadcrumb\",\"itemListElement\":[{\"@type\":\"ListItem\",\"position\":1,\"name\":\"Home\",\"item\":\"https:\\\/\\\/sakumetall.ee\\\/uksetehas\\\/fi\\\/\"},{\"@type\":\"ListItem\",\"position\":2,\"name\":\"Yrityksest\u00e4\",\"item\":\"https:\\\/\\\/sakumetall.ee\\\/uksetehas\\\/fi\\\/yrityksesta\\\/\"},{\"@type\":\"ListItem\",\"position\":3,\"name\":\"Tuotanto\"}]},{\"@type\":\"WebSite\",\"@id\":\"https:\\\/\\\/sakumetall.ee\\\/uksetehas\\\/fi\\\/#website\",\"url\":\"https:\\\/\\\/sakumetall.ee\\\/uksetehas\\\/fi\\\/\",\"name\":\"Uksetehas\",\"description\":\"Just another Saku Metall Sites site\",\"potentialAction\":[{\"@type\":\"SearchAction\",\"target\":{\"@type\":\"EntryPoint\",\"urlTemplate\":\"https:\\\/\\\/sakumetall.ee\\\/uksetehas\\\/fi\\\/?s={search_term_string}\"},\"query-input\":{\"@type\":\"PropertyValueSpecification\",\"valueRequired\":true,\"valueName\":\"search_term_string\"}}],\"inLanguage\":\"fi\"}]}<\/script>\n<!-- \/ Yoast SEO plugin. -->","yoast_head_json":{"title":"Tuotanto","description":"Just another Saku Metall Sites site","robots":{"index":"index","follow":"follow","max-snippet":"max-snippet:-1","max-image-preview":"max-image-preview:large","max-video-preview":"max-video-preview:-1"},"canonical":"https:\/\/sakumetall.ee\/uksetehas\/fi\/yrityksesta\/tuotanto\/","og_locale":"fi_FI","og_type":"article","og_title":"Tuotanto","og_description":"Just another Saku Metall Sites site","og_url":"https:\/\/sakumetall.ee\/uksetehas\/fi\/yrityksesta\/tuotanto\/","og_site_name":"Uksetehas","article_modified_time":"2023-03-20T10:18:11+00:00","og_image":[{"url":"https:\/\/sakumetall.ee\/uksetehas\/wp-content\/uploads\/sites\/2\/2023\/03\/certificaciones-iso-amp-1024x269-1.png","type":"","width":"","height":""}],"twitter_card":"summary_large_image","twitter_misc":{"Arvioitu lukuaika":"1 minuutti"},"schema":{"@context":"https:\/\/schema.org","@graph":[{"@type":"WebPage","@id":"https:\/\/sakumetall.ee\/uksetehas\/fi\/yrityksesta\/tuotanto\/","url":"https:\/\/sakumetall.ee\/uksetehas\/fi\/yrityksesta\/tuotanto\/","name":"Tuotanto","isPartOf":{"@id":"https:\/\/sakumetall.ee\/uksetehas\/fi\/#website"},"primaryImageOfPage":{"@id":"https:\/\/sakumetall.ee\/uksetehas\/fi\/yrityksesta\/tuotanto\/#primaryimage"},"image":{"@id":"https:\/\/sakumetall.ee\/uksetehas\/fi\/yrityksesta\/tuotanto\/#primaryimage"},"thumbnailUrl":"https:\/\/sakumetall.ee\/uksetehas\/wp-content\/uploads\/sites\/2\/2023\/03\/certificaciones-iso-amp-1024x269-1.png","datePublished":"2015-07-22T07:18:09+00:00","dateModified":"2023-03-20T10:18:11+00:00","description":"Just another Saku Metall Sites site","breadcrumb":{"@id":"https:\/\/sakumetall.ee\/uksetehas\/fi\/yrityksesta\/tuotanto\/#breadcrumb"},"inLanguage":"fi","potentialAction":[{"@type":"ReadAction","target":["https:\/\/sakumetall.ee\/uksetehas\/fi\/yrityksesta\/tuotanto\/"]}]},{"@type":"ImageObject","inLanguage":"fi","@id":"https:\/\/sakumetall.ee\/uksetehas\/fi\/yrityksesta\/tuotanto\/#primaryimage","url":"https:\/\/sakumetall.ee\/uksetehas\/wp-content\/uploads\/sites\/2\/2023\/03\/certificaciones-iso-amp-1024x269-1.png","contentUrl":"https:\/\/sakumetall.ee\/uksetehas\/wp-content\/uploads\/sites\/2\/2023\/03\/certificaciones-iso-amp-1024x269-1.png"},{"@type":"BreadcrumbList","@id":"https:\/\/sakumetall.ee\/uksetehas\/fi\/yrityksesta\/tuotanto\/#breadcrumb","itemListElement":[{"@type":"ListItem","position":1,"name":"Home","item":"https:\/\/sakumetall.ee\/uksetehas\/fi\/"},{"@type":"ListItem","position":2,"name":"Yrityksest\u00e4","item":"https:\/\/sakumetall.ee\/uksetehas\/fi\/yrityksesta\/"},{"@type":"ListItem","position":3,"name":"Tuotanto"}]},{"@type":"WebSite","@id":"https:\/\/sakumetall.ee\/uksetehas\/fi\/#website","url":"https:\/\/sakumetall.ee\/uksetehas\/fi\/","name":"Uksetehas","description":"Just another Saku Metall Sites site","potentialAction":[{"@type":"SearchAction","target":{"@type":"EntryPoint","urlTemplate":"https:\/\/sakumetall.ee\/uksetehas\/fi\/?s={search_term_string}"},"query-input":{"@type":"PropertyValueSpecification","valueRequired":true,"valueName":"search_term_string"}}],"inLanguage":"fi"}]}},"_links":{"self":[{"href":"https:\/\/sakumetall.ee\/uksetehas\/fi\/wp-json\/wp\/v2\/pages\/1952","targetHints":{"allow":["GET"]}}],"collection":[{"href":"https:\/\/sakumetall.ee\/uksetehas\/fi\/wp-json\/wp\/v2\/pages"}],"about":[{"href":"https:\/\/sakumetall.ee\/uksetehas\/fi\/wp-json\/wp\/v2\/types\/page"}],"author":[{"embeddable":true,"href":"https:\/\/sakumetall.ee\/uksetehas\/fi\/wp-json\/wp\/v2\/users\/2"}],"replies":[{"embeddable":true,"href":"https:\/\/sakumetall.ee\/uksetehas\/fi\/wp-json\/wp\/v2\/comments?post=1952"}],"version-history":[{"count":12,"href":"https:\/\/sakumetall.ee\/uksetehas\/fi\/wp-json\/wp\/v2\/pages\/1952\/revisions"}],"predecessor-version":[{"id":27673,"href":"https:\/\/sakumetall.ee\/uksetehas\/fi\/wp-json\/wp\/v2\/pages\/1952\/revisions\/27673"}],"up":[{"embeddable":true,"href":"https:\/\/sakumetall.ee\/uksetehas\/fi\/wp-json\/wp\/v2\/pages\/2459"}],"wp:attachment":[{"href":"https:\/\/sakumetall.ee\/uksetehas\/fi\/wp-json\/wp\/v2\/media?parent=1952"}],"curies":[{"name":"wp","href":"https:\/\/api.w.org\/{rel}","templated":true}]}}