{"id":2459,"date":"2015-07-22T11:55:31","date_gmt":"2015-07-22T08:55:31","guid":{"rendered":"https:\/\/sakumetall.ee\/uksetehas?page_id=2459"},"modified":"2025-03-06T10:45:46","modified_gmt":"2025-03-06T08:45:46","slug":"yrityksesta","status":"publish","type":"page","link":"https:\/\/sakumetall.ee\/uksetehas\/fi\/yrityksesta\/","title":{"rendered":"Yrityksest\u00e4"},"content":{"rendered":"<p><strong><a href=\"https:\/\/sakumetall.ee\/uksetehas\/wp-content\/uploads\/sites\/2\/2023\/03\/SAKUMETALLtehdas.jpg\"><img loading=\"lazy\" decoding=\"async\" width=\"1280\" height=\"720\" class=\"alignnone size-full wp-image-27664\" src=\"https:\/\/sakumetall.ee\/uksetehas\/wp-content\/uploads\/sites\/2\/2023\/03\/SAKUMETALLtehdas.jpg\" alt=\"\" srcset=\"https:\/\/sakumetall.ee\/uksetehas\/wp-content\/uploads\/sites\/2\/2023\/03\/SAKUMETALLtehdas.jpg 1280w, https:\/\/sakumetall.ee\/uksetehas\/wp-content\/uploads\/sites\/2\/2023\/03\/SAKUMETALLtehdas-300x169.jpg 300w, https:\/\/sakumetall.ee\/uksetehas\/wp-content\/uploads\/sites\/2\/2023\/03\/SAKUMETALLtehdas-1024x576.jpg 1024w, https:\/\/sakumetall.ee\/uksetehas\/wp-content\/uploads\/sites\/2\/2023\/03\/SAKUMETALLtehdas-768x432.jpg 768w, https:\/\/sakumetall.ee\/uksetehas\/wp-content\/uploads\/sites\/2\/2023\/03\/SAKUMETALLtehdas-180x101.jpg 180w, https:\/\/sakumetall.ee\/uksetehas\/wp-content\/uploads\/sites\/2\/2023\/03\/SAKUMETALLtehdas-400x225.jpg 400w\" sizes=\"auto, (max-width: 1280px) 100vw, 1280px\" \/><\/a><\/strong><\/p>\n<p><a href=\"https:\/\/sakumetall.ee\/uksetehas\/wp-content\/uploads\/sites\/2\/2024\/03\/LogotFI24.jpg\"><img loading=\"lazy\" decoding=\"async\" width=\"976\" height=\"169\" class=\"size-full wp-image-29438 aligncenter\" src=\"https:\/\/sakumetall.ee\/uksetehas\/wp-content\/uploads\/sites\/2\/2024\/03\/LogotFI24.jpg\" alt=\"\" srcset=\"https:\/\/sakumetall.ee\/uksetehas\/wp-content\/uploads\/sites\/2\/2024\/03\/LogotFI24.jpg 976w, https:\/\/sakumetall.ee\/uksetehas\/wp-content\/uploads\/sites\/2\/2024\/03\/LogotFI24-300x52.jpg 300w, https:\/\/sakumetall.ee\/uksetehas\/wp-content\/uploads\/sites\/2\/2024\/03\/LogotFI24-768x133.jpg 768w, https:\/\/sakumetall.ee\/uksetehas\/wp-content\/uploads\/sites\/2\/2024\/03\/LogotFI24-180x31.jpg 180w, https:\/\/sakumetall.ee\/uksetehas\/wp-content\/uploads\/sites\/2\/2024\/03\/LogotFI24-400x69.jpg 400w\" sizes=\"auto, (max-width: 976px) 100vw, 976px\" \/><\/a><\/p>\n<p><strong>Saku Metall<\/strong> on toiminut jo yli 35 vuotta ja meill\u00e4 on vankka kokemus metalliovien valmistamisesta. Tehtaamme ty\u00f6llist\u00e4\u00e4 yli 330 turvaovien rautaista ammattilaista. Tuotteet valmistetaan 15 000 m2 moderneissa tuotantotiloissamme. Olemme Luotettava Kumppani ja tuotteillamme on EPD-ymp\u00e4rist\u00f6selosteet ja tuotesertifikaatit markkina-alueillemme. Toimintaamme ohjaavat ISO 9001, ISO 45001 ja ISO 14001 laatu- ja ymp\u00e4rist\u00f6j\u00e4rjestelm\u00e4t. T\u00e4rkeit\u00e4 myyntiartikkeleitamme ovat sis\u00e4- ja ulkopalo-ovet ja asuntojen turvaovet, porrashuoneiden ovet ja ulko-ovet sek\u00e4 teknisten tilojen v\u00e4liset ovet. Saku Metallin oma asennuspalvelu kattaa koko Suomen.<\/p>\n<p>Saku Metall AS konserniin kuuluvat Saku Metall Ovitehdas ja Saku Metall Alihankintatehdas sek\u00e4 <strong>Saku Metall Oy Suomessa<\/strong>. Markkina-alueenamme on Skandinavia, Baltia ja Eurooppa.<\/p>\n<p>Tehtaamme sijaitsevat Tallinnan lentokent\u00e4n l\u00e4heisyydess\u00e4, A ja D laivaterminaaleista 15 km et\u00e4isyydell\u00e4 osoitteessa P\u00f5rguv\u00e4lja tie 25, Rae, Harjumaa.<\/p>\n<p><strong>Tuotteitamme ovat:<\/strong><\/p>\n<p>\u2022 metalliovet; palosuojaovet ja turvaovet<br \/>\n\u2022 lasipinnalla varustetut profiili- ja liukuovet<br \/>\n\u2022 pikarullaovet teollisuudelle<br \/>\n\u2022 paloliukuovet ja autotallien- sek\u00e4 teollisuuden nosto-ovet<br \/>\n\u2022 lasijulkisivut sek\u00e4 erikoisovet esim. sairaaloihin (my\u00f6s r\u00f6ntgen), hotelleihin ja turvaovet esim. vankiloihin ja v\u00e4est\u00f6nsuojiin<\/p>\n<p>Asennuspalvelumme kattaa koko Suomen.<\/p>\n<p><strong>Valmistamme ja asennamme ovien ohella my\u00f6s:<\/strong><\/p>\n<p>\u2022 <a href=\"http:\/\/www.forster-profile.ch\/int-en\/home.html\">FORSTER<\/a>\u2013profiiliseini\u00e4, kiinteit\u00e4 ikkunoita sek\u00e4 neuvotteluhuoneita<br \/>\n\u2022 Nokian <a href=\"http:\/\/www.nordicaluminium.fi\/en\/index.html\">NORDIC R54<\/a> -j\u00e4rjestelm\u00e4n julkisivuja<\/p>\n<p><strong>Valikoimaamme kuuluu lis\u00e4ksi:<\/strong><\/p>\n<p>\u2022 <a href=\"https:\/\/www.assaabloy.com\/en\/com\/\">ASSA<\/a>&#8211; ja <a href=\"https:\/\/www.abloy.com\/en\/abloy\/abloycom\/\">ABLOY<\/a>-lukitukset ja <a href=\"https:\/\/helaform.com\/en\/\">HELAFORM<\/a>-liukuovien ripustusj\u00e4rjestelm\u00e4t<br \/>\n\u2022 <a href=\"http:\/\/www.sommer-metal.dk\/\">SOMMER<\/a>-, <a href=\"https:\/\/www.marantec.com\/fi\/\">OVITOR<\/a>&#8211; ja <a href=\"https:\/\/www.abloy.com\/en\/abloy\/abloycom\/\">ABLOY<\/a>-ovien automaattiavaus- ja sulkulaitteet<br \/>\nLis\u00e4palveluna <strong>Saku Metall<\/strong> tarjoaa ovien ja lukkojen huoltoa ja korjausta<\/p>\n","protected":false},"excerpt":{"rendered":"<p>Saku Metall on toiminut jo yli 35 vuotta ja meill\u00e4 on vankka kokemus metalliovien valmistamisesta. Tehtaamme ty\u00f6llist\u00e4\u00e4 yli 330 turvaovien rautaista ammattilaista. Tuotteet valmistetaan 15 000 m2 moderneissa tuotantotiloissamme. Olemme Luotettava Kumppani ja tuotteillamme on EPD-ymp\u00e4rist\u00f6selosteet ja tuotesertifikaatit markkina-alueillemme. Toimintaamme ohjaavat ISO 9001, ISO 45001 ja ISO 14001 laatu- ja ymp\u00e4rist\u00f6j\u00e4rjestelm\u00e4t. T\u00e4rkeit\u00e4 myyntiartikkeleitamme ovat sis\u00e4- &#8230;<\/p>\n","protected":false},"author":2,"featured_media":0,"parent":0,"menu_order":37,"comment_status":"closed","ping_status":"closed","template":"","meta":{"footnotes":""},"class_list":["post-2459","page","type-page","status-publish","hentry"],"yoast_head":"<!-- This site is optimized with the Yoast SEO plugin v27.3 - https:\/\/yoast.com\/product\/yoast-seo-wordpress\/ -->\n<title>Yrityksest\u00e4<\/title>\n<meta name=\"description\" content=\"Just another Saku Metall Sites site Saku Metall on toiminut jo yli 30 vuotta ja meill\u00e4 on vankka kokemus metalliovien valmistamisesta. Tehtaamme ty\u00f6llist\u00e4\u00e4 yli 320 turvaovien rautaista ammattilaista. Olemme Luotettava Kumppani ja tuotteillamme on EPD-ymp\u00e4rist\u00f6selosteet ja tarvittavat tuotesertifikaatit markkina-alueillemme. Toimintaamme ohjaavat ISO 9001 ja ISO 14001 laatu- ja ymp\u00e4rist\u00f6j\u00e4rjestelm\u00e4t.\" \/>\n<meta name=\"robots\" content=\"index, follow, max-snippet:-1, max-image-preview:large, max-video-preview:-1\" \/>\n<link rel=\"canonical\" href=\"https:\/\/sakumetall.ee\/uksetehas\/fi\/yrityksesta\/\" \/>\n<meta property=\"og:locale\" content=\"fi_FI\" \/>\n<meta property=\"og:type\" content=\"article\" \/>\n<meta property=\"og:title\" content=\"Yrityksest\u00e4\" \/>\n<meta property=\"og:description\" content=\"Just another Saku Metall Sites site Saku Metall on toiminut jo yli 30 vuotta ja meill\u00e4 on vankka kokemus metalliovien valmistamisesta. Tehtaamme ty\u00f6llist\u00e4\u00e4 yli 320 turvaovien rautaista ammattilaista. Olemme Luotettava Kumppani ja tuotteillamme on EPD-ymp\u00e4rist\u00f6selosteet ja tarvittavat tuotesertifikaatit markkina-alueillemme. Toimintaamme ohjaavat ISO 9001 ja ISO 14001 laatu- ja ymp\u00e4rist\u00f6j\u00e4rjestelm\u00e4t.\" \/>\n<meta property=\"og:url\" content=\"https:\/\/sakumetall.ee\/uksetehas\/fi\/yrityksesta\/\" \/>\n<meta property=\"og:site_name\" content=\"Uksetehas\" \/>\n<meta property=\"article:modified_time\" content=\"2025-03-06T08:45:46+00:00\" \/>\n<meta property=\"og:image\" content=\"https:\/\/sakumetall.ee\/uksetehas\/wp-content\/uploads\/sites\/2\/2023\/03\/SAKUMETALLtehdas.jpg\" \/>\n\t<meta property=\"og:image:width\" content=\"1280\" \/>\n\t<meta property=\"og:image:height\" content=\"720\" \/>\n\t<meta property=\"og:image:type\" content=\"image\/jpeg\" \/>\n<meta name=\"twitter:card\" content=\"summary_large_image\" \/>\n<meta name=\"twitter:label1\" content=\"Arvioitu lukuaika\" \/>\n\t<meta name=\"twitter:data1\" content=\"2 minuuttia\" \/>\n<script type=\"application\/ld+json\" class=\"yoast-schema-graph\">{\"@context\":\"https:\\\/\\\/schema.org\",\"@graph\":[{\"@type\":\"WebPage\",\"@id\":\"https:\\\/\\\/sakumetall.ee\\\/uksetehas\\\/fi\\\/yrityksesta\\\/\",\"url\":\"https:\\\/\\\/sakumetall.ee\\\/uksetehas\\\/fi\\\/yrityksesta\\\/\",\"name\":\"Yrityksest\u00e4\",\"isPartOf\":{\"@id\":\"https:\\\/\\\/sakumetall.ee\\\/uksetehas\\\/fi\\\/#website\"},\"primaryImageOfPage\":{\"@id\":\"https:\\\/\\\/sakumetall.ee\\\/uksetehas\\\/fi\\\/yrityksesta\\\/#primaryimage\"},\"image\":{\"@id\":\"https:\\\/\\\/sakumetall.ee\\\/uksetehas\\\/fi\\\/yrityksesta\\\/#primaryimage\"},\"thumbnailUrl\":\"https:\\\/\\\/sakumetall.ee\\\/uksetehas\\\/wp-content\\\/uploads\\\/sites\\\/2\\\/2023\\\/03\\\/SAKUMETALLtehdas.jpg\",\"datePublished\":\"2015-07-22T08:55:31+00:00\",\"dateModified\":\"2025-03-06T08:45:46+00:00\",\"description\":\"Just another Saku Metall Sites site Saku Metall on toiminut jo yli 30 vuotta ja meill\u00e4 on vankka kokemus metalliovien valmistamisesta. Tehtaamme ty\u00f6llist\u00e4\u00e4 yli 320 turvaovien rautaista ammattilaista. Olemme Luotettava Kumppani ja tuotteillamme on EPD-ymp\u00e4rist\u00f6selosteet ja tarvittavat tuotesertifikaatit markkina-alueillemme. Toimintaamme ohjaavat ISO 9001 ja ISO 14001 laatu- ja ymp\u00e4rist\u00f6j\u00e4rjestelm\u00e4t.\",\"breadcrumb\":{\"@id\":\"https:\\\/\\\/sakumetall.ee\\\/uksetehas\\\/fi\\\/yrityksesta\\\/#breadcrumb\"},\"inLanguage\":\"fi\",\"potentialAction\":[{\"@type\":\"ReadAction\",\"target\":[\"https:\\\/\\\/sakumetall.ee\\\/uksetehas\\\/fi\\\/yrityksesta\\\/\"]}]},{\"@type\":\"ImageObject\",\"inLanguage\":\"fi\",\"@id\":\"https:\\\/\\\/sakumetall.ee\\\/uksetehas\\\/fi\\\/yrityksesta\\\/#primaryimage\",\"url\":\"https:\\\/\\\/sakumetall.ee\\\/uksetehas\\\/wp-content\\\/uploads\\\/sites\\\/2\\\/2023\\\/03\\\/SAKUMETALLtehdas.jpg\",\"contentUrl\":\"https:\\\/\\\/sakumetall.ee\\\/uksetehas\\\/wp-content\\\/uploads\\\/sites\\\/2\\\/2023\\\/03\\\/SAKUMETALLtehdas.jpg\"},{\"@type\":\"BreadcrumbList\",\"@id\":\"https:\\\/\\\/sakumetall.ee\\\/uksetehas\\\/fi\\\/yrityksesta\\\/#breadcrumb\",\"itemListElement\":[{\"@type\":\"ListItem\",\"position\":1,\"name\":\"Home\",\"item\":\"https:\\\/\\\/sakumetall.ee\\\/uksetehas\\\/fi\\\/\"},{\"@type\":\"ListItem\",\"position\":2,\"name\":\"Yrityksest\u00e4\"}]},{\"@type\":\"WebSite\",\"@id\":\"https:\\\/\\\/sakumetall.ee\\\/uksetehas\\\/fi\\\/#website\",\"url\":\"https:\\\/\\\/sakumetall.ee\\\/uksetehas\\\/fi\\\/\",\"name\":\"Uksetehas\",\"description\":\"Just another Saku Metall Sites site\",\"potentialAction\":[{\"@type\":\"SearchAction\",\"target\":{\"@type\":\"EntryPoint\",\"urlTemplate\":\"https:\\\/\\\/sakumetall.ee\\\/uksetehas\\\/fi\\\/?s={search_term_string}\"},\"query-input\":{\"@type\":\"PropertyValueSpecification\",\"valueRequired\":true,\"valueName\":\"search_term_string\"}}],\"inLanguage\":\"fi\"}]}<\/script>\n<!-- \/ Yoast SEO plugin. -->","yoast_head_json":{"title":"Yrityksest\u00e4","description":"Just another Saku Metall Sites site Saku Metall on toiminut jo yli 30 vuotta ja meill\u00e4 on vankka kokemus metalliovien valmistamisesta. Tehtaamme ty\u00f6llist\u00e4\u00e4 yli 320 turvaovien rautaista ammattilaista. Olemme Luotettava Kumppani ja tuotteillamme on EPD-ymp\u00e4rist\u00f6selosteet ja tarvittavat tuotesertifikaatit markkina-alueillemme. Toimintaamme ohjaavat ISO 9001 ja ISO 14001 laatu- ja ymp\u00e4rist\u00f6j\u00e4rjestelm\u00e4t.","robots":{"index":"index","follow":"follow","max-snippet":"max-snippet:-1","max-image-preview":"max-image-preview:large","max-video-preview":"max-video-preview:-1"},"canonical":"https:\/\/sakumetall.ee\/uksetehas\/fi\/yrityksesta\/","og_locale":"fi_FI","og_type":"article","og_title":"Yrityksest\u00e4","og_description":"Just another Saku Metall Sites site Saku Metall on toiminut jo yli 30 vuotta ja meill\u00e4 on vankka kokemus metalliovien valmistamisesta. Tehtaamme ty\u00f6llist\u00e4\u00e4 yli 320 turvaovien rautaista ammattilaista. Olemme Luotettava Kumppani ja tuotteillamme on EPD-ymp\u00e4rist\u00f6selosteet ja tarvittavat tuotesertifikaatit markkina-alueillemme. Toimintaamme ohjaavat ISO 9001 ja ISO 14001 laatu- ja ymp\u00e4rist\u00f6j\u00e4rjestelm\u00e4t.","og_url":"https:\/\/sakumetall.ee\/uksetehas\/fi\/yrityksesta\/","og_site_name":"Uksetehas","article_modified_time":"2025-03-06T08:45:46+00:00","og_image":[{"width":1280,"height":720,"url":"https:\/\/sakumetall.ee\/uksetehas\/wp-content\/uploads\/sites\/2\/2023\/03\/SAKUMETALLtehdas.jpg","type":"image\/jpeg"}],"twitter_card":"summary_large_image","twitter_misc":{"Arvioitu lukuaika":"2 minuuttia"},"schema":{"@context":"https:\/\/schema.org","@graph":[{"@type":"WebPage","@id":"https:\/\/sakumetall.ee\/uksetehas\/fi\/yrityksesta\/","url":"https:\/\/sakumetall.ee\/uksetehas\/fi\/yrityksesta\/","name":"Yrityksest\u00e4","isPartOf":{"@id":"https:\/\/sakumetall.ee\/uksetehas\/fi\/#website"},"primaryImageOfPage":{"@id":"https:\/\/sakumetall.ee\/uksetehas\/fi\/yrityksesta\/#primaryimage"},"image":{"@id":"https:\/\/sakumetall.ee\/uksetehas\/fi\/yrityksesta\/#primaryimage"},"thumbnailUrl":"https:\/\/sakumetall.ee\/uksetehas\/wp-content\/uploads\/sites\/2\/2023\/03\/SAKUMETALLtehdas.jpg","datePublished":"2015-07-22T08:55:31+00:00","dateModified":"2025-03-06T08:45:46+00:00","description":"Just another Saku Metall Sites site Saku Metall on toiminut jo yli 30 vuotta ja meill\u00e4 on vankka kokemus metalliovien valmistamisesta. Tehtaamme ty\u00f6llist\u00e4\u00e4 yli 320 turvaovien rautaista ammattilaista. Olemme Luotettava Kumppani ja tuotteillamme on EPD-ymp\u00e4rist\u00f6selosteet ja tarvittavat tuotesertifikaatit markkina-alueillemme. Toimintaamme ohjaavat ISO 9001 ja ISO 14001 laatu- ja ymp\u00e4rist\u00f6j\u00e4rjestelm\u00e4t.","breadcrumb":{"@id":"https:\/\/sakumetall.ee\/uksetehas\/fi\/yrityksesta\/#breadcrumb"},"inLanguage":"fi","potentialAction":[{"@type":"ReadAction","target":["https:\/\/sakumetall.ee\/uksetehas\/fi\/yrityksesta\/"]}]},{"@type":"ImageObject","inLanguage":"fi","@id":"https:\/\/sakumetall.ee\/uksetehas\/fi\/yrityksesta\/#primaryimage","url":"https:\/\/sakumetall.ee\/uksetehas\/wp-content\/uploads\/sites\/2\/2023\/03\/SAKUMETALLtehdas.jpg","contentUrl":"https:\/\/sakumetall.ee\/uksetehas\/wp-content\/uploads\/sites\/2\/2023\/03\/SAKUMETALLtehdas.jpg"},{"@type":"BreadcrumbList","@id":"https:\/\/sakumetall.ee\/uksetehas\/fi\/yrityksesta\/#breadcrumb","itemListElement":[{"@type":"ListItem","position":1,"name":"Home","item":"https:\/\/sakumetall.ee\/uksetehas\/fi\/"},{"@type":"ListItem","position":2,"name":"Yrityksest\u00e4"}]},{"@type":"WebSite","@id":"https:\/\/sakumetall.ee\/uksetehas\/fi\/#website","url":"https:\/\/sakumetall.ee\/uksetehas\/fi\/","name":"Uksetehas","description":"Just another Saku Metall Sites site","potentialAction":[{"@type":"SearchAction","target":{"@type":"EntryPoint","urlTemplate":"https:\/\/sakumetall.ee\/uksetehas\/fi\/?s={search_term_string}"},"query-input":{"@type":"PropertyValueSpecification","valueRequired":true,"valueName":"search_term_string"}}],"inLanguage":"fi"}]}},"_links":{"self":[{"href":"https:\/\/sakumetall.ee\/uksetehas\/fi\/wp-json\/wp\/v2\/pages\/2459","targetHints":{"allow":["GET"]}}],"collection":[{"href":"https:\/\/sakumetall.ee\/uksetehas\/fi\/wp-json\/wp\/v2\/pages"}],"about":[{"href":"https:\/\/sakumetall.ee\/uksetehas\/fi\/wp-json\/wp\/v2\/types\/page"}],"author":[{"embeddable":true,"href":"https:\/\/sakumetall.ee\/uksetehas\/fi\/wp-json\/wp\/v2\/users\/2"}],"replies":[{"embeddable":true,"href":"https:\/\/sakumetall.ee\/uksetehas\/fi\/wp-json\/wp\/v2\/comments?post=2459"}],"version-history":[{"count":29,"href":"https:\/\/sakumetall.ee\/uksetehas\/fi\/wp-json\/wp\/v2\/pages\/2459\/revisions"}],"predecessor-version":[{"id":33230,"href":"https:\/\/sakumetall.ee\/uksetehas\/fi\/wp-json\/wp\/v2\/pages\/2459\/revisions\/33230"}],"wp:attachment":[{"href":"https:\/\/sakumetall.ee\/uksetehas\/fi\/wp-json\/wp\/v2\/media?parent=2459"}],"curies":[{"name":"wp","href":"https:\/\/api.w.org\/{rel}","templated":true}]}}