{"id":2496,"date":"2015-05-26T09:26:19","date_gmt":"2015-05-26T09:26:19","guid":{"rendered":"https:\/\/sakumetall.ee\/uksetehas?page_id=2496"},"modified":"2026-03-25T10:45:24","modified_gmt":"2026-03-25T08:45:24","slug":"dokumentaatio","status":"publish","type":"page","link":"https:\/\/sakumetall.ee\/uksetehas\/fi\/dokumentaatio\/","title":{"rendered":"Dokumentaatio"},"content":{"rendered":"<h2>Sertifikaatit<\/h2>\n<p>Saku Metall Oy on <a href=\"https:\/\/zeckit.com\/selvitys\/FI\/2283005-6?lang=fi\">Tilaajavastuun Luotettava Kumppani<\/a> sek\u00e4 <a href=\"https:\/\/figbc.fi\/gbc-finland\/\">Green Building Council Finland<\/a> j\u00e4sen. Arvostamme ymp\u00e4rist\u00f6\u00e4 ja haluamme t\u00e4ytt\u00e4\u00e4 kaikki ymp\u00e4rist\u00f6vaatimukset ja v\u00e4hent\u00e4\u00e4 tuotteidemme ymp\u00e4rist\u00f6vaikutuksia.<\/p>\n<p>Toimintamme on ISO 9001, ISO 45001 sek\u00e4 ISO 14001 sertifioitua ja tuotteillamme on <a href=\"https:\/\/www.environdec.com\/library\/epd4373\">EPD ymp\u00e4rist\u00f6selosteet<\/a><u>.<\/u><\/p>\n<p>Kaikki sertifikaatit ja tuotedokumentit l\u00f6ytyv\u00e4t my\u00f6s <a href=\"https:\/\/haku.tuotetieto.fi\/?_gl=1*1bcofe*_ga*MTMxNTM5NDA0OS4xNzA0Nzk2NTU1*_ga_QJFJQSBJM0*MTcwNDgwNTcwMi4yLjAuMTcwNDgwNTcwMi42MC4wLjA.\">Rakennustiedon Tuotehausta<\/a>. Turvatuotteemme ovat <a href=\"https:\/\/www.finanssiala.fi\/julkaisut\/rakenteellisen-murtosuojauksen-tuotteet-2\/\">Suomen Finanssialan Keskusliiton<\/a> suosittelemia.<\/p>\n<p><strong>Metalliovet<\/strong><\/p>\n<ul>\n<li><a href=\"https:\/\/sakumetall.ee\/uksetehas\/wp-content\/uploads\/sites\/2\/2024\/02\/ENG-1336-CPR-0163-External-steel-door-Q-240227.pdf\">Single and double leaf external metal door Q<\/a><\/li>\n<li><a target=\"_blank\" href=\"https:\/\/sakumetall.ee\/uksetehas\/wp-content\/uploads\/sites\/2\/2025\/03\/FIN-EUFI29-19004017-THTOD-EI2-30-palo-ovi-FQEI30-241028.pdf\" rel=\"noopener\">Yksilehtinen, ikkunallinen ter\u00e4spalo-ovi FQ EI30<\/a><\/li>\n<li><a href=\"https:\/\/sakumetall.ee\/uksetehas\/wp-content\/uploads\/sites\/2\/2023\/03\/FIN-1336-CPR-0210-Metalli-ulko-palo-ovi-FQ-EI30.pdf\">Metalli ulko-palo-ovi FQ EI30<\/a><\/li>\n<li><a target=\"_blank\" href=\"https:\/\/sakumetall.ee\/uksetehas\/wp-content\/uploads\/sites\/2\/2025\/03\/FIN-EUFI29-19004018-THTOD-EI-60-palo-ovet-FQ-ja-FQL-EI60-paivitys-21.01.2025.pdf\" rel=\"noopener\">Ikkunalliset ter\u00e4spalo-ovi FQ EI60 ja ter\u00e4spalo-ovet FQ EI60\/EI30 ja FQL EI60\/EI30<\/a><\/li>\n<li><a href=\"https:\/\/sakumetall.ee\/uksetehas\/wp-content\/uploads\/sites\/2\/2025\/04\/FIN-1336-CPR-0209-Teraspalo-ulko-ovi-FQ-EI60-FQL-250403.pdf\">Metalli ulko-palo-ovi FQ EI60, FQL EI60, FQL EI30. Metalli ulko-palo-pariovi FQ EI60, FQ EI30, FQL EI60, FQL EI30<\/a><\/li>\n<li><a href=\"https:\/\/sakumetall.ee\/uksetehas\/wp-content\/uploads\/sites\/2\/2025\/11\/ENG-ET-0288-20-Single-leaf-security-fire-door-RC3-RC4-FQEI60-251114.pdf\">Single leaf fire resistant security steel door LT FQ EI60, RC3 and RC4 EN1627<\/a><\/li>\n<li><a href=\"https:\/\/sakumetall.ee\/uksetehas\/wp-content\/uploads\/sites\/2\/2026\/03\/ENG-SBSC-No-24-339-Single-leaf-steel-fire-door-FQ-EI60-RC3-240712.pdf\">Single leaf fire resistant security steel door FQ EI60, RC3 EN1627<\/a><\/li>\n<li><a href=\"https:\/\/sakumetall.ee\/uksetehas\/wp-content\/uploads\/sites\/2\/2026\/03\/ENG-SBSC-No-24-340-Single-leaf-steel-fire-door-FQ-EI60-RC4-240715.pdf\">Single leaf fire resistant security steel door FQ EI60, RC4 EN1627<\/a><\/li>\n<li><a href=\"https:\/\/sakumetall.ee\/uksetehas\/wp-content\/uploads\/sites\/2\/2026\/03\/ENG-SBSC-No-25-260-Double-leaf-steel-fire-door-FQ-EI60-RC3-250526.pdf\">Double leaf fire resistant security steel door FQ EI60, RC3 EN1627<\/a><\/li>\n<li><a href=\"https:\/\/sakumetall.ee\/uksetehas\/wp-content\/uploads\/sites\/2\/2026\/03\/ENG-SBSC-No-25-261-Double-leaf-fire-steel-door-FQ-EI60-RC4-250526.pdf\">Double leaf fire resistant security steel door FQ EI60, RC4 EN1627<\/a><\/li>\n<li><a target=\"_blank\" href=\"https:\/\/sakumetall.ee\/uksetehas\/wp-content\/uploads\/sites\/2\/2023\/07\/FIN-EUFI29-20003490-THTOD-FQ-100-EI120-palo-ovi-230626.pdf\" rel=\"noopener\">Ter\u00e4spalo-ovi ja ter\u00e4sparipalo-ovi FQ100 EI120<\/a><\/li>\n<li><a href=\"https:\/\/sakumetall.ee\/uksetehas\/wp-content\/uploads\/sites\/2\/2023\/03\/FIN-1336-CPR-0266-Metalli-ulko-palo-ovi-FQ-EI-120.pdf\">Metalli ulko-palo-ovi FQ EI120. Metalli ulko-palo-pariovi FQ EI120<\/a><\/li>\n<li><a href=\"https:\/\/sakumetall.ee\/uksetehas\/wp-content\/uploads\/sites\/2\/2026\/03\/ENG-SBSC-No-26-105-Single-and-double-leaf-fire-security-doors-FQ-EI120-RC3-260317.pdf\">Single and double leaf fire resistant security steel door FQ EI120, RC3 EN1627<\/a><\/li>\n<li><a href=\"https:\/\/sakumetall.ee\/uksetehas\/wp-content\/uploads\/sites\/2\/2026\/03\/ENG-SBSC-No-26-106-Single-and-double-leaf-fire-security-doors-FQ-EI120-RC4-260317.pdf\">Single and double leaf fire resistant security steel door FQ EI120, RC4 EN1627<\/a><a href=\"https:\/\/sakumetall.ee\/uksetehas\/wp-content\/uploads\/sites\/2\/2023\/03\/FIN-1336-CPR-0266-Metalli-ulko-palo-ovi-FQ-EI-120.pdf\"><\/a><\/li>\n<li><a target=\"_blank\" href=\"https:\/\/sakumetall.ee\/uksetehas\/wp-content\/uploads\/sites\/2\/2025\/11\/FIN-EUFI20005280-THTOD-Paloluukku-EI30-EI60-251105.pdf\" rel=\"noopener\">Paloluukku EI\u208230, EI\u208260<\/a><\/li>\n<li><a href=\"https:\/\/sakumetall.ee\/uksetehas\/wp-content\/uploads\/sites\/2\/2023\/03\/FIN-1336-CPR-0228-Metalli-ulko-palo-luukku-FQ-EI30-EI60.pdf\">Metalli ulko-palo-luukku FQ EI30 ja FQ EI60<\/a><\/li>\n<li><a target=\"_blank\" href=\"https:\/\/sakumetall.ee\/uksetehas\/wp-content\/uploads\/sites\/2\/2025\/03\/FIN-EUFI21002769-THTOD-FL75-Liukupalo-ovi-EI60-250121.pdf\" rel=\"noopener\">Metalli liukupaloovi FL EI60<\/a><\/li>\n<\/ul>\n<p><strong>Ter\u00e4sprofiilituotteet<\/strong><\/p>\n<ul>\n<li><a target=\"_blank\" href=\"https:\/\/sakumetall.ee\/uksetehas\/wp-content\/uploads\/sites\/2\/2025\/03\/FIN-1336-CPR-0290-Unico-E-EW-ulko-lasipalo-ovi-241114.pdf\" rel=\"noopener\">Ter\u00e4sprofiileist\u00e4 tehty Forster Unico EW30 ja E30 j\u00e4rjestelm\u00e4n ulko lasipalo-ovi<\/a><\/li>\n<li><a target=\"_blank\" href=\"https:\/\/sakumetall.ee\/uksetehas\/wp-content\/uploads\/sites\/2\/2025\/03\/FIN-EUFI29-22004613-THTOD-Forster-Presto-E30-27.11.2024.pdf\" rel=\"noopener\">Ter\u00e4sprofiileista tehty Forster Presto 30\/60- j\u00e4rjestelm\u00e4n yksilehtinen lasipalo- ja lasiparipaloovi sek\u00e4 yksilehtinen metalliovi ja metallipariovi<\/a><\/li>\n<li><a target=\"_blank\" href=\"https:\/\/sakumetall.ee\/uksetehas\/wp-content\/uploads\/sites\/2\/2022\/01\/EUFI-22000002-THTOD-Forster-Fuego-Light-EI30-ovet-10.01.2022.pdf\" rel=\"noopener\">Ter\u00e4sprofiileista tehty Forster Fuego Light 30-j\u00e4rjestelm\u00e4n yksilehtinen lasipalo- ja lasiparipalo-ovi sek\u00e4 yksilehtinen metalliovi ja metallipariovi<\/a><\/li>\n<li><a target=\"_blank\" href=\"https:\/\/sakumetall.ee\/uksetehas\/wp-content\/uploads\/sites\/2\/2022\/01\/EUFI-21005690-THTOD-Forster-Fuego-Light-EI60-ovet-7.01.2022.pdf\" rel=\"noopener\">Ter\u00e4sprofiileista tehty Forster Fuego Light 60- j\u00e4rjestelm\u00e4n yksilehtinen lasipalo-ja lasiparipalo-ovi sek\u00e4 yksilehtinen metalliovi ja metallipariovi<\/a><\/li>\n<li><a target=\"_blank\" href=\"https:\/\/sakumetall.ee\/uksetehas\/wp-content\/uploads\/sites\/2\/2025\/03\/EUFI29-19005434-THTOD-Fuego-Light-EI30-liukuovet-241112.pdf\" rel=\"noopener\">Ter\u00e4sprofiileista tehty Forster Fuego Light 30- j\u00e4rjestelm\u00e4n yksi- tai kaksilehtinen lasinen liukupalo-ovi<\/a><\/li>\n<\/ul>\n<h2>Asennusohjeet<\/h2>\n<p>Antamamme takuu on voimassa sill\u00e4 ehdolla, ett\u00e4 tuotteen asennus, k\u00e4ytt\u00f6 ja huolto tapahtuvat tuotteen asennus-, k\u00e4ytt\u00f6- ja huolto-ohjeiden mukaan.<\/p>\n<ul>\n<li><a target=\"_blank\" href=\"https:\/\/sakumetall.ee\/uksetehas\/wp-content\/uploads\/sites\/2\/2026\/03\/Metallioven-asennusohje_ver02_260324.pdf\" rel=\"noopener\">Metallioven asennusohje<\/a><\/li>\n<li><a target=\"_blank\" href=\"https:\/\/sakumetall.ee\/uksetehas\/wp-content\/uploads\/sites\/2\/2026\/03\/Metalli-palo-oven-FQ-ja-FQL-asennusohje_ver04_260317.pdf\" rel=\"noopener\">Metalli palo-oven FQ ja FQL asennusohje<\/a><a target=\"_blank\" href=\"https:\/\/sakumetall.ee\/uksetehas\/wp-content\/uploads\/sites\/2\/2024\/04\/Metallioven-asennusohje-1.pdf\" rel=\"noopener\"><\/a><\/li>\n<li><a target=\"_blank\" href=\"https:\/\/sakumetall.ee\/uksetehas\/wp-content\/uploads\/sites\/2\/2016\/01\/17.00.102-Metalli-paloluukkujen-FQ-asennusohje_ver01-160310.pdf\" rel=\"noopener\">Metalli paloluukkujen FQ asennusohje<\/a><\/li>\n<li><a target=\"_blank\" href=\"https:\/\/sakumetall.ee\/uksetehas\/wp-content\/uploads\/sites\/2\/2024\/04\/Teraspalo-liukuoven-FL75-EI60-MFD091-asennusohje.pdf\" rel=\"noopener\">Ter\u00e4spalo-liukuoven FL75 EI60 (MFD091) asennusohje<\/a><a target=\"_blank\" href=\"https:\/\/sakumetall.ee\/uksetehas\/wp-content\/uploads\/sites\/2\/2026\/03\/Metalli-palo-oven-FQ-ja-FQL-asennusohje_ver04_260317.pdf\" rel=\"noopener\"><\/a><\/li>\n<li><a target=\"_blank\" href=\"https:\/\/sakumetall.ee\/uksetehas\/wp-content\/uploads\/sites\/2\/2024\/04\/Metallioven-karmin-vastakappaleiden-asennusohje-1.pdf\" rel=\"noopener\">Metallioven karmin vastakappaleiden asennusohje<\/a><\/li>\n<li><a target=\"_blank\" href=\"https:\/\/sakumetall.ee\/uksetehas\/wp-content\/uploads\/sites\/2\/2024\/04\/Forster-Unico-ulkokayttoon-tarkoitettujen-tuotteiden-asennusohje-1.pdf\" rel=\"noopener\">Forster Unico ulkok\u00e4ytt\u00f6\u00f6n tarkoitettujen tuotteiden asennusohje<\/a><\/li>\n<li><a href=\"https:\/\/sakumetall.ee\/uksetehas\/wp-content\/uploads\/sites\/2\/2024\/04\/Palo-osastoivan-profiilituotteen-Forster-Presto-E30-assennusohje-1.pdf\">Palo-osastoivan profiilituotteen Forster Presto E30 asennusohje<\/a><\/li>\n<li><a href=\"https:\/\/sakumetall.ee\/uksetehas\/wp-content\/uploads\/sites\/2\/2024\/02\/Palo-osastoivan-profiilituotteen-Forster-Fuego-Light-EI30-asennusohje.pdf\">Palo-osastoivan profiilituotteen Forster Fuego Light EI30 asennusohje<\/a><\/li>\n<li><a href=\"https:\/\/sakumetall.ee\/uksetehas\/wp-content\/uploads\/sites\/2\/2024\/04\/Palo-osastoivan-profiilituotteen-Forster-Fuego-Light-EI60-assennusohje-1.pdf\">Palo-osastoivan profiilituotteen Forster Fuego Light EI60 asennusohje<\/a><\/li>\n<li><a href=\"https:\/\/sakumetall.ee\/uksetehas\/wp-content\/uploads\/sites\/2\/2024\/04\/Nokian-R54-julkisivujarjestelman-asennusohje-1.pdf\">Nokian R54 &#8211; julkisivuj\u00e4rjestelm\u00e4n asennusohje<\/a><\/li>\n<li><a href=\"https:\/\/sakumetall.ee\/uksetehas\/wp-content\/uploads\/sites\/2\/2024\/04\/Forster-Presto-sisakayttoon-tarkoitettujen-tuotteiden-asennusohje-1.pdf\">Forster Presto sis\u00e4k\u00e4ytt\u00f6\u00f6n tarkoitettujen tuotteiden asennusohje<\/a><\/li>\n<li><a href=\"https:\/\/sakumetall.ee\/uksetehas\/wp-content\/uploads\/sites\/2\/2024\/02\/Forster-Presto-ulkokayttoon-tarkoitettujen-tuotteiden-asennusohje.pdf\">Forster Presto ulkok\u00e4ytt\u00f6\u00f6n tarkoitettujen tuotteiden asennusohje<\/a><\/li>\n<li><a target=\"_blank\" href=\"https:\/\/sakumetall.ee\/uksetehas\/wp-content\/uploads\/sites\/2\/2023\/05\/Kodugaraaziukse-paigaldusjuhend-RES200-Ver01-EST-211118-1_FI.pdf\" rel=\"noopener\">RES200 asennusohjeet<\/a><\/li>\n<li><a target=\"_blank\" href=\"https:\/\/sakumetall.ee\/uksetehas\/wp-content\/uploads\/sites\/2\/2023\/05\/Kodugaraaziukse-paigaldusjuhend-RES350-Ver03-EST-211118-1_FI.pdf\" rel=\"noopener\">RES350 asennusohjeet<\/a><\/li>\n<li><a target=\"_blank\" href=\"https:\/\/sakumetall.ee\/uksetehas\/wp-content\/uploads\/sites\/2\/2016\/01\/T\u00f6\u00f6stususte-paigaldusjuhend-FIN.pdf\" rel=\"noopener\">Teollisuus-nosto-ovi asennusohje<\/a><\/li>\n<\/ul>\n<h2>Huolto- ja k\u00e4ytt\u00f6ohjeet<\/h2>\n<p>Oven huoltot\u00f6iden tekem\u00e4tt\u00e4 j\u00e4tt\u00e4minen ja oven ep\u00e4tarkoituksenmukainen k\u00e4ytt\u00f6 ovat perusteita AS Saku Metall ovitehtaan antaman takuun raukeamiseksi. Tuotteen pitk\u00e4aikaisen ja oikeanlaisen toimimisen varmistamiseksi suosittelemme solmimaan huoltosopimuksen AS Saku Metall ovitehtaan kanssa. Suosittelemme tutustumaan alla oleviin tuotteiden huolto- ja k\u00e4ytt\u00f6ohjeisiin.<\/p>\n<ul>\n<li><a target=\"_blank\" href=\"https:\/\/sakumetall.ee\/uksetehas\/wp-content\/uploads\/sites\/2\/2024\/04\/Metalliovien-yleinen-huolto-ja-kayttoohje-1.pdf\" rel=\"noopener\">Metalliovien yleinen huolto- ja k\u00e4ytt\u00f6ohje<\/a><\/li>\n<li><a target=\"_blank\" href=\"https:\/\/sakumetall.ee\/uksetehas\/wp-content\/uploads\/sites\/2\/2024\/04\/Lasiovien-yleinen-huolto-ja-kayttoohje-1.pdf\" rel=\"noopener\">Lasioven yleinen huolto ja k\u00e4ytt\u00f6ohje<\/a><\/li>\n<li><a target=\"_blank\" href=\"https:\/\/sakumetall.ee\/uksetehas\/wp-content\/uploads\/sites\/2\/2015\/05\/17.00.90-T\u00f5stukse-kasutus-ja-hooldusjuhend_ver01.pdf\" rel=\"noopener\">Nosto-oven k\u00e4ytt\u00f6-ja huolto-ohje<\/a><a target=\"_blank\" href=\"https:\/\/sakumetall.ee\/uksetehas\/hooldus\/hooldus-ja-kasutusjuhendid\/17-00-90-tostukse-kasutus-ja-hooldusjuhend_ver01\/\" rel=\"noopener\"><\/a><\/li>\n<li><a target=\"_blank\" href=\"https:\/\/sakumetall.ee\/uksetehas\/wp-content\/uploads\/sites\/2\/2015\/05\/17.00.91-Kollektiivgaraa\u017eide-automaatika-kasutusjuhend_ver01.pdf\" rel=\"noopener\">Yhteisautotallien automatiikan k\u00e4ytt\u00f6ohje<\/a><\/li>\n<li><a target=\"_blank\" href=\"https:\/\/sakumetall.ee\/uksetehas\/wp-content\/uploads\/sites\/2\/2015\/06\/17.00.82-Tuletokke-lykanduks_seadmega_GilgenBSV-FT_kasutusjuhendFIN_ver1.pdf\" rel=\"noopener\">Paloliukuovi FL75 EI60 ovensulkimella Gilgen BSV-FT<\/a><\/li>\n<\/ul>\n<p><a href=\"https:\/\/sakumetall.ee\/uksetehas\/wp-content\/uploads\/sites\/2\/2024\/03\/LogotFI24.jpg\"><img loading=\"lazy\" decoding=\"async\" width=\"976\" height=\"169\" class=\"size-full wp-image-29438 aligncenter\" src=\"https:\/\/sakumetall.ee\/uksetehas\/wp-content\/uploads\/sites\/2\/2024\/03\/LogotFI24.jpg\" alt=\"\" srcset=\"https:\/\/sakumetall.ee\/uksetehas\/wp-content\/uploads\/sites\/2\/2024\/03\/LogotFI24.jpg 976w, https:\/\/sakumetall.ee\/uksetehas\/wp-content\/uploads\/sites\/2\/2024\/03\/LogotFI24-300x52.jpg 300w, https:\/\/sakumetall.ee\/uksetehas\/wp-content\/uploads\/sites\/2\/2024\/03\/LogotFI24-768x133.jpg 768w, https:\/\/sakumetall.ee\/uksetehas\/wp-content\/uploads\/sites\/2\/2024\/03\/LogotFI24-180x31.jpg 180w, https:\/\/sakumetall.ee\/uksetehas\/wp-content\/uploads\/sites\/2\/2024\/03\/LogotFI24-400x69.jpg 400w\" sizes=\"auto, (max-width: 976px) 100vw, 976px\" \/><\/a><\/p>\n","protected":false},"excerpt":{"rendered":"<p>Sertifikaatit Saku Metall Oy on Tilaajavastuun Luotettava Kumppani sek\u00e4 Green Building Council Finland j\u00e4sen. Arvostamme ymp\u00e4rist\u00f6\u00e4 ja haluamme t\u00e4ytt\u00e4\u00e4 kaikki ymp\u00e4rist\u00f6vaatimukset ja v\u00e4hent\u00e4\u00e4 tuotteidemme ymp\u00e4rist\u00f6vaikutuksia. Toimintamme on ISO 9001, ISO 45001 sek\u00e4 ISO 14001 sertifioitua ja tuotteillamme on EPD ymp\u00e4rist\u00f6selosteet. Kaikki sertifikaatit ja tuotedokumentit l\u00f6ytyv\u00e4t my\u00f6s Rakennustiedon Tuotehausta. Turvatuotteemme ovat Suomen Finanssialan Keskusliiton suosittelemia. Metalliovet &#8230;<\/p>\n","protected":false},"author":1,"featured_media":0,"parent":0,"menu_order":49,"comment_status":"closed","ping_status":"closed","template":"","meta":{"footnotes":""},"class_list":["post-2496","page","type-page","status-publish","hentry"],"yoast_head":"<!-- This site is optimized with the Yoast SEO plugin v27.3 - https:\/\/yoast.com\/product\/yoast-seo-wordpress\/ -->\n<title>Dokumentaatio<\/title>\n<meta name=\"description\" content=\"Just another Saku Metall Sites site\" \/>\n<meta name=\"robots\" content=\"index, follow, max-snippet:-1, max-image-preview:large, max-video-preview:-1\" \/>\n<link rel=\"canonical\" href=\"https:\/\/sakumetall.ee\/uksetehas\/fi\/dokumentaatio\/\" \/>\n<meta property=\"og:locale\" content=\"fi_FI\" \/>\n<meta property=\"og:type\" content=\"article\" \/>\n<meta property=\"og:title\" content=\"Dokumentaatio\" \/>\n<meta property=\"og:description\" content=\"Just another Saku Metall Sites site\" \/>\n<meta property=\"og:url\" content=\"https:\/\/sakumetall.ee\/uksetehas\/fi\/dokumentaatio\/\" \/>\n<meta property=\"og:site_name\" content=\"Uksetehas\" \/>\n<meta property=\"article:modified_time\" content=\"2026-03-25T08:45:24+00:00\" \/>\n<meta property=\"og:image\" content=\"https:\/\/sakumetall.ee\/uksetehas\/wp-content\/uploads\/sites\/2\/2024\/03\/LogotFI24.jpg\" \/>\n\t<meta property=\"og:image:width\" content=\"976\" \/>\n\t<meta property=\"og:image:height\" content=\"169\" \/>\n\t<meta property=\"og:image:type\" content=\"image\/jpeg\" \/>\n<meta name=\"twitter:card\" content=\"summary_large_image\" \/>\n<meta name=\"twitter:label1\" content=\"Arvioitu lukuaika\" \/>\n\t<meta name=\"twitter:data1\" content=\"3 minuuttia\" \/>\n<script type=\"application\/ld+json\" class=\"yoast-schema-graph\">{\"@context\":\"https:\\\/\\\/schema.org\",\"@graph\":[{\"@type\":\"WebPage\",\"@id\":\"https:\\\/\\\/sakumetall.ee\\\/uksetehas\\\/fi\\\/dokumentaatio\\\/\",\"url\":\"https:\\\/\\\/sakumetall.ee\\\/uksetehas\\\/fi\\\/dokumentaatio\\\/\",\"name\":\"Dokumentaatio\",\"isPartOf\":{\"@id\":\"https:\\\/\\\/sakumetall.ee\\\/uksetehas\\\/fi\\\/#website\"},\"primaryImageOfPage\":{\"@id\":\"https:\\\/\\\/sakumetall.ee\\\/uksetehas\\\/fi\\\/dokumentaatio\\\/#primaryimage\"},\"image\":{\"@id\":\"https:\\\/\\\/sakumetall.ee\\\/uksetehas\\\/fi\\\/dokumentaatio\\\/#primaryimage\"},\"thumbnailUrl\":\"https:\\\/\\\/sakumetall.ee\\\/uksetehas\\\/wp-content\\\/uploads\\\/sites\\\/2\\\/2024\\\/03\\\/LogotFI24.jpg\",\"datePublished\":\"2015-05-26T09:26:19+00:00\",\"dateModified\":\"2026-03-25T08:45:24+00:00\",\"description\":\"Just another Saku Metall Sites site\",\"breadcrumb\":{\"@id\":\"https:\\\/\\\/sakumetall.ee\\\/uksetehas\\\/fi\\\/dokumentaatio\\\/#breadcrumb\"},\"inLanguage\":\"fi\",\"potentialAction\":[{\"@type\":\"ReadAction\",\"target\":[\"https:\\\/\\\/sakumetall.ee\\\/uksetehas\\\/fi\\\/dokumentaatio\\\/\"]}]},{\"@type\":\"ImageObject\",\"inLanguage\":\"fi\",\"@id\":\"https:\\\/\\\/sakumetall.ee\\\/uksetehas\\\/fi\\\/dokumentaatio\\\/#primaryimage\",\"url\":\"https:\\\/\\\/sakumetall.ee\\\/uksetehas\\\/wp-content\\\/uploads\\\/sites\\\/2\\\/2024\\\/03\\\/LogotFI24.jpg\",\"contentUrl\":\"https:\\\/\\\/sakumetall.ee\\\/uksetehas\\\/wp-content\\\/uploads\\\/sites\\\/2\\\/2024\\\/03\\\/LogotFI24.jpg\"},{\"@type\":\"BreadcrumbList\",\"@id\":\"https:\\\/\\\/sakumetall.ee\\\/uksetehas\\\/fi\\\/dokumentaatio\\\/#breadcrumb\",\"itemListElement\":[{\"@type\":\"ListItem\",\"position\":1,\"name\":\"Home\",\"item\":\"https:\\\/\\\/sakumetall.ee\\\/uksetehas\\\/fi\\\/\"},{\"@type\":\"ListItem\",\"position\":2,\"name\":\"Dokumentaatio\"}]},{\"@type\":\"WebSite\",\"@id\":\"https:\\\/\\\/sakumetall.ee\\\/uksetehas\\\/fi\\\/#website\",\"url\":\"https:\\\/\\\/sakumetall.ee\\\/uksetehas\\\/fi\\\/\",\"name\":\"Uksetehas\",\"description\":\"Just another Saku Metall Sites site\",\"potentialAction\":[{\"@type\":\"SearchAction\",\"target\":{\"@type\":\"EntryPoint\",\"urlTemplate\":\"https:\\\/\\\/sakumetall.ee\\\/uksetehas\\\/fi\\\/?s={search_term_string}\"},\"query-input\":{\"@type\":\"PropertyValueSpecification\",\"valueRequired\":true,\"valueName\":\"search_term_string\"}}],\"inLanguage\":\"fi\"}]}<\/script>\n<!-- \/ Yoast SEO plugin. -->","yoast_head_json":{"title":"Dokumentaatio","description":"Just another Saku Metall Sites site","robots":{"index":"index","follow":"follow","max-snippet":"max-snippet:-1","max-image-preview":"max-image-preview:large","max-video-preview":"max-video-preview:-1"},"canonical":"https:\/\/sakumetall.ee\/uksetehas\/fi\/dokumentaatio\/","og_locale":"fi_FI","og_type":"article","og_title":"Dokumentaatio","og_description":"Just another Saku Metall Sites site","og_url":"https:\/\/sakumetall.ee\/uksetehas\/fi\/dokumentaatio\/","og_site_name":"Uksetehas","article_modified_time":"2026-03-25T08:45:24+00:00","og_image":[{"width":976,"height":169,"url":"https:\/\/sakumetall.ee\/uksetehas\/wp-content\/uploads\/sites\/2\/2024\/03\/LogotFI24.jpg","type":"image\/jpeg"}],"twitter_card":"summary_large_image","twitter_misc":{"Arvioitu lukuaika":"3 minuuttia"},"schema":{"@context":"https:\/\/schema.org","@graph":[{"@type":"WebPage","@id":"https:\/\/sakumetall.ee\/uksetehas\/fi\/dokumentaatio\/","url":"https:\/\/sakumetall.ee\/uksetehas\/fi\/dokumentaatio\/","name":"Dokumentaatio","isPartOf":{"@id":"https:\/\/sakumetall.ee\/uksetehas\/fi\/#website"},"primaryImageOfPage":{"@id":"https:\/\/sakumetall.ee\/uksetehas\/fi\/dokumentaatio\/#primaryimage"},"image":{"@id":"https:\/\/sakumetall.ee\/uksetehas\/fi\/dokumentaatio\/#primaryimage"},"thumbnailUrl":"https:\/\/sakumetall.ee\/uksetehas\/wp-content\/uploads\/sites\/2\/2024\/03\/LogotFI24.jpg","datePublished":"2015-05-26T09:26:19+00:00","dateModified":"2026-03-25T08:45:24+00:00","description":"Just another Saku Metall Sites site","breadcrumb":{"@id":"https:\/\/sakumetall.ee\/uksetehas\/fi\/dokumentaatio\/#breadcrumb"},"inLanguage":"fi","potentialAction":[{"@type":"ReadAction","target":["https:\/\/sakumetall.ee\/uksetehas\/fi\/dokumentaatio\/"]}]},{"@type":"ImageObject","inLanguage":"fi","@id":"https:\/\/sakumetall.ee\/uksetehas\/fi\/dokumentaatio\/#primaryimage","url":"https:\/\/sakumetall.ee\/uksetehas\/wp-content\/uploads\/sites\/2\/2024\/03\/LogotFI24.jpg","contentUrl":"https:\/\/sakumetall.ee\/uksetehas\/wp-content\/uploads\/sites\/2\/2024\/03\/LogotFI24.jpg"},{"@type":"BreadcrumbList","@id":"https:\/\/sakumetall.ee\/uksetehas\/fi\/dokumentaatio\/#breadcrumb","itemListElement":[{"@type":"ListItem","position":1,"name":"Home","item":"https:\/\/sakumetall.ee\/uksetehas\/fi\/"},{"@type":"ListItem","position":2,"name":"Dokumentaatio"}]},{"@type":"WebSite","@id":"https:\/\/sakumetall.ee\/uksetehas\/fi\/#website","url":"https:\/\/sakumetall.ee\/uksetehas\/fi\/","name":"Uksetehas","description":"Just another Saku Metall Sites site","potentialAction":[{"@type":"SearchAction","target":{"@type":"EntryPoint","urlTemplate":"https:\/\/sakumetall.ee\/uksetehas\/fi\/?s={search_term_string}"},"query-input":{"@type":"PropertyValueSpecification","valueRequired":true,"valueName":"search_term_string"}}],"inLanguage":"fi"}]}},"_links":{"self":[{"href":"https:\/\/sakumetall.ee\/uksetehas\/fi\/wp-json\/wp\/v2\/pages\/2496","targetHints":{"allow":["GET"]}}],"collection":[{"href":"https:\/\/sakumetall.ee\/uksetehas\/fi\/wp-json\/wp\/v2\/pages"}],"about":[{"href":"https:\/\/sakumetall.ee\/uksetehas\/fi\/wp-json\/wp\/v2\/types\/page"}],"author":[{"embeddable":true,"href":"https:\/\/sakumetall.ee\/uksetehas\/fi\/wp-json\/wp\/v2\/users\/1"}],"replies":[{"embeddable":true,"href":"https:\/\/sakumetall.ee\/uksetehas\/fi\/wp-json\/wp\/v2\/comments?post=2496"}],"version-history":[{"count":104,"href":"https:\/\/sakumetall.ee\/uksetehas\/fi\/wp-json\/wp\/v2\/pages\/2496\/revisions"}],"predecessor-version":[{"id":34960,"href":"https:\/\/sakumetall.ee\/uksetehas\/fi\/wp-json\/wp\/v2\/pages\/2496\/revisions\/34960"}],"wp:attachment":[{"href":"https:\/\/sakumetall.ee\/uksetehas\/fi\/wp-json\/wp\/v2\/media?parent=2496"}],"curies":[{"name":"wp","href":"https:\/\/api.w.org\/{rel}","templated":true}]}}