{"id":3926,"date":"2016-02-15T18:20:50","date_gmt":"2016-02-15T16:20:50","guid":{"rendered":"https:\/\/sakumetall.ee\/uksetehasfi\/?page_id=3926"},"modified":"2024-02-29T14:17:58","modified_gmt":"2024-02-29T12:17:58","slug":"sertifikaatit","status":"publish","type":"page","link":"https:\/\/sakumetall.ee\/uksetehas\/fi\/yrityksesta\/sertifikaatit\/","title":{"rendered":"Sertifikaatit"},"content":{"rendered":"<p><strong>Metalliovet<\/strong><\/p>\n<ul>\n<li><a target=\"_blank\" href=\"https:\/\/sakumetall.ee\/uksetehas\/wp-content\/uploads\/sites\/2\/2022\/01\/FIN-EUFI29-19004018-THTOD-EI-60-palo-ovet-FQ-ja-FQL-EI60-paivitys-211229.pdf\" rel=\"noopener\">Ikkunalliset ter\u00e4spalo-ovi FQ EI60 ja ter\u00e4spalo-ovet FQ EI60\/EI30 ja FQL EI60\/EI30<\/a><\/li>\n<li><a target=\"_blank\" href=\"https:\/\/sakumetall.ee\/uksetehas\/wp-content\/uploads\/sites\/2\/2020\/06\/FIN-VTT-EUFI29-19004017-THTOD-EI2-30-palo-ovi-FQEI30-191028.pdf\" rel=\"noopener\">Yksilehtinen ter\u00e4sturvapalo-ovi FQ EI30<\/a><\/li>\n<li><a target=\"_blank\" href=\"https:\/\/sakumetall.ee\/uksetehas\/wp-content\/uploads\/sites\/2\/2020\/06\/FIN-VTT-EUFI29-19004016-THTOD-EI2-30_turvaumpipalo-ovi-191028.pdf\" rel=\"noopener\">Yksilehtinen, ikkunallinen ter\u00e4spalo-ovi FQ EI30<\/a><\/li>\n<li><a target=\"_blank\" href=\"https:\/\/sakumetall.ee\/uksetehas\/wp-content\/uploads\/sites\/2\/2021\/07\/FIN-EUFI21002769-THTOD-FL75-Liukupalo-ovi-EI60-210628.pdf\" rel=\"noopener\">FIN-Metalli liukupaloovi FL EI60-VTT-RTH-00023-11<\/a><\/li>\n<li><a target=\"_blank\" href=\"https:\/\/sakumetall.ee\/uksetehas\/wp-content\/uploads\/sites\/2\/2023\/07\/FIN-EUFI29-20003490-THTOD-FQ-100-EI120-palo-ovi-230626.pdf\" rel=\"noopener\">Ter\u00e4spalo-ovi ja ter\u00e4sparipalo-ovi FQ100 EI120<\/a><\/li>\n<li><a href=\"https:\/\/sakumetall.ee\/uksetehas\/wp-content\/uploads\/sites\/2\/2023\/10\/ENG-ET-0288-20-RC3-RC4-FQEI60-security-firedoor-230930.pdf\">Single leaf steel door FQ64LT EI60 RC3 and RC4<\/a><\/li>\n<li><a href=\"https:\/\/sakumetall.ee\/uksetehas\/wp-content\/uploads\/sites\/2\/2024\/02\/ENG-1336-CPR-0163-External-steel-door-Q-240227.pdf\">Single and double leaf external metal door Q<\/a><\/li>\n<li><a href=\"https:\/\/sakumetall.ee\/uksetehas\/wp-content\/uploads\/sites\/2\/2023\/03\/FIN-1336-CPR-0266-Metalli-ulko-palo-ovi-FQ-EI-120.pdf\">Metalli ulko-palo-ovi FQ EI120. Metalli ulko-palo-pariovi FQ EI120<\/a><\/li>\n<li><a href=\"https:\/\/sakumetall.ee\/uksetehas\/wp-content\/uploads\/sites\/2\/2023\/03\/FIN-1336-CPR-0209-Metalli-ulko-palo-ovi-FQ-FQL-EI30-EI60.pdf\">Metalli ulko-palo-ovi FQ EI60, FQL EI60, FQL EI30. Metalli ulko-palo-pariovi FQ EI60, FQ EI30, FQL EI60, FQL EI30.\u00a0<\/a><\/li>\n<li><a href=\"https:\/\/sakumetall.ee\/uksetehas\/wp-content\/uploads\/sites\/2\/2023\/03\/FIN-1336-CPR-0210-Metalli-ulko-palo-ovi-FQ-EI30.pdf\">Metalli ulko-palo-ovi FQ EI30<\/a><\/li>\n<li><a href=\"https:\/\/sakumetall.ee\/uksetehas\/wp-content\/uploads\/sites\/2\/2023\/03\/FIN-1336-CPR-0233-Metalli-ulko-palo-turvaovi-FQ-EI30.pdf\">Metalli ulko-palo turvaovi FQ EI30<\/a><\/li>\n<\/ul>\n<p><strong>Luukkut<\/strong><\/p>\n<ul>\n<li><a href=\"https:\/\/sakumetall.ee\/uksetehas\/wp-content\/uploads\/sites\/2\/2023\/03\/FIN-1336-CPR-0228-Metalli-ulko-palo-luukku-FQ-EI30-EI60.pdf\">Metalli ulko-palo-luukku FQ EI30 ja FQ EI60<\/a><\/li>\n<\/ul>\n<p><strong>Ter\u00e4sprofiili tuotteet<\/strong><\/p>\n<ul>\n<li><a target=\"_blank\" href=\"https:\/\/sakumetall.ee\/uksetehas\/wp-content\/uploads\/sites\/2\/2022\/01\/EUFI-21005690-THTOD-Forster-Fuego-Light-EI60-ovet-7.01.2022.pdf\" rel=\"noopener\"> Ter\u00e4sprofiileista tehty Forster Fuego Light 60- j\u00e4rjestelm\u00e4n yksilehtinen lasipalo-ja lasiparipalo-ovi sek\u00e4 yksilehtinen metalliovi ja metallipariovi<\/a><\/li>\n<li><a target=\"_blank\" href=\"https:\/\/sakumetall.ee\/uksetehas\/wp-content\/uploads\/sites\/2\/2022\/01\/EUFI-22000002-THTOD-Forster-Fuego-Light-EI30-ovet-10.01.2022.pdf\" rel=\"noopener\">Ter\u00e4sprofiileista tehty Forster Fuego Light 30-j\u00e4rjestelm\u00e4n yksilehtinen lasipalo- ja lasiparipalo-ovi sek\u00e4 yksilehtinen metalliovi ja metallipariovi<\/a><\/li>\n<li><a target=\"_blank\" href=\"https:\/\/sakumetall.ee\/uksetehas\/wp-content\/uploads\/sites\/2\/2023\/12\/ENG-ET-0013-18-Presto-E30-doors-13.12.2023.pdf\" rel=\"noopener\">Ter\u00e4sprofiileista tehty Forster Presto 30\/60- j\u00e4rjestelm\u00e4n yksilehtinen lasipalo- ja lasiparipaloovi sek\u00e4 yksilehtinen metalliovi ja metallipariovi<\/a><\/li>\n<li><a target=\"_blank\" href=\"https:\/\/sakumetall.ee\/uksetehas\/wp-content\/uploads\/sites\/2\/2024\/01\/VTT-EUFI29-19005434-THTOD-Forster-Fuego-Light-EI30-liukuovet-240111.pdf\" rel=\"noopener\">Ter\u00e4sprofiileista tehty Forster Fuego Light 30- j\u00e4rjestelm\u00e4n yksi- tai kaksilehtinen lasinen liukupalo-ovi<\/a><\/li>\n<\/ul>\n","protected":false},"excerpt":{"rendered":"<p>Metalliovet Ikkunalliset ter\u00e4spalo-ovi FQ EI60 ja ter\u00e4spalo-ovet FQ EI60\/EI30 ja FQL EI60\/EI30 Yksilehtinen ter\u00e4sturvapalo-ovi FQ EI30 Yksilehtinen, ikkunallinen ter\u00e4spalo-ovi FQ EI30 FIN-Metalli liukupaloovi FL EI60-VTT-RTH-00023-11 Ter\u00e4spalo-ovi ja ter\u00e4sparipalo-ovi FQ100 EI120 Single leaf steel door FQ64LT EI60 RC3 and RC4 Single and double leaf external metal door Q Metalli ulko-palo-ovi FQ EI120. Metalli ulko-palo-pariovi FQ EI120 &#8230;<\/p>\n","protected":false},"author":2,"featured_media":0,"parent":2459,"menu_order":1,"comment_status":"closed","ping_status":"closed","template":"","meta":{"footnotes":""},"class_list":["post-3926","page","type-page","status-publish","hentry"],"yoast_head":"<!-- This site is optimized with the Yoast SEO plugin v27.3 - https:\/\/yoast.com\/product\/yoast-seo-wordpress\/ -->\n<title>Sertifikaatit<\/title>\n<meta name=\"description\" content=\"Just another Saku Metall Sites site\" \/>\n<meta name=\"robots\" content=\"index, follow, max-snippet:-1, max-image-preview:large, max-video-preview:-1\" \/>\n<link rel=\"canonical\" href=\"https:\/\/sakumetall.ee\/uksetehas\/fi\/yrityksesta\/sertifikaatit\/\" \/>\n<meta property=\"og:locale\" content=\"fi_FI\" \/>\n<meta property=\"og:type\" content=\"article\" \/>\n<meta property=\"og:title\" content=\"Sertifikaatit\" \/>\n<meta property=\"og:description\" content=\"Just another Saku Metall Sites site\" \/>\n<meta property=\"og:url\" content=\"https:\/\/sakumetall.ee\/uksetehas\/fi\/yrityksesta\/sertifikaatit\/\" \/>\n<meta property=\"og:site_name\" content=\"Uksetehas\" \/>\n<meta property=\"article:modified_time\" content=\"2024-02-29T12:17:58+00:00\" \/>\n<meta name=\"twitter:card\" content=\"summary_large_image\" \/>\n<meta name=\"twitter:label1\" content=\"Arvioitu lukuaika\" \/>\n\t<meta name=\"twitter:data1\" content=\"1 minuutti\" \/>\n<script type=\"application\/ld+json\" class=\"yoast-schema-graph\">{\"@context\":\"https:\\\/\\\/schema.org\",\"@graph\":[{\"@type\":\"WebPage\",\"@id\":\"https:\\\/\\\/sakumetall.ee\\\/uksetehas\\\/fi\\\/yrityksesta\\\/sertifikaatit\\\/\",\"url\":\"https:\\\/\\\/sakumetall.ee\\\/uksetehas\\\/fi\\\/yrityksesta\\\/sertifikaatit\\\/\",\"name\":\"Sertifikaatit\",\"isPartOf\":{\"@id\":\"https:\\\/\\\/sakumetall.ee\\\/uksetehas\\\/fi\\\/#website\"},\"datePublished\":\"2016-02-15T16:20:50+00:00\",\"dateModified\":\"2024-02-29T12:17:58+00:00\",\"description\":\"Just another Saku Metall Sites site\",\"breadcrumb\":{\"@id\":\"https:\\\/\\\/sakumetall.ee\\\/uksetehas\\\/fi\\\/yrityksesta\\\/sertifikaatit\\\/#breadcrumb\"},\"inLanguage\":\"fi\",\"potentialAction\":[{\"@type\":\"ReadAction\",\"target\":[\"https:\\\/\\\/sakumetall.ee\\\/uksetehas\\\/fi\\\/yrityksesta\\\/sertifikaatit\\\/\"]}]},{\"@type\":\"BreadcrumbList\",\"@id\":\"https:\\\/\\\/sakumetall.ee\\\/uksetehas\\\/fi\\\/yrityksesta\\\/sertifikaatit\\\/#breadcrumb\",\"itemListElement\":[{\"@type\":\"ListItem\",\"position\":1,\"name\":\"Home\",\"item\":\"https:\\\/\\\/sakumetall.ee\\\/uksetehas\\\/fi\\\/\"},{\"@type\":\"ListItem\",\"position\":2,\"name\":\"Yrityksest\u00e4\",\"item\":\"https:\\\/\\\/sakumetall.ee\\\/uksetehas\\\/fi\\\/yrityksesta\\\/\"},{\"@type\":\"ListItem\",\"position\":3,\"name\":\"Sertifikaatit\"}]},{\"@type\":\"WebSite\",\"@id\":\"https:\\\/\\\/sakumetall.ee\\\/uksetehas\\\/fi\\\/#website\",\"url\":\"https:\\\/\\\/sakumetall.ee\\\/uksetehas\\\/fi\\\/\",\"name\":\"Uksetehas\",\"description\":\"Just another Saku Metall Sites site\",\"potentialAction\":[{\"@type\":\"SearchAction\",\"target\":{\"@type\":\"EntryPoint\",\"urlTemplate\":\"https:\\\/\\\/sakumetall.ee\\\/uksetehas\\\/fi\\\/?s={search_term_string}\"},\"query-input\":{\"@type\":\"PropertyValueSpecification\",\"valueRequired\":true,\"valueName\":\"search_term_string\"}}],\"inLanguage\":\"fi\"}]}<\/script>\n<!-- \/ Yoast SEO plugin. -->","yoast_head_json":{"title":"Sertifikaatit","description":"Just another Saku Metall Sites site","robots":{"index":"index","follow":"follow","max-snippet":"max-snippet:-1","max-image-preview":"max-image-preview:large","max-video-preview":"max-video-preview:-1"},"canonical":"https:\/\/sakumetall.ee\/uksetehas\/fi\/yrityksesta\/sertifikaatit\/","og_locale":"fi_FI","og_type":"article","og_title":"Sertifikaatit","og_description":"Just another Saku Metall Sites site","og_url":"https:\/\/sakumetall.ee\/uksetehas\/fi\/yrityksesta\/sertifikaatit\/","og_site_name":"Uksetehas","article_modified_time":"2024-02-29T12:17:58+00:00","twitter_card":"summary_large_image","twitter_misc":{"Arvioitu lukuaika":"1 minuutti"},"schema":{"@context":"https:\/\/schema.org","@graph":[{"@type":"WebPage","@id":"https:\/\/sakumetall.ee\/uksetehas\/fi\/yrityksesta\/sertifikaatit\/","url":"https:\/\/sakumetall.ee\/uksetehas\/fi\/yrityksesta\/sertifikaatit\/","name":"Sertifikaatit","isPartOf":{"@id":"https:\/\/sakumetall.ee\/uksetehas\/fi\/#website"},"datePublished":"2016-02-15T16:20:50+00:00","dateModified":"2024-02-29T12:17:58+00:00","description":"Just another Saku Metall Sites site","breadcrumb":{"@id":"https:\/\/sakumetall.ee\/uksetehas\/fi\/yrityksesta\/sertifikaatit\/#breadcrumb"},"inLanguage":"fi","potentialAction":[{"@type":"ReadAction","target":["https:\/\/sakumetall.ee\/uksetehas\/fi\/yrityksesta\/sertifikaatit\/"]}]},{"@type":"BreadcrumbList","@id":"https:\/\/sakumetall.ee\/uksetehas\/fi\/yrityksesta\/sertifikaatit\/#breadcrumb","itemListElement":[{"@type":"ListItem","position":1,"name":"Home","item":"https:\/\/sakumetall.ee\/uksetehas\/fi\/"},{"@type":"ListItem","position":2,"name":"Yrityksest\u00e4","item":"https:\/\/sakumetall.ee\/uksetehas\/fi\/yrityksesta\/"},{"@type":"ListItem","position":3,"name":"Sertifikaatit"}]},{"@type":"WebSite","@id":"https:\/\/sakumetall.ee\/uksetehas\/fi\/#website","url":"https:\/\/sakumetall.ee\/uksetehas\/fi\/","name":"Uksetehas","description":"Just another Saku Metall Sites site","potentialAction":[{"@type":"SearchAction","target":{"@type":"EntryPoint","urlTemplate":"https:\/\/sakumetall.ee\/uksetehas\/fi\/?s={search_term_string}"},"query-input":{"@type":"PropertyValueSpecification","valueRequired":true,"valueName":"search_term_string"}}],"inLanguage":"fi"}]}},"_links":{"self":[{"href":"https:\/\/sakumetall.ee\/uksetehas\/fi\/wp-json\/wp\/v2\/pages\/3926","targetHints":{"allow":["GET"]}}],"collection":[{"href":"https:\/\/sakumetall.ee\/uksetehas\/fi\/wp-json\/wp\/v2\/pages"}],"about":[{"href":"https:\/\/sakumetall.ee\/uksetehas\/fi\/wp-json\/wp\/v2\/types\/page"}],"author":[{"embeddable":true,"href":"https:\/\/sakumetall.ee\/uksetehas\/fi\/wp-json\/wp\/v2\/users\/2"}],"replies":[{"embeddable":true,"href":"https:\/\/sakumetall.ee\/uksetehas\/fi\/wp-json\/wp\/v2\/comments?post=3926"}],"version-history":[{"count":45,"href":"https:\/\/sakumetall.ee\/uksetehas\/fi\/wp-json\/wp\/v2\/pages\/3926\/revisions"}],"predecessor-version":[{"id":29396,"href":"https:\/\/sakumetall.ee\/uksetehas\/fi\/wp-json\/wp\/v2\/pages\/3926\/revisions\/29396"}],"up":[{"embeddable":true,"href":"https:\/\/sakumetall.ee\/uksetehas\/fi\/wp-json\/wp\/v2\/pages\/2459"}],"wp:attachment":[{"href":"https:\/\/sakumetall.ee\/uksetehas\/fi\/wp-json\/wp\/v2\/media?parent=3926"}],"curies":[{"name":"wp","href":"https:\/\/api.w.org\/{rel}","templated":true}]}}