{"id":4309,"date":"2016-01-26T17:16:41","date_gmt":"2016-01-26T15:16:41","guid":{"rendered":"https:\/\/sakumetall.ee\/uksetehasfi\/huolto-ja-korjaus\/paigaldusjuhendid\/"},"modified":"2024-04-08T14:27:25","modified_gmt":"2024-04-08T11:27:25","slug":"paigaldusjuhendid","status":"publish","type":"page","link":"https:\/\/sakumetall.ee\/uksetehas\/fi\/paigaldusjuhendid\/","title":{"rendered":"Asennusohjeet"},"content":{"rendered":"<p>Antamamme takuu on voimassa sill\u00e4 ehdolla, ett\u00e4 tuotteen asennus, k\u00e4ytt\u00f6 ja huolto tapahtuvat tuotteen asennus-, k\u00e4ytt\u00f6- ja huolto-ohjeiden mukaan.<\/p>\n<ul>\n<li><a target=\"_blank\" href=\"https:\/\/sakumetall.ee\/uksetehas\/hooldus\/paigaldusjuhendid\/17-00-09-metallioven-asennusohje_ver02-151103-2\/\" rel=\"noopener\">Metallioven asennusohje<\/a><\/li>\n<li><a target=\"_blank\" href=\"https:\/\/sakumetall.ee\/uksetehas\/wp-content\/uploads\/sites\/2\/2024\/04\/Metallipaloturvaoven-FQ-EI30-asennusohje-1.pdf\" rel=\"noopener\">Metallipaloturvaoven FQ EI30 asennusohje<\/a><\/li>\n<li><a target=\"_blank\" href=\"https:\/\/sakumetall.ee\/uksetehas\/wp-content\/uploads\/sites\/2\/2024\/04\/Metalli-paloluukkujen-FQ-asennusohje-1.pdf\" rel=\"noopener\">Metalli paloluukkujen FQ asennusohje<\/a><\/li>\n<li><a target=\"_blank\" href=\"https:\/\/sakumetall.ee\/uksetehas\/hooldus\/paigaldusjuhendid\/17-00-60-teraespalo-liukuoven-fl75-ei60-mfd091-asennusohje_ver01-150417-2\/\" rel=\"noopener\">Ter\u00e4spalo-liukuoven FL75 EI60 (MFD091) asennusohje<\/a><\/li>\n<li><a target=\"_blank\" href=\"https:\/\/sakumetall.ee\/uksetehas\/hooldus\/paigaldusjuhendid\/17-00-56-metalli-palo-oven-fg-ja-fql-asennusohje_ver03-151103-2\/\" rel=\"noopener\">Metalli palo-oven FG ja FQ(L) asennusohje<\/a><\/li>\n<li><a target=\"_blank\" href=\"https:\/\/sakumetall.ee\/uksetehas\/hooldus\/paigaldusjuhendid\/17-00-101-metallioven-karmin-vastakappaleiden-asennusohje_ver01-150417-2\/\" rel=\"noopener\">Metallioven karmin vastakappaleiden asennusohje<\/a><\/li>\n<li><a target=\"_blank\" href=\"https:\/\/sakumetall.ee\/uksetehas\/hooldus\/paigaldusjuhendid\/17-00-45-forster-unico-valistoodete-paigaldusjuhend-vaelinefin\/\" rel=\"noopener\">Forster Unico asennusohje<\/a><\/li>\n<li><a target=\"_blank\" href=\"https:\/\/sakumetall.ee\/uksetehas\/hooldus\/paigaldusjuhendid\/res200_kodugaraaziukse-paigaldusjuhend-fin_ver02\/\" rel=\"noopener\">RES200 asennusohjeet<\/a><\/li>\n<li><a target=\"_blank\" href=\"https:\/\/sakumetall.ee\/uksetehas\/hooldus\/paigaldusjuhendid\/res350_kodugaraaziukse-paigaldusjuhend-fin_ver02\/\" rel=\"noopener\">RES350 asennusohjeet<\/a><\/li>\n<li><a target=\"_blank\" href=\"https:\/\/sakumetall.ee\/uksetehas\/hooldus\/paigaldusjuhendid\/toeoestususte-paigaldusjuhend-fin\/\" rel=\"noopener\">Teollisuus-nosto-ovi asennusohje<\/a><\/li>\n<\/ul>\n<p>&nbsp;<\/p>\n<p>&nbsp;<\/p>\n","protected":false},"excerpt":{"rendered":"<p>Antamamme takuu on voimassa sill\u00e4 ehdolla, ett\u00e4 tuotteen asennus, k\u00e4ytt\u00f6 ja huolto tapahtuvat tuotteen asennus-, k\u00e4ytt\u00f6- ja huolto-ohjeiden mukaan. Metallioven asennusohje Metallipaloturvaoven FQ EI30 asennusohje Metalli paloluukkujen FQ asennusohje Ter\u00e4spalo-liukuoven FL75 EI60 (MFD091) asennusohje Metalli palo-oven FG ja FQ(L) asennusohje Metallioven karmin vastakappaleiden asennusohje Forster Unico asennusohje RES200 asennusohjeet RES350 asennusohjeet Teollisuus-nosto-ovi asennusohje &nbsp; &nbsp;<\/p>\n","protected":false},"author":2,"featured_media":0,"parent":0,"menu_order":1,"comment_status":"closed","ping_status":"closed","template":"","meta":{"footnotes":""},"class_list":["post-4309","page","type-page","status-publish","hentry"],"yoast_head":"<!-- This site is optimized with the Yoast SEO plugin v27.3 - https:\/\/yoast.com\/product\/yoast-seo-wordpress\/ -->\n<title>Asennusohjeet<\/title>\n<meta name=\"description\" content=\"Just another Saku Metall Sites site\" \/>\n<meta name=\"robots\" content=\"index, follow, max-snippet:-1, max-image-preview:large, max-video-preview:-1\" \/>\n<link rel=\"canonical\" href=\"https:\/\/sakumetall.ee\/uksetehas\/fi\/paigaldusjuhendid\/\" \/>\n<meta property=\"og:locale\" content=\"fi_FI\" \/>\n<meta property=\"og:type\" content=\"article\" \/>\n<meta property=\"og:title\" content=\"Asennusohjeet\" \/>\n<meta property=\"og:description\" content=\"Just another Saku Metall Sites site\" \/>\n<meta property=\"og:url\" content=\"https:\/\/sakumetall.ee\/uksetehas\/fi\/paigaldusjuhendid\/\" \/>\n<meta property=\"og:site_name\" content=\"Uksetehas\" \/>\n<meta property=\"article:modified_time\" content=\"2024-04-08T11:27:25+00:00\" \/>\n<meta name=\"twitter:card\" content=\"summary_large_image\" \/>\n<meta name=\"twitter:label1\" content=\"Arvioitu lukuaika\" \/>\n\t<meta name=\"twitter:data1\" content=\"1 minuutti\" \/>\n<script type=\"application\/ld+json\" class=\"yoast-schema-graph\">{\"@context\":\"https:\\\/\\\/schema.org\",\"@graph\":[{\"@type\":\"WebPage\",\"@id\":\"https:\\\/\\\/sakumetall.ee\\\/uksetehas\\\/fi\\\/paigaldusjuhendid\\\/\",\"url\":\"https:\\\/\\\/sakumetall.ee\\\/uksetehas\\\/fi\\\/paigaldusjuhendid\\\/\",\"name\":\"Asennusohjeet\",\"isPartOf\":{\"@id\":\"https:\\\/\\\/sakumetall.ee\\\/uksetehas\\\/fi\\\/#website\"},\"datePublished\":\"2016-01-26T15:16:41+00:00\",\"dateModified\":\"2024-04-08T11:27:25+00:00\",\"description\":\"Just another Saku Metall Sites site\",\"breadcrumb\":{\"@id\":\"https:\\\/\\\/sakumetall.ee\\\/uksetehas\\\/fi\\\/paigaldusjuhendid\\\/#breadcrumb\"},\"inLanguage\":\"fi\",\"potentialAction\":[{\"@type\":\"ReadAction\",\"target\":[\"https:\\\/\\\/sakumetall.ee\\\/uksetehas\\\/fi\\\/paigaldusjuhendid\\\/\"]}]},{\"@type\":\"BreadcrumbList\",\"@id\":\"https:\\\/\\\/sakumetall.ee\\\/uksetehas\\\/fi\\\/paigaldusjuhendid\\\/#breadcrumb\",\"itemListElement\":[{\"@type\":\"ListItem\",\"position\":1,\"name\":\"Home\",\"item\":\"https:\\\/\\\/sakumetall.ee\\\/uksetehas\\\/fi\\\/\"},{\"@type\":\"ListItem\",\"position\":2,\"name\":\"Asennusohjeet\"}]},{\"@type\":\"WebSite\",\"@id\":\"https:\\\/\\\/sakumetall.ee\\\/uksetehas\\\/fi\\\/#website\",\"url\":\"https:\\\/\\\/sakumetall.ee\\\/uksetehas\\\/fi\\\/\",\"name\":\"Uksetehas\",\"description\":\"Just another Saku Metall Sites site\",\"potentialAction\":[{\"@type\":\"SearchAction\",\"target\":{\"@type\":\"EntryPoint\",\"urlTemplate\":\"https:\\\/\\\/sakumetall.ee\\\/uksetehas\\\/fi\\\/?s={search_term_string}\"},\"query-input\":{\"@type\":\"PropertyValueSpecification\",\"valueRequired\":true,\"valueName\":\"search_term_string\"}}],\"inLanguage\":\"fi\"}]}<\/script>\n<!-- \/ Yoast SEO plugin. -->","yoast_head_json":{"title":"Asennusohjeet","description":"Just another Saku Metall Sites site","robots":{"index":"index","follow":"follow","max-snippet":"max-snippet:-1","max-image-preview":"max-image-preview:large","max-video-preview":"max-video-preview:-1"},"canonical":"https:\/\/sakumetall.ee\/uksetehas\/fi\/paigaldusjuhendid\/","og_locale":"fi_FI","og_type":"article","og_title":"Asennusohjeet","og_description":"Just another Saku Metall Sites site","og_url":"https:\/\/sakumetall.ee\/uksetehas\/fi\/paigaldusjuhendid\/","og_site_name":"Uksetehas","article_modified_time":"2024-04-08T11:27:25+00:00","twitter_card":"summary_large_image","twitter_misc":{"Arvioitu lukuaika":"1 minuutti"},"schema":{"@context":"https:\/\/schema.org","@graph":[{"@type":"WebPage","@id":"https:\/\/sakumetall.ee\/uksetehas\/fi\/paigaldusjuhendid\/","url":"https:\/\/sakumetall.ee\/uksetehas\/fi\/paigaldusjuhendid\/","name":"Asennusohjeet","isPartOf":{"@id":"https:\/\/sakumetall.ee\/uksetehas\/fi\/#website"},"datePublished":"2016-01-26T15:16:41+00:00","dateModified":"2024-04-08T11:27:25+00:00","description":"Just another Saku Metall Sites site","breadcrumb":{"@id":"https:\/\/sakumetall.ee\/uksetehas\/fi\/paigaldusjuhendid\/#breadcrumb"},"inLanguage":"fi","potentialAction":[{"@type":"ReadAction","target":["https:\/\/sakumetall.ee\/uksetehas\/fi\/paigaldusjuhendid\/"]}]},{"@type":"BreadcrumbList","@id":"https:\/\/sakumetall.ee\/uksetehas\/fi\/paigaldusjuhendid\/#breadcrumb","itemListElement":[{"@type":"ListItem","position":1,"name":"Home","item":"https:\/\/sakumetall.ee\/uksetehas\/fi\/"},{"@type":"ListItem","position":2,"name":"Asennusohjeet"}]},{"@type":"WebSite","@id":"https:\/\/sakumetall.ee\/uksetehas\/fi\/#website","url":"https:\/\/sakumetall.ee\/uksetehas\/fi\/","name":"Uksetehas","description":"Just another Saku Metall Sites site","potentialAction":[{"@type":"SearchAction","target":{"@type":"EntryPoint","urlTemplate":"https:\/\/sakumetall.ee\/uksetehas\/fi\/?s={search_term_string}"},"query-input":{"@type":"PropertyValueSpecification","valueRequired":true,"valueName":"search_term_string"}}],"inLanguage":"fi"}]}},"_links":{"self":[{"href":"https:\/\/sakumetall.ee\/uksetehas\/fi\/wp-json\/wp\/v2\/pages\/4309","targetHints":{"allow":["GET"]}}],"collection":[{"href":"https:\/\/sakumetall.ee\/uksetehas\/fi\/wp-json\/wp\/v2\/pages"}],"about":[{"href":"https:\/\/sakumetall.ee\/uksetehas\/fi\/wp-json\/wp\/v2\/types\/page"}],"author":[{"embeddable":true,"href":"https:\/\/sakumetall.ee\/uksetehas\/fi\/wp-json\/wp\/v2\/users\/2"}],"replies":[{"embeddable":true,"href":"https:\/\/sakumetall.ee\/uksetehas\/fi\/wp-json\/wp\/v2\/comments?post=4309"}],"version-history":[{"count":10,"href":"https:\/\/sakumetall.ee\/uksetehas\/fi\/wp-json\/wp\/v2\/pages\/4309\/revisions"}],"predecessor-version":[{"id":30290,"href":"https:\/\/sakumetall.ee\/uksetehas\/fi\/wp-json\/wp\/v2\/pages\/4309\/revisions\/30290"}],"wp:attachment":[{"href":"https:\/\/sakumetall.ee\/uksetehas\/fi\/wp-json\/wp\/v2\/media?parent=4309"}],"curies":[{"name":"wp","href":"https:\/\/api.w.org\/{rel}","templated":true}]}}