{"id":6895,"date":"2015-05-27T16:42:17","date_gmt":"2015-05-27T13:42:17","guid":{"rendered":"https:\/\/sakumetall.ee\/uksetehas\/fi\/yrityksesta\/uudised\/"},"modified":"2023-03-21T12:01:51","modified_gmt":"2023-03-21T10:01:51","slug":"uutiset","status":"publish","type":"page","link":"https:\/\/sakumetall.ee\/uksetehas\/fi\/yrityksesta\/uutiset\/","title":{"rendered":"Uutiset"},"content":{"rendered":"<p><strong>Edell\u00e4k\u00e4vij\u00e4 ymp\u00e4rist\u00f6asioissa! <\/strong><\/p>\n<p><strong>\u00a0Tuotteillemme on my\u00f6nnetty kansainv\u00e4liset EPD ymp\u00e4rist\u00f6selosteet.\u00a0<\/strong><\/p>\n<p>EPD (ymp\u00e4rist\u00f6tuoteseloste) perustuu tuotteen elinkaariarviointiin, jossa otetaan huomioon tuotannon kaikki ymp\u00e4rist\u00f6vaikutukset mineraalivarojen louhinnasta, puretun tuotteen kierr\u00e4tykseen sen k\u00e4ytt\u00f6i\u00e4n lopussa.<\/p>\n<p>Kokosimme EPD:n ja sen taustalla olevan elinkaaritutkimuksen yrityksen omana hankkeena osana yrityksemme kest\u00e4v\u00e4n kehityksen strategiaa. T\u00e4m\u00e4 erottaa meid\u00e4t monista muista yrityksist\u00e4, jotka ovat ulkoistaneet t\u00e4m\u00e4n ty\u00f6n. N\u00e4in saimme aiempaa paremman k\u00e4sityksen tuotteen ja tuotannon elinkaaren ymp\u00e4rist\u00f6vaikutuksista, joihin suurimmat muutokset voidaan tehd\u00e4 suunnitteluvaiheessa. Siksi on t\u00e4rke\u00e4\u00e4 tiet\u00e4\u00e4, mill\u00e4 vaiheilla on suurin ymp\u00e4rist\u00f6vaikutus ja mit\u00e4 voimme tehd\u00e4 niiden v\u00e4hent\u00e4miseksi. Varmaa on, ett\u00e4 ymp\u00e4rist\u00f6vaatimukset vain kiristyv\u00e4t ajan my\u00f6t\u00e4 ja kest\u00e4v\u00e4 toiminta on meille v\u00e4hint\u00e4\u00e4n yht\u00e4 t\u00e4rke\u00e4\u00e4 kuin kilpailukyvyn s\u00e4ilytt\u00e4minen.<\/p>\n<p>&nbsp;<\/p>\n","protected":false},"excerpt":{"rendered":"<p>Edell\u00e4k\u00e4vij\u00e4 ymp\u00e4rist\u00f6asioissa! \u00a0Tuotteillemme on my\u00f6nnetty kansainv\u00e4liset EPD ymp\u00e4rist\u00f6selosteet.\u00a0 EPD (ymp\u00e4rist\u00f6tuoteseloste) perustuu tuotteen elinkaariarviointiin, jossa otetaan huomioon tuotannon kaikki ymp\u00e4rist\u00f6vaikutukset mineraalivarojen louhinnasta, puretun tuotteen kierr\u00e4tykseen sen k\u00e4ytt\u00f6i\u00e4n lopussa. Kokosimme EPD:n ja sen taustalla olevan elinkaaritutkimuksen yrityksen omana hankkeena osana yrityksemme kest\u00e4v\u00e4n kehityksen strategiaa. T\u00e4m\u00e4 erottaa meid\u00e4t monista muista yrityksist\u00e4, jotka ovat ulkoistaneet t\u00e4m\u00e4n ty\u00f6n. N\u00e4in saimme &#8230;<\/p>\n","protected":false},"author":1,"featured_media":0,"parent":2459,"menu_order":4,"comment_status":"closed","ping_status":"closed","template":"news-template.php","meta":{"footnotes":""},"class_list":["post-6895","page","type-page","status-publish","hentry"],"yoast_head":"<!-- This site is optimized with the Yoast SEO plugin v27.3 - https:\/\/yoast.com\/product\/yoast-seo-wordpress\/ -->\n<title>Uutiset<\/title>\n<meta name=\"description\" content=\"Just another Saku Metall Sites site\" \/>\n<meta name=\"robots\" content=\"index, follow, max-snippet:-1, max-image-preview:large, max-video-preview:-1\" \/>\n<link rel=\"canonical\" href=\"https:\/\/sakumetall.ee\/uksetehas\/fi\/yrityksesta\/uutiset\/\" \/>\n<meta property=\"og:locale\" content=\"fi_FI\" \/>\n<meta property=\"og:type\" content=\"article\" \/>\n<meta property=\"og:title\" content=\"Uutiset\" \/>\n<meta property=\"og:description\" content=\"Just another Saku Metall Sites site\" \/>\n<meta property=\"og:url\" content=\"https:\/\/sakumetall.ee\/uksetehas\/fi\/yrityksesta\/uutiset\/\" \/>\n<meta property=\"og:site_name\" content=\"Uksetehas\" \/>\n<meta property=\"article:modified_time\" content=\"2023-03-21T10:01:51+00:00\" \/>\n<meta name=\"twitter:card\" content=\"summary_large_image\" \/>\n<meta name=\"twitter:label1\" content=\"Arvioitu lukuaika\" \/>\n\t<meta name=\"twitter:data1\" content=\"1 minuutti\" \/>\n<script type=\"application\/ld+json\" class=\"yoast-schema-graph\">{\"@context\":\"https:\\\/\\\/schema.org\",\"@graph\":[{\"@type\":\"WebPage\",\"@id\":\"https:\\\/\\\/sakumetall.ee\\\/uksetehas\\\/fi\\\/yrityksesta\\\/uutiset\\\/\",\"url\":\"https:\\\/\\\/sakumetall.ee\\\/uksetehas\\\/fi\\\/yrityksesta\\\/uutiset\\\/\",\"name\":\"Uutiset\",\"isPartOf\":{\"@id\":\"https:\\\/\\\/sakumetall.ee\\\/uksetehas\\\/fi\\\/#website\"},\"datePublished\":\"2015-05-27T13:42:17+00:00\",\"dateModified\":\"2023-03-21T10:01:51+00:00\",\"description\":\"Just another Saku Metall Sites site\",\"breadcrumb\":{\"@id\":\"https:\\\/\\\/sakumetall.ee\\\/uksetehas\\\/fi\\\/yrityksesta\\\/uutiset\\\/#breadcrumb\"},\"inLanguage\":\"fi\",\"potentialAction\":[{\"@type\":\"ReadAction\",\"target\":[\"https:\\\/\\\/sakumetall.ee\\\/uksetehas\\\/fi\\\/yrityksesta\\\/uutiset\\\/\"]}]},{\"@type\":\"BreadcrumbList\",\"@id\":\"https:\\\/\\\/sakumetall.ee\\\/uksetehas\\\/fi\\\/yrityksesta\\\/uutiset\\\/#breadcrumb\",\"itemListElement\":[{\"@type\":\"ListItem\",\"position\":1,\"name\":\"Home\",\"item\":\"https:\\\/\\\/sakumetall.ee\\\/uksetehas\\\/fi\\\/\"},{\"@type\":\"ListItem\",\"position\":2,\"name\":\"Yrityksest\u00e4\",\"item\":\"https:\\\/\\\/sakumetall.ee\\\/uksetehas\\\/fi\\\/yrityksesta\\\/\"},{\"@type\":\"ListItem\",\"position\":3,\"name\":\"Uutiset\"}]},{\"@type\":\"WebSite\",\"@id\":\"https:\\\/\\\/sakumetall.ee\\\/uksetehas\\\/fi\\\/#website\",\"url\":\"https:\\\/\\\/sakumetall.ee\\\/uksetehas\\\/fi\\\/\",\"name\":\"Uksetehas\",\"description\":\"Just another Saku Metall Sites site\",\"potentialAction\":[{\"@type\":\"SearchAction\",\"target\":{\"@type\":\"EntryPoint\",\"urlTemplate\":\"https:\\\/\\\/sakumetall.ee\\\/uksetehas\\\/fi\\\/?s={search_term_string}\"},\"query-input\":{\"@type\":\"PropertyValueSpecification\",\"valueRequired\":true,\"valueName\":\"search_term_string\"}}],\"inLanguage\":\"fi\"}]}<\/script>\n<!-- \/ Yoast SEO plugin. -->","yoast_head_json":{"title":"Uutiset","description":"Just another Saku Metall Sites site","robots":{"index":"index","follow":"follow","max-snippet":"max-snippet:-1","max-image-preview":"max-image-preview:large","max-video-preview":"max-video-preview:-1"},"canonical":"https:\/\/sakumetall.ee\/uksetehas\/fi\/yrityksesta\/uutiset\/","og_locale":"fi_FI","og_type":"article","og_title":"Uutiset","og_description":"Just another Saku Metall Sites site","og_url":"https:\/\/sakumetall.ee\/uksetehas\/fi\/yrityksesta\/uutiset\/","og_site_name":"Uksetehas","article_modified_time":"2023-03-21T10:01:51+00:00","twitter_card":"summary_large_image","twitter_misc":{"Arvioitu lukuaika":"1 minuutti"},"schema":{"@context":"https:\/\/schema.org","@graph":[{"@type":"WebPage","@id":"https:\/\/sakumetall.ee\/uksetehas\/fi\/yrityksesta\/uutiset\/","url":"https:\/\/sakumetall.ee\/uksetehas\/fi\/yrityksesta\/uutiset\/","name":"Uutiset","isPartOf":{"@id":"https:\/\/sakumetall.ee\/uksetehas\/fi\/#website"},"datePublished":"2015-05-27T13:42:17+00:00","dateModified":"2023-03-21T10:01:51+00:00","description":"Just another Saku Metall Sites site","breadcrumb":{"@id":"https:\/\/sakumetall.ee\/uksetehas\/fi\/yrityksesta\/uutiset\/#breadcrumb"},"inLanguage":"fi","potentialAction":[{"@type":"ReadAction","target":["https:\/\/sakumetall.ee\/uksetehas\/fi\/yrityksesta\/uutiset\/"]}]},{"@type":"BreadcrumbList","@id":"https:\/\/sakumetall.ee\/uksetehas\/fi\/yrityksesta\/uutiset\/#breadcrumb","itemListElement":[{"@type":"ListItem","position":1,"name":"Home","item":"https:\/\/sakumetall.ee\/uksetehas\/fi\/"},{"@type":"ListItem","position":2,"name":"Yrityksest\u00e4","item":"https:\/\/sakumetall.ee\/uksetehas\/fi\/yrityksesta\/"},{"@type":"ListItem","position":3,"name":"Uutiset"}]},{"@type":"WebSite","@id":"https:\/\/sakumetall.ee\/uksetehas\/fi\/#website","url":"https:\/\/sakumetall.ee\/uksetehas\/fi\/","name":"Uksetehas","description":"Just another Saku Metall Sites site","potentialAction":[{"@type":"SearchAction","target":{"@type":"EntryPoint","urlTemplate":"https:\/\/sakumetall.ee\/uksetehas\/fi\/?s={search_term_string}"},"query-input":{"@type":"PropertyValueSpecification","valueRequired":true,"valueName":"search_term_string"}}],"inLanguage":"fi"}]}},"_links":{"self":[{"href":"https:\/\/sakumetall.ee\/uksetehas\/fi\/wp-json\/wp\/v2\/pages\/6895","targetHints":{"allow":["GET"]}}],"collection":[{"href":"https:\/\/sakumetall.ee\/uksetehas\/fi\/wp-json\/wp\/v2\/pages"}],"about":[{"href":"https:\/\/sakumetall.ee\/uksetehas\/fi\/wp-json\/wp\/v2\/types\/page"}],"author":[{"embeddable":true,"href":"https:\/\/sakumetall.ee\/uksetehas\/fi\/wp-json\/wp\/v2\/users\/1"}],"replies":[{"embeddable":true,"href":"https:\/\/sakumetall.ee\/uksetehas\/fi\/wp-json\/wp\/v2\/comments?post=6895"}],"version-history":[{"count":5,"href":"https:\/\/sakumetall.ee\/uksetehas\/fi\/wp-json\/wp\/v2\/pages\/6895\/revisions"}],"predecessor-version":[{"id":27680,"href":"https:\/\/sakumetall.ee\/uksetehas\/fi\/wp-json\/wp\/v2\/pages\/6895\/revisions\/27680"}],"up":[{"embeddable":true,"href":"https:\/\/sakumetall.ee\/uksetehas\/fi\/wp-json\/wp\/v2\/pages\/2459"}],"wp:attachment":[{"href":"https:\/\/sakumetall.ee\/uksetehas\/fi\/wp-json\/wp\/v2\/media?parent=6895"}],"curies":[{"name":"wp","href":"https:\/\/api.w.org\/{rel}","templated":true}]}}