{"id":7472,"date":"2017-10-03T14:20:07","date_gmt":"2017-10-03T11:20:07","guid":{"rendered":"https:\/\/sakumetall.ee\/uksetehas\/fi\/?page_id=7472"},"modified":"2020-08-18T13:03:02","modified_gmt":"2020-08-18T10:03:02","slug":"koy-jaemeraenjaelki","status":"publish","type":"page","link":"https:\/\/sakumetall.ee\/uksetehas\/fi\/koy-jaemeraenjaelki\/","title":{"rendered":"Koy J\u00e4mer\u00e4nj\u00e4lki"},"content":{"rendered":"<p><a href=\"https:\/\/sakumetall.ee\/uksetehas\/?attachment_id=7474\"><img loading=\"lazy\" decoding=\"async\" width=\"1024\" height=\"513\" class=\"alignnone size-large wp-image-7474\" src=\"https:\/\/sakumetall.ee\/uksetehas\/wp-content\/uploads\/sites\/2\/2017\/10\/IMG_7921-1024x513.jpg\" alt=\"\" srcset=\"https:\/\/sakumetall.ee\/uksetehas\/wp-content\/uploads\/sites\/2\/2017\/10\/IMG_7921-1024x513.jpg 1024w, https:\/\/sakumetall.ee\/uksetehas\/wp-content\/uploads\/sites\/2\/2017\/10\/IMG_7921-300x150.jpg 300w, https:\/\/sakumetall.ee\/uksetehas\/wp-content\/uploads\/sites\/2\/2017\/10\/IMG_7921-768x385.jpg 768w, https:\/\/sakumetall.ee\/uksetehas\/wp-content\/uploads\/sites\/2\/2017\/10\/IMG_7921-180x90.jpg 180w, https:\/\/sakumetall.ee\/uksetehas\/wp-content\/uploads\/sites\/2\/2017\/10\/IMG_7921-400x201.jpg 400w\" sizes=\"auto, (max-width: 1024px) 100vw, 1024px\" \/><\/a><\/p>\n","protected":false},"excerpt":{"rendered":"","protected":false},"author":13,"featured_media":7473,"parent":0,"menu_order":34,"comment_status":"closed","ping_status":"closed","template":"","meta":{"footnotes":""},"class_list":["post-7472","page","type-page","status-publish","has-post-thumbnail","hentry"],"yoast_head":"<!-- This site is optimized with the Yoast SEO plugin v27.3 - https:\/\/yoast.com\/product\/yoast-seo-wordpress\/ -->\n<title>Koy J\u00e4mer\u00e4nj\u00e4lki<\/title>\n<meta name=\"description\" content=\"Just another Saku Metall Sites site\" \/>\n<meta name=\"robots\" content=\"index, follow, max-snippet:-1, max-image-preview:large, max-video-preview:-1\" \/>\n<link rel=\"canonical\" href=\"https:\/\/sakumetall.ee\/uksetehas\/fi\/koy-jaemeraenjaelki\/\" \/>\n<meta property=\"og:locale\" content=\"fi_FI\" \/>\n<meta property=\"og:type\" content=\"article\" \/>\n<meta property=\"og:title\" content=\"Koy J\u00e4mer\u00e4nj\u00e4lki\" \/>\n<meta property=\"og:description\" content=\"Just another Saku Metall Sites site\" \/>\n<meta property=\"og:url\" content=\"https:\/\/sakumetall.ee\/uksetehas\/fi\/koy-jaemeraenjaelki\/\" \/>\n<meta property=\"og:site_name\" content=\"Uksetehas\" \/>\n<meta property=\"article:modified_time\" content=\"2020-08-18T10:03:02+00:00\" \/>\n<meta property=\"og:image\" content=\"https:\/\/sakumetall.ee\/uksetehas\/wp-content\/uploads\/sites\/2\/2017\/10\/IMG_7920-1024x683.jpg\" \/>\n\t<meta property=\"og:image:width\" content=\"1024\" \/>\n\t<meta property=\"og:image:height\" content=\"683\" \/>\n\t<meta property=\"og:image:type\" content=\"image\/jpeg\" \/>\n<meta name=\"twitter:card\" content=\"summary_large_image\" \/>\n<script type=\"application\/ld+json\" class=\"yoast-schema-graph\">{\"@context\":\"https:\\\/\\\/schema.org\",\"@graph\":[{\"@type\":\"WebPage\",\"@id\":\"https:\\\/\\\/sakumetall.ee\\\/uksetehas\\\/fi\\\/koy-jaemeraenjaelki\\\/\",\"url\":\"https:\\\/\\\/sakumetall.ee\\\/uksetehas\\\/fi\\\/koy-jaemeraenjaelki\\\/\",\"name\":\"Koy J\u00e4mer\u00e4nj\u00e4lki\",\"isPartOf\":{\"@id\":\"https:\\\/\\\/sakumetall.ee\\\/uksetehas\\\/fi\\\/#website\"},\"primaryImageOfPage\":{\"@id\":\"https:\\\/\\\/sakumetall.ee\\\/uksetehas\\\/fi\\\/koy-jaemeraenjaelki\\\/#primaryimage\"},\"image\":{\"@id\":\"https:\\\/\\\/sakumetall.ee\\\/uksetehas\\\/fi\\\/koy-jaemeraenjaelki\\\/#primaryimage\"},\"thumbnailUrl\":\"https:\\\/\\\/sakumetall.ee\\\/uksetehas\\\/wp-content\\\/uploads\\\/sites\\\/2\\\/2017\\\/10\\\/IMG_7920.jpg\",\"datePublished\":\"2017-10-03T11:20:07+00:00\",\"dateModified\":\"2020-08-18T10:03:02+00:00\",\"description\":\"Just another Saku Metall Sites site\",\"breadcrumb\":{\"@id\":\"https:\\\/\\\/sakumetall.ee\\\/uksetehas\\\/fi\\\/koy-jaemeraenjaelki\\\/#breadcrumb\"},\"inLanguage\":\"fi\",\"potentialAction\":[{\"@type\":\"ReadAction\",\"target\":[\"https:\\\/\\\/sakumetall.ee\\\/uksetehas\\\/fi\\\/koy-jaemeraenjaelki\\\/\"]}]},{\"@type\":\"ImageObject\",\"inLanguage\":\"fi\",\"@id\":\"https:\\\/\\\/sakumetall.ee\\\/uksetehas\\\/fi\\\/koy-jaemeraenjaelki\\\/#primaryimage\",\"url\":\"https:\\\/\\\/sakumetall.ee\\\/uksetehas\\\/wp-content\\\/uploads\\\/sites\\\/2\\\/2017\\\/10\\\/IMG_7920.jpg\",\"contentUrl\":\"https:\\\/\\\/sakumetall.ee\\\/uksetehas\\\/wp-content\\\/uploads\\\/sites\\\/2\\\/2017\\\/10\\\/IMG_7920.jpg\",\"width\":5616,\"height\":3744},{\"@type\":\"BreadcrumbList\",\"@id\":\"https:\\\/\\\/sakumetall.ee\\\/uksetehas\\\/fi\\\/koy-jaemeraenjaelki\\\/#breadcrumb\",\"itemListElement\":[{\"@type\":\"ListItem\",\"position\":1,\"name\":\"Home\",\"item\":\"https:\\\/\\\/sakumetall.ee\\\/uksetehas\\\/fi\\\/\"},{\"@type\":\"ListItem\",\"position\":2,\"name\":\"Koy J\u00e4mer\u00e4nj\u00e4lki\"}]},{\"@type\":\"WebSite\",\"@id\":\"https:\\\/\\\/sakumetall.ee\\\/uksetehas\\\/fi\\\/#website\",\"url\":\"https:\\\/\\\/sakumetall.ee\\\/uksetehas\\\/fi\\\/\",\"name\":\"Uksetehas\",\"description\":\"Just another Saku Metall Sites site\",\"potentialAction\":[{\"@type\":\"SearchAction\",\"target\":{\"@type\":\"EntryPoint\",\"urlTemplate\":\"https:\\\/\\\/sakumetall.ee\\\/uksetehas\\\/fi\\\/?s={search_term_string}\"},\"query-input\":{\"@type\":\"PropertyValueSpecification\",\"valueRequired\":true,\"valueName\":\"search_term_string\"}}],\"inLanguage\":\"fi\"}]}<\/script>\n<!-- \/ Yoast SEO plugin. -->","yoast_head_json":{"title":"Koy J\u00e4mer\u00e4nj\u00e4lki","description":"Just another Saku Metall Sites site","robots":{"index":"index","follow":"follow","max-snippet":"max-snippet:-1","max-image-preview":"max-image-preview:large","max-video-preview":"max-video-preview:-1"},"canonical":"https:\/\/sakumetall.ee\/uksetehas\/fi\/koy-jaemeraenjaelki\/","og_locale":"fi_FI","og_type":"article","og_title":"Koy J\u00e4mer\u00e4nj\u00e4lki","og_description":"Just another Saku Metall Sites site","og_url":"https:\/\/sakumetall.ee\/uksetehas\/fi\/koy-jaemeraenjaelki\/","og_site_name":"Uksetehas","article_modified_time":"2020-08-18T10:03:02+00:00","og_image":[{"width":1024,"height":683,"url":"https:\/\/sakumetall.ee\/uksetehas\/wp-content\/uploads\/sites\/2\/2017\/10\/IMG_7920-1024x683.jpg","type":"image\/jpeg"}],"twitter_card":"summary_large_image","schema":{"@context":"https:\/\/schema.org","@graph":[{"@type":"WebPage","@id":"https:\/\/sakumetall.ee\/uksetehas\/fi\/koy-jaemeraenjaelki\/","url":"https:\/\/sakumetall.ee\/uksetehas\/fi\/koy-jaemeraenjaelki\/","name":"Koy J\u00e4mer\u00e4nj\u00e4lki","isPartOf":{"@id":"https:\/\/sakumetall.ee\/uksetehas\/fi\/#website"},"primaryImageOfPage":{"@id":"https:\/\/sakumetall.ee\/uksetehas\/fi\/koy-jaemeraenjaelki\/#primaryimage"},"image":{"@id":"https:\/\/sakumetall.ee\/uksetehas\/fi\/koy-jaemeraenjaelki\/#primaryimage"},"thumbnailUrl":"https:\/\/sakumetall.ee\/uksetehas\/wp-content\/uploads\/sites\/2\/2017\/10\/IMG_7920.jpg","datePublished":"2017-10-03T11:20:07+00:00","dateModified":"2020-08-18T10:03:02+00:00","description":"Just another Saku Metall Sites site","breadcrumb":{"@id":"https:\/\/sakumetall.ee\/uksetehas\/fi\/koy-jaemeraenjaelki\/#breadcrumb"},"inLanguage":"fi","potentialAction":[{"@type":"ReadAction","target":["https:\/\/sakumetall.ee\/uksetehas\/fi\/koy-jaemeraenjaelki\/"]}]},{"@type":"ImageObject","inLanguage":"fi","@id":"https:\/\/sakumetall.ee\/uksetehas\/fi\/koy-jaemeraenjaelki\/#primaryimage","url":"https:\/\/sakumetall.ee\/uksetehas\/wp-content\/uploads\/sites\/2\/2017\/10\/IMG_7920.jpg","contentUrl":"https:\/\/sakumetall.ee\/uksetehas\/wp-content\/uploads\/sites\/2\/2017\/10\/IMG_7920.jpg","width":5616,"height":3744},{"@type":"BreadcrumbList","@id":"https:\/\/sakumetall.ee\/uksetehas\/fi\/koy-jaemeraenjaelki\/#breadcrumb","itemListElement":[{"@type":"ListItem","position":1,"name":"Home","item":"https:\/\/sakumetall.ee\/uksetehas\/fi\/"},{"@type":"ListItem","position":2,"name":"Koy J\u00e4mer\u00e4nj\u00e4lki"}]},{"@type":"WebSite","@id":"https:\/\/sakumetall.ee\/uksetehas\/fi\/#website","url":"https:\/\/sakumetall.ee\/uksetehas\/fi\/","name":"Uksetehas","description":"Just another Saku Metall Sites site","potentialAction":[{"@type":"SearchAction","target":{"@type":"EntryPoint","urlTemplate":"https:\/\/sakumetall.ee\/uksetehas\/fi\/?s={search_term_string}"},"query-input":{"@type":"PropertyValueSpecification","valueRequired":true,"valueName":"search_term_string"}}],"inLanguage":"fi"}]}},"_links":{"self":[{"href":"https:\/\/sakumetall.ee\/uksetehas\/fi\/wp-json\/wp\/v2\/pages\/7472","targetHints":{"allow":["GET"]}}],"collection":[{"href":"https:\/\/sakumetall.ee\/uksetehas\/fi\/wp-json\/wp\/v2\/pages"}],"about":[{"href":"https:\/\/sakumetall.ee\/uksetehas\/fi\/wp-json\/wp\/v2\/types\/page"}],"author":[{"embeddable":true,"href":"https:\/\/sakumetall.ee\/uksetehas\/fi\/wp-json\/wp\/v2\/users\/13"}],"replies":[{"embeddable":true,"href":"https:\/\/sakumetall.ee\/uksetehas\/fi\/wp-json\/wp\/v2\/comments?post=7472"}],"version-history":[{"count":2,"href":"https:\/\/sakumetall.ee\/uksetehas\/fi\/wp-json\/wp\/v2\/pages\/7472\/revisions"}],"predecessor-version":[{"id":7478,"href":"https:\/\/sakumetall.ee\/uksetehas\/fi\/wp-json\/wp\/v2\/pages\/7472\/revisions\/7478"}],"wp:featuredmedia":[{"embeddable":true,"href":"https:\/\/sakumetall.ee\/uksetehas\/fi\/wp-json\/wp\/v2\/media\/7473"}],"wp:attachment":[{"href":"https:\/\/sakumetall.ee\/uksetehas\/fi\/wp-json\/wp\/v2\/media?parent=7472"}],"curies":[{"name":"wp","href":"https:\/\/api.w.org\/{rel}","templated":true}]}}