{"id":797,"date":"2015-07-14T15:15:13","date_gmt":"2015-07-14T12:15:13","guid":{"rendered":"https:\/\/sakumetall.ee\/uksetehas?page_id=797"},"modified":"2026-02-10T09:02:06","modified_gmt":"2026-02-10T07:02:06","slug":"yhteystiedot","status":"publish","type":"page","link":"https:\/\/sakumetall.ee\/uksetehas\/fi\/yhteystiedot\/","title":{"rendered":"Yhteystiedot"},"content":{"rendered":"<table style=\"border-collapse: collapse;width: 100%;height: 24px\">\n<tbody>\n<tr style=\"height: 24px\">\n<td style=\"width: 50%;height: 24px\">\n<h2>Saku Metall Oy<\/h2>\n<p>Myynti- ja asennuspalvelu<\/p>\n<p>Osoite: Itsehallintotie 3, 02600 Espoo<\/p>\n<p>S\u00e4hk\u00f6posti, myynti: <script type=\"text\/javascript\">document.write('<n uers=\"znvygb:zllagv@fnxhzrgnyy.sv\">zllagv@fnxhzrgnyy.sv<\/n>'.replace(\/[a-zA-Z]\/g, function(c){return String.fromCharCode((c<=\"Z\"?90:122)>=(c=c.charCodeAt(0)+13)?c:c-26);}));<\/script><\/p>\n<p>PDF-laskut: <script type=\"text\/javascript\">document.write('<n uers=\"znvygb:fnxhzrgnyybl@svaovgr.rr\">fnxhzrgnyybl@svaovgr.rr<\/n>'.replace(\/[a-zA-Z]\/g, function(c){return String.fromCharCode((c<=\"Z\"?90:122)>=(c=c.charCodeAt(0)+13)?c:c-26);}));<\/script><\/p>\n<p>Verkkolaskuosoite: 003722830056<\/p>\n<p>Operaattoritunnus:\u00a0 003721291126 Maventa<\/p>\n<p>Y-tunnus: 2283005-6\u00a0 \u00a0 \u00a0VAT: FI22830056<\/td>\n<td style=\"width: 50%;height: 24px\">\n<h2>AS Saku Metall Uksetehas<\/h2>\n<p>Saku Metall ovitehdas<\/p>\n<p>Osoite: P\u00f5rguv\u00e4lja tee 25, 75306 Rae vald, Harjumaa, Eesti<\/p>\n<p>Vaihde: +372 611 8400<\/p>\n<p>S\u00e4hk\u00f6posti, vaihde: <script type=\"text\/javascript\">document.write('<n uers=\"znvygb:vasb@fnxhzrgnyy.rr\">vasb@fnxhzrgnyy.rr<\/n>'.replace(\/[a-zA-Z]\/g, function(c){return String.fromCharCode((c<=\"Z\"?90:122)>=(c=c.charCodeAt(0)+13)?c:c-26);}));<\/script><br \/>\nPDF- laskut: <script type=\"text\/javascript\">document.write('<n uers=\"znvygb:fnxhzrgnyyhxfrG@r-neirgrxrfxhf.rh\">fnxhzrgnyyhxfrG@r-neirgrxrfxhf.rh<\/n>'.replace(\/[a-zA-Z]\/g, function(c){return String.fromCharCode((c<=\"Z\"?90:122)>=(c=c.charCodeAt(0)+13)?c:c-26);}));<\/script><\/p>\n<p>Reg nr. 12318492\u00a0 \u00a0 \u00a0VAT: EE101556136<\/td>\n<\/tr>\n<\/tbody>\n<\/table>\n<h1>Yhteyshenkil\u00f6t<\/h1>\n","protected":false},"excerpt":{"rendered":"<p>Saku Metall Oy Myynti- ja asennuspalvelu Osoite: Itsehallintotie 3, 02600 Espoo S\u00e4hk\u00f6posti, myynti: PDF-laskut: Verkkolaskuosoite: 003722830056 Operaattoritunnus:\u00a0 003721291126 Maventa Y-tunnus: 2283005-6\u00a0 \u00a0 \u00a0VAT: FI22830056 AS Saku Metall Uksetehas Saku Metall ovitehdas Osoite: P\u00f5rguv\u00e4lja tee 25, 75306 Rae vald, Harjumaa, Eesti Vaihde: +372 611 8400 S\u00e4hk\u00f6posti, vaihde: PDF- laskut: Reg nr. 12318492\u00a0 \u00a0 \u00a0VAT: EE101556136 Yhteyshenkil\u00f6t<\/p>\n","protected":false},"author":2,"featured_media":0,"parent":0,"menu_order":46,"comment_status":"closed","ping_status":"closed","template":"contact-template.php","meta":{"footnotes":""},"class_list":["post-797","page","type-page","status-publish","hentry"],"yoast_head":"<!-- This site is optimized with the Yoast SEO plugin v27.3 - https:\/\/yoast.com\/product\/yoast-seo-wordpress\/ -->\n<title>Yhteystiedot<\/title>\n<meta name=\"description\" content=\"Just another Saku Metall Sites site\" \/>\n<meta name=\"robots\" content=\"index, follow, max-snippet:-1, max-image-preview:large, max-video-preview:-1\" \/>\n<link rel=\"canonical\" href=\"https:\/\/sakumetall.ee\/uksetehas\/fi\/yhteystiedot\/\" \/>\n<meta property=\"og:locale\" content=\"fi_FI\" \/>\n<meta property=\"og:type\" content=\"article\" \/>\n<meta property=\"og:title\" content=\"Yhteystiedot\" \/>\n<meta property=\"og:description\" content=\"Just another Saku Metall Sites site\" \/>\n<meta property=\"og:url\" content=\"https:\/\/sakumetall.ee\/uksetehas\/fi\/yhteystiedot\/\" \/>\n<meta property=\"og:site_name\" content=\"Uksetehas\" \/>\n<meta property=\"article:modified_time\" content=\"2026-02-10T07:02:06+00:00\" \/>\n<meta name=\"twitter:card\" content=\"summary_large_image\" \/>\n<meta name=\"twitter:label1\" content=\"Arvioitu lukuaika\" \/>\n\t<meta name=\"twitter:data1\" content=\"1 minuutti\" \/>\n<script type=\"application\/ld+json\" class=\"yoast-schema-graph\">{\"@context\":\"https:\\\/\\\/schema.org\",\"@graph\":[{\"@type\":\"WebPage\",\"@id\":\"https:\\\/\\\/sakumetall.ee\\\/uksetehas\\\/fi\\\/yhteystiedot\\\/\",\"url\":\"https:\\\/\\\/sakumetall.ee\\\/uksetehas\\\/fi\\\/yhteystiedot\\\/\",\"name\":\"Yhteystiedot\",\"isPartOf\":{\"@id\":\"https:\\\/\\\/sakumetall.ee\\\/uksetehas\\\/fi\\\/#website\"},\"datePublished\":\"2015-07-14T12:15:13+00:00\",\"dateModified\":\"2026-02-10T07:02:06+00:00\",\"description\":\"Just another Saku Metall Sites site\",\"breadcrumb\":{\"@id\":\"https:\\\/\\\/sakumetall.ee\\\/uksetehas\\\/fi\\\/yhteystiedot\\\/#breadcrumb\"},\"inLanguage\":\"fi\",\"potentialAction\":[{\"@type\":\"ReadAction\",\"target\":[\"https:\\\/\\\/sakumetall.ee\\\/uksetehas\\\/fi\\\/yhteystiedot\\\/\"]}]},{\"@type\":\"BreadcrumbList\",\"@id\":\"https:\\\/\\\/sakumetall.ee\\\/uksetehas\\\/fi\\\/yhteystiedot\\\/#breadcrumb\",\"itemListElement\":[{\"@type\":\"ListItem\",\"position\":1,\"name\":\"Home\",\"item\":\"https:\\\/\\\/sakumetall.ee\\\/uksetehas\\\/fi\\\/\"},{\"@type\":\"ListItem\",\"position\":2,\"name\":\"Yhteystiedot\"}]},{\"@type\":\"WebSite\",\"@id\":\"https:\\\/\\\/sakumetall.ee\\\/uksetehas\\\/fi\\\/#website\",\"url\":\"https:\\\/\\\/sakumetall.ee\\\/uksetehas\\\/fi\\\/\",\"name\":\"Uksetehas\",\"description\":\"Just another Saku Metall Sites site\",\"potentialAction\":[{\"@type\":\"SearchAction\",\"target\":{\"@type\":\"EntryPoint\",\"urlTemplate\":\"https:\\\/\\\/sakumetall.ee\\\/uksetehas\\\/fi\\\/?s={search_term_string}\"},\"query-input\":{\"@type\":\"PropertyValueSpecification\",\"valueRequired\":true,\"valueName\":\"search_term_string\"}}],\"inLanguage\":\"fi\"}]}<\/script>\n<!-- \/ Yoast SEO plugin. -->","yoast_head_json":{"title":"Yhteystiedot","description":"Just another Saku Metall Sites site","robots":{"index":"index","follow":"follow","max-snippet":"max-snippet:-1","max-image-preview":"max-image-preview:large","max-video-preview":"max-video-preview:-1"},"canonical":"https:\/\/sakumetall.ee\/uksetehas\/fi\/yhteystiedot\/","og_locale":"fi_FI","og_type":"article","og_title":"Yhteystiedot","og_description":"Just another Saku Metall Sites site","og_url":"https:\/\/sakumetall.ee\/uksetehas\/fi\/yhteystiedot\/","og_site_name":"Uksetehas","article_modified_time":"2026-02-10T07:02:06+00:00","twitter_card":"summary_large_image","twitter_misc":{"Arvioitu lukuaika":"1 minuutti"},"schema":{"@context":"https:\/\/schema.org","@graph":[{"@type":"WebPage","@id":"https:\/\/sakumetall.ee\/uksetehas\/fi\/yhteystiedot\/","url":"https:\/\/sakumetall.ee\/uksetehas\/fi\/yhteystiedot\/","name":"Yhteystiedot","isPartOf":{"@id":"https:\/\/sakumetall.ee\/uksetehas\/fi\/#website"},"datePublished":"2015-07-14T12:15:13+00:00","dateModified":"2026-02-10T07:02:06+00:00","description":"Just another Saku Metall Sites site","breadcrumb":{"@id":"https:\/\/sakumetall.ee\/uksetehas\/fi\/yhteystiedot\/#breadcrumb"},"inLanguage":"fi","potentialAction":[{"@type":"ReadAction","target":["https:\/\/sakumetall.ee\/uksetehas\/fi\/yhteystiedot\/"]}]},{"@type":"BreadcrumbList","@id":"https:\/\/sakumetall.ee\/uksetehas\/fi\/yhteystiedot\/#breadcrumb","itemListElement":[{"@type":"ListItem","position":1,"name":"Home","item":"https:\/\/sakumetall.ee\/uksetehas\/fi\/"},{"@type":"ListItem","position":2,"name":"Yhteystiedot"}]},{"@type":"WebSite","@id":"https:\/\/sakumetall.ee\/uksetehas\/fi\/#website","url":"https:\/\/sakumetall.ee\/uksetehas\/fi\/","name":"Uksetehas","description":"Just another Saku Metall Sites site","potentialAction":[{"@type":"SearchAction","target":{"@type":"EntryPoint","urlTemplate":"https:\/\/sakumetall.ee\/uksetehas\/fi\/?s={search_term_string}"},"query-input":{"@type":"PropertyValueSpecification","valueRequired":true,"valueName":"search_term_string"}}],"inLanguage":"fi"}]}},"_links":{"self":[{"href":"https:\/\/sakumetall.ee\/uksetehas\/fi\/wp-json\/wp\/v2\/pages\/797","targetHints":{"allow":["GET"]}}],"collection":[{"href":"https:\/\/sakumetall.ee\/uksetehas\/fi\/wp-json\/wp\/v2\/pages"}],"about":[{"href":"https:\/\/sakumetall.ee\/uksetehas\/fi\/wp-json\/wp\/v2\/types\/page"}],"author":[{"embeddable":true,"href":"https:\/\/sakumetall.ee\/uksetehas\/fi\/wp-json\/wp\/v2\/users\/2"}],"replies":[{"embeddable":true,"href":"https:\/\/sakumetall.ee\/uksetehas\/fi\/wp-json\/wp\/v2\/comments?post=797"}],"version-history":[{"count":67,"href":"https:\/\/sakumetall.ee\/uksetehas\/fi\/wp-json\/wp\/v2\/pages\/797\/revisions"}],"predecessor-version":[{"id":34780,"href":"https:\/\/sakumetall.ee\/uksetehas\/fi\/wp-json\/wp\/v2\/pages\/797\/revisions\/34780"}],"wp:attachment":[{"href":"https:\/\/sakumetall.ee\/uksetehas\/fi\/wp-json\/wp\/v2\/media?parent=797"}],"curies":[{"name":"wp","href":"https:\/\/api.w.org\/{rel}","templated":true}]}}