{"id":2451,"date":"2015-07-22T11:30:26","date_gmt":"2015-07-22T08:30:26","guid":{"rendered":"https:\/\/sakumetall.ee\/uksetehas?page_id=2451"},"modified":"2019-05-06T10:36:02","modified_gmt":"2019-05-06T07:36:02","slug":"tillverkning","status":"publish","type":"page","link":"https:\/\/sakumetall.ee\/uksetehas\/sv\/allman-beskrivning\/tillverkning\/","title":{"rendered":"Tillverkning"},"content":{"rendered":"<p><strong>AS Saku Metall<\/strong> med sina produktions- och lagerbyggnader \u00e4r bel\u00e4gen p\u00e5 Sakugatan i Tallinn och sedan 2003 \u00e4ven i Harju l\u00e4n, Rae kommun, Karjavere, P\u00f5rguv\u00e4ljav\u00e4gen. Den planerade totalytan av Saku Metall efter tillbyggnad \u00e4r 77 700 m\u00b2. Tomten p\u00e5 Sakugatan p\u00e5 7500 m\u00b2 inkluderar lager- och produktionsbyggnader p\u00e5 4500 m\u00b2, p\u00e5 tomten vid P\u00f5rguv\u00e4ljav\u00e4gen finns f\u00f6r n\u00e4rvarande tre produktionshangarer p\u00e5 2 562 m\u00b2. Enligt behov kan produktionsytan \u00f6kas med ytterligare 5 liknande hangarer.<\/p>\n<p>Sedan framst\u00e4llningen av den f\u00f6rsta metald\u00f6rren \u00e5r 1991 har f\u00f6retagets teknologiska niv\u00e5 och produktionskapacitet st\u00e4ndigt f\u00f6rb\u00e4ttrats genom investeringar i moderna bearbetningsmaskiner f\u00f6r metallpl\u00e5t och \u00f6kning av produktionsytan.<\/p>\n<h3>F\u00f6retagets genomsnittliga produktionsvolymer:<\/h3>\n<ul>\n<li><strong>bearbetning av pl\u00e5t<\/strong> \u2013 500 t\/m\u00e5nad<\/li>\n<li><strong>tillverkning av metalld\u00f6rrar<\/strong> \u2013 1000 st\/m\u00e5nad<\/li>\n<li><strong>tillverkning av st\u00e5lprofilprodukter<\/strong> (glasade d\u00f6rrar, v\u00e4ggar, f\u00f6nster) 500 m\u00b2\/m\u00e5nad<\/li>\n<li><strong>tillverkning av lyftd\u00f6rrar av sektionspaneler<\/strong> \u2013 120 st\/m\u00e5nad<\/li>\n<\/ul>\n<p>D\u00f6rrfabrikens produkter installeras av tillverkarens egna monteringsteam. Underh\u00e5lls- och reparationsteam tar hand om b\u00e5de produkter av Saku Metall och som tj\u00e4nst \u00e4ven produkter av andra fabrikat.<\/p>\n","protected":false},"excerpt":{"rendered":"<p>AS Saku Metall med sina produktions- och lagerbyggnader \u00e4r bel\u00e4gen p\u00e5 Sakugatan i Tallinn och sedan 2003 \u00e4ven i Harju l\u00e4n, Rae kommun, Karjavere, P\u00f5rguv\u00e4ljav\u00e4gen. Den planerade totalytan av Saku Metall efter tillbyggnad \u00e4r 77 700 m\u00b2. Tomten p\u00e5 Sakugatan p\u00e5 7500 m\u00b2 inkluderar lager- och produktionsbyggnader p\u00e5 4500 m\u00b2, p\u00e5 tomten vid P\u00f5rguv\u00e4ljav\u00e4gen finns &#8230;<\/p>\n","protected":false},"author":2,"featured_media":0,"parent":2463,"menu_order":3,"comment_status":"closed","ping_status":"closed","template":"","meta":{"footnotes":""},"class_list":["post-2451","page","type-page","status-publish","hentry"],"yoast_head":"<!-- This site is optimized with the Yoast SEO plugin v27.3 - https:\/\/yoast.com\/product\/yoast-seo-wordpress\/ -->\n<title>Tillverkning<\/title>\n<meta name=\"description\" content=\"Just another Saku Metall Sites site\" \/>\n<meta name=\"robots\" content=\"index, follow, max-snippet:-1, max-image-preview:large, max-video-preview:-1\" \/>\n<link rel=\"canonical\" href=\"https:\/\/sakumetall.ee\/uksetehas\/sv\/allman-beskrivning\/tillverkning\/\" \/>\n<meta property=\"og:locale\" content=\"sv_SE\" \/>\n<meta property=\"og:type\" content=\"article\" \/>\n<meta property=\"og:title\" content=\"Tillverkning\" \/>\n<meta property=\"og:description\" content=\"Just another Saku Metall Sites site\" \/>\n<meta property=\"og:url\" content=\"https:\/\/sakumetall.ee\/uksetehas\/sv\/allman-beskrivning\/tillverkning\/\" \/>\n<meta property=\"og:site_name\" content=\"Uksetehas\" \/>\n<meta property=\"article:modified_time\" content=\"2019-05-06T07:36:02+00:00\" \/>\n<meta name=\"twitter:card\" content=\"summary_large_image\" \/>\n<meta name=\"twitter:label1\" content=\"Ber\u00e4knad l\u00e4stid\" \/>\n\t<meta name=\"twitter:data1\" content=\"1 minut\" \/>\n<script type=\"application\/ld+json\" class=\"yoast-schema-graph\">{\"@context\":\"https:\\\/\\\/schema.org\",\"@graph\":[{\"@type\":\"WebPage\",\"@id\":\"https:\\\/\\\/sakumetall.ee\\\/uksetehas\\\/sv\\\/allman-beskrivning\\\/tillverkning\\\/\",\"url\":\"https:\\\/\\\/sakumetall.ee\\\/uksetehas\\\/sv\\\/allman-beskrivning\\\/tillverkning\\\/\",\"name\":\"Tillverkning\",\"isPartOf\":{\"@id\":\"https:\\\/\\\/sakumetall.ee\\\/uksetehas\\\/sv\\\/#website\"},\"datePublished\":\"2015-07-22T08:30:26+00:00\",\"dateModified\":\"2019-05-06T07:36:02+00:00\",\"description\":\"Just another Saku Metall Sites site\",\"breadcrumb\":{\"@id\":\"https:\\\/\\\/sakumetall.ee\\\/uksetehas\\\/sv\\\/allman-beskrivning\\\/tillverkning\\\/#breadcrumb\"},\"inLanguage\":\"sv-SE\",\"potentialAction\":[{\"@type\":\"ReadAction\",\"target\":[\"https:\\\/\\\/sakumetall.ee\\\/uksetehas\\\/sv\\\/allman-beskrivning\\\/tillverkning\\\/\"]}]},{\"@type\":\"BreadcrumbList\",\"@id\":\"https:\\\/\\\/sakumetall.ee\\\/uksetehas\\\/sv\\\/allman-beskrivning\\\/tillverkning\\\/#breadcrumb\",\"itemListElement\":[{\"@type\":\"ListItem\",\"position\":1,\"name\":\"Home\",\"item\":\"https:\\\/\\\/sakumetall.ee\\\/uksetehas\\\/sv\\\/\"},{\"@type\":\"ListItem\",\"position\":2,\"name\":\"Om oss\",\"item\":\"https:\\\/\\\/sakumetall.ee\\\/uksetehas\\\/sv\\\/allman-beskrivning\\\/\"},{\"@type\":\"ListItem\",\"position\":3,\"name\":\"Tillverkning\"}]},{\"@type\":\"WebSite\",\"@id\":\"https:\\\/\\\/sakumetall.ee\\\/uksetehas\\\/sv\\\/#website\",\"url\":\"https:\\\/\\\/sakumetall.ee\\\/uksetehas\\\/sv\\\/\",\"name\":\"Uksetehas\",\"description\":\"Just another Saku Metall Sites site\",\"potentialAction\":[{\"@type\":\"SearchAction\",\"target\":{\"@type\":\"EntryPoint\",\"urlTemplate\":\"https:\\\/\\\/sakumetall.ee\\\/uksetehas\\\/sv\\\/?s={search_term_string}\"},\"query-input\":{\"@type\":\"PropertyValueSpecification\",\"valueRequired\":true,\"valueName\":\"search_term_string\"}}],\"inLanguage\":\"sv-SE\"}]}<\/script>\n<!-- \/ Yoast SEO plugin. -->","yoast_head_json":{"title":"Tillverkning","description":"Just another Saku Metall Sites site","robots":{"index":"index","follow":"follow","max-snippet":"max-snippet:-1","max-image-preview":"max-image-preview:large","max-video-preview":"max-video-preview:-1"},"canonical":"https:\/\/sakumetall.ee\/uksetehas\/sv\/allman-beskrivning\/tillverkning\/","og_locale":"sv_SE","og_type":"article","og_title":"Tillverkning","og_description":"Just another Saku Metall Sites site","og_url":"https:\/\/sakumetall.ee\/uksetehas\/sv\/allman-beskrivning\/tillverkning\/","og_site_name":"Uksetehas","article_modified_time":"2019-05-06T07:36:02+00:00","twitter_card":"summary_large_image","twitter_misc":{"Ber\u00e4knad l\u00e4stid":"1 minut"},"schema":{"@context":"https:\/\/schema.org","@graph":[{"@type":"WebPage","@id":"https:\/\/sakumetall.ee\/uksetehas\/sv\/allman-beskrivning\/tillverkning\/","url":"https:\/\/sakumetall.ee\/uksetehas\/sv\/allman-beskrivning\/tillverkning\/","name":"Tillverkning","isPartOf":{"@id":"https:\/\/sakumetall.ee\/uksetehas\/sv\/#website"},"datePublished":"2015-07-22T08:30:26+00:00","dateModified":"2019-05-06T07:36:02+00:00","description":"Just another Saku Metall Sites site","breadcrumb":{"@id":"https:\/\/sakumetall.ee\/uksetehas\/sv\/allman-beskrivning\/tillverkning\/#breadcrumb"},"inLanguage":"sv-SE","potentialAction":[{"@type":"ReadAction","target":["https:\/\/sakumetall.ee\/uksetehas\/sv\/allman-beskrivning\/tillverkning\/"]}]},{"@type":"BreadcrumbList","@id":"https:\/\/sakumetall.ee\/uksetehas\/sv\/allman-beskrivning\/tillverkning\/#breadcrumb","itemListElement":[{"@type":"ListItem","position":1,"name":"Home","item":"https:\/\/sakumetall.ee\/uksetehas\/sv\/"},{"@type":"ListItem","position":2,"name":"Om oss","item":"https:\/\/sakumetall.ee\/uksetehas\/sv\/allman-beskrivning\/"},{"@type":"ListItem","position":3,"name":"Tillverkning"}]},{"@type":"WebSite","@id":"https:\/\/sakumetall.ee\/uksetehas\/sv\/#website","url":"https:\/\/sakumetall.ee\/uksetehas\/sv\/","name":"Uksetehas","description":"Just another Saku Metall Sites site","potentialAction":[{"@type":"SearchAction","target":{"@type":"EntryPoint","urlTemplate":"https:\/\/sakumetall.ee\/uksetehas\/sv\/?s={search_term_string}"},"query-input":{"@type":"PropertyValueSpecification","valueRequired":true,"valueName":"search_term_string"}}],"inLanguage":"sv-SE"}]}},"_links":{"self":[{"href":"https:\/\/sakumetall.ee\/uksetehas\/sv\/wp-json\/wp\/v2\/pages\/2451","targetHints":{"allow":["GET"]}}],"collection":[{"href":"https:\/\/sakumetall.ee\/uksetehas\/sv\/wp-json\/wp\/v2\/pages"}],"about":[{"href":"https:\/\/sakumetall.ee\/uksetehas\/sv\/wp-json\/wp\/v2\/types\/page"}],"author":[{"embeddable":true,"href":"https:\/\/sakumetall.ee\/uksetehas\/sv\/wp-json\/wp\/v2\/users\/2"}],"replies":[{"embeddable":true,"href":"https:\/\/sakumetall.ee\/uksetehas\/sv\/wp-json\/wp\/v2\/comments?post=2451"}],"version-history":[{"count":9,"href":"https:\/\/sakumetall.ee\/uksetehas\/sv\/wp-json\/wp\/v2\/pages\/2451\/revisions"}],"predecessor-version":[{"id":7320,"href":"https:\/\/sakumetall.ee\/uksetehas\/sv\/wp-json\/wp\/v2\/pages\/2451\/revisions\/7320"}],"up":[{"embeddable":true,"href":"https:\/\/sakumetall.ee\/uksetehas\/sv\/wp-json\/wp\/v2\/pages\/2463"}],"wp:attachment":[{"href":"https:\/\/sakumetall.ee\/uksetehas\/sv\/wp-json\/wp\/v2\/media?parent=2451"}],"curies":[{"name":"wp","href":"https:\/\/api.w.org\/{rel}","templated":true}]}}