{"id":2463,"date":"2015-07-22T12:06:23","date_gmt":"2015-07-22T09:06:23","guid":{"rendered":"https:\/\/sakumetall.ee\/uksetehas?page_id=2463"},"modified":"2020-08-18T13:03:04","modified_gmt":"2020-08-18T10:03:04","slug":"allman-beskrivning","status":"publish","type":"page","link":"https:\/\/sakumetall.ee\/uksetehas\/sv\/allman-beskrivning\/","title":{"rendered":"Om oss"},"content":{"rendered":"<h2>Allm\u00e4n beskrivning<\/h2>\n<p><strong>Aktiebolaget Saku Metall<\/strong> har varit aktivt i \u00f6ver 28 \u00e5r och har s\u00e5ledes l\u00e5ngvarig erfarenhet av tillverkning av metalld\u00f6rrar. F\u00f6retaget har \u00f6ver 250 anst\u00e4llda. F\u00f6retagets verksamhet var tidigare indelad i tv\u00e5 olika inriktningar \u2013 <strong>d\u00f6rrtillverkning och underleverant\u00f6rsverksamhet.<\/strong> Nu har aktiebolaget blivit omorganiserat f\u00f6r att f\u00f6rb\u00e4ttra produktionseffektiviteten och kundservicen.\u00a0AS Saku Metall Uksetehas tillverkar metalld\u00f6rrar, profil- och skjutd\u00f6rrar med stora glasade ytor samt garageportar och industriella lyftportar.<\/p>\n<p>F\u00f6rutom d\u00f6rrar inkluderar d\u00f6rrfabrikens produktion \u00e4ven <strong>v\u00e4ggar<\/strong>, <strong>fasta f\u00f6nster<\/strong> och <strong>r\u00f6krum<\/strong> av <a target=\"_blank\" href=\"https:\/\/www.forster-profile.ch\/int-en\/home.html\" rel=\"noopener noreferrer\"><strong><span style=\"color: #da2900;\">FORSTER<\/span><\/strong><\/a>-profiler samt<strong> fasader<\/strong> av <span style=\"color: #da2900;\"><strong><a target=\"_blank\" href=\"http:\/\/www.nordicaluminium.fi\/en\/index.html\" rel=\"noopener noreferrer\">NORDIC<\/a>\u00a0<\/strong><\/span> R54-systemet. \u00d6vriga viktiga f\u00f6rs\u00e4ljningsartiklar utg\u00f6rs av <strong>brandd\u00f6rrar<\/strong> f\u00f6r inomhus- och utomhusbruk, <strong>s\u00e4kerhetsd\u00f6rrar<\/strong> f\u00f6r l\u00e4genheter, trapphus och fasader samt <strong>innerd\u00f6rrar<\/strong> f\u00f6r tekniska utrymmen.<\/p>\n<p>Dessutom s\u00e4ljer AS Saku Metall Uksetehas l\u00e5s av <strong><a target=\"_blank\" href=\"https:\/\/www.assaabloy.com\/en\/com\/\" rel=\"noopener noreferrer\"><span style=\"color: #da2900;\">ASSA<\/span><\/a><\/strong>,<strong><a target=\"_blank\" href=\"https:\/\/www.abloy.com\/en\/abloy\/abloycom\/\" rel=\"noopener noreferrer\"><span style=\"color: #da2900;\"> ABLOY<\/span><\/a>\u00a0<\/strong>samt <strong><a target=\"_blank\" href=\"https:\/\/helaform.com\/en\/\" rel=\"noopener noreferrer\"><span style=\"color: #da2900;\">HELAFORM<\/span><\/a>\u00a0<\/strong>&#8211; b\u00e4rsystem f\u00f6r glidd\u00f6rrar. \u00c4ven anordningar f\u00f6r automatisk \u00f6ppning och st\u00e4ngning av d\u00f6rrar av fabrikat <strong><a target=\"_blank\" href=\"http:\/\/www.sommer-metal.dk\/\" rel=\"noopener noreferrer\">SOMMER<\/a>, OVITOR och ABLOY<\/strong> \u00e4r tillg\u00e4ngliga.<\/p>\n<p>Som extratj\u00e4nst erbjuder AS Saku Metall Uksetehas underh\u00e5ll och reparation av d\u00f6rrar och l\u00e5s.<\/p>\n<p>Huvudkontoret av Saku Metall ligger i P\u00f5rguv\u00e4lja tee 25, 75306 Rae vald, Harjumaa.<br \/>\nAS Saku Metall Uksetehas har dotterbolag, Saku Metall OY i Finland.<\/p>\n<p><iframe loading=\"lazy\" src=\"https:\/\/www.youtube.com\/embed\/ZY-t19g_XGA?rel=0\" width=\"560\" height=\"315\" frameborder=\"0\" allowfullscreen=\"allowfullscreen\"><\/iframe><\/p>\n","protected":false},"excerpt":{"rendered":"<p>Allm\u00e4n beskrivning Aktiebolaget Saku Metall har varit aktivt i \u00f6ver 28 \u00e5r och har s\u00e5ledes l\u00e5ngvarig erfarenhet av tillverkning av metalld\u00f6rrar. F\u00f6retaget har \u00f6ver 250 anst\u00e4llda. F\u00f6retagets verksamhet var tidigare indelad i tv\u00e5 olika inriktningar \u2013 d\u00f6rrtillverkning och underleverant\u00f6rsverksamhet. Nu har aktiebolaget blivit omorganiserat f\u00f6r att f\u00f6rb\u00e4ttra produktionseffektiviteten och kundservicen.\u00a0AS Saku Metall Uksetehas tillverkar metalld\u00f6rrar, &#8230;<\/p>\n","protected":false},"author":2,"featured_media":0,"parent":0,"menu_order":37,"comment_status":"closed","ping_status":"closed","template":"","meta":{"footnotes":""},"class_list":["post-2463","page","type-page","status-publish","hentry"],"yoast_head":"<!-- This site is optimized with the Yoast SEO plugin v27.3 - https:\/\/yoast.com\/product\/yoast-seo-wordpress\/ -->\n<title>Om oss<\/title>\n<meta name=\"description\" content=\"Just another Saku Metall Sites site\" \/>\n<meta name=\"robots\" content=\"index, follow, max-snippet:-1, max-image-preview:large, max-video-preview:-1\" \/>\n<link rel=\"canonical\" href=\"https:\/\/sakumetall.ee\/uksetehas\/sv\/allman-beskrivning\/\" \/>\n<meta property=\"og:locale\" content=\"sv_SE\" \/>\n<meta property=\"og:type\" content=\"article\" \/>\n<meta property=\"og:title\" content=\"Om oss\" \/>\n<meta property=\"og:description\" content=\"Just another Saku Metall Sites site\" \/>\n<meta property=\"og:url\" content=\"https:\/\/sakumetall.ee\/uksetehas\/sv\/allman-beskrivning\/\" \/>\n<meta property=\"og:site_name\" content=\"Uksetehas\" \/>\n<meta property=\"article:modified_time\" content=\"2020-08-18T10:03:04+00:00\" \/>\n<meta name=\"twitter:card\" content=\"summary_large_image\" \/>\n<meta name=\"twitter:label1\" content=\"Ber\u00e4knad l\u00e4stid\" \/>\n\t<meta name=\"twitter:data1\" content=\"1 minut\" \/>\n<script type=\"application\/ld+json\" class=\"yoast-schema-graph\">{\"@context\":\"https:\\\/\\\/schema.org\",\"@graph\":[{\"@type\":\"WebPage\",\"@id\":\"https:\\\/\\\/sakumetall.ee\\\/uksetehas\\\/sv\\\/allman-beskrivning\\\/\",\"url\":\"https:\\\/\\\/sakumetall.ee\\\/uksetehas\\\/sv\\\/allman-beskrivning\\\/\",\"name\":\"Om oss\",\"isPartOf\":{\"@id\":\"https:\\\/\\\/sakumetall.ee\\\/uksetehas\\\/sv\\\/#website\"},\"datePublished\":\"2015-07-22T09:06:23+00:00\",\"dateModified\":\"2020-08-18T10:03:04+00:00\",\"description\":\"Just another Saku Metall Sites site\",\"breadcrumb\":{\"@id\":\"https:\\\/\\\/sakumetall.ee\\\/uksetehas\\\/sv\\\/allman-beskrivning\\\/#breadcrumb\"},\"inLanguage\":\"sv-SE\",\"potentialAction\":[{\"@type\":\"ReadAction\",\"target\":[\"https:\\\/\\\/sakumetall.ee\\\/uksetehas\\\/sv\\\/allman-beskrivning\\\/\"]}]},{\"@type\":\"BreadcrumbList\",\"@id\":\"https:\\\/\\\/sakumetall.ee\\\/uksetehas\\\/sv\\\/allman-beskrivning\\\/#breadcrumb\",\"itemListElement\":[{\"@type\":\"ListItem\",\"position\":1,\"name\":\"Home\",\"item\":\"https:\\\/\\\/sakumetall.ee\\\/uksetehas\\\/sv\\\/\"},{\"@type\":\"ListItem\",\"position\":2,\"name\":\"Om oss\"}]},{\"@type\":\"WebSite\",\"@id\":\"https:\\\/\\\/sakumetall.ee\\\/uksetehas\\\/sv\\\/#website\",\"url\":\"https:\\\/\\\/sakumetall.ee\\\/uksetehas\\\/sv\\\/\",\"name\":\"Uksetehas\",\"description\":\"Just another Saku Metall Sites site\",\"potentialAction\":[{\"@type\":\"SearchAction\",\"target\":{\"@type\":\"EntryPoint\",\"urlTemplate\":\"https:\\\/\\\/sakumetall.ee\\\/uksetehas\\\/sv\\\/?s={search_term_string}\"},\"query-input\":{\"@type\":\"PropertyValueSpecification\",\"valueRequired\":true,\"valueName\":\"search_term_string\"}}],\"inLanguage\":\"sv-SE\"}]}<\/script>\n<!-- \/ Yoast SEO plugin. -->","yoast_head_json":{"title":"Om oss","description":"Just another Saku Metall Sites site","robots":{"index":"index","follow":"follow","max-snippet":"max-snippet:-1","max-image-preview":"max-image-preview:large","max-video-preview":"max-video-preview:-1"},"canonical":"https:\/\/sakumetall.ee\/uksetehas\/sv\/allman-beskrivning\/","og_locale":"sv_SE","og_type":"article","og_title":"Om oss","og_description":"Just another Saku Metall Sites site","og_url":"https:\/\/sakumetall.ee\/uksetehas\/sv\/allman-beskrivning\/","og_site_name":"Uksetehas","article_modified_time":"2020-08-18T10:03:04+00:00","twitter_card":"summary_large_image","twitter_misc":{"Ber\u00e4knad l\u00e4stid":"1 minut"},"schema":{"@context":"https:\/\/schema.org","@graph":[{"@type":"WebPage","@id":"https:\/\/sakumetall.ee\/uksetehas\/sv\/allman-beskrivning\/","url":"https:\/\/sakumetall.ee\/uksetehas\/sv\/allman-beskrivning\/","name":"Om oss","isPartOf":{"@id":"https:\/\/sakumetall.ee\/uksetehas\/sv\/#website"},"datePublished":"2015-07-22T09:06:23+00:00","dateModified":"2020-08-18T10:03:04+00:00","description":"Just another Saku Metall Sites site","breadcrumb":{"@id":"https:\/\/sakumetall.ee\/uksetehas\/sv\/allman-beskrivning\/#breadcrumb"},"inLanguage":"sv-SE","potentialAction":[{"@type":"ReadAction","target":["https:\/\/sakumetall.ee\/uksetehas\/sv\/allman-beskrivning\/"]}]},{"@type":"BreadcrumbList","@id":"https:\/\/sakumetall.ee\/uksetehas\/sv\/allman-beskrivning\/#breadcrumb","itemListElement":[{"@type":"ListItem","position":1,"name":"Home","item":"https:\/\/sakumetall.ee\/uksetehas\/sv\/"},{"@type":"ListItem","position":2,"name":"Om oss"}]},{"@type":"WebSite","@id":"https:\/\/sakumetall.ee\/uksetehas\/sv\/#website","url":"https:\/\/sakumetall.ee\/uksetehas\/sv\/","name":"Uksetehas","description":"Just another Saku Metall Sites site","potentialAction":[{"@type":"SearchAction","target":{"@type":"EntryPoint","urlTemplate":"https:\/\/sakumetall.ee\/uksetehas\/sv\/?s={search_term_string}"},"query-input":{"@type":"PropertyValueSpecification","valueRequired":true,"valueName":"search_term_string"}}],"inLanguage":"sv-SE"}]}},"_links":{"self":[{"href":"https:\/\/sakumetall.ee\/uksetehas\/sv\/wp-json\/wp\/v2\/pages\/2463","targetHints":{"allow":["GET"]}}],"collection":[{"href":"https:\/\/sakumetall.ee\/uksetehas\/sv\/wp-json\/wp\/v2\/pages"}],"about":[{"href":"https:\/\/sakumetall.ee\/uksetehas\/sv\/wp-json\/wp\/v2\/types\/page"}],"author":[{"embeddable":true,"href":"https:\/\/sakumetall.ee\/uksetehas\/sv\/wp-json\/wp\/v2\/users\/2"}],"replies":[{"embeddable":true,"href":"https:\/\/sakumetall.ee\/uksetehas\/sv\/wp-json\/wp\/v2\/comments?post=2463"}],"version-history":[{"count":12,"href":"https:\/\/sakumetall.ee\/uksetehas\/sv\/wp-json\/wp\/v2\/pages\/2463\/revisions"}],"predecessor-version":[{"id":20782,"href":"https:\/\/sakumetall.ee\/uksetehas\/sv\/wp-json\/wp\/v2\/pages\/2463\/revisions\/20782"}],"wp:attachment":[{"href":"https:\/\/sakumetall.ee\/uksetehas\/sv\/wp-json\/wp\/v2\/media?parent=2463"}],"curies":[{"name":"wp","href":"https:\/\/api.w.org\/{rel}","templated":true}]}}