{"id":3964,"date":"2016-02-17T09:43:35","date_gmt":"2016-02-17T07:43:35","guid":{"rendered":"https:\/\/sakumetall.ee\/uksetehassv\/?page_id=3964"},"modified":"2024-02-29T14:10:33","modified_gmt":"2024-02-29T12:10:33","slug":"certifikat","status":"publish","type":"page","link":"https:\/\/sakumetall.ee\/uksetehas\/sv\/allman-beskrivning\/certifikat\/","title":{"rendered":"Certifikat"},"content":{"rendered":"<h2>St\u00e5ld\u00f6rrar<\/h2>\n<ul>\n<li><a target=\"_blank\" href=\"https:\/\/sakumetall.ee\/uksetehas\/wp-content\/uploads\/sites\/2\/2016\/02\/SWE-SC0526-14-FQ-EI30-Brandd\u00f6rr-S\u00e4kerhetsd\u00f6rr.pdf\" rel=\"noopener\">Brandd\u00f6rr FQ EI30 och Brandd\u00f6rr\/s\u00e4kerhetsd\u00f6rr FQ EI30<\/a><\/li>\n<li><a target=\"_blank\" href=\"https:\/\/sakumetall.ee\/uksetehas\/wp-content\/uploads\/sites\/2\/2016\/02\/ENG-SWE-No.-SC0430-15-EN-Fire-door-FQ-EI60-FQLEI60.pdf\" rel=\"noopener\">Brandd\u00f6rr FQ EI60, FQ EI30, FQL EI60 och FQL EI30<\/a><\/li>\n<li><a target=\"_blank\" href=\"https:\/\/sakumetall.ee\/uksetehas\/wp-content\/uploads\/sites\/2\/2016\/02\/ENG-ET-0132-14-02-FQL-EI30-EI60.pdf\" rel=\"noopener\">Double leaf fire resistant steel door FQL EI60<\/a><\/li>\n<li><a target=\"_blank\" href=\"https:\/\/sakumetall.ee\/uksetehas\/wp-content\/uploads\/sites\/2\/2024\/02\/ENG-SWE-ET-0216-18-FQ-EI30-SaS200-security-steel-door-fire-sertificate-240209.pdf\" rel=\"noopener\">Single leaf steel fire security door FQ EI30<\/a><\/li>\n<li><a target=\"_blank\" href=\"https:\/\/sakumetall.ee\/uksetehas\/wp-content\/uploads\/sites\/2\/2023\/11\/ENG-SWE-ET-0212-18-FQ-EI60-FQL-EI60-EI30-SaS200-single-and-double-door-231124.pdf\" rel=\"noopener\">Single and double leaf fire resistant steel door FQEI60, double leaf fire resistant steel door FQEI30 and double leaf fire resistant steel door FQLEI60 and FQLEI30<\/a><\/li>\n<li><a href=\"https:\/\/sakumetall.ee\/uksetehas\/wp-content\/uploads\/sites\/2\/2023\/10\/ENG-ET-0288-20-RC3-RC4-FQEI60-security-firedoor-230930.pdf\">Single leaf steel door FQ64LT EI60 RC3 and RC4<\/a><\/li>\n<li><a target=\"_blank\" href=\"https:\/\/sakumetall.ee\/uksetehas\/wp-content\/uploads\/sites\/2\/2021\/11\/ENG-1336-CPR-0195-Fire-industrial-sliding-door-CE-FLEI60-201221.pdf\" rel=\"noopener\">Fire resistant sliding door FL EI60 (with glazing and pass-door)<\/a><\/li>\n<li><a target=\"_blank\" href=\"https:\/\/sakumetall.ee\/uksetehas\/wp-content\/uploads\/sites\/2\/2021\/11\/ENG-1336-CPR-0228-Fire-metal-hatch-EI30-EI60.pdf\" rel=\"noopener\">Fire resistant hatch FQ EI60<\/a><\/li>\n<li><a target=\"_blank\" href=\"https:\/\/sakumetall.ee\/uksetehas\/wp-content\/uploads\/sites\/2\/2024\/02\/ENG-1336-CPR-0163-External-steel-door-Q-240227.pdf\" rel=\"noopener\">Single and Double Leaf External Metal Door Q<\/a><\/li>\n<li><a target=\"_blank\" href=\"https:\/\/sakumetall.ee\/uksetehas\/wp-content\/uploads\/sites\/2\/2023\/01\/ENG-1336-CPR-0266-FQ-EI120-single-and-double-fire-door-230123.pdf\" rel=\"noopener\">Single and double leaf fire resistant steel door FQ 100 EI120<\/a><\/li>\n<li><a target=\"_blank\" href=\"https:\/\/sakumetall.ee\/uksetehas\/wp-content\/uploads\/sites\/2\/2023\/01\/ENG-SWE-No-12-827-Fire-security-steel-door-FQ-EI-30-RC3-20.12.2022.pdf\" rel=\"noopener\">Burglar protective doors Fire security steel door FQ EI30 RC3 single leaf<\/a><\/li>\n<li><a href=\"https:\/\/sakumetall.ee\/uksetehas\/wp-content\/uploads\/sites\/2\/2022\/12\/ENG-22-570-Unico-RC3-Profile-security-door-221128.pdf\">Burglar protective doors Profile security door Unico RC3<\/a><\/li>\n<\/ul>\n<h2>St\u00e5lprofilprodukter<\/h2>\n<ul>\n<li><a target=\"_blank\" href=\"https:\/\/sakumetall.ee\/uksetehas\/wp-content\/uploads\/sites\/2\/2021\/11\/ENG-ET-0013-18-Presto-E30-door.pdf\" rel=\"noopener\">Non-loadbearing Forster Presto steelprofile wall E30<\/a><\/li>\n<li><a target=\"_blank\" href=\"https:\/\/sakumetall.ee\/uksetehas\/wp-content\/uploads\/sites\/2\/2021\/11\/ENG-ET-0280-20-Fuego-Light-EI30-wall-200518.pdf\" rel=\"noopener\">Non-loadbearing steelprofile wall made of system Forster Fuego Light EI30<\/a><\/li>\n<li><a target=\"_blank\" href=\"https:\/\/sakumetall.ee\/uksetehas\/wp-content\/uploads\/sites\/2\/2023\/12\/ENG-ET-0083-17-Fuego-Light-EI60-door-13.12.2023.pdf\" rel=\"noopener\">Single leaf and double leaf door with or without side and transom panels made of system Forster Fuego Light EI60<\/a><\/li>\n<li><a target=\"_blank\" href=\"https:\/\/sakumetall.ee\/uksetehas\/wp-content\/uploads\/sites\/2\/2023\/12\/ENG-ET-0014-17-Fuego-Light-EI30-door-13.12.2023.pdf\" rel=\"noopener\">Single leaf and double leaf door with or without side and transom panels made of system Forster Fuego Light EI30<\/a><\/li>\n<li><a target=\"_blank\" href=\"https:\/\/sakumetall.ee\/uksetehas\/wp-content\/uploads\/sites\/2\/2024\/02\/ENG-ET-0024-19-door-Presto-E60-240215.pdf\" rel=\"noopener\">Single leaf and double leaf door with or without side and transom panels E60 made of system Forster Presto 50<\/a><\/li>\n<li><a target=\"_blank\" href=\"https:\/\/sakumetall.ee\/uksetehas\/wp-content\/uploads\/sites\/2\/2023\/12\/ENG-ET-0013-18-Presto-E30-doors-13.12.2023.pdf\" rel=\"noopener\">Single leaf and double leaf door with or without side and transom panels made of system Forster Presto E30<\/a><\/li>\n<li><a target=\"_blank\" href=\"https:\/\/sakumetall.ee\/uksetehas\/wp-content\/uploads\/sites\/2\/2016\/02\/ENG-EC-1336-CPD-0035-Forster-Unico-v%C3%A4lisuks.pdf\" rel=\"noopener\">External steel profile door Forster Unico<\/a><\/li>\n<li><a target=\"_blank\" href=\"https:\/\/sakumetall.ee\/uksetehas\/wp-content\/uploads\/sites\/2\/2016\/02\/ENG-EC-1336-CPD-0033-Forster-Presto-v%C3%A4lisuks.pdf\" rel=\"noopener\">External steel profile door Forster Presto<\/a><\/li>\n<li><a target=\"_blank\" href=\"https:\/\/sakumetall.ee\/uksetehas\/wp-content\/uploads\/sites\/2\/2021\/11\/ENG-ET-0268-20-Fuego-Light-wall-EI60.pdf\" rel=\"noopener\">Non-loadbearing Forster Fuego Light steelprofile wall EI60<\/a><\/li>\n<li><a target=\"_blank\" href=\"https:\/\/sakumetall.ee\/uksetehas\/wp-content\/uploads\/sites\/2\/2024\/01\/VTT-EUFI29-19005434-THTOD-Forster-Fuego-Light-EI30-liukuovet-240111.pdf\" rel=\"noopener\">Single and double leaf Forster Fuego Light sliding door EI30<\/a><\/li>\n<\/ul>\n","protected":false},"excerpt":{"rendered":"<p>St\u00e5ld\u00f6rrar Brandd\u00f6rr FQ EI30 och Brandd\u00f6rr\/s\u00e4kerhetsd\u00f6rr FQ EI30 Brandd\u00f6rr FQ EI60, FQ EI30, FQL EI60 och FQL EI30 Double leaf fire resistant steel door FQL EI60 Single leaf steel fire security door FQ EI30 Single and double leaf fire resistant steel door FQEI60, double leaf fire resistant steel door FQEI30 and double leaf fire resistant &#8230;<\/p>\n","protected":false},"author":2,"featured_media":0,"parent":2463,"menu_order":2,"comment_status":"closed","ping_status":"closed","template":"","meta":{"footnotes":""},"class_list":["post-3964","page","type-page","status-publish","hentry"],"yoast_head":"<!-- This site is optimized with the Yoast SEO plugin v27.3 - https:\/\/yoast.com\/product\/yoast-seo-wordpress\/ -->\n<title>Certifikat<\/title>\n<meta name=\"description\" content=\"Just another Saku Metall Sites site\" \/>\n<meta name=\"robots\" content=\"index, follow, max-snippet:-1, max-image-preview:large, max-video-preview:-1\" \/>\n<link rel=\"canonical\" href=\"https:\/\/sakumetall.ee\/uksetehas\/sv\/allman-beskrivning\/certifikat\/\" \/>\n<meta property=\"og:locale\" content=\"sv_SE\" \/>\n<meta property=\"og:type\" content=\"article\" \/>\n<meta property=\"og:title\" content=\"Certifikat\" \/>\n<meta property=\"og:description\" content=\"Just another Saku Metall Sites site\" \/>\n<meta property=\"og:url\" content=\"https:\/\/sakumetall.ee\/uksetehas\/sv\/allman-beskrivning\/certifikat\/\" \/>\n<meta property=\"og:site_name\" content=\"Uksetehas\" \/>\n<meta property=\"article:modified_time\" content=\"2024-02-29T12:10:33+00:00\" \/>\n<meta name=\"twitter:card\" content=\"summary_large_image\" \/>\n<meta name=\"twitter:label1\" content=\"Ber\u00e4knad l\u00e4stid\" \/>\n\t<meta name=\"twitter:data1\" content=\"2 minuter\" \/>\n<script type=\"application\/ld+json\" class=\"yoast-schema-graph\">{\"@context\":\"https:\\\/\\\/schema.org\",\"@graph\":[{\"@type\":\"WebPage\",\"@id\":\"https:\\\/\\\/sakumetall.ee\\\/uksetehas\\\/sv\\\/allman-beskrivning\\\/certifikat\\\/\",\"url\":\"https:\\\/\\\/sakumetall.ee\\\/uksetehas\\\/sv\\\/allman-beskrivning\\\/certifikat\\\/\",\"name\":\"Certifikat\",\"isPartOf\":{\"@id\":\"https:\\\/\\\/sakumetall.ee\\\/uksetehas\\\/sv\\\/#website\"},\"datePublished\":\"2016-02-17T07:43:35+00:00\",\"dateModified\":\"2024-02-29T12:10:33+00:00\",\"description\":\"Just another Saku Metall Sites site\",\"breadcrumb\":{\"@id\":\"https:\\\/\\\/sakumetall.ee\\\/uksetehas\\\/sv\\\/allman-beskrivning\\\/certifikat\\\/#breadcrumb\"},\"inLanguage\":\"sv-SE\",\"potentialAction\":[{\"@type\":\"ReadAction\",\"target\":[\"https:\\\/\\\/sakumetall.ee\\\/uksetehas\\\/sv\\\/allman-beskrivning\\\/certifikat\\\/\"]}]},{\"@type\":\"BreadcrumbList\",\"@id\":\"https:\\\/\\\/sakumetall.ee\\\/uksetehas\\\/sv\\\/allman-beskrivning\\\/certifikat\\\/#breadcrumb\",\"itemListElement\":[{\"@type\":\"ListItem\",\"position\":1,\"name\":\"Home\",\"item\":\"https:\\\/\\\/sakumetall.ee\\\/uksetehas\\\/sv\\\/\"},{\"@type\":\"ListItem\",\"position\":2,\"name\":\"Om oss\",\"item\":\"https:\\\/\\\/sakumetall.ee\\\/uksetehas\\\/sv\\\/allman-beskrivning\\\/\"},{\"@type\":\"ListItem\",\"position\":3,\"name\":\"Certifikat\"}]},{\"@type\":\"WebSite\",\"@id\":\"https:\\\/\\\/sakumetall.ee\\\/uksetehas\\\/sv\\\/#website\",\"url\":\"https:\\\/\\\/sakumetall.ee\\\/uksetehas\\\/sv\\\/\",\"name\":\"Uksetehas\",\"description\":\"Just another Saku Metall Sites site\",\"potentialAction\":[{\"@type\":\"SearchAction\",\"target\":{\"@type\":\"EntryPoint\",\"urlTemplate\":\"https:\\\/\\\/sakumetall.ee\\\/uksetehas\\\/sv\\\/?s={search_term_string}\"},\"query-input\":{\"@type\":\"PropertyValueSpecification\",\"valueRequired\":true,\"valueName\":\"search_term_string\"}}],\"inLanguage\":\"sv-SE\"}]}<\/script>\n<!-- \/ Yoast SEO plugin. -->","yoast_head_json":{"title":"Certifikat","description":"Just another Saku Metall Sites site","robots":{"index":"index","follow":"follow","max-snippet":"max-snippet:-1","max-image-preview":"max-image-preview:large","max-video-preview":"max-video-preview:-1"},"canonical":"https:\/\/sakumetall.ee\/uksetehas\/sv\/allman-beskrivning\/certifikat\/","og_locale":"sv_SE","og_type":"article","og_title":"Certifikat","og_description":"Just another Saku Metall Sites site","og_url":"https:\/\/sakumetall.ee\/uksetehas\/sv\/allman-beskrivning\/certifikat\/","og_site_name":"Uksetehas","article_modified_time":"2024-02-29T12:10:33+00:00","twitter_card":"summary_large_image","twitter_misc":{"Ber\u00e4knad l\u00e4stid":"2 minuter"},"schema":{"@context":"https:\/\/schema.org","@graph":[{"@type":"WebPage","@id":"https:\/\/sakumetall.ee\/uksetehas\/sv\/allman-beskrivning\/certifikat\/","url":"https:\/\/sakumetall.ee\/uksetehas\/sv\/allman-beskrivning\/certifikat\/","name":"Certifikat","isPartOf":{"@id":"https:\/\/sakumetall.ee\/uksetehas\/sv\/#website"},"datePublished":"2016-02-17T07:43:35+00:00","dateModified":"2024-02-29T12:10:33+00:00","description":"Just another Saku Metall Sites site","breadcrumb":{"@id":"https:\/\/sakumetall.ee\/uksetehas\/sv\/allman-beskrivning\/certifikat\/#breadcrumb"},"inLanguage":"sv-SE","potentialAction":[{"@type":"ReadAction","target":["https:\/\/sakumetall.ee\/uksetehas\/sv\/allman-beskrivning\/certifikat\/"]}]},{"@type":"BreadcrumbList","@id":"https:\/\/sakumetall.ee\/uksetehas\/sv\/allman-beskrivning\/certifikat\/#breadcrumb","itemListElement":[{"@type":"ListItem","position":1,"name":"Home","item":"https:\/\/sakumetall.ee\/uksetehas\/sv\/"},{"@type":"ListItem","position":2,"name":"Om oss","item":"https:\/\/sakumetall.ee\/uksetehas\/sv\/allman-beskrivning\/"},{"@type":"ListItem","position":3,"name":"Certifikat"}]},{"@type":"WebSite","@id":"https:\/\/sakumetall.ee\/uksetehas\/sv\/#website","url":"https:\/\/sakumetall.ee\/uksetehas\/sv\/","name":"Uksetehas","description":"Just another Saku Metall Sites site","potentialAction":[{"@type":"SearchAction","target":{"@type":"EntryPoint","urlTemplate":"https:\/\/sakumetall.ee\/uksetehas\/sv\/?s={search_term_string}"},"query-input":{"@type":"PropertyValueSpecification","valueRequired":true,"valueName":"search_term_string"}}],"inLanguage":"sv-SE"}]}},"_links":{"self":[{"href":"https:\/\/sakumetall.ee\/uksetehas\/sv\/wp-json\/wp\/v2\/pages\/3964","targetHints":{"allow":["GET"]}}],"collection":[{"href":"https:\/\/sakumetall.ee\/uksetehas\/sv\/wp-json\/wp\/v2\/pages"}],"about":[{"href":"https:\/\/sakumetall.ee\/uksetehas\/sv\/wp-json\/wp\/v2\/types\/page"}],"author":[{"embeddable":true,"href":"https:\/\/sakumetall.ee\/uksetehas\/sv\/wp-json\/wp\/v2\/users\/2"}],"replies":[{"embeddable":true,"href":"https:\/\/sakumetall.ee\/uksetehas\/sv\/wp-json\/wp\/v2\/comments?post=3964"}],"version-history":[{"count":49,"href":"https:\/\/sakumetall.ee\/uksetehas\/sv\/wp-json\/wp\/v2\/pages\/3964\/revisions"}],"predecessor-version":[{"id":29392,"href":"https:\/\/sakumetall.ee\/uksetehas\/sv\/wp-json\/wp\/v2\/pages\/3964\/revisions\/29392"}],"up":[{"embeddable":true,"href":"https:\/\/sakumetall.ee\/uksetehas\/sv\/wp-json\/wp\/v2\/pages\/2463"}],"wp:attachment":[{"href":"https:\/\/sakumetall.ee\/uksetehas\/sv\/wp-json\/wp\/v2\/media?parent=3964"}],"curies":[{"name":"wp","href":"https:\/\/api.w.org\/{rel}","templated":true}]}}