{"id":7223,"date":"2017-09-25T10:29:17","date_gmt":"2017-09-25T07:29:17","guid":{"rendered":"https:\/\/sakumetall.ee\/uksetehas\/sv\/?page_id=7223"},"modified":"2024-04-08T15:25:46","modified_gmt":"2024-04-08T12:25:46","slug":"dokumentation","status":"publish","type":"page","link":"https:\/\/sakumetall.ee\/uksetehas\/sv\/dokumentation\/","title":{"rendered":"Dokumentation"},"content":{"rendered":"<h2>Garantivillkor<\/h2>\n<p>V\u00e5r garanti g\u00e4ller under f\u00f6ruts\u00e4ttning att produkten monteras och anv\u00e4nds samt underh\u00e5ll utf\u00f6rs i enlighet med monterings-, bruks- och underh\u00e5llsanvisningarna f\u00f6r produkten.<\/p>\n<ul>\n<li>\u00d6ppna garantivillkoren h\u00e4r: <a target=\"_blank\" href=\"https:\/\/sakumetall.ee\/uksetehas\/wp-content\/uploads\/sites\/2\/2021\/07\/01.19-Saku-Metall-Doorfactory-Guarantee-Terms-ver24-210728.pdf\" rel=\"noopener\">Garantivillkor (ENG)<\/a><\/li>\n<li>\u00d6ppna leveransvillkoren h\u00e4r: <a target=\"_blank\" href=\"https:\/\/sakumetall.ee\/uksetehas\/wp-content\/uploads\/sites\/2\/2021\/01\/01.18-SMUT-Standard-Delivery-Terms-ver24-210127.pdf\" rel=\"noopener\">Allm\u00e4nna leveransvillkor (ENG)<\/a><\/li>\n<\/ul>\n<h2>Monteringsanvisning<\/h2>\n<ul>\n<li><a target=\"_blank\" href=\"https:\/\/sakumetall.ee\/uksetehas\/wp-content\/uploads\/sites\/2\/2024\/04\/Monteringsanvisning-for-metalldorr-1.pdf\" rel=\"noopener\">Monteringsanvisning f\u00f6r metalld\u00f6rr<\/a><\/li>\n<li><a target=\"_blank\" href=\"https:\/\/sakumetall.ee\/uksetehas\/wp-content\/uploads\/sites\/2\/2024\/04\/Bruksinstruktion-for-metalldorrar-1.pdf\" rel=\"noopener\">Bruksinstruktion f\u00f6r metalld\u00f6rrar<\/a><\/li>\n<li><a target=\"_blank\" href=\"https:\/\/sakumetall.ee\/uksetehas\/wp-content\/uploads\/sites\/2\/2024\/04\/Monteringsanvisning-for-branddorrar-av-metall-FG-och-FQL-1.pdf\" rel=\"noopener\">Monteringsanvisning f\u00f6r brandd\u00f6rrar av metall FG och FQ(L)<\/a><\/li>\n<li><a target=\"_blank\" href=\"https:\/\/sakumetall.ee\/uksetehas\/wp-content\/uploads\/sites\/2\/2024\/04\/Monteringsanvisning-for-brandskjutdorr-i-metall-FL75-EI60-MFD090-1.pdf\" rel=\"noopener\">Monteringsanvisning f\u00f6r brandskjutd\u00f6rr i metall FL75 EI60 (MFD090)<\/a><\/li>\n<li><a target=\"_blank\" href=\"https:\/\/sakumetall.ee\/uksetehas\/wp-content\/uploads\/sites\/2\/2024\/04\/Monteringsanvisning-for-brandskjutdorr-i-metall-FL75-EI60-MFD091-1.pdf\" rel=\"noopener\">Monteringsanvisning f\u00f6r brandskjutd\u00f6rr i metall FL75 EI60 (MFD091)<\/a><\/li>\n<li><a target=\"_blank\" href=\"https:\/\/sakumetall.ee\/uksetehas\/wp-content\/uploads\/sites\/2\/2024\/04\/Monteringsanvisning-for-sakerhetsdorrar-FQ-EI30-1.pdf\" rel=\"noopener\">Monteringsanvisning f\u00f6r s\u00e4kerhetsd\u00f6rrar FQ EI30<\/a><\/li>\n<li><a target=\"_blank\" href=\"https:\/\/sakumetall.ee\/uksetehas\/wp-content\/uploads\/sites\/2\/2024\/04\/Monteringsanvisning-for-innerkarm-for-metalldorr-1.pdf\" rel=\"noopener\">Monteringsanvisning f\u00f6r innerkarm f\u00f6r metalld\u00f6rr<\/a><\/li>\n<li><a target=\"_blank\" href=\"https:\/\/sakumetall.ee\/uksetehas\/wp-content\/uploads\/sites\/2\/2024\/04\/Monteringsanvisning-for-brand-luca-FQ.pdf\" rel=\"noopener\">Monteringsanvisning f\u00f6r brand luca FQ<\/a><\/li>\n<li><a target=\"_blank\" href=\"https:\/\/sakumetall.ee\/uksetehas\/wp-content\/uploads\/sites\/2\/2024\/02\/Installation-manual-for-fire-resistant-profile-product-Forster-Presto-E30.pdf\" rel=\"noopener\"><\/a><a target=\"_blank\" href=\"https:\/\/sakumetall.ee\/uksetehas\/wp-content\/uploads\/sites\/2\/2024\/04\/Monteringsanvisning-for-brandskjutdorr-i-metall-FL75-EI60-MFD091-1.pdf\" rel=\"noopener\">Monteringsanvisning f\u00f6r<\/a><a target=\"_blank\" href=\"https:\/\/sakumetall.ee\/uksetehas\/wp-content\/uploads\/sites\/2\/2024\/02\/Installation-manual-for-fire-resistant-profile-product-Forster-Presto-E30.pdf\" rel=\"noopener\"> brandklassad profilprodukt Presto E30<\/a><a target=\"_blank\" href=\"https:\/\/sakumetall.ee\/uksetehas\/wp-content\/uploads\/sites\/2\/2024\/02\/Installation-manual-for-fire-resistant-profile-product-Forster-Presto-E60.pdf\" rel=\"noopener\"><\/a><\/li>\n<li><a target=\"_blank\" href=\"https:\/\/sakumetall.ee\/uksetehas\/wp-content\/uploads\/sites\/2\/2024\/04\/Monteringsanvisning-for-brandskjutdorr-i-metall-FL75-EI60-MFD091-1.pdf\" rel=\"noopener\">Monteringsanvisning f\u00f6r<\/a><a target=\"_blank\" href=\"https:\/\/sakumetall.ee\/uksetehas\/wp-content\/uploads\/sites\/2\/2024\/02\/Installation-manual-for-fire-resistant-profile-product-Forster-Presto-E30.pdf\" rel=\"noopener\"> brandklassad profilprodukt Presto<\/a><a target=\"_blank\" href=\"https:\/\/sakumetall.ee\/uksetehas\/wp-content\/uploads\/sites\/2\/2024\/02\/Installation-manual-for-fire-resistant-profile-product-Forster-Presto-E60.pdf\" rel=\"noopener\">\u00a0E60<\/a><a target=\"_blank\" href=\"https:\/\/sakumetall.ee\/uksetehas\/wp-content\/uploads\/sites\/2\/2022\/08\/17.00.34-Installation-manual-for-fire-resistant-profile-product-Forster-Fuego-Light-EI30-ver04-220823.pdf\" rel=\"noopener\"><\/a><\/li>\n<li><a target=\"_blank\" href=\"https:\/\/sakumetall.ee\/uksetehas\/wp-content\/uploads\/sites\/2\/2024\/04\/Monteringsanvisning-for-brandskjutdorr-i-metall-FL75-EI60-MFD091-1.pdf\" rel=\"noopener\">Monteringsanvisning f\u00f6r<\/a><a target=\"_blank\" href=\"https:\/\/sakumetall.ee\/uksetehas\/wp-content\/uploads\/sites\/2\/2024\/02\/Installation-manual-for-fire-resistant-profile-product-Forster-Presto-E30.pdf\" rel=\"noopener\"> brandklassad profilprodukt <\/a><a target=\"_blank\" href=\"https:\/\/sakumetall.ee\/uksetehas\/wp-content\/uploads\/sites\/2\/2022\/08\/17.00.34-Installation-manual-for-fire-resistant-profile-product-Forster-Fuego-Light-EI30-ver04-220823.pdf\" rel=\"noopener\">\u00a0Fuego Light EI30<\/a><a target=\"_blank\" href=\"https:\/\/sakumetall.ee\/uksetehas\/wp-content\/uploads\/sites\/2\/2024\/02\/Installation-manual-for-fire-resistant-profile-product-Forster-Fuego-Light-EI60.pdf\" rel=\"noopener\"><\/a><\/li>\n<li><a target=\"_blank\" href=\"https:\/\/sakumetall.ee\/uksetehas\/wp-content\/uploads\/sites\/2\/2024\/04\/Monteringsanvisning-for-brandskjutdorr-i-metall-FL75-EI60-MFD091-1.pdf\" rel=\"noopener\">Monteringsanvisning f\u00f6r<\/a><a target=\"_blank\" href=\"https:\/\/sakumetall.ee\/uksetehas\/wp-content\/uploads\/sites\/2\/2024\/02\/Installation-manual-for-fire-resistant-profile-product-Forster-Presto-E30.pdf\" rel=\"noopener\"> brandklassad profilprodukt <\/a><a target=\"_blank\" href=\"https:\/\/sakumetall.ee\/uksetehas\/wp-content\/uploads\/sites\/2\/2022\/08\/17.00.34-Installation-manual-for-fire-resistant-profile-product-Forster-Fuego-Light-EI30-ver04-220823.pdf\" rel=\"noopener\">\u00a0Fuego Light<\/a> <a target=\"_blank\" href=\"https:\/\/sakumetall.ee\/uksetehas\/wp-content\/uploads\/sites\/2\/2024\/02\/Installation-manual-for-fire-resistant-profile-product-Forster-Fuego-Light-EI60.pdf\" rel=\"noopener\">EI60<\/a><\/li>\n<li><a href=\"https:\/\/sakumetall.ee\/uksetehas\/wp-content\/uploads\/sites\/2\/2024\/02\/Installation-manual-for-external-profile-product-Forster-Unico.pdf\">Installation manual for external profile product Forster Unico<\/a><\/li>\n<li><a href=\"https:\/\/sakumetall.ee\/uksetehas\/wp-content\/uploads\/sites\/2\/2024\/02\/Installation-manual-for-external-profile-product-Forster-Presto.pdf\">Installation manual for external profile product Foster Presto<\/a><\/li>\n<li><a href=\"https:\/\/sakumetall.ee\/uksetehas\/wp-content\/uploads\/sites\/2\/2024\/02\/Installation-manual-for-internal-profile-product-Forster-Presto.pdf\">Installation manual for internal profile product Forster Presto<\/a><\/li>\n<li><a href=\"https:\/\/sakumetall.ee\/uksetehas\/wp-content\/uploads\/sites\/2\/2022\/12\/17.00.80-Installation-manual-for-security-profile-door-Forster-Unico-RC3-ver02-221122.pdf\">Installation manual for security profile door Forster Unico RC3<\/a><\/li>\n<li><a href=\"https:\/\/sakumetall.ee\/uksetehas\/wp-content\/uploads\/sites\/2\/2022\/12\/17.00.82-Installation-manual-for-profile-product-Forster-Presto-XS-ver01-221101.pdf\">Installation manual for profile product Forster Presto XS<\/a><\/li>\n<li><a target=\"_blank\" href=\"https:\/\/sakumetall.ee\/uksetehas\/wp-content\/uploads\/sites\/2\/2022\/11\/17.00.61-Profile-products-user-and-maintenance-manual-ver02-220804.pdf\" rel=\"noopener\">Bruks- och underh\u00e5llsavaning<\/a><a target=\"_blank\" href=\"https:\/\/sakumetall.ee\/uksetehas\/wp-content\/uploads\/sites\/2\/2022\/11\/17.00.61-Profile-products-user-and-maintenance-manual-ver02-220804.pdf\" rel=\"noopener\"> f\u00f6r profilprodukter<\/a><\/li>\n<li><a target=\"_blank\" href=\"https:\/\/sakumetall.ee\/uksetehas\/wp-content\/uploads\/sites\/2\/2022\/11\/17.00.61-Profile-products-user-and-maintenance-manual-ver02-220804.pdf\" rel=\"noopener\"><\/a><a target=\"_blank\" href=\"https:\/\/sakumetall.ee\/uksetehas\/wp-content\/uploads\/sites\/2\/2024\/04\/Monteringsanvisning-for-brandskjutdorr-i-metall-FL75-EI60-MFD091-1.pdf\" rel=\"noopener\">Monteringsanvisning f\u00f6r<\/a> <a target=\"_blank\" href=\"https:\/\/sakumetall.ee\/uksetehas\/wp-content\/uploads\/sites\/2\/2022\/12\/17.00.78-Installation-manual-for-profile-sliding-door-ver03-220804.pdf\" rel=\"noopener\">profilskjutd\u00f6rr<\/a><\/li>\n<li><a href=\"https:\/\/sakumetall.ee\/uksetehas\/wp-content\/uploads\/sites\/2\/2017\/09\/Installing-Assa-179A-S4-SWE.pdf\">Installing Assa 179A S4 (SWE)<\/a><\/li>\n<\/ul>\n<h2>Sk\u00f6tsel- och anv\u00e4ndarinstruktioner<\/h2>\n<ul>\n<li><a target=\"_blank\" href=\"https:\/\/sakumetall.ee\/uksetehas\/wp-content\/uploads\/sites\/2\/2017\/09\/TU-automaatika-kasutusjuhend_SWE.pdf\" rel=\"noopener\">Bruksanvisning f\u00f6r automatik f\u00f6r gemensamma garagen<\/a><\/li>\n<li><a target=\"_blank\" href=\"https:\/\/sakumetall.ee\/uksetehas\/wp-content\/uploads\/sites\/2\/2022\/11\/17.00.61-Profile-products-user-and-maintenance-manual-ver02-220804.pdf\" rel=\"noopener\">Bruks- och underh\u00e5llsavaning<\/a><a target=\"_blank\" href=\"https:\/\/sakumetall.ee\/uksetehas\/wp-content\/uploads\/sites\/2\/2022\/11\/17.00.61-Profile-products-user-and-maintenance-manual-ver02-220804.pdf\" rel=\"noopener\"> f\u00f6r lyftd\u00f6rr<\/a><a target=\"_blank\" href=\"https:\/\/sakumetall.ee\/uksetehas\/wp-content\/uploads\/sites\/2\/2024\/04\/Lukutoodete-kasutamine-ja-hooldamine-SWE-1.pdf\" rel=\"noopener\"><\/a><\/li>\n<li><a target=\"_blank\" href=\"https:\/\/sakumetall.ee\/uksetehas\/wp-content\/uploads\/sites\/2\/2022\/11\/17.00.61-Profile-products-user-and-maintenance-manual-ver02-220804.pdf\" rel=\"noopener\">Bruks- och underh\u00e5llsavaning<\/a><a target=\"_blank\" href=\"https:\/\/sakumetall.ee\/uksetehas\/wp-content\/uploads\/sites\/2\/2022\/11\/17.00.61-Profile-products-user-and-maintenance-manual-ver02-220804.pdf\" rel=\"noopener\"> f\u00f6r l<\/a><a target=\"_blank\" href=\"https:\/\/sakumetall.ee\/uksetehas\/wp-content\/uploads\/sites\/2\/2022\/11\/17.00.61-Profile-products-user-and-maintenance-manual-ver02-220804.pdf\" rel=\"noopener\">\u00e5<\/a><a target=\"_blank\" href=\"https:\/\/sakumetall.ee\/uksetehas\/wp-content\/uploads\/sites\/2\/2024\/04\/Lukutoodete-kasutamine-ja-hooldamine-SWE-1.pdf\" rel=\"noopener\">sprodukter<\/a><\/li>\n<\/ul>\n","protected":false},"excerpt":{"rendered":"<p>Garantivillkor V\u00e5r garanti g\u00e4ller under f\u00f6ruts\u00e4ttning att produkten monteras och anv\u00e4nds samt underh\u00e5ll utf\u00f6rs i enlighet med monterings-, bruks- och underh\u00e5llsanvisningarna f\u00f6r produkten. \u00d6ppna garantivillkoren h\u00e4r: Garantivillkor (ENG) \u00d6ppna leveransvillkoren h\u00e4r: Allm\u00e4nna leveransvillkor (ENG) Monteringsanvisning Monteringsanvisning f\u00f6r metalld\u00f6rr Bruksinstruktion f\u00f6r metalld\u00f6rrar Monteringsanvisning f\u00f6r brandd\u00f6rrar av metall FG och FQ(L) Monteringsanvisning f\u00f6r brandskjutd\u00f6rr i metall FL75 &#8230;<\/p>\n","protected":false},"author":13,"featured_media":0,"parent":0,"menu_order":34,"comment_status":"closed","ping_status":"closed","template":"","meta":{"footnotes":""},"class_list":["post-7223","page","type-page","status-publish","hentry"],"yoast_head":"<!-- This site is optimized with the Yoast SEO plugin v27.3 - https:\/\/yoast.com\/product\/yoast-seo-wordpress\/ -->\n<title>Dokumentation<\/title>\n<meta name=\"description\" content=\"Just another Saku Metall Sites site\" \/>\n<meta name=\"robots\" content=\"index, follow, max-snippet:-1, max-image-preview:large, max-video-preview:-1\" \/>\n<link rel=\"canonical\" href=\"https:\/\/sakumetall.ee\/uksetehas\/sv\/dokumentation\/\" \/>\n<meta property=\"og:locale\" content=\"sv_SE\" \/>\n<meta property=\"og:type\" content=\"article\" \/>\n<meta property=\"og:title\" content=\"Dokumentation\" \/>\n<meta property=\"og:description\" content=\"Just another Saku Metall Sites site\" \/>\n<meta property=\"og:url\" content=\"https:\/\/sakumetall.ee\/uksetehas\/sv\/dokumentation\/\" \/>\n<meta property=\"og:site_name\" content=\"Uksetehas\" \/>\n<meta property=\"article:modified_time\" content=\"2024-04-08T12:25:46+00:00\" \/>\n<meta name=\"twitter:card\" content=\"summary_large_image\" \/>\n<meta name=\"twitter:label1\" content=\"Ber\u00e4knad l\u00e4stid\" \/>\n\t<meta name=\"twitter:data1\" content=\"1 minut\" \/>\n<script type=\"application\/ld+json\" class=\"yoast-schema-graph\">{\"@context\":\"https:\\\/\\\/schema.org\",\"@graph\":[{\"@type\":\"WebPage\",\"@id\":\"https:\\\/\\\/sakumetall.ee\\\/uksetehas\\\/sv\\\/dokumentation\\\/\",\"url\":\"https:\\\/\\\/sakumetall.ee\\\/uksetehas\\\/sv\\\/dokumentation\\\/\",\"name\":\"Dokumentation\",\"isPartOf\":{\"@id\":\"https:\\\/\\\/sakumetall.ee\\\/uksetehas\\\/sv\\\/#website\"},\"datePublished\":\"2017-09-25T07:29:17+00:00\",\"dateModified\":\"2024-04-08T12:25:46+00:00\",\"description\":\"Just another Saku Metall Sites site\",\"breadcrumb\":{\"@id\":\"https:\\\/\\\/sakumetall.ee\\\/uksetehas\\\/sv\\\/dokumentation\\\/#breadcrumb\"},\"inLanguage\":\"sv-SE\",\"potentialAction\":[{\"@type\":\"ReadAction\",\"target\":[\"https:\\\/\\\/sakumetall.ee\\\/uksetehas\\\/sv\\\/dokumentation\\\/\"]}]},{\"@type\":\"BreadcrumbList\",\"@id\":\"https:\\\/\\\/sakumetall.ee\\\/uksetehas\\\/sv\\\/dokumentation\\\/#breadcrumb\",\"itemListElement\":[{\"@type\":\"ListItem\",\"position\":1,\"name\":\"Home\",\"item\":\"https:\\\/\\\/sakumetall.ee\\\/uksetehas\\\/sv\\\/\"},{\"@type\":\"ListItem\",\"position\":2,\"name\":\"Dokumentation\"}]},{\"@type\":\"WebSite\",\"@id\":\"https:\\\/\\\/sakumetall.ee\\\/uksetehas\\\/sv\\\/#website\",\"url\":\"https:\\\/\\\/sakumetall.ee\\\/uksetehas\\\/sv\\\/\",\"name\":\"Uksetehas\",\"description\":\"Just another Saku Metall Sites site\",\"potentialAction\":[{\"@type\":\"SearchAction\",\"target\":{\"@type\":\"EntryPoint\",\"urlTemplate\":\"https:\\\/\\\/sakumetall.ee\\\/uksetehas\\\/sv\\\/?s={search_term_string}\"},\"query-input\":{\"@type\":\"PropertyValueSpecification\",\"valueRequired\":true,\"valueName\":\"search_term_string\"}}],\"inLanguage\":\"sv-SE\"}]}<\/script>\n<!-- \/ Yoast SEO plugin. -->","yoast_head_json":{"title":"Dokumentation","description":"Just another Saku Metall Sites site","robots":{"index":"index","follow":"follow","max-snippet":"max-snippet:-1","max-image-preview":"max-image-preview:large","max-video-preview":"max-video-preview:-1"},"canonical":"https:\/\/sakumetall.ee\/uksetehas\/sv\/dokumentation\/","og_locale":"sv_SE","og_type":"article","og_title":"Dokumentation","og_description":"Just another Saku Metall Sites site","og_url":"https:\/\/sakumetall.ee\/uksetehas\/sv\/dokumentation\/","og_site_name":"Uksetehas","article_modified_time":"2024-04-08T12:25:46+00:00","twitter_card":"summary_large_image","twitter_misc":{"Ber\u00e4knad l\u00e4stid":"1 minut"},"schema":{"@context":"https:\/\/schema.org","@graph":[{"@type":"WebPage","@id":"https:\/\/sakumetall.ee\/uksetehas\/sv\/dokumentation\/","url":"https:\/\/sakumetall.ee\/uksetehas\/sv\/dokumentation\/","name":"Dokumentation","isPartOf":{"@id":"https:\/\/sakumetall.ee\/uksetehas\/sv\/#website"},"datePublished":"2017-09-25T07:29:17+00:00","dateModified":"2024-04-08T12:25:46+00:00","description":"Just another Saku Metall Sites site","breadcrumb":{"@id":"https:\/\/sakumetall.ee\/uksetehas\/sv\/dokumentation\/#breadcrumb"},"inLanguage":"sv-SE","potentialAction":[{"@type":"ReadAction","target":["https:\/\/sakumetall.ee\/uksetehas\/sv\/dokumentation\/"]}]},{"@type":"BreadcrumbList","@id":"https:\/\/sakumetall.ee\/uksetehas\/sv\/dokumentation\/#breadcrumb","itemListElement":[{"@type":"ListItem","position":1,"name":"Home","item":"https:\/\/sakumetall.ee\/uksetehas\/sv\/"},{"@type":"ListItem","position":2,"name":"Dokumentation"}]},{"@type":"WebSite","@id":"https:\/\/sakumetall.ee\/uksetehas\/sv\/#website","url":"https:\/\/sakumetall.ee\/uksetehas\/sv\/","name":"Uksetehas","description":"Just another Saku Metall Sites site","potentialAction":[{"@type":"SearchAction","target":{"@type":"EntryPoint","urlTemplate":"https:\/\/sakumetall.ee\/uksetehas\/sv\/?s={search_term_string}"},"query-input":{"@type":"PropertyValueSpecification","valueRequired":true,"valueName":"search_term_string"}}],"inLanguage":"sv-SE"}]}},"_links":{"self":[{"href":"https:\/\/sakumetall.ee\/uksetehas\/sv\/wp-json\/wp\/v2\/pages\/7223","targetHints":{"allow":["GET"]}}],"collection":[{"href":"https:\/\/sakumetall.ee\/uksetehas\/sv\/wp-json\/wp\/v2\/pages"}],"about":[{"href":"https:\/\/sakumetall.ee\/uksetehas\/sv\/wp-json\/wp\/v2\/types\/page"}],"author":[{"embeddable":true,"href":"https:\/\/sakumetall.ee\/uksetehas\/sv\/wp-json\/wp\/v2\/users\/13"}],"replies":[{"embeddable":true,"href":"https:\/\/sakumetall.ee\/uksetehas\/sv\/wp-json\/wp\/v2\/comments?post=7223"}],"version-history":[{"count":66,"href":"https:\/\/sakumetall.ee\/uksetehas\/sv\/wp-json\/wp\/v2\/pages\/7223\/revisions"}],"predecessor-version":[{"id":30432,"href":"https:\/\/sakumetall.ee\/uksetehas\/sv\/wp-json\/wp\/v2\/pages\/7223\/revisions\/30432"}],"wp:attachment":[{"href":"https:\/\/sakumetall.ee\/uksetehas\/sv\/wp-json\/wp\/v2\/media?parent=7223"}],"curies":[{"name":"wp","href":"https:\/\/api.w.org\/{rel}","templated":true}]}}