{"id":13,"date":"2015-05-26T09:26:40","date_gmt":"2015-05-26T06:26:40","guid":{"rendered":"https:\/\/sakumetall.ee\/uksetehas?page_id=13"},"modified":"2021-03-18T11:26:33","modified_gmt":"2021-03-18T09:26:33","slug":"ettevottest","status":"publish","type":"page","link":"https:\/\/sakumetall.ee\/uksetehas\/ettevottest\/","title":{"rendered":"Ettev\u00f5ttest"},"content":{"rendered":"<p>Saku Metall AS on tegutsenud peaaegu 30 aastat, omades seel\u00e4bi pikaajalist kogemust metalluste tootmisel ning pakkudes t\u00f6\u00f6d ligi 300 t\u00f6\u00f6tajale. \u00c4ritegevus jaguneb kahe \u00e4risuuna vahel \u2013<strong> uksetootmine ja <a target=\"_blank\" href=\"https:\/\/sakumetall.ee\/allhanketehas\/\" rel=\"noopener\">allhange<\/a><\/strong>. AS Saku Metall Uksetehas toodab metalluksi, terasprofiiluksi ning muid terasprofiiltooteid ja <a target=\"_blank\" href=\"https:\/\/sakumetall.ee\/uksetehas\/tootekategooria\/tostuksed\/\" rel=\"noopener\">t\u00f5stuksi<\/a> (garaa\u017eiuksi ja t\u00f6\u00f6stuslikke t\u00f5stuksi).<br \/>\nMetalluksed jagunevad kasutusotstarbe- ja koha j\u00e4rgi:<\/p>\n<ul>\n<li><a target=\"_blank\" href=\"https:\/\/sakumetall.ee\/uksetehas\/tootekategooria\/tuletokkeuksed\/\" rel=\"noopener\">tulet\u00f5kkeuksed<\/a><\/li>\n<li><a target=\"_blank\" href=\"https:\/\/sakumetall.ee\/uksetehas\/tootekategooria\/valisuksed\/\" rel=\"noopener\">v\u00e4lisuksed<\/a><\/li>\n<li><a target=\"_blank\" href=\"https:\/\/sakumetall.ee\/uksetehas\/tootekategooria\/siseuksed\/\" rel=\"noopener\">siseuksed<\/a><\/li>\n<li>l\u00fckanduksed<\/li>\n<li><a target=\"_blank\" href=\"https:\/\/sakumetall.ee\/uksetehas\/tootekategooria\/turvauksed\/\" rel=\"noopener\">turvauksed<\/a><\/li>\n<li>korteriuksed<\/li>\n<li>eriuksed<\/li>\n<\/ul>\n<p>Terasprofiiltooted, mida valmistame <a target=\"_blank\" href=\"https:\/\/www.forster-profile.ch\/int-en\/home.html\" rel=\"noopener\">FORSTER<\/a> profiilist, leiavad valdavalt kasutust \u00fchiskondlikes ja tootmishoonetes ning jagunevad:<\/p>\n<ul>\n<li>terasprofiiluksed<\/li>\n<li>terasprofiilaknad<\/li>\n<li>terasprofiilsiseseinad<\/li>\n<li>terasprofiilfassaadid<\/li>\n<\/ul>\n<p>T\u00f5stuksi valmistame nii kodugaraa\u017eidele kui ka t\u00f6\u00f6stus- ja \u00fchiskondlikele hoonetele. M\u00fc\u00fcme lukke, lukutarvikuid (<a target=\"_blank\" href=\"https:\/\/www.assaabloy.com\/en\/com\/\" rel=\"noopener\">ASSA<\/a> ja <a target=\"_blank\" href=\"https:\/\/www.abloy.com\/en\/abloy\/abloycom\/\" rel=\"noopener\">ABLOY<\/a>), automaatikas\u00fcsteeme (SOMMER, OVITOR, ABLOY) ning teostame oma toodete paigaldust. Lisateenustena pakume uste, lukkude, automaatikate <a target=\"_blank\" href=\"https:\/\/sakumetall.ee\/uksetehas\/hooldus-3\/\" rel=\"noopener\">hooldust ning remonti<\/a> ja <a target=\"_blank\" href=\"https:\/\/sakumetall.ee\/uksetehas\/ettevottest\/lukuprojektid\/\" rel=\"noopener\">lukustuse projekteerimist ja teostust<\/a>. Lisaks saab klient meie esinduskauplusest soetada liuguste kandes\u00fcsteeme <a target=\"_blank\" href=\"https:\/\/helaform.com\/en\/\" rel=\"noopener\">HELAFORM<\/a>. Asume aadressil <a target=\"_blank\" href=\"https:\/\/goo.gl\/7Y58fv\" rel=\"noopener\">P\u00f5rguv\u00e4lja tee 25<\/a> Rae vallas Harjumaal.\u00a0 AS Saku Metall Uksetehasel on t\u00fctarettev\u00f5te Soomes Saku Metall OY. Tegutseme koost\u00f6\u00f6s partneritega lisaks teistes L\u00e4\u00e4nemere regiooni maades.<\/p>\n<h4><span style=\"color: #da2900;\"><strong>Visioon<\/strong><\/span><br \/>\n<em><strong>Saada P\u00f5hja-Euroopa juhtivaks ukselahenduste pakkujaks<\/strong><\/em><\/h4>\n<h4><span style=\"color: #da2900;\"><strong>Missioon<\/strong><\/span><br \/>\n<em>Turvalised ja kestvad ukselahendused<\/em><\/h4>\n<h2>Tootmine<\/h2>\n<p>Pidev ettev\u00f5tete tehnoloogia t\u00e4iendamine, protsesside t\u00e4iustamine ja t\u00f6\u00f6tajate arendamine &#8211; need on p\u00f5him\u00f5tted, mida j\u00e4rgime. Meile on oluline eri t\u00f6\u00f6stusvaldkonna ettev\u00f5tete spetsiifiliste vajaduste rahuldamine, kiire ja \u00f5igeaegse tarne tagamine ning toodete ja teenuste k\u00f5rge kvaliteet.<\/p>\n<p><strong>Ettev\u00f5tte keskmised tootmismahud<\/strong><\/p>\n<p>\u2022 lehtmetalli t\u00f6\u00f6tlemine \u2013 500tonni\/kuus<br \/>\n\u2022 metalluste tootmine \u2013 1000tk\/kuus<br \/>\n\u2022 terasprofiiltoodete tootmine (klaasuksed, -seinad, aknad) 500m\u00b2\/kuus<br \/>\n\u2022 sektsioonpaneelidest t\u00f5stuste tootmine \u2013 120tk\/kuus<\/p>\n<p>Uksetehase toodangu paigaldavad meie enda paigaldusbrigaadid. Hooldus- ja remondibrigaadid hoolitsevad selle eest, et Teie uks oleks t\u00f6\u00f6korras ning kestaks kaua.<\/p>\n","protected":false},"excerpt":{"rendered":"<p>Saku Metall AS on tegutsenud peaaegu 30 aastat, omades seel\u00e4bi pikaajalist kogemust metalluste tootmisel ning pakkudes t\u00f6\u00f6d ligi 300 t\u00f6\u00f6tajale. \u00c4ritegevus jaguneb kahe \u00e4risuuna vahel \u2013 uksetootmine ja allhange. AS Saku Metall Uksetehas toodab metalluksi, terasprofiiluksi ning muid terasprofiiltooteid ja t\u00f5stuksi (garaa\u017eiuksi ja t\u00f6\u00f6stuslikke t\u00f5stuksi). Metalluksed jagunevad kasutusotstarbe- ja koha j\u00e4rgi: tulet\u00f5kkeuksed v\u00e4lisuksed siseuksed l\u00fckanduksed &#8230;<\/p>\n","protected":false},"author":1,"featured_media":0,"parent":0,"menu_order":37,"comment_status":"closed","ping_status":"closed","template":"","meta":{"footnotes":""},"class_list":["post-13","page","type-page","status-publish","hentry"],"yoast_head":"<!-- This site is optimized with the Yoast SEO plugin v27.3 - https:\/\/yoast.com\/product\/yoast-seo-wordpress\/ -->\n<title>Ettev\u00f5ttest<\/title>\n<meta name=\"description\" content=\"Saku Metall AS tegeleb uksetootmise ja allhankega. Pakume tulet\u00f5kkeuksi, metalluksi, profiil- ja l\u00fckanduksi ning garaa\u017ei- ja t\u00f6\u00f6stuslikke t\u00f5stuksi ning lehtmetallist allhanket\u00f6id. V\u00f5ta \u00fchendust!\" \/>\n<meta name=\"robots\" content=\"index, follow, max-snippet:-1, max-image-preview:large, max-video-preview:-1\" \/>\n<link rel=\"canonical\" href=\"https:\/\/sakumetall.ee\/uksetehas\/ettevottest\/\" \/>\n<meta property=\"og:locale\" content=\"et_EE\" \/>\n<meta property=\"og:type\" content=\"article\" \/>\n<meta property=\"og:title\" content=\"Ettev\u00f5ttest\" \/>\n<meta property=\"og:description\" content=\"Saku Metall AS tegeleb uksetootmise ja allhankega. Pakume tulet\u00f5kkeuksi, metalluksi, profiil- ja l\u00fckanduksi ning garaa\u017ei- ja t\u00f6\u00f6stuslikke t\u00f5stuksi ning lehtmetallist allhanket\u00f6id. V\u00f5ta \u00fchendust!\" \/>\n<meta property=\"og:url\" content=\"https:\/\/sakumetall.ee\/uksetehas\/ettevottest\/\" \/>\n<meta property=\"og:site_name\" content=\"Uksetehas\" \/>\n<meta property=\"article:modified_time\" content=\"2021-03-18T09:26:33+00:00\" \/>\n<meta name=\"twitter:card\" content=\"summary_large_image\" \/>\n<meta name=\"twitter:label1\" content=\"Est. reading time\" \/>\n\t<meta name=\"twitter:data1\" content=\"2 minutit\" \/>\n<script type=\"application\/ld+json\" class=\"yoast-schema-graph\">{\"@context\":\"https:\\\/\\\/schema.org\",\"@graph\":[{\"@type\":\"WebPage\",\"@id\":\"https:\\\/\\\/sakumetall.ee\\\/uksetehas\\\/ettevottest\\\/\",\"url\":\"https:\\\/\\\/sakumetall.ee\\\/uksetehas\\\/ettevottest\\\/\",\"name\":\"Ettev\u00f5ttest\",\"isPartOf\":{\"@id\":\"https:\\\/\\\/sakumetall.ee\\\/uksetehas\\\/#website\"},\"datePublished\":\"2015-05-26T06:26:40+00:00\",\"dateModified\":\"2021-03-18T09:26:33+00:00\",\"description\":\"Saku Metall AS tegeleb uksetootmise ja allhankega. Pakume tulet\u00f5kkeuksi, metalluksi, profiil- ja l\u00fckanduksi ning garaa\u017ei- ja t\u00f6\u00f6stuslikke t\u00f5stuksi ning lehtmetallist allhanket\u00f6id. V\u00f5ta \u00fchendust!\",\"breadcrumb\":{\"@id\":\"https:\\\/\\\/sakumetall.ee\\\/uksetehas\\\/ettevottest\\\/#breadcrumb\"},\"inLanguage\":\"et\",\"potentialAction\":[{\"@type\":\"ReadAction\",\"target\":[\"https:\\\/\\\/sakumetall.ee\\\/uksetehas\\\/ettevottest\\\/\"]}]},{\"@type\":\"BreadcrumbList\",\"@id\":\"https:\\\/\\\/sakumetall.ee\\\/uksetehas\\\/ettevottest\\\/#breadcrumb\",\"itemListElement\":[{\"@type\":\"ListItem\",\"position\":1,\"name\":\"Home\",\"item\":\"https:\\\/\\\/sakumetall.ee\\\/uksetehas\\\/\"},{\"@type\":\"ListItem\",\"position\":2,\"name\":\"Ettev\u00f5ttest\"}]},{\"@type\":\"WebSite\",\"@id\":\"https:\\\/\\\/sakumetall.ee\\\/uksetehas\\\/#website\",\"url\":\"https:\\\/\\\/sakumetall.ee\\\/uksetehas\\\/\",\"name\":\"Uksetehas\",\"description\":\"Saku Metall AS tegeleb uksetootmise ja allhankega. Pakume tulet\u00f5kkeuksi, metalluksi, profiil- ja l\u00fckanduksi ning garaa\u017ei- ja t\u00f6\u00f6stuslikke t\u00f5stuksi ning lehtmetallist allhanket\u00f6id. V\u00f5ta \u00fchendust!\",\"potentialAction\":[{\"@type\":\"SearchAction\",\"target\":{\"@type\":\"EntryPoint\",\"urlTemplate\":\"https:\\\/\\\/sakumetall.ee\\\/uksetehas\\\/?s={search_term_string}\"},\"query-input\":{\"@type\":\"PropertyValueSpecification\",\"valueRequired\":true,\"valueName\":\"search_term_string\"}}],\"inLanguage\":\"et\"}]}<\/script>\n<!-- \/ Yoast SEO plugin. -->","yoast_head_json":{"title":"Ettev\u00f5ttest","description":"Saku Metall AS tegeleb uksetootmise ja allhankega. Pakume tulet\u00f5kkeuksi, metalluksi, profiil- ja l\u00fckanduksi ning garaa\u017ei- ja t\u00f6\u00f6stuslikke t\u00f5stuksi ning lehtmetallist allhanket\u00f6id. V\u00f5ta \u00fchendust!","robots":{"index":"index","follow":"follow","max-snippet":"max-snippet:-1","max-image-preview":"max-image-preview:large","max-video-preview":"max-video-preview:-1"},"canonical":"https:\/\/sakumetall.ee\/uksetehas\/ettevottest\/","og_locale":"et_EE","og_type":"article","og_title":"Ettev\u00f5ttest","og_description":"Saku Metall AS tegeleb uksetootmise ja allhankega. Pakume tulet\u00f5kkeuksi, metalluksi, profiil- ja l\u00fckanduksi ning garaa\u017ei- ja t\u00f6\u00f6stuslikke t\u00f5stuksi ning lehtmetallist allhanket\u00f6id. V\u00f5ta \u00fchendust!","og_url":"https:\/\/sakumetall.ee\/uksetehas\/ettevottest\/","og_site_name":"Uksetehas","article_modified_time":"2021-03-18T09:26:33+00:00","twitter_card":"summary_large_image","twitter_misc":{"Est. reading time":"2 minutit"},"schema":{"@context":"https:\/\/schema.org","@graph":[{"@type":"WebPage","@id":"https:\/\/sakumetall.ee\/uksetehas\/ettevottest\/","url":"https:\/\/sakumetall.ee\/uksetehas\/ettevottest\/","name":"Ettev\u00f5ttest","isPartOf":{"@id":"https:\/\/sakumetall.ee\/uksetehas\/#website"},"datePublished":"2015-05-26T06:26:40+00:00","dateModified":"2021-03-18T09:26:33+00:00","description":"Saku Metall AS tegeleb uksetootmise ja allhankega. Pakume tulet\u00f5kkeuksi, metalluksi, profiil- ja l\u00fckanduksi ning garaa\u017ei- ja t\u00f6\u00f6stuslikke t\u00f5stuksi ning lehtmetallist allhanket\u00f6id. V\u00f5ta \u00fchendust!","breadcrumb":{"@id":"https:\/\/sakumetall.ee\/uksetehas\/ettevottest\/#breadcrumb"},"inLanguage":"et","potentialAction":[{"@type":"ReadAction","target":["https:\/\/sakumetall.ee\/uksetehas\/ettevottest\/"]}]},{"@type":"BreadcrumbList","@id":"https:\/\/sakumetall.ee\/uksetehas\/ettevottest\/#breadcrumb","itemListElement":[{"@type":"ListItem","position":1,"name":"Home","item":"https:\/\/sakumetall.ee\/uksetehas\/"},{"@type":"ListItem","position":2,"name":"Ettev\u00f5ttest"}]},{"@type":"WebSite","@id":"https:\/\/sakumetall.ee\/uksetehas\/#website","url":"https:\/\/sakumetall.ee\/uksetehas\/","name":"Uksetehas","description":"Saku Metall AS tegeleb uksetootmise ja allhankega. Pakume tulet\u00f5kkeuksi, metalluksi, profiil- ja l\u00fckanduksi ning garaa\u017ei- ja t\u00f6\u00f6stuslikke t\u00f5stuksi ning lehtmetallist allhanket\u00f6id. V\u00f5ta \u00fchendust!","potentialAction":[{"@type":"SearchAction","target":{"@type":"EntryPoint","urlTemplate":"https:\/\/sakumetall.ee\/uksetehas\/?s={search_term_string}"},"query-input":{"@type":"PropertyValueSpecification","valueRequired":true,"valueName":"search_term_string"}}],"inLanguage":"et"}]}},"_links":{"self":[{"href":"https:\/\/sakumetall.ee\/uksetehas\/wp-json\/wp\/v2\/pages\/13","targetHints":{"allow":["GET"]}}],"collection":[{"href":"https:\/\/sakumetall.ee\/uksetehas\/wp-json\/wp\/v2\/pages"}],"about":[{"href":"https:\/\/sakumetall.ee\/uksetehas\/wp-json\/wp\/v2\/types\/page"}],"author":[{"embeddable":true,"href":"https:\/\/sakumetall.ee\/uksetehas\/wp-json\/wp\/v2\/users\/1"}],"replies":[{"embeddable":true,"href":"https:\/\/sakumetall.ee\/uksetehas\/wp-json\/wp\/v2\/comments?post=13"}],"version-history":[{"count":39,"href":"https:\/\/sakumetall.ee\/uksetehas\/wp-json\/wp\/v2\/pages\/13\/revisions"}],"predecessor-version":[{"id":24772,"href":"https:\/\/sakumetall.ee\/uksetehas\/wp-json\/wp\/v2\/pages\/13\/revisions\/24772"}],"wp:attachment":[{"href":"https:\/\/sakumetall.ee\/uksetehas\/wp-json\/wp\/v2\/media?parent=13"}],"curies":[{"name":"wp","href":"https:\/\/api.w.org\/{rel}","templated":true}]}}