{"id":15,"date":"2015-05-26T09:26:49","date_gmt":"2015-05-26T06:26:49","guid":{"rendered":"https:\/\/sakumetall.ee\/uksetehas?page_id=15"},"modified":"2026-02-04T09:57:46","modified_gmt":"2026-02-04T07:57:46","slug":"kontakt","status":"publish","type":"page","link":"https:\/\/sakumetall.ee\/uksetehas\/kontakt\/","title":{"rendered":"Kontakt"},"content":{"rendered":"<div class=\"contact-info-container\">\n<div class=\"contact-info-table\">\n<h2>AS Saku Metall Uksetehas<\/h2>\n<table style=\"height: 210px;width: 100%;border-collapse: collapse\">\n<tbody>\n<tr style=\"height: 31px\">\n<td style=\"width: 30%;height: 31px\">Aadress<\/td>\n<td style=\"width: 70%;height: 31px\">P\u00f5rguv\u00e4lja tee 25, Rae vald, Harjumaa 75306<\/td>\n<\/tr>\n<tr style=\"height: 27px\">\n<td style=\"width: 30%;height: 27px\">\u00dcldtelefon<\/td>\n<td style=\"width: 70%;height: 27px\">+372 6 118 400<\/td>\n<\/tr>\n<tr style=\"height: 31px\">\n<td style=\"width: 30%;height: 31px\">Email<\/td>\n<td style=\"width: 70%;height: 31px\"><script type=\"text\/javascript\">document.write('<n uers=\"znvygb:vasb@fnxhzrgnyy.rr\">vasb@fnxhzrgnyy.rr<\/n>'.replace(\/[a-zA-Z]\/g, function(c){return String.fromCharCode((c<=\"Z\"?90:122)>=(c=c.charCodeAt(0)+13)?c:c-26);}));<\/script><\/td>\n<\/tr>\n<tr style=\"height: 28px\">\n<td style=\"width: 30%;height: 28px\">Hooldus &amp; remont<\/td>\n<td style=\"width: 70%;height: 28px\">+372 6 110 010<\/td>\n<\/tr>\n<tr style=\"height: 32px\">\n<td style=\"width: 30%;height: 32px\">E-arved<\/td>\n<td style=\"width: 70%;height: 32px\"><script type=\"text\/javascript\">document.write('<n uers=\"znvygb:fnxhzrgnyyhxfrG@r-neirgrxrfxhf.rh\">fnxhzrgnyyhxfrG@r-neirgrxrfxhf.rh<\/n>'.replace(\/[a-zA-Z]\/g, function(c){return String.fromCharCode((c<=\"Z\"?90:122)>=(c=c.charCodeAt(0)+13)?c:c-26);}));<\/script><\/td>\n<\/tr>\n<tr style=\"height: 30px\">\n<td style=\"width: 30%;height: 30px\">Reg nr<\/td>\n<td style=\"width: 70%;height: 30px\">12318492<\/td>\n<\/tr>\n<tr style=\"height: 31px\">\n<td style=\"width: 30%;height: 31px\">KMKR nr<\/td>\n<td style=\"width: 70%;height: 31px\">EE101556136<\/td>\n<\/tr>\n<\/tbody>\n<\/table>\n<p>&nbsp;<\/p>\n<p>Teenindame kliente esinduses esmasp\u00e4evast reedeni kell 08:30-16:00. Kauba v\u00e4ljastamine toimub aadressil <strong>P\u00f5rguv\u00e4lja tee 25, Rae vald<\/strong> (<strong>LADU U9<\/strong>) avatud E-R 10:00-16:00, l\u00f5unapaus 12:00-12:45. Kaubale j\u00e4rele tulles v\u00f5tke kindlasti kaasa saateleht.<\/p>\n<\/div>\n<div class=\"contact-map-container\"><\/div>\n<\/div>\n","protected":false},"excerpt":{"rendered":"<p>AS Saku Metall Uksetehas Aadress P\u00f5rguv\u00e4lja tee 25, Rae vald, Harjumaa 75306 \u00dcldtelefon +372 6 118 400 Email Hooldus &amp; remont +372 6 110 010 E-arved Reg nr 12318492 KMKR nr EE101556136 &nbsp; Teenindame kliente esinduses esmasp\u00e4evast reedeni kell 08:30-16:00. Kauba v\u00e4ljastamine toimub aadressil P\u00f5rguv\u00e4lja tee 25, Rae vald (LADU U9) avatud E-R 10:00-16:00, l\u00f5unapaus &#8230;<\/p>\n","protected":false},"author":1,"featured_media":0,"parent":0,"menu_order":46,"comment_status":"closed","ping_status":"closed","template":"contact-template.php","meta":{"footnotes":""},"class_list":["post-15","page","type-page","status-publish","hentry"],"yoast_head":"<!-- This site is optimized with the Yoast SEO plugin v27.3 - https:\/\/yoast.com\/product\/yoast-seo-wordpress\/ -->\n<title>Kontakt<\/title>\n<meta name=\"description\" content=\"Saku Metall AS tegeleb uksetootmise ja allhankega. Pakume tulet\u00f5kkeuksi, metalluksi, profiil- ja l\u00fckanduksi ning garaa\u017ei- ja t\u00f6\u00f6stuslikke t\u00f5stuksi ning lehtmetallist allhanket\u00f6id. V\u00f5ta \u00fchendust!\" \/>\n<meta name=\"robots\" content=\"index, follow, max-snippet:-1, max-image-preview:large, max-video-preview:-1\" \/>\n<link rel=\"canonical\" href=\"https:\/\/sakumetall.ee\/uksetehas\/kontakt\/\" \/>\n<meta property=\"og:locale\" content=\"et_EE\" \/>\n<meta property=\"og:type\" content=\"article\" \/>\n<meta property=\"og:title\" content=\"Kontakt\" \/>\n<meta property=\"og:description\" content=\"Saku Metall AS tegeleb uksetootmise ja allhankega. Pakume tulet\u00f5kkeuksi, metalluksi, profiil- ja l\u00fckanduksi ning garaa\u017ei- ja t\u00f6\u00f6stuslikke t\u00f5stuksi ning lehtmetallist allhanket\u00f6id. V\u00f5ta \u00fchendust!\" \/>\n<meta property=\"og:url\" content=\"https:\/\/sakumetall.ee\/uksetehas\/kontakt\/\" \/>\n<meta property=\"og:site_name\" content=\"Uksetehas\" \/>\n<meta property=\"article:modified_time\" content=\"2026-02-04T07:57:46+00:00\" \/>\n<meta name=\"twitter:card\" content=\"summary_large_image\" \/>\n<meta name=\"twitter:label1\" content=\"Est. reading time\" \/>\n\t<meta name=\"twitter:data1\" content=\"1 minut\" \/>\n<script type=\"application\/ld+json\" class=\"yoast-schema-graph\">{\"@context\":\"https:\\\/\\\/schema.org\",\"@graph\":[{\"@type\":\"WebPage\",\"@id\":\"https:\\\/\\\/sakumetall.ee\\\/uksetehas\\\/kontakt\\\/\",\"url\":\"https:\\\/\\\/sakumetall.ee\\\/uksetehas\\\/kontakt\\\/\",\"name\":\"Kontakt\",\"isPartOf\":{\"@id\":\"https:\\\/\\\/sakumetall.ee\\\/uksetehas\\\/#website\"},\"datePublished\":\"2015-05-26T06:26:49+00:00\",\"dateModified\":\"2026-02-04T07:57:46+00:00\",\"description\":\"Saku Metall AS tegeleb uksetootmise ja allhankega. Pakume tulet\u00f5kkeuksi, metalluksi, profiil- ja l\u00fckanduksi ning garaa\u017ei- ja t\u00f6\u00f6stuslikke t\u00f5stuksi ning lehtmetallist allhanket\u00f6id. V\u00f5ta \u00fchendust!\",\"breadcrumb\":{\"@id\":\"https:\\\/\\\/sakumetall.ee\\\/uksetehas\\\/kontakt\\\/#breadcrumb\"},\"inLanguage\":\"et\",\"potentialAction\":[{\"@type\":\"ReadAction\",\"target\":[\"https:\\\/\\\/sakumetall.ee\\\/uksetehas\\\/kontakt\\\/\"]}]},{\"@type\":\"BreadcrumbList\",\"@id\":\"https:\\\/\\\/sakumetall.ee\\\/uksetehas\\\/kontakt\\\/#breadcrumb\",\"itemListElement\":[{\"@type\":\"ListItem\",\"position\":1,\"name\":\"Home\",\"item\":\"https:\\\/\\\/sakumetall.ee\\\/uksetehas\\\/\"},{\"@type\":\"ListItem\",\"position\":2,\"name\":\"Kontakt\"}]},{\"@type\":\"WebSite\",\"@id\":\"https:\\\/\\\/sakumetall.ee\\\/uksetehas\\\/#website\",\"url\":\"https:\\\/\\\/sakumetall.ee\\\/uksetehas\\\/\",\"name\":\"Uksetehas\",\"description\":\"Saku Metall AS tegeleb uksetootmise ja allhankega. Pakume tulet\u00f5kkeuksi, metalluksi, profiil- ja l\u00fckanduksi ning garaa\u017ei- ja t\u00f6\u00f6stuslikke t\u00f5stuksi ning lehtmetallist allhanket\u00f6id. V\u00f5ta \u00fchendust!\",\"potentialAction\":[{\"@type\":\"SearchAction\",\"target\":{\"@type\":\"EntryPoint\",\"urlTemplate\":\"https:\\\/\\\/sakumetall.ee\\\/uksetehas\\\/?s={search_term_string}\"},\"query-input\":{\"@type\":\"PropertyValueSpecification\",\"valueRequired\":true,\"valueName\":\"search_term_string\"}}],\"inLanguage\":\"et\"}]}<\/script>\n<!-- \/ Yoast SEO plugin. -->","yoast_head_json":{"title":"Kontakt","description":"Saku Metall AS tegeleb uksetootmise ja allhankega. Pakume tulet\u00f5kkeuksi, metalluksi, profiil- ja l\u00fckanduksi ning garaa\u017ei- ja t\u00f6\u00f6stuslikke t\u00f5stuksi ning lehtmetallist allhanket\u00f6id. V\u00f5ta \u00fchendust!","robots":{"index":"index","follow":"follow","max-snippet":"max-snippet:-1","max-image-preview":"max-image-preview:large","max-video-preview":"max-video-preview:-1"},"canonical":"https:\/\/sakumetall.ee\/uksetehas\/kontakt\/","og_locale":"et_EE","og_type":"article","og_title":"Kontakt","og_description":"Saku Metall AS tegeleb uksetootmise ja allhankega. Pakume tulet\u00f5kkeuksi, metalluksi, profiil- ja l\u00fckanduksi ning garaa\u017ei- ja t\u00f6\u00f6stuslikke t\u00f5stuksi ning lehtmetallist allhanket\u00f6id. V\u00f5ta \u00fchendust!","og_url":"https:\/\/sakumetall.ee\/uksetehas\/kontakt\/","og_site_name":"Uksetehas","article_modified_time":"2026-02-04T07:57:46+00:00","twitter_card":"summary_large_image","twitter_misc":{"Est. reading time":"1 minut"},"schema":{"@context":"https:\/\/schema.org","@graph":[{"@type":"WebPage","@id":"https:\/\/sakumetall.ee\/uksetehas\/kontakt\/","url":"https:\/\/sakumetall.ee\/uksetehas\/kontakt\/","name":"Kontakt","isPartOf":{"@id":"https:\/\/sakumetall.ee\/uksetehas\/#website"},"datePublished":"2015-05-26T06:26:49+00:00","dateModified":"2026-02-04T07:57:46+00:00","description":"Saku Metall AS tegeleb uksetootmise ja allhankega. Pakume tulet\u00f5kkeuksi, metalluksi, profiil- ja l\u00fckanduksi ning garaa\u017ei- ja t\u00f6\u00f6stuslikke t\u00f5stuksi ning lehtmetallist allhanket\u00f6id. V\u00f5ta \u00fchendust!","breadcrumb":{"@id":"https:\/\/sakumetall.ee\/uksetehas\/kontakt\/#breadcrumb"},"inLanguage":"et","potentialAction":[{"@type":"ReadAction","target":["https:\/\/sakumetall.ee\/uksetehas\/kontakt\/"]}]},{"@type":"BreadcrumbList","@id":"https:\/\/sakumetall.ee\/uksetehas\/kontakt\/#breadcrumb","itemListElement":[{"@type":"ListItem","position":1,"name":"Home","item":"https:\/\/sakumetall.ee\/uksetehas\/"},{"@type":"ListItem","position":2,"name":"Kontakt"}]},{"@type":"WebSite","@id":"https:\/\/sakumetall.ee\/uksetehas\/#website","url":"https:\/\/sakumetall.ee\/uksetehas\/","name":"Uksetehas","description":"Saku Metall AS tegeleb uksetootmise ja allhankega. Pakume tulet\u00f5kkeuksi, metalluksi, profiil- ja l\u00fckanduksi ning garaa\u017ei- ja t\u00f6\u00f6stuslikke t\u00f5stuksi ning lehtmetallist allhanket\u00f6id. V\u00f5ta \u00fchendust!","potentialAction":[{"@type":"SearchAction","target":{"@type":"EntryPoint","urlTemplate":"https:\/\/sakumetall.ee\/uksetehas\/?s={search_term_string}"},"query-input":{"@type":"PropertyValueSpecification","valueRequired":true,"valueName":"search_term_string"}}],"inLanguage":"et"}]}},"_links":{"self":[{"href":"https:\/\/sakumetall.ee\/uksetehas\/wp-json\/wp\/v2\/pages\/15","targetHints":{"allow":["GET"]}}],"collection":[{"href":"https:\/\/sakumetall.ee\/uksetehas\/wp-json\/wp\/v2\/pages"}],"about":[{"href":"https:\/\/sakumetall.ee\/uksetehas\/wp-json\/wp\/v2\/types\/page"}],"author":[{"embeddable":true,"href":"https:\/\/sakumetall.ee\/uksetehas\/wp-json\/wp\/v2\/users\/1"}],"replies":[{"embeddable":true,"href":"https:\/\/sakumetall.ee\/uksetehas\/wp-json\/wp\/v2\/comments?post=15"}],"version-history":[{"count":127,"href":"https:\/\/sakumetall.ee\/uksetehas\/wp-json\/wp\/v2\/pages\/15\/revisions"}],"predecessor-version":[{"id":34773,"href":"https:\/\/sakumetall.ee\/uksetehas\/wp-json\/wp\/v2\/pages\/15\/revisions\/34773"}],"wp:attachment":[{"href":"https:\/\/sakumetall.ee\/uksetehas\/wp-json\/wp\/v2\/media?parent=15"}],"curies":[{"name":"wp","href":"https:\/\/api.w.org\/{rel}","templated":true}]}}