{"id":2499,"date":"2015-05-26T09:26:19","date_gmt":"2015-05-26T09:26:19","guid":{"rendered":"https:\/\/sakumetall.ee\/uksetehas?page_id=2499"},"modified":"2020-08-18T13:03:11","modified_gmt":"2020-08-18T10:03:11","slug":"hooldus-2","status":"publish","type":"page","link":"https:\/\/sakumetall.ee\/uksetehas\/hooldus-2\/","title":{"rendered":"Dokumentaatio"},"content":{"rendered":"<h2>Asennusohjeet<\/h2>\n<p>Antamamme takuu on voimassa sill\u00e4 ehdolla, ett\u00e4 tuotteen asennus, k\u00e4ytt\u00f6 ja huolto tapahtuvat tuotteen asennus-, k\u00e4ytt\u00f6- ja huolto-ohjeiden mukaan.<\/p>\n<ul>\n<li><a target=\"_blank\" href=\"https:\/\/sakumetall.ee\/uksetehas\/wp-content\/uploads\/sites\/2\/2016\/01\/17.00.09-Metallioven-asennusohje_ver02-151103.pdf\" rel=\"noopener noreferrer\">Metallioven asennusohje<\/a><\/li>\n<li><a target=\"_blank\" href=\"https:\/\/sakumetall.ee\/uksetehas\/wp-content\/uploads\/sites\/2\/2016\/01\/17.00.68-Metallipaloturvaoven-FQ-EI30-asennusohje_ver02-151103.pdf\" rel=\"noopener noreferrer\">Metallipaloturvaoven FQ EI30 asennusohje<\/a><\/li>\n<li><a target=\"_blank\" href=\"https:\/\/sakumetall.ee\/uksetehas\/wp-content\/uploads\/sites\/2\/2016\/01\/17.00.102-Metalli-paloluukkujen-FQ-asennusohje_ver01-160310.pdf\" rel=\"noopener noreferrer\">Metalli paloluukkujen FQ asennusohje<\/a><\/li>\n<li><a target=\"_blank\" href=\"https:\/\/sakumetall.ee\/uksetehas\/wp-content\/uploads\/sites\/2\/2016\/01\/17.00.60-Ter\u00e4spalo-liukuoven-FL75-EI60-MFD091-asennusohje_ver01-150417.pdf\" rel=\"noopener noreferrer\">Ter\u00e4spalo-liukuoven FL75 EI60 (MFD091) asennusohje<\/a><\/li>\n<li><a target=\"_blank\" href=\"https:\/\/sakumetall.ee\/uksetehas\/wp-content\/uploads\/sites\/2\/2020\/06\/17.00.56-Metalli-palo-oven-FQ-ja-FQL-asennusohje_ver06-200615.pdf\" rel=\"noopener noreferrer\">Metalli palo-oven FG ja FQ(L) asennusohje<\/a><\/li>\n<li><a target=\"_blank\" href=\"https:\/\/sakumetall.ee\/uksetehas\/wp-content\/uploads\/sites\/2\/2016\/01\/17.00.101-Metallioven-karmin-vastakappaleiden-asennusohje_ver01-150417.pdf\" rel=\"noopener noreferrer\">Metallioven karmin vastakappaleiden asennusohje<\/a><\/li>\n<li><a target=\"_blank\" href=\"https:\/\/sakumetall.ee\/uksetehas\/wp-content\/uploads\/sites\/2\/2016\/01\/17.00.45-Forster-Unico-valistoodete-paigaldusjuhend-v\u00e4lineFIN.pdf\" rel=\"noopener noreferrer\">Forster Unico asennusohje<\/a><\/li>\n<li><a target=\"_blank\" href=\"https:\/\/sakumetall.ee\/uksetehas\/wp-content\/uploads\/sites\/2\/2016\/01\/RES200_Kodugaraaziukse-paigaldusjuhend-FIN_ver02.pdf\" rel=\"noopener noreferrer\">RES200 asennusohjeet<\/a><\/li>\n<li><a target=\"_blank\" href=\"https:\/\/sakumetall.ee\/uksetehas\/wp-content\/uploads\/sites\/2\/2016\/01\/RES350_Kodugaraaziukse-paigaldusjuhend-FIN_ver02.pdf\" rel=\"noopener noreferrer\">RES350 asennusohjeet<\/a><\/li>\n<li><a target=\"_blank\" href=\"https:\/\/sakumetall.ee\/uksetehas\/wp-content\/uploads\/sites\/2\/2016\/01\/T\u00f6\u00f6stususte-paigaldusjuhend-FIN.pdf\" rel=\"noopener noreferrer\">Teollisuus-nosto-ovi asennusohje<\/a><\/li>\n<\/ul>\n<h2>Huolto- ja k\u00e4ytt\u00f6ohjeet<\/h2>\n<p>Oven huoltot\u00f6iden tekem\u00e4tt\u00e4 j\u00e4tt\u00e4minen ja oven ep\u00e4tarkoituksenmukainen k\u00e4ytt\u00f6 ovat perusteita AS Saku Metall Uksetehasen antaman takuun raukeamiseksi. Tuotteen pitk\u00e4aikaisen ja oikeanlaisen toimimisen varmistamiseksi suosittelemme solmimaan huoltosopimuksen AS Saku Metall Uksetehasen kanssa. Suosittelemme tutustumaan alla oleviin tuotteiden huolto- ja k\u00e4ytt\u00f6ohjeisiin.<\/p>\n<ul>\n<li><a target=\"_blank\" href=\"https:\/\/sakumetall.ee\/uksetehas\/wp-content\/uploads\/sites\/2\/2015\/06\/17.00.11-Metalliovien-yleinen-huolto-ja-k\u00e4ytt\u00f6ohje_ver03-150417.pdf\" rel=\"noopener noreferrer\">Metalliovien yleinen huolto- ja k\u00e4ytt\u00f6ohje<\/a><\/li>\n<li><a target=\"_blank\" href=\"https:\/\/sakumetall.ee\/uksetehas\/wp-content\/uploads\/sites\/2\/2015\/06\/17.00.11-Lasioven-yleinen-huolto-ja-k\u00e4ytt\u00f6ohje.Ver02-v\u00e4line-FIN.pdf\" rel=\"noopener noreferrer\">Lasioven yleinen huolto ja k\u00e4ytt\u00f6ohje<\/a><\/li>\n<li><a target=\"_blank\" href=\"https:\/\/sakumetall.ee\/uksetehas\/wp-content\/uploads\/sites\/2\/2015\/05\/17.00.90-T\u00f5stukse-kasutus-ja-hooldusjuhend_ver01.pdf\" rel=\"noopener noreferrer\">Nosto-oven k\u00e4ytt\u00f6-ja huolto-ohje<\/a><a target=\"_blank\" href=\"https:\/\/sakumetall.ee\/uksetehas\/hooldus\/hooldus-ja-kasutusjuhendid\/17-00-90-tostukse-kasutus-ja-hooldusjuhend_ver01\/\" rel=\"noopener noreferrer\"><\/a><\/li>\n<li><a target=\"_blank\" href=\"https:\/\/sakumetall.ee\/uksetehas\/wp-content\/uploads\/sites\/2\/2015\/05\/17.00.91-Kollektiivgaraa\u017eide-automaatika-kasutusjuhend_ver01.pdf\" rel=\"noopener noreferrer\">Yhteisautotallien automatiikan k\u00e4ytt\u00f6ohje<\/a><\/li>\n<li><a target=\"_blank\" href=\"https:\/\/sakumetall.ee\/uksetehas\/wp-content\/uploads\/sites\/2\/2015\/06\/17.00.82-Tuletokke-lykanduks_seadmega_GilgenBSV-FT_kasutusjuhendFIN_ver1.pdf\" rel=\"noopener noreferrer\">Paloliukuovi FL75 EI60 ovensulkimella Gilgen BSV-FT<\/a><\/li>\n<\/ul>\n<p>&nbsp;<\/p>\n","protected":false},"excerpt":{"rendered":"<p>Asennusohjeet Antamamme takuu on voimassa sill\u00e4 ehdolla, ett\u00e4 tuotteen asennus, k\u00e4ytt\u00f6 ja huolto tapahtuvat tuotteen asennus-, k\u00e4ytt\u00f6- ja huolto-ohjeiden mukaan. Metallioven asennusohje Metallipaloturvaoven FQ EI30 asennusohje Metalli paloluukkujen FQ asennusohje Ter\u00e4spalo-liukuoven FL75 EI60 (MFD091) asennusohje Metalli palo-oven FG ja FQ(L) asennusohje Metallioven karmin vastakappaleiden asennusohje Forster Unico asennusohje RES200 asennusohjeet RES350 asennusohjeet Teollisuus-nosto-ovi asennusohje Huolto- &#8230;<\/p>\n","protected":false},"author":1,"featured_media":0,"parent":0,"menu_order":51,"comment_status":"closed","ping_status":"closed","template":"","meta":{"footnotes":""},"class_list":["post-2499","page","type-page","status-publish","hentry"],"yoast_head":"<!-- This site is optimized with the Yoast SEO plugin v27.3 - https:\/\/yoast.com\/product\/yoast-seo-wordpress\/ -->\n<title>Dokumentaatio<\/title>\n<meta name=\"description\" content=\"Saku Metall AS tegeleb uksetootmise ja allhankega. Pakume tulet\u00f5kkeuksi, metalluksi, profiil- ja l\u00fckanduksi ning garaa\u017ei- ja t\u00f6\u00f6stuslikke t\u00f5stuksi ning lehtmetallist allhanket\u00f6id. V\u00f5ta \u00fchendust!\" \/>\n<meta name=\"robots\" content=\"index, follow, max-snippet:-1, max-image-preview:large, max-video-preview:-1\" \/>\n<link rel=\"canonical\" href=\"https:\/\/sakumetall.ee\/uksetehas\/hooldus-2\/\" \/>\n<meta property=\"og:locale\" content=\"et_EE\" \/>\n<meta property=\"og:type\" content=\"article\" \/>\n<meta property=\"og:title\" content=\"Dokumentaatio\" \/>\n<meta property=\"og:description\" content=\"Saku Metall AS tegeleb uksetootmise ja allhankega. Pakume tulet\u00f5kkeuksi, metalluksi, profiil- ja l\u00fckanduksi ning garaa\u017ei- ja t\u00f6\u00f6stuslikke t\u00f5stuksi ning lehtmetallist allhanket\u00f6id. V\u00f5ta \u00fchendust!\" \/>\n<meta property=\"og:url\" content=\"https:\/\/sakumetall.ee\/uksetehas\/hooldus-2\/\" \/>\n<meta property=\"og:site_name\" content=\"Uksetehas\" \/>\n<meta property=\"article:modified_time\" content=\"2020-08-18T10:03:11+00:00\" \/>\n<meta name=\"twitter:card\" content=\"summary_large_image\" \/>\n<meta name=\"twitter:label1\" content=\"Est. reading time\" \/>\n\t<meta name=\"twitter:data1\" content=\"1 minut\" \/>\n<script type=\"application\/ld+json\" class=\"yoast-schema-graph\">{\"@context\":\"https:\\\/\\\/schema.org\",\"@graph\":[{\"@type\":\"WebPage\",\"@id\":\"https:\\\/\\\/sakumetall.ee\\\/uksetehas\\\/hooldus-2\\\/\",\"url\":\"https:\\\/\\\/sakumetall.ee\\\/uksetehas\\\/hooldus-2\\\/\",\"name\":\"Dokumentaatio\",\"isPartOf\":{\"@id\":\"https:\\\/\\\/sakumetall.ee\\\/uksetehas\\\/#website\"},\"datePublished\":\"2015-05-26T09:26:19+00:00\",\"dateModified\":\"2020-08-18T10:03:11+00:00\",\"description\":\"Saku Metall AS tegeleb uksetootmise ja allhankega. Pakume tulet\u00f5kkeuksi, metalluksi, profiil- ja l\u00fckanduksi ning garaa\u017ei- ja t\u00f6\u00f6stuslikke t\u00f5stuksi ning lehtmetallist allhanket\u00f6id. V\u00f5ta \u00fchendust!\",\"breadcrumb\":{\"@id\":\"https:\\\/\\\/sakumetall.ee\\\/uksetehas\\\/hooldus-2\\\/#breadcrumb\"},\"inLanguage\":\"et\",\"potentialAction\":[{\"@type\":\"ReadAction\",\"target\":[\"https:\\\/\\\/sakumetall.ee\\\/uksetehas\\\/hooldus-2\\\/\"]}]},{\"@type\":\"BreadcrumbList\",\"@id\":\"https:\\\/\\\/sakumetall.ee\\\/uksetehas\\\/hooldus-2\\\/#breadcrumb\",\"itemListElement\":[{\"@type\":\"ListItem\",\"position\":1,\"name\":\"Home\",\"item\":\"https:\\\/\\\/sakumetall.ee\\\/uksetehas\\\/\"},{\"@type\":\"ListItem\",\"position\":2,\"name\":\"Dokumentaatio\"}]},{\"@type\":\"WebSite\",\"@id\":\"https:\\\/\\\/sakumetall.ee\\\/uksetehas\\\/#website\",\"url\":\"https:\\\/\\\/sakumetall.ee\\\/uksetehas\\\/\",\"name\":\"Uksetehas\",\"description\":\"Saku Metall AS tegeleb uksetootmise ja allhankega. Pakume tulet\u00f5kkeuksi, metalluksi, profiil- ja l\u00fckanduksi ning garaa\u017ei- ja t\u00f6\u00f6stuslikke t\u00f5stuksi ning lehtmetallist allhanket\u00f6id. V\u00f5ta \u00fchendust!\",\"potentialAction\":[{\"@type\":\"SearchAction\",\"target\":{\"@type\":\"EntryPoint\",\"urlTemplate\":\"https:\\\/\\\/sakumetall.ee\\\/uksetehas\\\/?s={search_term_string}\"},\"query-input\":{\"@type\":\"PropertyValueSpecification\",\"valueRequired\":true,\"valueName\":\"search_term_string\"}}],\"inLanguage\":\"et\"}]}<\/script>\n<!-- \/ Yoast SEO plugin. -->","yoast_head_json":{"title":"Dokumentaatio","description":"Saku Metall AS tegeleb uksetootmise ja allhankega. Pakume tulet\u00f5kkeuksi, metalluksi, profiil- ja l\u00fckanduksi ning garaa\u017ei- ja t\u00f6\u00f6stuslikke t\u00f5stuksi ning lehtmetallist allhanket\u00f6id. V\u00f5ta \u00fchendust!","robots":{"index":"index","follow":"follow","max-snippet":"max-snippet:-1","max-image-preview":"max-image-preview:large","max-video-preview":"max-video-preview:-1"},"canonical":"https:\/\/sakumetall.ee\/uksetehas\/hooldus-2\/","og_locale":"et_EE","og_type":"article","og_title":"Dokumentaatio","og_description":"Saku Metall AS tegeleb uksetootmise ja allhankega. Pakume tulet\u00f5kkeuksi, metalluksi, profiil- ja l\u00fckanduksi ning garaa\u017ei- ja t\u00f6\u00f6stuslikke t\u00f5stuksi ning lehtmetallist allhanket\u00f6id. V\u00f5ta \u00fchendust!","og_url":"https:\/\/sakumetall.ee\/uksetehas\/hooldus-2\/","og_site_name":"Uksetehas","article_modified_time":"2020-08-18T10:03:11+00:00","twitter_card":"summary_large_image","twitter_misc":{"Est. reading time":"1 minut"},"schema":{"@context":"https:\/\/schema.org","@graph":[{"@type":"WebPage","@id":"https:\/\/sakumetall.ee\/uksetehas\/hooldus-2\/","url":"https:\/\/sakumetall.ee\/uksetehas\/hooldus-2\/","name":"Dokumentaatio","isPartOf":{"@id":"https:\/\/sakumetall.ee\/uksetehas\/#website"},"datePublished":"2015-05-26T09:26:19+00:00","dateModified":"2020-08-18T10:03:11+00:00","description":"Saku Metall AS tegeleb uksetootmise ja allhankega. Pakume tulet\u00f5kkeuksi, metalluksi, profiil- ja l\u00fckanduksi ning garaa\u017ei- ja t\u00f6\u00f6stuslikke t\u00f5stuksi ning lehtmetallist allhanket\u00f6id. V\u00f5ta \u00fchendust!","breadcrumb":{"@id":"https:\/\/sakumetall.ee\/uksetehas\/hooldus-2\/#breadcrumb"},"inLanguage":"et","potentialAction":[{"@type":"ReadAction","target":["https:\/\/sakumetall.ee\/uksetehas\/hooldus-2\/"]}]},{"@type":"BreadcrumbList","@id":"https:\/\/sakumetall.ee\/uksetehas\/hooldus-2\/#breadcrumb","itemListElement":[{"@type":"ListItem","position":1,"name":"Home","item":"https:\/\/sakumetall.ee\/uksetehas\/"},{"@type":"ListItem","position":2,"name":"Dokumentaatio"}]},{"@type":"WebSite","@id":"https:\/\/sakumetall.ee\/uksetehas\/#website","url":"https:\/\/sakumetall.ee\/uksetehas\/","name":"Uksetehas","description":"Saku Metall AS tegeleb uksetootmise ja allhankega. Pakume tulet\u00f5kkeuksi, metalluksi, profiil- ja l\u00fckanduksi ning garaa\u017ei- ja t\u00f6\u00f6stuslikke t\u00f5stuksi ning lehtmetallist allhanket\u00f6id. V\u00f5ta \u00fchendust!","potentialAction":[{"@type":"SearchAction","target":{"@type":"EntryPoint","urlTemplate":"https:\/\/sakumetall.ee\/uksetehas\/?s={search_term_string}"},"query-input":{"@type":"PropertyValueSpecification","valueRequired":true,"valueName":"search_term_string"}}],"inLanguage":"et"}]}},"_links":{"self":[{"href":"https:\/\/sakumetall.ee\/uksetehas\/wp-json\/wp\/v2\/pages\/2499","targetHints":{"allow":["GET"]}}],"collection":[{"href":"https:\/\/sakumetall.ee\/uksetehas\/wp-json\/wp\/v2\/pages"}],"about":[{"href":"https:\/\/sakumetall.ee\/uksetehas\/wp-json\/wp\/v2\/types\/page"}],"author":[{"embeddable":true,"href":"https:\/\/sakumetall.ee\/uksetehas\/wp-json\/wp\/v2\/users\/1"}],"replies":[{"embeddable":true,"href":"https:\/\/sakumetall.ee\/uksetehas\/wp-json\/wp\/v2\/comments?post=2499"}],"version-history":[{"count":14,"href":"https:\/\/sakumetall.ee\/uksetehas\/wp-json\/wp\/v2\/pages\/2499\/revisions"}],"predecessor-version":[{"id":22985,"href":"https:\/\/sakumetall.ee\/uksetehas\/wp-json\/wp\/v2\/pages\/2499\/revisions\/22985"}],"wp:attachment":[{"href":"https:\/\/sakumetall.ee\/uksetehas\/wp-json\/wp\/v2\/media?parent=2499"}],"curies":[{"name":"wp","href":"https:\/\/api.w.org\/{rel}","templated":true}]}}