{"id":28504,"date":"2023-12-18T13:36:48","date_gmt":"2023-12-18T11:36:48","guid":{"rendered":"https:\/\/sakumetall.ee\/uksetehas\/?page_id=28504"},"modified":"2025-02-13T16:35:04","modified_gmt":"2025-02-13T14:35:04","slug":"karjaar","status":"publish","type":"page","link":"https:\/\/sakumetall.ee\/uksetehas\/karjaar\/","title":{"rendered":"Karj\u00e4\u00e4r"},"content":{"rendered":"","protected":false},"excerpt":{"rendered":"","protected":false},"author":21,"featured_media":28701,"parent":0,"menu_order":9,"comment_status":"closed","ping_status":"closed","template":"career-template.php","meta":{"footnotes":""},"class_list":["post-28504","page","type-page","status-publish","has-post-thumbnail","hentry"],"yoast_head":"<!-- This site is optimized with the Yoast SEO plugin v27.3 - https:\/\/yoast.com\/product\/yoast-seo-wordpress\/ -->\n<title>Karj\u00e4\u00e4r Saku Metallis<\/title>\n<meta name=\"description\" content=\"Valmis alusatma tulevikku koos meiega? Saku Metall v\u00e4\u00e4rtustab ja hoiab oma inimesi. Oma t\u00f6\u00f6tajatele pakutakse ettev\u00f5tte sees arengu- ja karj\u00e4\u00e4riv\u00f5imalusi ning innustatakse \u00f5ppima. Tagame tervisliku ja turvalise t\u00f6\u00f6keskkonna, pakume konkurentsiv\u00f5imelist t\u00f6\u00f6tasu ja hindame spetsialistide panust meie missiooni elluviimisel.\" \/>\n<meta name=\"robots\" content=\"index, follow, max-snippet:-1, max-image-preview:large, max-video-preview:-1\" \/>\n<link rel=\"canonical\" href=\"https:\/\/sakumetall.ee\/uksetehas\/karjaar\/\" \/>\n<meta property=\"og:locale\" content=\"et_EE\" \/>\n<meta property=\"og:type\" content=\"article\" \/>\n<meta property=\"og:title\" content=\"Karj\u00e4\u00e4r Saku Metallis\" \/>\n<meta property=\"og:description\" content=\"Valmis alusatma tulevikku koos meiega? Saku Metall v\u00e4\u00e4rtustab ja hoiab oma inimesi. Oma t\u00f6\u00f6tajatele pakutakse ettev\u00f5tte sees arengu- ja karj\u00e4\u00e4riv\u00f5imalusi ning innustatakse \u00f5ppima. Tagame tervisliku ja turvalise t\u00f6\u00f6keskkonna, pakume konkurentsiv\u00f5imelist t\u00f6\u00f6tasu ja hindame spetsialistide panust meie missiooni elluviimisel.\" \/>\n<meta property=\"og:url\" content=\"https:\/\/sakumetall.ee\/uksetehas\/karjaar\/\" \/>\n<meta property=\"og:site_name\" content=\"Uksetehas\" \/>\n<meta property=\"article:modified_time\" content=\"2025-02-13T14:35:04+00:00\" \/>\n<meta property=\"og:image\" content=\"https:\/\/sakumetall.ee\/uksetehas\/wp-content\/uploads\/sites\/2\/2024\/01\/Nimetu-kujundus-54-1-1024x463.png\" \/>\n\t<meta property=\"og:image:width\" content=\"1024\" \/>\n\t<meta property=\"og:image:height\" content=\"463\" \/>\n\t<meta property=\"og:image:type\" content=\"image\/png\" \/>\n<meta name=\"twitter:card\" content=\"summary_large_image\" \/>\n<meta name=\"twitter:label1\" content=\"Est. reading time\" \/>\n\t<meta name=\"twitter:data1\" content=\"1 minut\" \/>\n<script type=\"application\/ld+json\" class=\"yoast-schema-graph\">{\"@context\":\"https:\\\/\\\/schema.org\",\"@graph\":[{\"@type\":\"WebPage\",\"@id\":\"https:\\\/\\\/sakumetall.ee\\\/uksetehas\\\/karjaar\\\/\",\"url\":\"https:\\\/\\\/sakumetall.ee\\\/uksetehas\\\/karjaar\\\/\",\"name\":\"Karj\u00e4\u00e4r Saku Metallis\",\"isPartOf\":{\"@id\":\"https:\\\/\\\/sakumetall.ee\\\/uksetehas\\\/#website\"},\"primaryImageOfPage\":{\"@id\":\"https:\\\/\\\/sakumetall.ee\\\/uksetehas\\\/karjaar\\\/#primaryimage\"},\"image\":{\"@id\":\"https:\\\/\\\/sakumetall.ee\\\/uksetehas\\\/karjaar\\\/#primaryimage\"},\"thumbnailUrl\":\"https:\\\/\\\/sakumetall.ee\\\/uksetehas\\\/wp-content\\\/uploads\\\/sites\\\/2\\\/2024\\\/01\\\/Nimetu-kujundus-54-1.png\",\"datePublished\":\"2023-12-18T11:36:48+00:00\",\"dateModified\":\"2025-02-13T14:35:04+00:00\",\"description\":\"Valmis alusatma tulevikku koos meiega? Saku Metall v\u00e4\u00e4rtustab ja hoiab oma inimesi. Oma t\u00f6\u00f6tajatele pakutakse ettev\u00f5tte sees arengu- ja karj\u00e4\u00e4riv\u00f5imalusi ning innustatakse \u00f5ppima. Tagame tervisliku ja turvalise t\u00f6\u00f6keskkonna, pakume konkurentsiv\u00f5imelist t\u00f6\u00f6tasu ja hindame spetsialistide panust meie missiooni elluviimisel.\",\"breadcrumb\":{\"@id\":\"https:\\\/\\\/sakumetall.ee\\\/uksetehas\\\/karjaar\\\/#breadcrumb\"},\"inLanguage\":\"et\",\"potentialAction\":[{\"@type\":\"ReadAction\",\"target\":[\"https:\\\/\\\/sakumetall.ee\\\/uksetehas\\\/karjaar\\\/\"]}]},{\"@type\":\"ImageObject\",\"inLanguage\":\"et\",\"@id\":\"https:\\\/\\\/sakumetall.ee\\\/uksetehas\\\/karjaar\\\/#primaryimage\",\"url\":\"https:\\\/\\\/sakumetall.ee\\\/uksetehas\\\/wp-content\\\/uploads\\\/sites\\\/2\\\/2024\\\/01\\\/Nimetu-kujundus-54-1.png\",\"contentUrl\":\"https:\\\/\\\/sakumetall.ee\\\/uksetehas\\\/wp-content\\\/uploads\\\/sites\\\/2\\\/2024\\\/01\\\/Nimetu-kujundus-54-1.png\",\"width\":2500,\"height\":1130},{\"@type\":\"BreadcrumbList\",\"@id\":\"https:\\\/\\\/sakumetall.ee\\\/uksetehas\\\/karjaar\\\/#breadcrumb\",\"itemListElement\":[{\"@type\":\"ListItem\",\"position\":1,\"name\":\"Home\",\"item\":\"https:\\\/\\\/sakumetall.ee\\\/uksetehas\\\/\"},{\"@type\":\"ListItem\",\"position\":2,\"name\":\"Karj\u00e4\u00e4r\"}]},{\"@type\":\"WebSite\",\"@id\":\"https:\\\/\\\/sakumetall.ee\\\/uksetehas\\\/#website\",\"url\":\"https:\\\/\\\/sakumetall.ee\\\/uksetehas\\\/\",\"name\":\"Uksetehas\",\"description\":\"Saku Metall AS tegeleb uksetootmise ja allhankega. Pakume tulet\u00f5kkeuksi, metalluksi, profiil- ja l\u00fckanduksi ning garaa\u017ei- ja t\u00f6\u00f6stuslikke t\u00f5stuksi ning lehtmetallist allhanket\u00f6id. V\u00f5ta \u00fchendust!\",\"potentialAction\":[{\"@type\":\"SearchAction\",\"target\":{\"@type\":\"EntryPoint\",\"urlTemplate\":\"https:\\\/\\\/sakumetall.ee\\\/uksetehas\\\/?s={search_term_string}\"},\"query-input\":{\"@type\":\"PropertyValueSpecification\",\"valueRequired\":true,\"valueName\":\"search_term_string\"}}],\"inLanguage\":\"et\"}]}<\/script>\n<!-- \/ Yoast SEO plugin. -->","yoast_head_json":{"title":"Karj\u00e4\u00e4r Saku Metallis","description":"Valmis alusatma tulevikku koos meiega? Saku Metall v\u00e4\u00e4rtustab ja hoiab oma inimesi. Oma t\u00f6\u00f6tajatele pakutakse ettev\u00f5tte sees arengu- ja karj\u00e4\u00e4riv\u00f5imalusi ning innustatakse \u00f5ppima. Tagame tervisliku ja turvalise t\u00f6\u00f6keskkonna, pakume konkurentsiv\u00f5imelist t\u00f6\u00f6tasu ja hindame spetsialistide panust meie missiooni elluviimisel.","robots":{"index":"index","follow":"follow","max-snippet":"max-snippet:-1","max-image-preview":"max-image-preview:large","max-video-preview":"max-video-preview:-1"},"canonical":"https:\/\/sakumetall.ee\/uksetehas\/karjaar\/","og_locale":"et_EE","og_type":"article","og_title":"Karj\u00e4\u00e4r Saku Metallis","og_description":"Valmis alusatma tulevikku koos meiega? Saku Metall v\u00e4\u00e4rtustab ja hoiab oma inimesi. Oma t\u00f6\u00f6tajatele pakutakse ettev\u00f5tte sees arengu- ja karj\u00e4\u00e4riv\u00f5imalusi ning innustatakse \u00f5ppima. Tagame tervisliku ja turvalise t\u00f6\u00f6keskkonna, pakume konkurentsiv\u00f5imelist t\u00f6\u00f6tasu ja hindame spetsialistide panust meie missiooni elluviimisel.","og_url":"https:\/\/sakumetall.ee\/uksetehas\/karjaar\/","og_site_name":"Uksetehas","article_modified_time":"2025-02-13T14:35:04+00:00","og_image":[{"width":1024,"height":463,"url":"https:\/\/sakumetall.ee\/uksetehas\/wp-content\/uploads\/sites\/2\/2024\/01\/Nimetu-kujundus-54-1-1024x463.png","type":"image\/png"}],"twitter_card":"summary_large_image","twitter_misc":{"Est. reading time":"1 minut"},"schema":{"@context":"https:\/\/schema.org","@graph":[{"@type":"WebPage","@id":"https:\/\/sakumetall.ee\/uksetehas\/karjaar\/","url":"https:\/\/sakumetall.ee\/uksetehas\/karjaar\/","name":"Karj\u00e4\u00e4r Saku Metallis","isPartOf":{"@id":"https:\/\/sakumetall.ee\/uksetehas\/#website"},"primaryImageOfPage":{"@id":"https:\/\/sakumetall.ee\/uksetehas\/karjaar\/#primaryimage"},"image":{"@id":"https:\/\/sakumetall.ee\/uksetehas\/karjaar\/#primaryimage"},"thumbnailUrl":"https:\/\/sakumetall.ee\/uksetehas\/wp-content\/uploads\/sites\/2\/2024\/01\/Nimetu-kujundus-54-1.png","datePublished":"2023-12-18T11:36:48+00:00","dateModified":"2025-02-13T14:35:04+00:00","description":"Valmis alusatma tulevikku koos meiega? Saku Metall v\u00e4\u00e4rtustab ja hoiab oma inimesi. Oma t\u00f6\u00f6tajatele pakutakse ettev\u00f5tte sees arengu- ja karj\u00e4\u00e4riv\u00f5imalusi ning innustatakse \u00f5ppima. Tagame tervisliku ja turvalise t\u00f6\u00f6keskkonna, pakume konkurentsiv\u00f5imelist t\u00f6\u00f6tasu ja hindame spetsialistide panust meie missiooni elluviimisel.","breadcrumb":{"@id":"https:\/\/sakumetall.ee\/uksetehas\/karjaar\/#breadcrumb"},"inLanguage":"et","potentialAction":[{"@type":"ReadAction","target":["https:\/\/sakumetall.ee\/uksetehas\/karjaar\/"]}]},{"@type":"ImageObject","inLanguage":"et","@id":"https:\/\/sakumetall.ee\/uksetehas\/karjaar\/#primaryimage","url":"https:\/\/sakumetall.ee\/uksetehas\/wp-content\/uploads\/sites\/2\/2024\/01\/Nimetu-kujundus-54-1.png","contentUrl":"https:\/\/sakumetall.ee\/uksetehas\/wp-content\/uploads\/sites\/2\/2024\/01\/Nimetu-kujundus-54-1.png","width":2500,"height":1130},{"@type":"BreadcrumbList","@id":"https:\/\/sakumetall.ee\/uksetehas\/karjaar\/#breadcrumb","itemListElement":[{"@type":"ListItem","position":1,"name":"Home","item":"https:\/\/sakumetall.ee\/uksetehas\/"},{"@type":"ListItem","position":2,"name":"Karj\u00e4\u00e4r"}]},{"@type":"WebSite","@id":"https:\/\/sakumetall.ee\/uksetehas\/#website","url":"https:\/\/sakumetall.ee\/uksetehas\/","name":"Uksetehas","description":"Saku Metall AS tegeleb uksetootmise ja allhankega. Pakume tulet\u00f5kkeuksi, metalluksi, profiil- ja l\u00fckanduksi ning garaa\u017ei- ja t\u00f6\u00f6stuslikke t\u00f5stuksi ning lehtmetallist allhanket\u00f6id. V\u00f5ta \u00fchendust!","potentialAction":[{"@type":"SearchAction","target":{"@type":"EntryPoint","urlTemplate":"https:\/\/sakumetall.ee\/uksetehas\/?s={search_term_string}"},"query-input":{"@type":"PropertyValueSpecification","valueRequired":true,"valueName":"search_term_string"}}],"inLanguage":"et"}]}},"_links":{"self":[{"href":"https:\/\/sakumetall.ee\/uksetehas\/wp-json\/wp\/v2\/pages\/28504","targetHints":{"allow":["GET"]}}],"collection":[{"href":"https:\/\/sakumetall.ee\/uksetehas\/wp-json\/wp\/v2\/pages"}],"about":[{"href":"https:\/\/sakumetall.ee\/uksetehas\/wp-json\/wp\/v2\/types\/page"}],"author":[{"embeddable":true,"href":"https:\/\/sakumetall.ee\/uksetehas\/wp-json\/wp\/v2\/users\/21"}],"replies":[{"embeddable":true,"href":"https:\/\/sakumetall.ee\/uksetehas\/wp-json\/wp\/v2\/comments?post=28504"}],"version-history":[{"count":32,"href":"https:\/\/sakumetall.ee\/uksetehas\/wp-json\/wp\/v2\/pages\/28504\/revisions"}],"predecessor-version":[{"id":33115,"href":"https:\/\/sakumetall.ee\/uksetehas\/wp-json\/wp\/v2\/pages\/28504\/revisions\/33115"}],"wp:featuredmedia":[{"embeddable":true,"href":"https:\/\/sakumetall.ee\/uksetehas\/wp-json\/wp\/v2\/media\/28701"}],"wp:attachment":[{"href":"https:\/\/sakumetall.ee\/uksetehas\/wp-json\/wp\/v2\/media?parent=28504"}],"curies":[{"name":"wp","href":"https:\/\/api.w.org\/{rel}","templated":true}]}}