{"id":362,"date":"2015-06-30T16:13:29","date_gmt":"2015-06-30T13:13:29","guid":{"rendered":"https:\/\/sakumetall.ee\/uksetehas?page_id=362"},"modified":"2020-01-10T16:15:11","modified_gmt":"2020-01-10T14:15:11","slug":"hooldus-ja-kasutusjuhendid","status":"publish","type":"page","link":"https:\/\/sakumetall.ee\/uksetehas\/hooldus-2\/hooldus-ja-kasutusjuhendid\/","title":{"rendered":"Hooldus- ja kasutusjuhendid"},"content":{"rendered":"<p>Ukse hooldust\u00f6\u00f6de tegemata j\u00e4tmine ja ukse mitte sihip\u00e4rane kasutamine on aluseks AS Saku Metall Uksetehas poolt uksele antud garantii katkemiseks. Toote pikaajalise ja korrektse toimimise tagamiseks soovitame s\u00f5lmida hoolduslepingu AS Saku Metall Uksetehasega. Soovitame tutvuda allpool olevate toodete hooldus- ja kasutusjuhenditega.<\/p>\n<ul>\n<li><a target=\"_blank\" href=\"https:\/\/sakumetall.ee\/uksetehas\/wp-content\/uploads\/sites\/2\/2015\/07\/Metallukse-hooldus-ja-kasutusjuhend.pdf\" rel=\"noopener noreferrer\">Metallukse hooldus- ja kasutusjuhend<\/a><\/li>\n<li><a target=\"_blank\" href=\"https:\/\/sakumetall.ee\/uksetehas\/wp-content\/uploads\/sites\/2\/2015\/07\/Profiiltoote-hooldus-ja-kasutusjuhend.pdf\" rel=\"noopener noreferrer\">Profiiltoote hooldus- ja kasutusjuhend<\/a><\/li>\n<li><a target=\"_blank\" href=\"https:\/\/sakumetall.ee\/uksetehas\/wp-content\/uploads\/sites\/2\/2020\/01\/17.00.90-T\u00f5stukse-kasutus-ja-hooldusjuhend-ver08-200110-1.pdf\" rel=\"noopener noreferrer\">T\u00f5stukse kasutus- ja hooldusjuhend<\/a><\/li>\n<li><a target=\"_blank\" href=\"https:\/\/sakumetall.ee\/uksetehas\/wp-content\/uploads\/sites\/2\/2015\/06\/Lukutoodete-kasutus-ja-hooldusjuhend.pdf\" rel=\"noopener noreferrer\">Lukutoodete kasutus- ja hooldusjuhend<\/a><\/li>\n<li><a target=\"_blank\" href=\"https:\/\/sakumetall.ee\/uksetehas\/wp-content\/uploads\/sites\/2\/2015\/06\/17.00.98-Lykandukse-raskusjouga-sulguri-paigaldus-ja-kasutusjuhend.pdf\" rel=\"noopener noreferrer\">L\u00fckandukse raskusj\u00f5uga sulguri paigaldus- ja kasutusjuhend<\/a><\/li>\n<li><a target=\"_blank\" href=\"https:\/\/sakumetall.ee\/uksetehas\/wp-content\/uploads\/sites\/2\/2015\/06\/17.00.97-Tuletokke-lykanduks_vastukaaluga_kasutusjuhend.pdf\" rel=\"noopener noreferrer\">Tulet\u00f5kke-l\u00fckanduks vastukaaluga kasutusjuhend<\/a><\/li>\n<li><a target=\"_blank\" href=\"https:\/\/sakumetall.ee\/uksetehas\/wp-content\/uploads\/sites\/2\/2015\/06\/17.00.88-Uksesulgurite-kasutus-ja-hooldusjuhend.pdf\" rel=\"noopener noreferrer\">Uksesulgurite kasutus- ja hooldusjuhend<\/a><\/li>\n<li><a target=\"_blank\" href=\"https:\/\/sakumetall.ee\/uksetehas\/wp-content\/uploads\/sites\/2\/2015\/06\/17.00.98-Lykandukse-raskusjouga-sulguri-paigaldus-ja-kasutusjuhend-1.pdf\" rel=\"noopener noreferrer\">L\u00fckandukse raskusj\u00f5uga sulguri paigaldus- ja kasutusjuhend<\/a><\/li>\n<\/ul>\n","protected":false},"excerpt":{"rendered":"<p>Ukse hooldust\u00f6\u00f6de tegemata j\u00e4tmine ja ukse mitte sihip\u00e4rane kasutamine on aluseks AS Saku Metall Uksetehas poolt uksele antud garantii katkemiseks. Toote pikaajalise ja korrektse toimimise tagamiseks soovitame s\u00f5lmida hoolduslepingu AS Saku Metall Uksetehasega. Soovitame tutvuda allpool olevate toodete hooldus- ja kasutusjuhenditega. Metallukse hooldus- ja kasutusjuhend Profiiltoote hooldus- ja kasutusjuhend T\u00f5stukse kasutus- ja hooldusjuhend Lukutoodete kasutus- &#8230;<\/p>\n","protected":false},"author":2,"featured_media":0,"parent":2499,"menu_order":3,"comment_status":"closed","ping_status":"closed","template":"","meta":{"footnotes":""},"class_list":["post-362","page","type-page","status-publish","hentry"],"yoast_head":"<!-- This site is optimized with the Yoast SEO plugin v27.3 - https:\/\/yoast.com\/product\/yoast-seo-wordpress\/ -->\n<title>Hooldus- ja kasutusjuhendid<\/title>\n<meta name=\"description\" content=\"Saku Metall AS tegeleb uksetootmise ja allhankega. Pakume tulet\u00f5kkeuksi, metalluksi, profiil- ja l\u00fckanduksi ning garaa\u017ei- ja t\u00f6\u00f6stuslikke t\u00f5stuksi ning lehtmetallist allhanket\u00f6id. V\u00f5ta \u00fchendust!\" \/>\n<meta name=\"robots\" content=\"index, follow, max-snippet:-1, max-image-preview:large, max-video-preview:-1\" \/>\n<link rel=\"canonical\" href=\"https:\/\/sakumetall.ee\/uksetehas\/hooldus-2\/hooldus-ja-kasutusjuhendid\/\" \/>\n<meta property=\"og:locale\" content=\"et_EE\" \/>\n<meta property=\"og:type\" content=\"article\" \/>\n<meta property=\"og:title\" content=\"Hooldus- ja kasutusjuhendid\" \/>\n<meta property=\"og:description\" content=\"Saku Metall AS tegeleb uksetootmise ja allhankega. Pakume tulet\u00f5kkeuksi, metalluksi, profiil- ja l\u00fckanduksi ning garaa\u017ei- ja t\u00f6\u00f6stuslikke t\u00f5stuksi ning lehtmetallist allhanket\u00f6id. V\u00f5ta \u00fchendust!\" \/>\n<meta property=\"og:url\" content=\"https:\/\/sakumetall.ee\/uksetehas\/hooldus-2\/hooldus-ja-kasutusjuhendid\/\" \/>\n<meta property=\"og:site_name\" content=\"Uksetehas\" \/>\n<meta property=\"article:modified_time\" content=\"2020-01-10T14:15:11+00:00\" \/>\n<meta name=\"twitter:card\" content=\"summary_large_image\" \/>\n<script type=\"application\/ld+json\" class=\"yoast-schema-graph\">{\"@context\":\"https:\\\/\\\/schema.org\",\"@graph\":[{\"@type\":\"WebPage\",\"@id\":\"https:\\\/\\\/sakumetall.ee\\\/uksetehas\\\/hooldus-2\\\/hooldus-ja-kasutusjuhendid\\\/\",\"url\":\"https:\\\/\\\/sakumetall.ee\\\/uksetehas\\\/hooldus-2\\\/hooldus-ja-kasutusjuhendid\\\/\",\"name\":\"Hooldus- ja kasutusjuhendid\",\"isPartOf\":{\"@id\":\"https:\\\/\\\/sakumetall.ee\\\/uksetehas\\\/#website\"},\"datePublished\":\"2015-06-30T13:13:29+00:00\",\"dateModified\":\"2020-01-10T14:15:11+00:00\",\"description\":\"Saku Metall AS tegeleb uksetootmise ja allhankega. Pakume tulet\u00f5kkeuksi, metalluksi, profiil- ja l\u00fckanduksi ning garaa\u017ei- ja t\u00f6\u00f6stuslikke t\u00f5stuksi ning lehtmetallist allhanket\u00f6id. V\u00f5ta \u00fchendust!\",\"breadcrumb\":{\"@id\":\"https:\\\/\\\/sakumetall.ee\\\/uksetehas\\\/hooldus-2\\\/hooldus-ja-kasutusjuhendid\\\/#breadcrumb\"},\"inLanguage\":\"et\",\"potentialAction\":[{\"@type\":\"ReadAction\",\"target\":[\"https:\\\/\\\/sakumetall.ee\\\/uksetehas\\\/hooldus-2\\\/hooldus-ja-kasutusjuhendid\\\/\"]}]},{\"@type\":\"BreadcrumbList\",\"@id\":\"https:\\\/\\\/sakumetall.ee\\\/uksetehas\\\/hooldus-2\\\/hooldus-ja-kasutusjuhendid\\\/#breadcrumb\",\"itemListElement\":[{\"@type\":\"ListItem\",\"position\":1,\"name\":\"Home\",\"item\":\"https:\\\/\\\/sakumetall.ee\\\/uksetehas\\\/\"},{\"@type\":\"ListItem\",\"position\":2,\"name\":\"Dokumentaatio\",\"item\":\"https:\\\/\\\/sakumetall.ee\\\/uksetehas\\\/hooldus-2\\\/\"},{\"@type\":\"ListItem\",\"position\":3,\"name\":\"Hooldus- ja kasutusjuhendid\"}]},{\"@type\":\"WebSite\",\"@id\":\"https:\\\/\\\/sakumetall.ee\\\/uksetehas\\\/#website\",\"url\":\"https:\\\/\\\/sakumetall.ee\\\/uksetehas\\\/\",\"name\":\"Uksetehas\",\"description\":\"Saku Metall AS tegeleb uksetootmise ja allhankega. Pakume tulet\u00f5kkeuksi, metalluksi, profiil- ja l\u00fckanduksi ning garaa\u017ei- ja t\u00f6\u00f6stuslikke t\u00f5stuksi ning lehtmetallist allhanket\u00f6id. V\u00f5ta \u00fchendust!\",\"potentialAction\":[{\"@type\":\"SearchAction\",\"target\":{\"@type\":\"EntryPoint\",\"urlTemplate\":\"https:\\\/\\\/sakumetall.ee\\\/uksetehas\\\/?s={search_term_string}\"},\"query-input\":{\"@type\":\"PropertyValueSpecification\",\"valueRequired\":true,\"valueName\":\"search_term_string\"}}],\"inLanguage\":\"et\"}]}<\/script>\n<!-- \/ Yoast SEO plugin. -->","yoast_head_json":{"title":"Hooldus- ja kasutusjuhendid","description":"Saku Metall AS tegeleb uksetootmise ja allhankega. Pakume tulet\u00f5kkeuksi, metalluksi, profiil- ja l\u00fckanduksi ning garaa\u017ei- ja t\u00f6\u00f6stuslikke t\u00f5stuksi ning lehtmetallist allhanket\u00f6id. V\u00f5ta \u00fchendust!","robots":{"index":"index","follow":"follow","max-snippet":"max-snippet:-1","max-image-preview":"max-image-preview:large","max-video-preview":"max-video-preview:-1"},"canonical":"https:\/\/sakumetall.ee\/uksetehas\/hooldus-2\/hooldus-ja-kasutusjuhendid\/","og_locale":"et_EE","og_type":"article","og_title":"Hooldus- ja kasutusjuhendid","og_description":"Saku Metall AS tegeleb uksetootmise ja allhankega. Pakume tulet\u00f5kkeuksi, metalluksi, profiil- ja l\u00fckanduksi ning garaa\u017ei- ja t\u00f6\u00f6stuslikke t\u00f5stuksi ning lehtmetallist allhanket\u00f6id. V\u00f5ta \u00fchendust!","og_url":"https:\/\/sakumetall.ee\/uksetehas\/hooldus-2\/hooldus-ja-kasutusjuhendid\/","og_site_name":"Uksetehas","article_modified_time":"2020-01-10T14:15:11+00:00","twitter_card":"summary_large_image","schema":{"@context":"https:\/\/schema.org","@graph":[{"@type":"WebPage","@id":"https:\/\/sakumetall.ee\/uksetehas\/hooldus-2\/hooldus-ja-kasutusjuhendid\/","url":"https:\/\/sakumetall.ee\/uksetehas\/hooldus-2\/hooldus-ja-kasutusjuhendid\/","name":"Hooldus- ja kasutusjuhendid","isPartOf":{"@id":"https:\/\/sakumetall.ee\/uksetehas\/#website"},"datePublished":"2015-06-30T13:13:29+00:00","dateModified":"2020-01-10T14:15:11+00:00","description":"Saku Metall AS tegeleb uksetootmise ja allhankega. Pakume tulet\u00f5kkeuksi, metalluksi, profiil- ja l\u00fckanduksi ning garaa\u017ei- ja t\u00f6\u00f6stuslikke t\u00f5stuksi ning lehtmetallist allhanket\u00f6id. V\u00f5ta \u00fchendust!","breadcrumb":{"@id":"https:\/\/sakumetall.ee\/uksetehas\/hooldus-2\/hooldus-ja-kasutusjuhendid\/#breadcrumb"},"inLanguage":"et","potentialAction":[{"@type":"ReadAction","target":["https:\/\/sakumetall.ee\/uksetehas\/hooldus-2\/hooldus-ja-kasutusjuhendid\/"]}]},{"@type":"BreadcrumbList","@id":"https:\/\/sakumetall.ee\/uksetehas\/hooldus-2\/hooldus-ja-kasutusjuhendid\/#breadcrumb","itemListElement":[{"@type":"ListItem","position":1,"name":"Home","item":"https:\/\/sakumetall.ee\/uksetehas\/"},{"@type":"ListItem","position":2,"name":"Dokumentaatio","item":"https:\/\/sakumetall.ee\/uksetehas\/hooldus-2\/"},{"@type":"ListItem","position":3,"name":"Hooldus- ja kasutusjuhendid"}]},{"@type":"WebSite","@id":"https:\/\/sakumetall.ee\/uksetehas\/#website","url":"https:\/\/sakumetall.ee\/uksetehas\/","name":"Uksetehas","description":"Saku Metall AS tegeleb uksetootmise ja allhankega. Pakume tulet\u00f5kkeuksi, metalluksi, profiil- ja l\u00fckanduksi ning garaa\u017ei- ja t\u00f6\u00f6stuslikke t\u00f5stuksi ning lehtmetallist allhanket\u00f6id. V\u00f5ta \u00fchendust!","potentialAction":[{"@type":"SearchAction","target":{"@type":"EntryPoint","urlTemplate":"https:\/\/sakumetall.ee\/uksetehas\/?s={search_term_string}"},"query-input":{"@type":"PropertyValueSpecification","valueRequired":true,"valueName":"search_term_string"}}],"inLanguage":"et"}]}},"_links":{"self":[{"href":"https:\/\/sakumetall.ee\/uksetehas\/wp-json\/wp\/v2\/pages\/362","targetHints":{"allow":["GET"]}}],"collection":[{"href":"https:\/\/sakumetall.ee\/uksetehas\/wp-json\/wp\/v2\/pages"}],"about":[{"href":"https:\/\/sakumetall.ee\/uksetehas\/wp-json\/wp\/v2\/types\/page"}],"author":[{"embeddable":true,"href":"https:\/\/sakumetall.ee\/uksetehas\/wp-json\/wp\/v2\/users\/2"}],"replies":[{"embeddable":true,"href":"https:\/\/sakumetall.ee\/uksetehas\/wp-json\/wp\/v2\/comments?post=362"}],"version-history":[{"count":27,"href":"https:\/\/sakumetall.ee\/uksetehas\/wp-json\/wp\/v2\/pages\/362\/revisions"}],"predecessor-version":[{"id":22646,"href":"https:\/\/sakumetall.ee\/uksetehas\/wp-json\/wp\/v2\/pages\/362\/revisions\/22646"}],"up":[{"embeddable":true,"href":"https:\/\/sakumetall.ee\/uksetehas\/wp-json\/wp\/v2\/pages\/2499"}],"wp:attachment":[{"href":"https:\/\/sakumetall.ee\/uksetehas\/wp-json\/wp\/v2\/media?parent=362"}],"curies":[{"name":"wp","href":"https:\/\/api.w.org\/{rel}","templated":true}]}}