{"id":364,"date":"2015-06-30T16:14:02","date_gmt":"2015-06-30T13:14:02","guid":{"rendered":"https:\/\/sakumetall.ee\/uksetehas?page_id=364"},"modified":"2026-01-05T11:28:38","modified_gmt":"2026-01-05T09:28:38","slug":"garantiitingimused","status":"publish","type":"page","link":"https:\/\/sakumetall.ee\/uksetehas\/hooldus-3\/garantiitingimused\/","title":{"rendered":"Garantiitingimused"},"content":{"rendered":"<p><strong>AS Saku Metall Uksetehas<\/strong> annab enda toodetud toodetele 2 (kahe) aasta pikkuse garantii v\u00f5imalike konstruktsiooni-, tootmis-, ja materjalivigade ilmnemise vastu ning tootmise k\u00e4igus komplekteeritavatele toodetele nende tootja tehase poolse garantii. Garantiiperiood algab toote ostjale \u00fcleandmisest. <strong>Garantii aluseks on ostu t\u00f5endav n\u00f5uetekohaselt vormistatud arve v\u00f5i ostut\u0161ekk, mis on liidetud antud garantiitingimustega.<\/strong><\/p>\n<ul>\n<li>Ava garantiitingimused (Eesti keeles) -&gt;\u00a0<a target=\"_blank\" href=\"https:\/\/sakumetall.ee\/uksetehas\/wp-content\/uploads\/sites\/2\/2026\/01\/Saku-Metall-Uksetehase-garantiitingimused.pdf\" rel=\"noopener\">Garantiitingimused<\/a><\/li>\n<li>Ava garantiitingimused (Vene keeles) -&gt;\u00a0<a href=\"https:\/\/sakumetall.ee\/uksetehas\/wp-content\/uploads\/sites\/2\/2026\/01\/Saku-Metall-Uksetehas-\u0423\u0441\u043b\u043e\u0432\u0438\u044f-\u0433\u0430\u0440\u0430\u043d\u0442\u0438\u0438.pdf\">\u0423\u0441\u043b\u043e\u0432\u0438\u044f \u0433\u0430\u0440\u0430\u043d\u0442\u0438\u0438<\/a><\/li>\n<li>Ava tarnetingimused (Eesti keeles) -&gt;\u00a0<a target=\"_blank\" href=\"https:\/\/sakumetall.ee\/uksetehas\/wp-content\/uploads\/sites\/2\/2021\/07\/01.17-SMUT-tarne-tuuptingimused-ver25-210705.pdf\" rel=\"noopener\">Tarne t\u00fc\u00fcptingimused<\/a><\/li>\n<li>Ava tarnetingimused (Vene keeles) -&gt;\u00a0<a href=\"https:\/\/sakumetall.ee\/uksetehas\/wp-content\/uploads\/sites\/2\/2021\/07\/01.17-Saku-Metall-Uksetehas-\u0422\u0438\u043f\u043e\u0432\u044b\u0435-\u0443\u0441\u043b\u043e\u0432\u0438\u044f-\u043f\u043e\u0441\u0442\u0430\u0432\u043a\u0438-ver25-210705.pdf\">\u0422\u0438\u043f\u043e\u0432\u044b\u0435 \u0443\u0441\u043b\u043e\u0432\u0438\u044f \u043f\u043e\u0441\u0442\u0430\u0432\u043a\u0438<\/a><\/li>\n<\/ul>\n<p>&nbsp;<\/p>\n","protected":false},"excerpt":{"rendered":"<p>AS Saku Metall Uksetehas annab enda toodetud toodetele 2 (kahe) aasta pikkuse garantii v\u00f5imalike konstruktsiooni-, tootmis-, ja materjalivigade ilmnemise vastu ning tootmise k\u00e4igus komplekteeritavatele toodetele nende tootja tehase poolse garantii. Garantiiperiood algab toote ostjale \u00fcleandmisest. Garantii aluseks on ostu t\u00f5endav n\u00f5uetekohaselt vormistatud arve v\u00f5i ostut\u0161ekk, mis on liidetud antud garantiitingimustega. Ava garantiitingimused (Eesti keeles) -&gt;\u00a0Garantiitingimused &#8230;<\/p>\n","protected":false},"author":2,"featured_media":0,"parent":9,"menu_order":0,"comment_status":"closed","ping_status":"closed","template":"","meta":{"footnotes":""},"class_list":["post-364","page","type-page","status-publish","hentry"],"yoast_head":"<!-- This site is optimized with the Yoast SEO plugin v27.3 - https:\/\/yoast.com\/product\/yoast-seo-wordpress\/ -->\n<title>Garantiitingimused<\/title>\n<meta name=\"description\" content=\"Saku Metall AS tegeleb uksetootmise ja allhankega. Pakume tulet\u00f5kkeuksi, metalluksi, profiil- ja l\u00fckanduksi ning garaa\u017ei- ja t\u00f6\u00f6stuslikke t\u00f5stuksi ning lehtmetallist allhanket\u00f6id. V\u00f5ta \u00fchendust!\" \/>\n<meta name=\"robots\" content=\"index, follow, max-snippet:-1, max-image-preview:large, max-video-preview:-1\" \/>\n<link rel=\"canonical\" href=\"https:\/\/sakumetall.ee\/uksetehas\/hooldus-3\/garantiitingimused\/\" \/>\n<meta property=\"og:locale\" content=\"et_EE\" \/>\n<meta property=\"og:type\" content=\"article\" \/>\n<meta property=\"og:title\" content=\"Garantiitingimused\" \/>\n<meta property=\"og:description\" content=\"Saku Metall AS tegeleb uksetootmise ja allhankega. Pakume tulet\u00f5kkeuksi, metalluksi, profiil- ja l\u00fckanduksi ning garaa\u017ei- ja t\u00f6\u00f6stuslikke t\u00f5stuksi ning lehtmetallist allhanket\u00f6id. V\u00f5ta \u00fchendust!\" \/>\n<meta property=\"og:url\" content=\"https:\/\/sakumetall.ee\/uksetehas\/hooldus-3\/garantiitingimused\/\" \/>\n<meta property=\"og:site_name\" content=\"Uksetehas\" \/>\n<meta property=\"article:modified_time\" content=\"2026-01-05T09:28:38+00:00\" \/>\n<meta name=\"twitter:card\" content=\"summary_large_image\" \/>\n<meta name=\"twitter:label1\" content=\"Est. reading time\" \/>\n\t<meta name=\"twitter:data1\" content=\"1 minut\" \/>\n<script type=\"application\/ld+json\" class=\"yoast-schema-graph\">{\"@context\":\"https:\\\/\\\/schema.org\",\"@graph\":[{\"@type\":\"WebPage\",\"@id\":\"https:\\\/\\\/sakumetall.ee\\\/uksetehas\\\/hooldus-3\\\/garantiitingimused\\\/\",\"url\":\"https:\\\/\\\/sakumetall.ee\\\/uksetehas\\\/hooldus-3\\\/garantiitingimused\\\/\",\"name\":\"Garantiitingimused\",\"isPartOf\":{\"@id\":\"https:\\\/\\\/sakumetall.ee\\\/uksetehas\\\/#website\"},\"datePublished\":\"2015-06-30T13:14:02+00:00\",\"dateModified\":\"2026-01-05T09:28:38+00:00\",\"description\":\"Saku Metall AS tegeleb uksetootmise ja allhankega. Pakume tulet\u00f5kkeuksi, metalluksi, profiil- ja l\u00fckanduksi ning garaa\u017ei- ja t\u00f6\u00f6stuslikke t\u00f5stuksi ning lehtmetallist allhanket\u00f6id. V\u00f5ta \u00fchendust!\",\"breadcrumb\":{\"@id\":\"https:\\\/\\\/sakumetall.ee\\\/uksetehas\\\/hooldus-3\\\/garantiitingimused\\\/#breadcrumb\"},\"inLanguage\":\"et\",\"potentialAction\":[{\"@type\":\"ReadAction\",\"target\":[\"https:\\\/\\\/sakumetall.ee\\\/uksetehas\\\/hooldus-3\\\/garantiitingimused\\\/\"]}]},{\"@type\":\"BreadcrumbList\",\"@id\":\"https:\\\/\\\/sakumetall.ee\\\/uksetehas\\\/hooldus-3\\\/garantiitingimused\\\/#breadcrumb\",\"itemListElement\":[{\"@type\":\"ListItem\",\"position\":1,\"name\":\"Home\",\"item\":\"https:\\\/\\\/sakumetall.ee\\\/uksetehas\\\/\"},{\"@type\":\"ListItem\",\"position\":2,\"name\":\"Hooldus ja remont\",\"item\":\"https:\\\/\\\/sakumetall.ee\\\/uksetehas\\\/hooldus-3\\\/\"},{\"@type\":\"ListItem\",\"position\":3,\"name\":\"Garantiitingimused\"}]},{\"@type\":\"WebSite\",\"@id\":\"https:\\\/\\\/sakumetall.ee\\\/uksetehas\\\/#website\",\"url\":\"https:\\\/\\\/sakumetall.ee\\\/uksetehas\\\/\",\"name\":\"Uksetehas\",\"description\":\"Saku Metall AS tegeleb uksetootmise ja allhankega. Pakume tulet\u00f5kkeuksi, metalluksi, profiil- ja l\u00fckanduksi ning garaa\u017ei- ja t\u00f6\u00f6stuslikke t\u00f5stuksi ning lehtmetallist allhanket\u00f6id. V\u00f5ta \u00fchendust!\",\"potentialAction\":[{\"@type\":\"SearchAction\",\"target\":{\"@type\":\"EntryPoint\",\"urlTemplate\":\"https:\\\/\\\/sakumetall.ee\\\/uksetehas\\\/?s={search_term_string}\"},\"query-input\":{\"@type\":\"PropertyValueSpecification\",\"valueRequired\":true,\"valueName\":\"search_term_string\"}}],\"inLanguage\":\"et\"}]}<\/script>\n<!-- \/ Yoast SEO plugin. -->","yoast_head_json":{"title":"Garantiitingimused","description":"Saku Metall AS tegeleb uksetootmise ja allhankega. Pakume tulet\u00f5kkeuksi, metalluksi, profiil- ja l\u00fckanduksi ning garaa\u017ei- ja t\u00f6\u00f6stuslikke t\u00f5stuksi ning lehtmetallist allhanket\u00f6id. V\u00f5ta \u00fchendust!","robots":{"index":"index","follow":"follow","max-snippet":"max-snippet:-1","max-image-preview":"max-image-preview:large","max-video-preview":"max-video-preview:-1"},"canonical":"https:\/\/sakumetall.ee\/uksetehas\/hooldus-3\/garantiitingimused\/","og_locale":"et_EE","og_type":"article","og_title":"Garantiitingimused","og_description":"Saku Metall AS tegeleb uksetootmise ja allhankega. Pakume tulet\u00f5kkeuksi, metalluksi, profiil- ja l\u00fckanduksi ning garaa\u017ei- ja t\u00f6\u00f6stuslikke t\u00f5stuksi ning lehtmetallist allhanket\u00f6id. V\u00f5ta \u00fchendust!","og_url":"https:\/\/sakumetall.ee\/uksetehas\/hooldus-3\/garantiitingimused\/","og_site_name":"Uksetehas","article_modified_time":"2026-01-05T09:28:38+00:00","twitter_card":"summary_large_image","twitter_misc":{"Est. reading time":"1 minut"},"schema":{"@context":"https:\/\/schema.org","@graph":[{"@type":"WebPage","@id":"https:\/\/sakumetall.ee\/uksetehas\/hooldus-3\/garantiitingimused\/","url":"https:\/\/sakumetall.ee\/uksetehas\/hooldus-3\/garantiitingimused\/","name":"Garantiitingimused","isPartOf":{"@id":"https:\/\/sakumetall.ee\/uksetehas\/#website"},"datePublished":"2015-06-30T13:14:02+00:00","dateModified":"2026-01-05T09:28:38+00:00","description":"Saku Metall AS tegeleb uksetootmise ja allhankega. Pakume tulet\u00f5kkeuksi, metalluksi, profiil- ja l\u00fckanduksi ning garaa\u017ei- ja t\u00f6\u00f6stuslikke t\u00f5stuksi ning lehtmetallist allhanket\u00f6id. V\u00f5ta \u00fchendust!","breadcrumb":{"@id":"https:\/\/sakumetall.ee\/uksetehas\/hooldus-3\/garantiitingimused\/#breadcrumb"},"inLanguage":"et","potentialAction":[{"@type":"ReadAction","target":["https:\/\/sakumetall.ee\/uksetehas\/hooldus-3\/garantiitingimused\/"]}]},{"@type":"BreadcrumbList","@id":"https:\/\/sakumetall.ee\/uksetehas\/hooldus-3\/garantiitingimused\/#breadcrumb","itemListElement":[{"@type":"ListItem","position":1,"name":"Home","item":"https:\/\/sakumetall.ee\/uksetehas\/"},{"@type":"ListItem","position":2,"name":"Hooldus ja remont","item":"https:\/\/sakumetall.ee\/uksetehas\/hooldus-3\/"},{"@type":"ListItem","position":3,"name":"Garantiitingimused"}]},{"@type":"WebSite","@id":"https:\/\/sakumetall.ee\/uksetehas\/#website","url":"https:\/\/sakumetall.ee\/uksetehas\/","name":"Uksetehas","description":"Saku Metall AS tegeleb uksetootmise ja allhankega. Pakume tulet\u00f5kkeuksi, metalluksi, profiil- ja l\u00fckanduksi ning garaa\u017ei- ja t\u00f6\u00f6stuslikke t\u00f5stuksi ning lehtmetallist allhanket\u00f6id. V\u00f5ta \u00fchendust!","potentialAction":[{"@type":"SearchAction","target":{"@type":"EntryPoint","urlTemplate":"https:\/\/sakumetall.ee\/uksetehas\/?s={search_term_string}"},"query-input":{"@type":"PropertyValueSpecification","valueRequired":true,"valueName":"search_term_string"}}],"inLanguage":"et"}]}},"_links":{"self":[{"href":"https:\/\/sakumetall.ee\/uksetehas\/wp-json\/wp\/v2\/pages\/364","targetHints":{"allow":["GET"]}}],"collection":[{"href":"https:\/\/sakumetall.ee\/uksetehas\/wp-json\/wp\/v2\/pages"}],"about":[{"href":"https:\/\/sakumetall.ee\/uksetehas\/wp-json\/wp\/v2\/types\/page"}],"author":[{"embeddable":true,"href":"https:\/\/sakumetall.ee\/uksetehas\/wp-json\/wp\/v2\/users\/2"}],"replies":[{"embeddable":true,"href":"https:\/\/sakumetall.ee\/uksetehas\/wp-json\/wp\/v2\/comments?post=364"}],"version-history":[{"count":30,"href":"https:\/\/sakumetall.ee\/uksetehas\/wp-json\/wp\/v2\/pages\/364\/revisions"}],"predecessor-version":[{"id":34741,"href":"https:\/\/sakumetall.ee\/uksetehas\/wp-json\/wp\/v2\/pages\/364\/revisions\/34741"}],"up":[{"embeddable":true,"href":"https:\/\/sakumetall.ee\/uksetehas\/wp-json\/wp\/v2\/pages\/9"}],"wp:attachment":[{"href":"https:\/\/sakumetall.ee\/uksetehas\/wp-json\/wp\/v2\/media?parent=364"}],"curies":[{"name":"wp","href":"https:\/\/api.w.org\/{rel}","templated":true}]}}