{"id":383,"date":"2015-06-30T16:38:46","date_gmt":"2015-06-30T13:38:46","guid":{"rendered":"https:\/\/sakumetall.ee\/uksetehas?page_id=383"},"modified":"2024-04-16T14:51:36","modified_gmt":"2024-04-16T11:51:36","slug":"privaatsus","status":"publish","type":"page","link":"https:\/\/sakumetall.ee\/uksetehas\/ettevottest\/privaatsus\/","title":{"rendered":"Privaatsus"},"content":{"rendered":"<h2>Andmekaitsetingimused<\/h2>\n<h3>SISSEJUHATUS<\/h3>\n<p>Saku Metall Uksetehas AS on metalluste valmistamisega tegelev ettev\u00f5te, registrikoodiga 12318492, asukohaga P\u00f5rguv\u00e4lja tee 25, 75306 Tallinn, Eesti.<br \/>\nOma tegevuse k\u00e4igus kogume ja kasutame teid puudutavaid isikuandmeid selleks, et pakkuda teile parimat teenindust, ukselahendusi ning t\u00e4ita teiega s\u00f5lmitud lepinguid.<\/p>\n<p>Kaitseme teie andmeid ja eraelu puutumatust k\u00f5igil kehtivas \u00f5iguses ette n\u00e4htud viisidel.<\/p>\n<p>Eelnimetatud isikuandmete turvalise t\u00f6\u00f6tlemise tagamiseks on Saku Metall Uksetehas AS kehtestanud t\u00f6\u00f6tlemisreeglid, administratiivsed regulatsioonid ning muud infotehnoloogilised ja f\u00fc\u00fcsilised andmekaitse meetmed.<\/p>\n<p>Turvalise isikuandmete t\u00f6\u00f6tlemise meetmed laienevad k\u00f5igile kasutatavatele infos\u00fcsteemidele, inimtegevuse protsessidele, sealhulgas t\u00f6\u00f6tajatele, tarnijatele, klientidele, teenuseosutajatele ja teistele muudele kolmandatele osapooltele, kellel on juurdep\u00e4\u00e4s Saku Metall Uksetehas AS poolt t\u00f6\u00f6deldavatele isikuandmetele.<\/p>\n<p>K\u00e4esolevates Andmekaitsetingimustes sisalduv teave kehtib f\u00fc\u00fcsiliste isikute isikuandmete kohta, kuid mitte \u00e4ri\u00fchingute v\u00f5i muude juriidiliste isikute v\u00f5i asutuste andmetele. Teave kehtib ka k\u00f5igi kutse- ja ametitegevusega tegelevate f\u00fc\u00fcsiliste isikute (nt. \u00e4ri\u00fchingu v\u00f5i organisatsiooni t\u00f6\u00f6tajate) isikuandmete kohta. Kui te suhtlete meiega juriidilise isiku esindajana, siis me registreerime ja kasutame ka teie kohta k\u00e4ivaid isikuandmeid.<\/p>\n<h3>MILLISEID ISIKUANDMEID ME KOGUME JA KASUTAME?<\/h3>\n<p>Oma igap\u00e4evases \u00e4ritegevuses t\u00f6\u00f6tleb Saku Metall Uksetehas AS erinevaid isikuandmeid, sh:<\/p>\n<p>\u2022 t\u00f6\u00f6tajate isikuandmeid (olemasolevate, minevikus olnud ning tulevaste t\u00f6\u00f6tajate andmeid);<br \/>\n\u2022 klientide andmeid;<br \/>\n\u2022 kodulehe p\u00e4ringuvormide kaudu sisestatud andmeid (kontaktandmed, nt e-post, nimi, telefoninumber, aadress);<br \/>\n\u2022 veebilehe k\u00fclastajate andmeid;<br \/>\n\u2022 sotsiaalmeedia profiil;<br \/>\n\u2022 IP-aadressi infos\u00fcsteemide kasutamisel, infos\u00fcsteemi turvalisuse tagamise ja teenuse kasutustingimustega vastavuse tagamise eesm\u00e4rgil.<\/p>\n<h3>MIKS ME KOGUME JA KASUTAME TEIE ISIKUANDMEID?<\/h3>\n<p>Me kogume ja kasutame teie andmeid selleks, et pakkuda teile parimaid ukselahendusi, t\u00e4ita teiega s\u00f5lmitud lepinguid ning j\u00e4rgida seadustest tulenevaid kohustusi isikuandmete kogumisel ja s\u00e4ilitamisel.<\/p>\n<p>See t\u00e4hendab, et me kogume ja kasutame teie isikuandmeid, kui:<\/p>\n<p>\u2022 te olete s\u00f5lminud meiega lepingu v\u00f5i kaalute selle s\u00f5lmimist;<br \/>\n\u2022 selgitame teile, milliseid ja kuidas meie tooteid kasutada;<br \/>\n\u2022 teeme teile suunatud pakkumisi;<br \/>\n\u2022 tagame \u00f5igustatud huvi realiseerimise, mis on koosk\u00f5las Euroopa Liidus (EL) kehtestatud andmekaitse reeglitega;<br \/>\n\u2022 olete andnud meile n\u00f5usoleku kasutada oma isikuandmeid;<br \/>\n\u2022 see on meie juriidiline kohustus, mis v\u00f5ib tuleneda n\u00e4iteks j\u00e4rgmistest \u00f5igusaktidest:<br \/>\no v\u00f5la\u00f5igusseadus;<br \/>\no maksukorralduse seadus;<br \/>\no maksualase teabevahetuse seadus;<br \/>\no raamatupidamise seadus;<br \/>\n\u2022 see on vajalik Saku Metall Uksetehas AS \u00f5igustatud huvides sh. \u00f5igusrikkumiste v\u00f5i kahju v\u00e4ltimiseks, IT-s\u00fcsteemide v\u00f5i maksete turvalisuse tugevdamiseks v\u00f5i otseturunduse eesm\u00e4rkidel. Me teeme seda ainult juhul, kui meie vastav huvi on ilmselgelt kaalukam teie huvist teie isikuandmeid mitte t\u00f6\u00f6delda;<br \/>\n\u2022 kui te suhtlete meiega juriidilise isiku esindajana, siis s\u00f5ltuvalt meie suhtluse sisust ja ulatusest, v\u00f5ime t\u00f6\u00f6delda teie isikuandmeid j\u00e4rgmistel eesm\u00e4rkidel:<br \/>\no oma lepinguliste kohustuste t\u00e4itmiseks ning teile teenuste pakkumiseks;<br \/>\no kehtivate \u00f5igusaktide t\u00e4itmiseks;<br \/>\no asjaajamise otstarbel, sh meie s\u00fcsteemide, platvormide ja muude digitaalsete rakenduste turvamiseks ja toetamiseks ja korrashoiuks;<br \/>\no piisava turvalisuse tagamiseks meie ruumide k\u00fclastamisel;<br \/>\no kuritegude v\u00e4ltimiseks vajalike kontrollide l\u00e4biviimiseks.<\/p>\n<p>Andmete kogumine s\u00f5ltub kasutatavast teenusest ja milliseid konkreetseid andmed on vajalikud selle kasutamiseks. P\u00f5hjused, miks isikuandmeid kogume v\u00f5ivad olla, kuid mitte ainult, j\u00e4rgnevad:<\/p>\n<p>\u2022 uudiskirja tellimisel teie e-post ja nimi. Uudiskirju saadab Saku Metall Uksetehas AS ainult teie n\u00f5usolekul;<br \/>\n\u2022 sotsiaalmeedias teie profiili, tingimusel, et olete m\u00e4rkinud Saku Metall lehe endale meeldivaks. Seda selleks, et edastada teie uudisvoogu Saku Metalli tegemiste kohta uudiseid;<br \/>\n\u2022 v\u00e4rbamisprotsessis teie CV koos selles sisalduva informatsiooniga, muud t\u00f6\u00f6kuulutustes n\u00f5utud dokumendid, soovitajad, \u00e4riregistris sisalduvad andmed ja<br \/>\nkaristusregistri v\u00e4ljav\u00f5te. Seda selleks, et tagada, et Saku Metall Uksetehas AS-i asuks t\u00f6\u00f6le aus, erapooletu ja parim kandidaat;<br \/>\n\u2022 kui v\u00f5tate meiega \u00fchendust, sh saadate meile e-kirja, p\u00e4ringuvormi v\u00f5i helistate meile, et teile vastata. Telefonik\u00f5nesid Saku Metall Uksetehas AS ei salvesta;<br \/>\n\u2022 andmeid, mida saame kolmandatelt osapooltelt nagu avalikud registrid (n\u00e4iteks kinnistusraamat, maksuamet v\u00f5i \u00e4riregister), kui see on vajalik lepingu t\u00e4itmiseks v\u00f5i lepingu t\u00e4itmise tagamiseks, selline andmete t\u00f6\u00f6tlemine on etten\u00e4htud \u00f5igusaktiga v\u00f5i on andmete t\u00f6\u00f6tlemise aluseks teie n\u00f5usolek.<\/p>\n<h3>Eriliiki isikuandmed<\/h3>\n<p>Eriliiki isikuandmete t\u00f6\u00f6tlemiseks k\u00fcsime teilt s\u00f5naselget n\u00f5usolekut, v.a juhul kui seadus annab meile \u00f5iguse t\u00f6\u00f6delda eriliiki isikuandmeid ilma teie n\u00f5usolekuta (nt oma n\u00f5uete \u00f5iguslikuks maksmapanekuks).<\/p>\n<p>V\u00f5ime koguda ka muid isikuandmeid, kui seda on vaja selleks, et pakkuda teile konkreetseid tooteid v\u00f5i teenuseid v\u00f5i kui seda n\u00f5uab seadus, mis on seotud teenuste osutamisega, sh j\u00e4rgmisteks tegevusteks:<\/p>\n<p>\u2022 kliendihaldus, n\u00f5ustamine ja asjaajamine;<br \/>\n\u2022 meie toodete, teenuste ja tegevuse arendamine ja juhtimine;<br \/>\n\u2022 toodete turundamine;<br \/>\n\u2022 isikusamasuse tuvastamine ja kontroll;<br \/>\n\u2022 v\u00f5lgnevuste sissen\u00f5udmine;<br \/>\n\u2022 teie ja Saku Metall Uksetehas AS kaitsmine pettuse eest;<br \/>\n\u2022 kehtivatele \u00f5iguslikele n\u00f5utele vastamine ja nende t\u00e4itmine.<\/p>\n<p>Me kogume andmeid otse teie k\u00e4est v\u00f5i teie tegevusi j\u00e4lgides, n\u00e4iteks kui te:<\/p>\n<p>\u2022 t\u00e4idate toodete v\u00f5i teenuste saamiseks vorme v\u00f5i muid formulare;<br \/>\n\u2022 esitate meile dokumente paberkandjal v\u00f5i l\u00e4bi elektroonilise kirjavahetuse;<br \/>\n\u2022 helistate meile, et edastada meile toodete v\u00f5i teenuste saamiseks vajalikku infot;<br \/>\n\u2022 kasutate meie kodulehte.<\/p>\n<p>Me s\u00e4ilitame teie andmeid vaid seni, kuni see on vajalik sel eesm\u00e4rgil, milleks me teie andmeid kogusime ja kasutasime va. juhul, kui andmete s\u00e4ilitamise n\u00f5ue tuleneb seadusest.<\/p>\n<h3>KOLMANDAD ISIKUD JA TEIE ISIKUANDMED<\/h3>\n<h4>Kolmandatelt isikutelt saadud isikuandmed<\/h4>\n<p>Registreerime ja kasutame isikuandmeid, mis on saadud kolmandatelt isikutelt, n\u00e4iteks:<\/p>\n<p>\u2022 riiklikust registrist, \u00e4riregistrist, rahvastikuregistrist v\u00f5i muust avalikust allikast v\u00f5i registrist. Kogume ja kasutame neid andmeid n\u00e4iteks andmete t\u00e4psuse kontrollimiseks;<br \/>\n\u2022 Saku Metall Uksetehas AS \u00e4ripartneritelt, kui meil on teie n\u00f5usolek v\u00f5i kui see on \u00f5igusaktidega lubatud.<\/p>\n<h4>Kolmandad isikud, kellele avaldame teie isikuandmeid<\/h4>\n<p>M\u00f5ningatel juhtudel v\u00f5ime avaldada teie isikuandmeid kolmandatele isikutele, kui:<\/p>\n<p>\u2022 kui te olete palunud meil seda teha;<br \/>\n\u2022 kui seadus seda n\u00f5uab v\u00f5i lubab;<br \/>\n\u2022 kui olete andnud selleks eelnevalt n\u00f5usoleku;<br \/>\n\u2022 kui te ei t\u00e4ida Saku Metall Uksetehas AS ees v\u00f5etud kohustusi, siis v\u00f5ime avaldada teie isikuandmeid krediidireitingu agentuuridele ja registritele.<\/p>\n<p>Teie n\u00f5usolekul isikuandmete edastamisel kolmandatesse riikidesse (s.o v\u00e4ljaspool Euroopa Liitu ja Euroopa Majanduspiirkonda) asuvatele andmet\u00f6\u00f6tlejatele, tagame teie \u00f5iguste kaitse ja selle, et sellise andmeedastuse korral s\u00e4ilib teie isikuandmete kaitse tasemel, mis vastab Euroopa Komisjoni heaks kiidetud tingimustele.<\/p>\n<h3>PROFIILIANAL\u00dc\u00dcS JA AUTOMATISEERITUD OTSUSED<\/h3>\n<h4>Profiilianal\u00fc\u00fcs<\/h4>\n<p>Saku Metall Uksetehas AS ei teosta teie isikuandmete automatiseeritud t\u00f6\u00f6tlemist, mille eesm\u00e4rgiks on isikuandmete automatiseeritud t\u00f6\u00f6tlemine, et hinnata, anal\u00fc\u00fcsida ja prognoosida f\u00fc\u00fcsilise isikuga seotud teatavaid isiklikke aspekte, eelk\u00f5ige selliseid aspekte, mis on seotud asjaomase f\u00fc\u00fcsilise isiku t\u00f6\u00f6tulemuste, majandusliku olukorra, tervise, isiklike eelistuste, huvide, usaldusv\u00e4\u00e4rsuse, k\u00e4itumise, asukoha v\u00f5i liikumisega.<\/p>\n<h4>Automatiseeritud otsustamine<\/h4>\n<p>Saku Metall Uksetehas AS ei teosta teie isikuandmete automatiseeritud t\u00f6\u00f6tlemist, mille eesm\u00e4rgiks on hinnata teie isikuandmeid, et v\u00f5tta vastu teie \u00f5igusi ja vabadusi piirata v\u00f5ivaid otsuseid.<\/p>\n<h3>TEIE \u00d5IGUSED<\/h3>\n<h4>Enda isikuandmetega tutvumine<\/h4>\n<p>Teil on v\u00f5imalik tutvuda teie kohta kogutud ja kasutatavate isikuandmetega, nende allikatega ja nende kasutamise eesm\u00e4rkidega. Teil on v\u00f5imalik saada teavet selle kohta, kui kaua me teie andmeid s\u00e4ilitame ning kellele ja mis ulatuses neid edastame. Teie \u00f5igust enda isikuandmetega tutvuda v\u00f5ivad piirata kehtivad \u00f5igusaktid, teiste isikute \u00f5igused nende privaatsuse tagamiseks ning meie tegevuse vajadused. Meie oskusteave, \u00e4risaladused, sisehinnangud ja materjalid v\u00f5ivad samuti kuuluda teabe hulka, millega ei ole v\u00f5imalik tutvuda.<\/p>\n<h4>\u00d5igus esitada vastuv\u00e4iteid<\/h4>\n<p>Teil on \u00f5igus esitada teid puudutavate isikuandmete t\u00f6\u00f6tlemisele vastuv\u00e4iteid, sh kui me tugineme andmete t\u00f6\u00f6tlemisel meie \u00f5igustatud huvile.<\/p>\n<p>Samuti on Teil \u00f5igus keelata oma isikuandmete kasutamine otseturunduseks.<\/p>\n<h4>Andmete parandamine v\u00f5i kustutamine<\/h4>\n<p>Kui teie andmed ei ole \u00f5iged, on puudulikud v\u00f5i asjakohatud, on teil \u00f5igus n\u00f5uda andmete parandamist v\u00f5i kustutamist, arvestades kehtivatest \u00f5igusaktidest tulenevaid piiranguid ja andmete t\u00f6\u00f6tlemisega seotud \u00f5igusi.<\/p>\n<h4>Andmete kasutamise piiramine<\/h4>\n<p>Kui te leiate, et andmed, mis me oleme teie kohta kogunud, ei ole \u00f5iged, v\u00f5i kui olete esitanud vastuv\u00e4ite andmete kasutamisele, siis v\u00f5ite n\u00f5uda, et piiraksime nende andmete kasutamist ainult nende s\u00e4ilitamisega. Kasutust piiratakse \u00fcksnes s\u00e4ilitamisega, kuni on v\u00f5imalik tuvastada andmete \u00f5igsus v\u00f5i kontrollida, kas meie \u00f5igusp\u00e4rased huvid on teie huvidest kaalukamad.<\/p>\n<p>Kui teil on \u00f5igus n\u00f5uda andmete kustutamist, siis v\u00f5ite selle asemel n\u00f5uda, et piirduksime andmete kasutamisel \u00fcksnes nende s\u00e4ilitamisega. Kui me vajame teie kohta kogutud andmeid ainult \u00f5igusn\u00f5uete maksmapanekuks v\u00f5i kaitsmiseks, siis v\u00f5ite te n\u00f5uda, et andmeid ei kasutataks muul moel kui neid s\u00e4ilitades. Meil v\u00f5ib siiski olla \u00f5igus kasutada andmeid ka teistsugusel viisil, kui see on vajalik selleks, et n\u00f5udeid maksma panna, v\u00f5i juhul, kui te olete andnud selleks n\u00f5usoleku.<\/p>\n<h4>N\u00f5usoleku tagasiv\u00f5tmine<\/h4>\n<p>Kui andmete kasutamiseks on vajalik teie n\u00f5usolek, v\u00f5ite selle n\u00f5usoleku igal ajal tagasi v\u00f5tta. Juhime teie t\u00e4helepanu sellele, et kui te n\u00f5usoleku tagasi v\u00f5tate, ei pruugi meil olla v\u00f5imalik pakkuda teile teatud tooteid ja teenuseid. Samuti j\u00e4tkame teie isikuandmete kasutamist n\u00e4iteks teiega s\u00f5lmitud lepingu t\u00e4itmiseks v\u00f5i l\u00e4htudes \u00f5igusaktidest tulenevatest n\u00f5uetest.<\/p>\n<h4>Andmete \u00fclekantavus<\/h4>\n<p>Kui me kasutame andmeid teie n\u00f5usoleku v\u00f5i kokkuleppe alusel ja andmet\u00f6\u00f6tlus on automatiseeritud, on teil \u00f5igus saada koopia teie esitatud andmetest elektroonilises masinloetavas formaadis.<\/p>\n<h3>K\u00dcPSISTE KASUTAMINE (COOKIES)<\/h3>\n<p>Saku Metall Uksetehas AS v\u00f5ib oma veebilehtedel kasutada k\u00fcpsiseid (Cookies). K\u00fcpsised on v\u00e4ikesed tekstifailid, mis laetakse teie seadmesse, kui k\u00fclastate m\u00f5nda meie veebilehte.<\/p>\n<p>Meie veebilehe kasutamist j\u00e4tkates annate n\u00f5usoleku k\u00fcpsiste kasutamiseks vastavalt k\u00e4esolevate tingimuste reeglitele. Kui te pole k\u00fcpsiste kasutamisega n\u00f5us, on teil v\u00f5imalus oma veebilehitseja seadistada selliselt, et arvuti k\u00fcpsiseid ei salvestaks. Sellisel juhul aga ei saa me tagada, et k\u00f5ik funktsioonid meie lehel teie jaoks korrektselt toimivad. Lisainfot k\u00fcpsiste haldamise ja keelamise kohta leiate veebilehelt http:\/\/www.allaboutcookies.org\/<\/p>\n<p>K\u00fcpsiste abil saame parandada teenuste kvaliteeti. K\u00fcpsiseid kasutame statistiliste andmete kogumiseks, lehe k\u00fclastaja eelistuste meelde j\u00e4tmiseks, reklaamide esitamiseks.<\/p>\n<p>Saku Metall Uksetehas AS veebilehti k\u00fclastades saavad teie seadmesse k\u00fcpsiseid salvestada ka meie andmete anal\u00fc\u00fcsi- ja reklaamipartnerid (Google analytics, Facebook, Youtube jms.)<\/p>\n<h3>ISIKUANDMETE T\u00d6\u00d6TLEMISE TURVALISUS<\/h3>\n<p>Saku Metall Uksetehas AS s\u00e4ilitab Isikuandmeid vaid rangelt minimaalselt vajaliku aja. Isikuandmed, mille s\u00e4ilitamise t\u00e4htaeg on m\u00f6\u00f6dunud, h\u00e4vitatakse kasutades selleks parimaid praktikaid.<\/p>\n<p>Saku Metall Uksetehas AS tagab Isikuandmete kaitse, isikuandmete asjakohase turvalisuse, sealhulgas loata v\u00f5i ebaseadusliku t\u00f6\u00f6tlemise eest ning juhusliku kaotamise, h\u00e4vitamise v\u00f5i kahjustumise eest, kasutades asjakohaseid tehnilisi v\u00f5i korralduslikke meetmeid.<\/p>\n<p>Ligip\u00e4\u00e4su isikuandmetele saavad vaid t\u00f6\u00f6tlejad, kellel on selleks vajalik \u00f5igus ja ainult selles ulatuses, mis on vajalik \u00f5igustatud huvist tuleneva eesm\u00e4rgi saavutamiseks.<\/p>\n<p>Saku Metall Uksetehas AS kinnitab, et peab kinni EL-s kehtivatest isikuandme kaitset puudutavatest n\u00f5uetest. Saku Metall Uksetehas AS teeb k\u00f5ik endast oleneva, et kaitsta isikuandmeid. T\u00f6\u00f6tleme isikuandmeid vaid kindlatel ja \u00f5igusp\u00e4rastel eesm\u00e4rkidel ja ainult selleks vajalikus ulatuses. Samu v\u00e4\u00e4rtusi n\u00f5uame oma koost\u00f6\u00f6partneritelt meie isikuandmete t\u00f6\u00f6tlemise reeglitest kinni pidamisel.<\/p>\n<p>Juhul kui Isikuandmetega seonduvalt toimub mistahes intsident, v\u00f5tab Saku Metall Uksetehas AS tarvitusele k\u00f5ik vajalikud meetmed tagaj\u00e4rgede leevendamiseks ning tulevikus sarnaste riskide maandamiseks.<\/p>\n<h3>TEAVITUSTE KASUTUSTINGIMUSED<\/h3>\n<p>Teavitused on tellijale suhtluskanalite kaudu saadetavad pakkumised, mis Saku Metall Uksetehas AS arvates v\u00f5ivad tellijale huvi pakkuda.<br \/>\nTeavitustest saab igal ajal loobuda vajutades teavituse l\u00f5pus olevale lingile. Muudest teavitustest loobumiseks v\u00f5tke palun \u00fchendust <script type=\"text\/javascript\">document.write('<n uers=\"znvygb:cevinngfhf@fnxhzrgnyy.rr\">cevinngfhf@fnxhzrgnyy.rr<\/n>'.replace(\/[a-zA-Z]\/g, function(c){return String.fromCharCode((c<=\"Z\"?90:122)>=(c=c.charCodeAt(0)+13)?c:c-26);}));<\/script>.<\/p>\n<h3>TINGIMUSTE MUUTMINE<\/h3>\n<p>Saku Metall Uksetehas AS uuendab vajadusel kehtivaid Andmekaitsetingimusi. Muudatusi v\u00f5ivad p\u00f5hjustada toodete ja teenuste arendamine v\u00f5i seadusandluse muudatused. Soovitame kehtivate tingimustega regulaarselt tutvuda meie veebilehel.<\/p>\n<h3>KONTAKTANDMED JA KAEBUSTE ESITAMINE<\/h3>\n<p>Kui teil on enda isikuandmete t\u00f6\u00f6tlemisega kaasnevate \u00f5igustega seoses k\u00fcsimusi v\u00f5i kui teil on k\u00fcsimusi selle kohta, kuidas me kogume ja kasutame isikuandmeid v\u00f5i te ei ole rahul sellega, kuidas me teie isikuandmeid t\u00f6\u00f6tleme, siis v\u00f5tke meiega \u00fchendust:<\/p>\n<p>Saku Metall Uksetehas AS<br \/>\nTelefon: +372 6 118 400<br \/>\nE-post: <script type=\"text\/javascript\">document.write('<n uers=\"znvygb:cevinngfhf@fnxhzrgnyy.rr\">cevinngfhf@fnxhzrgnyy.rr<\/n>'.replace(\/[a-zA-Z]\/g, function(c){return String.fromCharCode((c<=\"Z\"?90:122)>=(c=c.charCodeAt(0)+13)?c:c-26);}));<\/script>, <script type=\"text\/javascript\">document.write('<n uers=\"znvygb:vasb@fnxhzrgnyy.rr\">vasb@fnxhzrgnyy.rr<\/n>'.replace(\/[a-zA-Z]\/g, function(c){return String.fromCharCode((c<=\"Z\"?90:122)>=(c=c.charCodeAt(0)+13)?c:c-26);}));<\/script><\/p>\n<p>Kui teie andmekaitsealane p\u00f6\u00f6rdumine Saku Metall Uksetehas AS poole ei ole andnud rahuldavat tulemust, siis on teil \u00f5igus esitada Saku Metall Uksetehas AS-le vastavasisuline vaie v\u00f5i esitada kaebus j\u00e4relevalveasutusele:<\/p>\n<p>Andmekaitse Inspektsioon<br \/>\nV\u00e4ike-Ameerika 19, 10129 Tallinn<br \/>\ntel. 6 274 135, faks 6 274 137<br \/>\nE-post: <script type=\"text\/javascript\">document.write('<n uers=\"znvygb:vasb@nxv.rr\">vasb@nxv.rr<\/n>'.replace(\/[a-zA-Z]\/g, function(c){return String.fromCharCode((c<=\"Z\"?90:122)>=(c=c.charCodeAt(0)+13)?c:c-26);}));<\/script><br \/>\nkoduleht: www.aki.ee<\/p>\n","protected":false},"excerpt":{"rendered":"<p>Andmekaitsetingimused SISSEJUHATUS Saku Metall Uksetehas AS on metalluste valmistamisega tegelev ettev\u00f5te, registrikoodiga 12318492, asukohaga P\u00f5rguv\u00e4lja tee 25, 75306 Tallinn, Eesti. Oma tegevuse k\u00e4igus kogume ja kasutame teid puudutavaid isikuandmeid selleks, et pakkuda teile parimat teenindust, ukselahendusi ning t\u00e4ita teiega s\u00f5lmitud lepinguid. Kaitseme teie andmeid ja eraelu puutumatust k\u00f5igil kehtivas \u00f5iguses ette n\u00e4htud viisidel. Eelnimetatud isikuandmete &#8230;<\/p>\n","protected":false},"author":2,"featured_media":0,"parent":13,"menu_order":3,"comment_status":"closed","ping_status":"closed","template":"","meta":{"footnotes":""},"class_list":["post-383","page","type-page","status-publish","hentry"],"yoast_head":"<!-- This site is optimized with the Yoast SEO plugin v27.3 - https:\/\/yoast.com\/product\/yoast-seo-wordpress\/ -->\n<title>Privaatsus<\/title>\n<meta name=\"description\" content=\"Saku Metall AS tegeleb uksetootmise ja allhankega. Pakume tulet\u00f5kkeuksi, metalluksi, profiil- ja l\u00fckanduksi ning garaa\u017ei- ja t\u00f6\u00f6stuslikke t\u00f5stuksi ning lehtmetallist allhanket\u00f6id. V\u00f5ta \u00fchendust!\" \/>\n<meta name=\"robots\" content=\"index, follow, max-snippet:-1, max-image-preview:large, max-video-preview:-1\" \/>\n<link rel=\"canonical\" href=\"https:\/\/sakumetall.ee\/uksetehas\/ettevottest\/privaatsus\/\" \/>\n<meta property=\"og:locale\" content=\"et_EE\" \/>\n<meta property=\"og:type\" content=\"article\" \/>\n<meta property=\"og:title\" content=\"Privaatsus\" \/>\n<meta property=\"og:description\" content=\"Saku Metall AS tegeleb uksetootmise ja allhankega. Pakume tulet\u00f5kkeuksi, metalluksi, profiil- ja l\u00fckanduksi ning garaa\u017ei- ja t\u00f6\u00f6stuslikke t\u00f5stuksi ning lehtmetallist allhanket\u00f6id. V\u00f5ta \u00fchendust!\" \/>\n<meta property=\"og:url\" content=\"https:\/\/sakumetall.ee\/uksetehas\/ettevottest\/privaatsus\/\" \/>\n<meta property=\"og:site_name\" content=\"Uksetehas\" \/>\n<meta property=\"article:modified_time\" content=\"2024-04-16T11:51:36+00:00\" \/>\n<meta name=\"twitter:card\" content=\"summary_large_image\" \/>\n<meta name=\"twitter:label1\" content=\"Est. reading time\" \/>\n\t<meta name=\"twitter:data1\" content=\"10 minutit\" \/>\n<script type=\"application\/ld+json\" class=\"yoast-schema-graph\">{\"@context\":\"https:\\\/\\\/schema.org\",\"@graph\":[{\"@type\":\"WebPage\",\"@id\":\"https:\\\/\\\/sakumetall.ee\\\/uksetehas\\\/ettevottest\\\/privaatsus\\\/\",\"url\":\"https:\\\/\\\/sakumetall.ee\\\/uksetehas\\\/ettevottest\\\/privaatsus\\\/\",\"name\":\"Privaatsus\",\"isPartOf\":{\"@id\":\"https:\\\/\\\/sakumetall.ee\\\/uksetehas\\\/#website\"},\"datePublished\":\"2015-06-30T13:38:46+00:00\",\"dateModified\":\"2024-04-16T11:51:36+00:00\",\"description\":\"Saku Metall AS tegeleb uksetootmise ja allhankega. Pakume tulet\u00f5kkeuksi, metalluksi, profiil- ja l\u00fckanduksi ning garaa\u017ei- ja t\u00f6\u00f6stuslikke t\u00f5stuksi ning lehtmetallist allhanket\u00f6id. V\u00f5ta \u00fchendust!\",\"breadcrumb\":{\"@id\":\"https:\\\/\\\/sakumetall.ee\\\/uksetehas\\\/ettevottest\\\/privaatsus\\\/#breadcrumb\"},\"inLanguage\":\"et\",\"potentialAction\":[{\"@type\":\"ReadAction\",\"target\":[\"https:\\\/\\\/sakumetall.ee\\\/uksetehas\\\/ettevottest\\\/privaatsus\\\/\"]}]},{\"@type\":\"BreadcrumbList\",\"@id\":\"https:\\\/\\\/sakumetall.ee\\\/uksetehas\\\/ettevottest\\\/privaatsus\\\/#breadcrumb\",\"itemListElement\":[{\"@type\":\"ListItem\",\"position\":1,\"name\":\"Home\",\"item\":\"https:\\\/\\\/sakumetall.ee\\\/uksetehas\\\/\"},{\"@type\":\"ListItem\",\"position\":2,\"name\":\"Ettev\u00f5ttest\",\"item\":\"https:\\\/\\\/sakumetall.ee\\\/uksetehas\\\/ettevottest\\\/\"},{\"@type\":\"ListItem\",\"position\":3,\"name\":\"Privaatsus\"}]},{\"@type\":\"WebSite\",\"@id\":\"https:\\\/\\\/sakumetall.ee\\\/uksetehas\\\/#website\",\"url\":\"https:\\\/\\\/sakumetall.ee\\\/uksetehas\\\/\",\"name\":\"Uksetehas\",\"description\":\"Saku Metall AS tegeleb uksetootmise ja allhankega. Pakume tulet\u00f5kkeuksi, metalluksi, profiil- ja l\u00fckanduksi ning garaa\u017ei- ja t\u00f6\u00f6stuslikke t\u00f5stuksi ning lehtmetallist allhanket\u00f6id. V\u00f5ta \u00fchendust!\",\"potentialAction\":[{\"@type\":\"SearchAction\",\"target\":{\"@type\":\"EntryPoint\",\"urlTemplate\":\"https:\\\/\\\/sakumetall.ee\\\/uksetehas\\\/?s={search_term_string}\"},\"query-input\":{\"@type\":\"PropertyValueSpecification\",\"valueRequired\":true,\"valueName\":\"search_term_string\"}}],\"inLanguage\":\"et\"}]}<\/script>\n<!-- \/ Yoast SEO plugin. -->","yoast_head_json":{"title":"Privaatsus","description":"Saku Metall AS tegeleb uksetootmise ja allhankega. Pakume tulet\u00f5kkeuksi, metalluksi, profiil- ja l\u00fckanduksi ning garaa\u017ei- ja t\u00f6\u00f6stuslikke t\u00f5stuksi ning lehtmetallist allhanket\u00f6id. V\u00f5ta \u00fchendust!","robots":{"index":"index","follow":"follow","max-snippet":"max-snippet:-1","max-image-preview":"max-image-preview:large","max-video-preview":"max-video-preview:-1"},"canonical":"https:\/\/sakumetall.ee\/uksetehas\/ettevottest\/privaatsus\/","og_locale":"et_EE","og_type":"article","og_title":"Privaatsus","og_description":"Saku Metall AS tegeleb uksetootmise ja allhankega. Pakume tulet\u00f5kkeuksi, metalluksi, profiil- ja l\u00fckanduksi ning garaa\u017ei- ja t\u00f6\u00f6stuslikke t\u00f5stuksi ning lehtmetallist allhanket\u00f6id. V\u00f5ta \u00fchendust!","og_url":"https:\/\/sakumetall.ee\/uksetehas\/ettevottest\/privaatsus\/","og_site_name":"Uksetehas","article_modified_time":"2024-04-16T11:51:36+00:00","twitter_card":"summary_large_image","twitter_misc":{"Est. reading time":"10 minutit"},"schema":{"@context":"https:\/\/schema.org","@graph":[{"@type":"WebPage","@id":"https:\/\/sakumetall.ee\/uksetehas\/ettevottest\/privaatsus\/","url":"https:\/\/sakumetall.ee\/uksetehas\/ettevottest\/privaatsus\/","name":"Privaatsus","isPartOf":{"@id":"https:\/\/sakumetall.ee\/uksetehas\/#website"},"datePublished":"2015-06-30T13:38:46+00:00","dateModified":"2024-04-16T11:51:36+00:00","description":"Saku Metall AS tegeleb uksetootmise ja allhankega. Pakume tulet\u00f5kkeuksi, metalluksi, profiil- ja l\u00fckanduksi ning garaa\u017ei- ja t\u00f6\u00f6stuslikke t\u00f5stuksi ning lehtmetallist allhanket\u00f6id. V\u00f5ta \u00fchendust!","breadcrumb":{"@id":"https:\/\/sakumetall.ee\/uksetehas\/ettevottest\/privaatsus\/#breadcrumb"},"inLanguage":"et","potentialAction":[{"@type":"ReadAction","target":["https:\/\/sakumetall.ee\/uksetehas\/ettevottest\/privaatsus\/"]}]},{"@type":"BreadcrumbList","@id":"https:\/\/sakumetall.ee\/uksetehas\/ettevottest\/privaatsus\/#breadcrumb","itemListElement":[{"@type":"ListItem","position":1,"name":"Home","item":"https:\/\/sakumetall.ee\/uksetehas\/"},{"@type":"ListItem","position":2,"name":"Ettev\u00f5ttest","item":"https:\/\/sakumetall.ee\/uksetehas\/ettevottest\/"},{"@type":"ListItem","position":3,"name":"Privaatsus"}]},{"@type":"WebSite","@id":"https:\/\/sakumetall.ee\/uksetehas\/#website","url":"https:\/\/sakumetall.ee\/uksetehas\/","name":"Uksetehas","description":"Saku Metall AS tegeleb uksetootmise ja allhankega. Pakume tulet\u00f5kkeuksi, metalluksi, profiil- ja l\u00fckanduksi ning garaa\u017ei- ja t\u00f6\u00f6stuslikke t\u00f5stuksi ning lehtmetallist allhanket\u00f6id. V\u00f5ta \u00fchendust!","potentialAction":[{"@type":"SearchAction","target":{"@type":"EntryPoint","urlTemplate":"https:\/\/sakumetall.ee\/uksetehas\/?s={search_term_string}"},"query-input":{"@type":"PropertyValueSpecification","valueRequired":true,"valueName":"search_term_string"}}],"inLanguage":"et"}]}},"_links":{"self":[{"href":"https:\/\/sakumetall.ee\/uksetehas\/wp-json\/wp\/v2\/pages\/383","targetHints":{"allow":["GET"]}}],"collection":[{"href":"https:\/\/sakumetall.ee\/uksetehas\/wp-json\/wp\/v2\/pages"}],"about":[{"href":"https:\/\/sakumetall.ee\/uksetehas\/wp-json\/wp\/v2\/types\/page"}],"author":[{"embeddable":true,"href":"https:\/\/sakumetall.ee\/uksetehas\/wp-json\/wp\/v2\/users\/2"}],"replies":[{"embeddable":true,"href":"https:\/\/sakumetall.ee\/uksetehas\/wp-json\/wp\/v2\/comments?post=383"}],"version-history":[{"count":20,"href":"https:\/\/sakumetall.ee\/uksetehas\/wp-json\/wp\/v2\/pages\/383\/revisions"}],"predecessor-version":[{"id":23340,"href":"https:\/\/sakumetall.ee\/uksetehas\/wp-json\/wp\/v2\/pages\/383\/revisions\/23340"}],"up":[{"embeddable":true,"href":"https:\/\/sakumetall.ee\/uksetehas\/wp-json\/wp\/v2\/pages\/13"}],"wp:attachment":[{"href":"https:\/\/sakumetall.ee\/uksetehas\/wp-json\/wp\/v2\/media?parent=383"}],"curies":[{"name":"wp","href":"https:\/\/api.w.org\/{rel}","templated":true}]}}