{"id":3916,"date":"2016-02-15T17:34:52","date_gmt":"2016-02-15T15:34:52","guid":{"rendered":"https:\/\/sakumetall.ee\/uksetehas?page_id=3916"},"modified":"2025-07-02T15:53:55","modified_gmt":"2025-07-02T12:53:55","slug":"kvaliteedi-ja-keskkonnajuhtimine","status":"publish","type":"page","link":"https:\/\/sakumetall.ee\/uksetehas\/ettevottest\/kvaliteedi-ja-keskkonnajuhtimine\/","title":{"rendered":"Juhtp\u00f5him\u00f5tted"},"content":{"rendered":"<p>AS Saku Metall Uksetehase integreeritud juhtimiss\u00fcsteemi k\u00e4sitlusala on terasest, alumiiniumist ja muudest materjalidest tulet\u00f5kketoodete, metalluste, profiiltoodete, sektsioonuste kavandamine, tootmine, m\u00fc\u00fck, paigaldus ja m\u00fc\u00fcgij\u00e4rgne teenindus (hooldus-, garantii- ja remondit\u00f6\u00f6d). Lukus\u00fcsteemide ja automaatika m\u00fc\u00fck, paigaldus ja m\u00fc\u00fcgij\u00e4rgne teenindus (hooldus-, garantii- ja remondit\u00f6\u00f6d). Ehituslike avat\u00e4idete paigaldus.<\/p>\n<p>Juhtp\u00f5him\u00f5tete all m\u00f5istame \u00fcldisi arusaamu, mille oleme v\u00f5tnud endale kvaliteedi, keskkonnakaitse, t\u00f6\u00f6tervishoiu ja t\u00f6\u00f6ohutuse valdkonnas vastavalt standarditele ISO 9001, ISO 14001 ja ISO 45001 n\u00f5uetele.<\/p>\n<p><span style=\"vertical-align: inherit\"><span style=\"vertical-align: inherit\">Ava sertifikaadid siit:<\/span><\/span><\/p>\n<p><a href=\"https:\/\/sakumetall.ee\/wp-content\/uploads\/2025\/07\/9001-14001-45001-EST-2025.pdf\" class=\"button secondary\">ISO 9001; 14001; 45001 EST<\/a><\/p>\n<p><strong>AS Saku Metall Uksetehas kvaliteedi, keskkonna, t\u00f6\u00f6tervishoiu ja t\u00f6\u00f6ohutuse juhtp\u00f5him\u00f5tted<\/strong><\/p>\n<ul>\n<li>Pakume klientidele tooteid vastavuses seadusandluse, tootestandardite ning juhtimiss\u00fcsteemide n\u00f5uetega ning n\u00f5uame seda ka oma allt\u00f6\u00f6v\u00f5tjatelt.<\/li>\n<li>Tagame toodete n\u00f5uetele vastavuse t\u00f6\u00f6tajate arendamise, enesekontrolli ja motivatsiooni kaudu.<\/li>\n<li>Arendame t\u00f6\u00f6tajate keskkonnas\u00e4\u00e4stlikku suhtumist j\u00e4\u00e4tmete v\u00e4hendamise ja sorteerimise kaudu.<\/li>\n<li>V\u00e4ldime saastamist ning hoiame ja s\u00e4ilitame loodusressursse elektrienergia ja k\u00fctuse s\u00e4\u00e4stliku kasutamise kaudu.<\/li>\n<li>T\u00e4iustame j\u00e4tkuvalt oma kvaliteedi, keskkonna, t\u00f6\u00f6tervishoiu ja t\u00f6\u00f6ohutuse alast tegevust, juurutame vastavat juhtimiss\u00fcsteemi ja t\u00e4iustame seda pidevalt, parendamaks tulemuslikkust.<\/li>\n<li>Oleme teadlikud oma \u00e4ritegevusest tulenevatest tervise- ja keskkonnariskidest ning p\u00fc\u00fcame viia need miinimumini.<\/li>\n<li>Loome oma t\u00f6\u00f6tajatele ning t\u00f6\u00f6v\u00f5tjatele ohutu ja tervisliku t\u00f6\u00f6keskkonna ja kasutame selliseid t\u00f6\u00f6meetodeid, et t\u00f6\u00f6\u00f5nnetused oleksid v\u00e4lditud. Kaasame ohutu t\u00f6\u00f6keskkonna loomisesse ning hoidmisesse k\u00f5ik t\u00f6\u00f6tajad ning esitame t\u00f6\u00f6v\u00f5tjatele sama k\u00f5rged n\u00f5udmised ja tingimused nagu iseendale.<\/li>\n<li><span style=\"vertical-align: inherit\"><span style=\"vertical-align: inherit\">Suhtleme kvaliteedi, keskkonna, t\u00f6\u00f6tervishoiu ja t\u00f6\u00f6ohutuse teemadel avatult, ausalt ja selgelt oma t\u00f6\u00f6tajate, klientide, t\u00f6\u00f6v\u00f5tjate, valitsusasutuste, kohalike omavalitsuste, kogukondade ja koost\u00f6\u00f6partneritega<\/span><\/span><\/li>\n<li>Rakendame oma tegevuses uusi tehnoloogilisi lahendusi, materjale, toorainet, tootmisprotsesse ja t\u00f6\u00f6meetodeid, mis aitavad s\u00e4\u00e4sta loodusressursse ning v\u00f5imaldavad toota ja jaotada energiat efektiivselt kontserni strateegia ja visiooni elluviimiseks.<\/li>\n<\/ul>\n","protected":false},"excerpt":{"rendered":"<p>AS Saku Metall Uksetehase integreeritud juhtimiss\u00fcsteemi k\u00e4sitlusala on terasest, alumiiniumist ja muudest materjalidest tulet\u00f5kketoodete, metalluste, profiiltoodete, sektsioonuste kavandamine, tootmine, m\u00fc\u00fck, paigaldus ja m\u00fc\u00fcgij\u00e4rgne teenindus (hooldus-, garantii- ja remondit\u00f6\u00f6d). Lukus\u00fcsteemide ja automaatika m\u00fc\u00fck, paigaldus ja m\u00fc\u00fcgij\u00e4rgne teenindus (hooldus-, garantii- ja remondit\u00f6\u00f6d). Ehituslike avat\u00e4idete paigaldus. Juhtp\u00f5him\u00f5tete all m\u00f5istame \u00fcldisi arusaamu, mille oleme v\u00f5tnud endale kvaliteedi, keskkonnakaitse, t\u00f6\u00f6tervishoiu &#8230;<\/p>\n","protected":false},"author":2,"featured_media":0,"parent":13,"menu_order":1,"comment_status":"closed","ping_status":"closed","template":"","meta":{"footnotes":""},"class_list":["post-3916","page","type-page","status-publish","hentry"],"yoast_head":"<!-- This site is optimized with the Yoast SEO plugin v27.4 - https:\/\/yoast.com\/product\/yoast-seo-wordpress\/ -->\n<title>Juhtp\u00f5him\u00f5tted<\/title>\n<meta name=\"description\" content=\"Saku Metall AS tegeleb uksetootmise ja allhankega. Pakume tulet\u00f5kkeuksi, metalluksi, profiil- ja l\u00fckanduksi ning garaa\u017ei- ja t\u00f6\u00f6stuslikke t\u00f5stuksi ning lehtmetallist allhanket\u00f6id. V\u00f5ta \u00fchendust!\" \/>\n<meta name=\"robots\" content=\"index, follow, max-snippet:-1, max-image-preview:large, max-video-preview:-1\" \/>\n<link rel=\"canonical\" href=\"https:\/\/sakumetall.ee\/uksetehas\/ettevottest\/kvaliteedi-ja-keskkonnajuhtimine\/\" \/>\n<meta property=\"og:locale\" content=\"et_EE\" \/>\n<meta property=\"og:type\" content=\"article\" \/>\n<meta property=\"og:title\" content=\"Juhtp\u00f5him\u00f5tted\" \/>\n<meta property=\"og:description\" content=\"Saku Metall AS tegeleb uksetootmise ja allhankega. Pakume tulet\u00f5kkeuksi, metalluksi, profiil- ja l\u00fckanduksi ning garaa\u017ei- ja t\u00f6\u00f6stuslikke t\u00f5stuksi ning lehtmetallist allhanket\u00f6id. V\u00f5ta \u00fchendust!\" \/>\n<meta property=\"og:url\" content=\"https:\/\/sakumetall.ee\/uksetehas\/ettevottest\/kvaliteedi-ja-keskkonnajuhtimine\/\" \/>\n<meta property=\"og:site_name\" content=\"Uksetehas\" \/>\n<meta property=\"article:modified_time\" content=\"2025-07-02T12:53:55+00:00\" \/>\n<meta name=\"twitter:card\" content=\"summary_large_image\" \/>\n<meta name=\"twitter:label1\" content=\"Est. reading time\" \/>\n\t<meta name=\"twitter:data1\" content=\"2 minutit\" \/>\n<script type=\"application\/ld+json\" class=\"yoast-schema-graph\">{\"@context\":\"https:\\\/\\\/schema.org\",\"@graph\":[{\"@type\":\"WebPage\",\"@id\":\"https:\\\/\\\/sakumetall.ee\\\/uksetehas\\\/ettevottest\\\/kvaliteedi-ja-keskkonnajuhtimine\\\/\",\"url\":\"https:\\\/\\\/sakumetall.ee\\\/uksetehas\\\/ettevottest\\\/kvaliteedi-ja-keskkonnajuhtimine\\\/\",\"name\":\"Juhtp\u00f5him\u00f5tted\",\"isPartOf\":{\"@id\":\"https:\\\/\\\/sakumetall.ee\\\/uksetehas\\\/#website\"},\"datePublished\":\"2016-02-15T15:34:52+00:00\",\"dateModified\":\"2025-07-02T12:53:55+00:00\",\"description\":\"Saku Metall AS tegeleb uksetootmise ja allhankega. Pakume tulet\u00f5kkeuksi, metalluksi, profiil- ja l\u00fckanduksi ning garaa\u017ei- ja t\u00f6\u00f6stuslikke t\u00f5stuksi ning lehtmetallist allhanket\u00f6id. V\u00f5ta \u00fchendust!\",\"breadcrumb\":{\"@id\":\"https:\\\/\\\/sakumetall.ee\\\/uksetehas\\\/ettevottest\\\/kvaliteedi-ja-keskkonnajuhtimine\\\/#breadcrumb\"},\"inLanguage\":\"et\",\"potentialAction\":[{\"@type\":\"ReadAction\",\"target\":[\"https:\\\/\\\/sakumetall.ee\\\/uksetehas\\\/ettevottest\\\/kvaliteedi-ja-keskkonnajuhtimine\\\/\"]}]},{\"@type\":\"BreadcrumbList\",\"@id\":\"https:\\\/\\\/sakumetall.ee\\\/uksetehas\\\/ettevottest\\\/kvaliteedi-ja-keskkonnajuhtimine\\\/#breadcrumb\",\"itemListElement\":[{\"@type\":\"ListItem\",\"position\":1,\"name\":\"Home\",\"item\":\"https:\\\/\\\/sakumetall.ee\\\/uksetehas\\\/\"},{\"@type\":\"ListItem\",\"position\":2,\"name\":\"Ettev\u00f5ttest\",\"item\":\"https:\\\/\\\/sakumetall.ee\\\/uksetehas\\\/ettevottest\\\/\"},{\"@type\":\"ListItem\",\"position\":3,\"name\":\"Juhtp\u00f5him\u00f5tted\"}]},{\"@type\":\"WebSite\",\"@id\":\"https:\\\/\\\/sakumetall.ee\\\/uksetehas\\\/#website\",\"url\":\"https:\\\/\\\/sakumetall.ee\\\/uksetehas\\\/\",\"name\":\"Uksetehas\",\"description\":\"Saku Metall AS tegeleb uksetootmise ja allhankega. Pakume tulet\u00f5kkeuksi, metalluksi, profiil- ja l\u00fckanduksi ning garaa\u017ei- ja t\u00f6\u00f6stuslikke t\u00f5stuksi ning lehtmetallist allhanket\u00f6id. V\u00f5ta \u00fchendust!\",\"potentialAction\":[{\"@type\":\"SearchAction\",\"target\":{\"@type\":\"EntryPoint\",\"urlTemplate\":\"https:\\\/\\\/sakumetall.ee\\\/uksetehas\\\/?s={search_term_string}\"},\"query-input\":{\"@type\":\"PropertyValueSpecification\",\"valueRequired\":true,\"valueName\":\"search_term_string\"}}],\"inLanguage\":\"et\"}]}<\/script>\n<!-- \/ Yoast SEO plugin. -->","yoast_head_json":{"title":"Juhtp\u00f5him\u00f5tted","description":"Saku Metall AS tegeleb uksetootmise ja allhankega. Pakume tulet\u00f5kkeuksi, metalluksi, profiil- ja l\u00fckanduksi ning garaa\u017ei- ja t\u00f6\u00f6stuslikke t\u00f5stuksi ning lehtmetallist allhanket\u00f6id. V\u00f5ta \u00fchendust!","robots":{"index":"index","follow":"follow","max-snippet":"max-snippet:-1","max-image-preview":"max-image-preview:large","max-video-preview":"max-video-preview:-1"},"canonical":"https:\/\/sakumetall.ee\/uksetehas\/ettevottest\/kvaliteedi-ja-keskkonnajuhtimine\/","og_locale":"et_EE","og_type":"article","og_title":"Juhtp\u00f5him\u00f5tted","og_description":"Saku Metall AS tegeleb uksetootmise ja allhankega. Pakume tulet\u00f5kkeuksi, metalluksi, profiil- ja l\u00fckanduksi ning garaa\u017ei- ja t\u00f6\u00f6stuslikke t\u00f5stuksi ning lehtmetallist allhanket\u00f6id. V\u00f5ta \u00fchendust!","og_url":"https:\/\/sakumetall.ee\/uksetehas\/ettevottest\/kvaliteedi-ja-keskkonnajuhtimine\/","og_site_name":"Uksetehas","article_modified_time":"2025-07-02T12:53:55+00:00","twitter_card":"summary_large_image","twitter_misc":{"Est. reading time":"2 minutit"},"schema":{"@context":"https:\/\/schema.org","@graph":[{"@type":"WebPage","@id":"https:\/\/sakumetall.ee\/uksetehas\/ettevottest\/kvaliteedi-ja-keskkonnajuhtimine\/","url":"https:\/\/sakumetall.ee\/uksetehas\/ettevottest\/kvaliteedi-ja-keskkonnajuhtimine\/","name":"Juhtp\u00f5him\u00f5tted","isPartOf":{"@id":"https:\/\/sakumetall.ee\/uksetehas\/#website"},"datePublished":"2016-02-15T15:34:52+00:00","dateModified":"2025-07-02T12:53:55+00:00","description":"Saku Metall AS tegeleb uksetootmise ja allhankega. Pakume tulet\u00f5kkeuksi, metalluksi, profiil- ja l\u00fckanduksi ning garaa\u017ei- ja t\u00f6\u00f6stuslikke t\u00f5stuksi ning lehtmetallist allhanket\u00f6id. V\u00f5ta \u00fchendust!","breadcrumb":{"@id":"https:\/\/sakumetall.ee\/uksetehas\/ettevottest\/kvaliteedi-ja-keskkonnajuhtimine\/#breadcrumb"},"inLanguage":"et","potentialAction":[{"@type":"ReadAction","target":["https:\/\/sakumetall.ee\/uksetehas\/ettevottest\/kvaliteedi-ja-keskkonnajuhtimine\/"]}]},{"@type":"BreadcrumbList","@id":"https:\/\/sakumetall.ee\/uksetehas\/ettevottest\/kvaliteedi-ja-keskkonnajuhtimine\/#breadcrumb","itemListElement":[{"@type":"ListItem","position":1,"name":"Home","item":"https:\/\/sakumetall.ee\/uksetehas\/"},{"@type":"ListItem","position":2,"name":"Ettev\u00f5ttest","item":"https:\/\/sakumetall.ee\/uksetehas\/ettevottest\/"},{"@type":"ListItem","position":3,"name":"Juhtp\u00f5him\u00f5tted"}]},{"@type":"WebSite","@id":"https:\/\/sakumetall.ee\/uksetehas\/#website","url":"https:\/\/sakumetall.ee\/uksetehas\/","name":"Uksetehas","description":"Saku Metall AS tegeleb uksetootmise ja allhankega. Pakume tulet\u00f5kkeuksi, metalluksi, profiil- ja l\u00fckanduksi ning garaa\u017ei- ja t\u00f6\u00f6stuslikke t\u00f5stuksi ning lehtmetallist allhanket\u00f6id. V\u00f5ta \u00fchendust!","potentialAction":[{"@type":"SearchAction","target":{"@type":"EntryPoint","urlTemplate":"https:\/\/sakumetall.ee\/uksetehas\/?s={search_term_string}"},"query-input":{"@type":"PropertyValueSpecification","valueRequired":true,"valueName":"search_term_string"}}],"inLanguage":"et"}]}},"_links":{"self":[{"href":"https:\/\/sakumetall.ee\/uksetehas\/wp-json\/wp\/v2\/pages\/3916","targetHints":{"allow":["GET"]}}],"collection":[{"href":"https:\/\/sakumetall.ee\/uksetehas\/wp-json\/wp\/v2\/pages"}],"about":[{"href":"https:\/\/sakumetall.ee\/uksetehas\/wp-json\/wp\/v2\/types\/page"}],"author":[{"embeddable":true,"href":"https:\/\/sakumetall.ee\/uksetehas\/wp-json\/wp\/v2\/users\/2"}],"replies":[{"embeddable":true,"href":"https:\/\/sakumetall.ee\/uksetehas\/wp-json\/wp\/v2\/comments?post=3916"}],"version-history":[{"count":27,"href":"https:\/\/sakumetall.ee\/uksetehas\/wp-json\/wp\/v2\/pages\/3916\/revisions"}],"predecessor-version":[{"id":34523,"href":"https:\/\/sakumetall.ee\/uksetehas\/wp-json\/wp\/v2\/pages\/3916\/revisions\/34523"}],"up":[{"embeddable":true,"href":"https:\/\/sakumetall.ee\/uksetehas\/wp-json\/wp\/v2\/pages\/13"}],"wp:attachment":[{"href":"https:\/\/sakumetall.ee\/uksetehas\/wp-json\/wp\/v2\/media?parent=3916"}],"curies":[{"name":"wp","href":"https:\/\/api.w.org\/{rel}","templated":true}]}}