{"id":5291,"date":"2017-07-19T10:47:05","date_gmt":"2017-07-19T07:47:05","guid":{"rendered":"https:\/\/sakumetall.ee\/uksetehas\/?page_id=5291"},"modified":"2020-08-18T13:02:54","modified_gmt":"2020-08-18T10:02:54","slug":"kkk","status":"publish","type":"page","link":"https:\/\/sakumetall.ee\/uksetehas\/kkk\/","title":{"rendered":"KKK"},"content":{"rendered":"<h1>Korduma kippuvad k\u00fcsimused<\/h1>\n<p><strong>Milline uks sobib korteriukseks?<\/strong><br \/>\nKorteriukseks sobib <a target=\"_blank\" href=\"https:\/\/sakumetall.ee\/uksetehas\/tooted\/metall-tuletokke-siseuks-fq-ei30\/\" rel=\"noopener noreferrer\">EI30 tulet\u00f5kke siseuks<\/a>.<\/p>\n<p><strong>Milliseid uksi on v\u00f5imalik osta?<\/strong><br \/>\nPakume koos paigaldusega sise-, v\u00e4lis- ja tulet\u00f5kkeuksi. Tootevalikus on metalluksed, suure klaaspinnaga Forster profiil- ja l\u00fckanduksed, mitteavatavad aknad ja seinad ning garaa\u017ei- ja t\u00f6\u00f6stuslikud t\u00f5stuksed. K\u00f5ik tooted on v\u00e4ljas ka meie tootevalikus antud veebilehel. Lisaks eritellimustele saab meilt standardseid kohe olemas uksi. Lisaks soovitame k\u00fclastada ka leiunurka, kust v\u00f5ib leida v\u00e4ga hea hinnaga valmis tooteid.<\/p>\n<p><strong>Milliseid m\u00f5\u00f5te on ukse tellimiseks vaja?<\/strong><br \/>\nMetallukse valmistamiseks vajaminevad ava m\u00f5\u00f5dud on koos seletustega n\u00e4htavad <a target=\"_blank\" href=\"https:\/\/sakumetall.ee\/uksetehas\/wp-content\/uploads\/sites\/2\/2017\/07\/Metallukse_ava_moodistamise_vorm_EST.pdf\" rel=\"noopener noreferrer\">siit &gt;<\/a><br \/>\nLisaks on\u00a0vaja infot <a target=\"_blank\" href=\"https:\/\/sakumetall.ee\/uksetehas\/wp-content\/uploads\/sites\/2\/2017\/07\/L\u00e4vepakud-metall-tulet\u00f5kke-uksele-FQ-ver02-150108.pdf\" rel=\"noopener noreferrer\">l\u00e4vepaku <\/a>\u00a0ja lengit\u00fc\u00fcbi kohta ning kas tegu on v\u00e4lisukse v\u00f5i siseuksega ja kas soovitakse tulet\u00f5kkeust.<\/p>\n<p><strong>Kuna ja kuidas te teavitate mind uste v\u00f5i muude tellitud toodete valmimisest?<\/strong><br \/>\nAnname kliendile toodete valimisest teada telefoni v\u00f5i e-kirja teel. Teatamise mooduse saab eelnevalt kokku leppida.<\/p>\n<p><strong>Kas ustele on v\u00f5imalik tellida ka paigaldus ja kui palju see maksab?<\/strong><br \/>\nPakume paigaldust k\u00f5ikidele oma toodetele. Paigaldust teostavad professionaalsed uksepaigaldajad ning selle hinnad s\u00f5ltuvad paigaldatava toote erip\u00e4rast.<\/p>\n<p><strong>Kas pakute ustele ja toodetele ka garantiid?<\/strong><br \/>\nAS Saku Metall Uksetehas annab enda toodetud toodetele kahe aasta pikkuse garantii v\u00f5imalike konstruktsiooni-, tootmis-, ja materjalivigade ilmnemise vastu ning tootmise k\u00e4igus komplekteeritavatele toodetele nende tootja tehase poolse garantii. Garantiiperiood algab toote ostjale \u00fcleandmisest. Vaata t\u00e4psemalt <a target=\"_blank\" href=\"https:\/\/sakumetall.ee\/uksetehas\/wp-content\/uploads\/sites\/2\/2017\/09\/01.19-Saku-Metall-Uksetehase-garantiitingimused-ver20-170801.pdf\" rel=\"noopener noreferrer\">siit &gt;<\/a><a target=\"_blank\" href=\"https:\/\/sakumetall.ee\/uksetehas\/hooldus\/garantiitingimused\/01-19-saku-metall-uksetehase-garantiitingimused-ver20-170801-3\/\" rel=\"noopener noreferrer\"><\/a><\/p>\n<p><strong>Mis on ukse k\u00e4elisus?<\/strong><br \/>\nUkse k\u00e4elisus t\u00e4hendab seda, millises suunas uks avaneb. K\u00e4elisust vaadatakse alati ukse avanemise poolelt &#8211; ukse hinged j\u00e4\u00e4vad Sinu poole ning avad ukse t\u00f5mmates seda enda suunas. Lihtne viis ukse k\u00e4elisuse m\u00e4\u00e4ramiseks: vaata ust hingede poolt. Vasakuk\u00e4eline uks &#8211; hinged on vasakul, paremak\u00e4eline uks &#8211; hinged on paremal.<\/p>\n<p><strong>Kuidas m\u00f5\u00f5distada t\u00f5stust?<\/strong><br \/>\nT\u00f5stukse ava m\u00f5\u00f5distamise kohta vaata <a target=\"_blank\" href=\"https:\/\/sakumetall.ee\/uksetehas\/wp-content\/uploads\/sites\/2\/2017\/07\/17.00.96-T\u00f5stukse-ava-m\u00f5\u00f5distamise-vorm-EST-ver03-171204.pdf\" rel=\"noopener noreferrer\">siit &gt;<\/a><br \/>\nT\u00f5stukse puhul peab koosk\u00f5lastama ka\u00a0akende ja ventilatsioonirestide asukoha.<\/p>\n<p><strong>Garaa\u017eiukse puhul mis see silluse ruum on?<\/strong><br \/>\nL\u00fchidalt \u00f6eldes on sillus ukseava kohal oleva vaba ruum. \u00a0M\u00f5\u00f5t ukseava kohalt nt laeni v\u00f5i esimese takistuseni (torud, kaablirennid jne). h &#8211; sillus.<\/p>\n<p><a href=\"https:\/\/sakumetall.ee\/uksetehas\/wp-content\/uploads\/sites\/2\/2017\/07\/silluse_pilt.jpg\"><img loading=\"lazy\" decoding=\"async\" width=\"300\" height=\"241\" class=\"alignnone size-medium wp-image-5949\" src=\"https:\/\/sakumetall.ee\/uksetehas\/wp-content\/uploads\/sites\/2\/2017\/07\/silluse_pilt-300x241.jpg\" alt=\"silluse_pilt\" srcset=\"https:\/\/sakumetall.ee\/uksetehas\/wp-content\/uploads\/sites\/2\/2017\/07\/silluse_pilt-300x241.jpg 300w, https:\/\/sakumetall.ee\/uksetehas\/wp-content\/uploads\/sites\/2\/2017\/07\/silluse_pilt-180x144.jpg 180w, https:\/\/sakumetall.ee\/uksetehas\/wp-content\/uploads\/sites\/2\/2017\/07\/silluse_pilt.jpg 535w\" sizes=\"auto, (max-width: 300px) 100vw, 300px\" \/><\/a><\/p>\n<p><strong>Kuidas tulla teie juurde (P\u00f5rguv\u00e4lja teel 25, Rae vald, Harjumaa) \u00fchistranspordiga?<\/strong><br \/>\nSaku Metalli l\u00e4hedale j\u00e4\u00e4b Sinikivi peatus, kus peatuvad bussid 120, 125, 131, 144 ning marsruuttaksod 214, 214A, 244, 244A. Vaata Sinikivi peatust l\u00e4bivaid bussiliine ja kellaaegu <a target=\"_blank\" href=\"https:\/\/transport.tallinn.ee\/#harju\/regionalbus\" rel=\"noopener noreferrer\">siit<\/a>.<\/p>\n","protected":false},"excerpt":{"rendered":"<p>Korduma kippuvad k\u00fcsimused Milline uks sobib korteriukseks? Korteriukseks sobib EI30 tulet\u00f5kke siseuks. Milliseid uksi on v\u00f5imalik osta? Pakume koos paigaldusega sise-, v\u00e4lis- ja tulet\u00f5kkeuksi. Tootevalikus on metalluksed, suure klaaspinnaga Forster profiil- ja l\u00fckanduksed, mitteavatavad aknad ja seinad ning garaa\u017ei- ja t\u00f6\u00f6stuslikud t\u00f5stuksed. K\u00f5ik tooted on v\u00e4ljas ka meie tootevalikus antud veebilehel. Lisaks eritellimustele saab meilt &#8230;<\/p>\n","protected":false},"author":16,"featured_media":0,"parent":0,"menu_order":7,"comment_status":"closed","ping_status":"closed","template":"faq-template.php","meta":{"footnotes":""},"class_list":["post-5291","page","type-page","status-publish","hentry"],"yoast_head":"<!-- This site is optimized with the Yoast SEO plugin v27.4 - https:\/\/yoast.com\/product\/yoast-seo-wordpress\/ -->\n<title>KKK<\/title>\n<meta name=\"description\" content=\"Saku Metall AS tegeleb uksetootmise ja allhankega. Pakume tulet\u00f5kkeuksi, metalluksi, profiil- ja l\u00fckanduksi ning garaa\u017ei- ja t\u00f6\u00f6stuslikke t\u00f5stuksi ning lehtmetallist allhanket\u00f6id. V\u00f5ta \u00fchendust!\" \/>\n<meta name=\"robots\" content=\"index, follow, max-snippet:-1, max-image-preview:large, max-video-preview:-1\" \/>\n<link rel=\"canonical\" href=\"https:\/\/sakumetall.ee\/uksetehas\/kkk\/\" \/>\n<meta property=\"og:locale\" content=\"et_EE\" \/>\n<meta property=\"og:type\" content=\"article\" \/>\n<meta property=\"og:title\" content=\"KKK\" \/>\n<meta property=\"og:description\" content=\"Saku Metall AS tegeleb uksetootmise ja allhankega. Pakume tulet\u00f5kkeuksi, metalluksi, profiil- ja l\u00fckanduksi ning garaa\u017ei- ja t\u00f6\u00f6stuslikke t\u00f5stuksi ning lehtmetallist allhanket\u00f6id. V\u00f5ta \u00fchendust!\" \/>\n<meta property=\"og:url\" content=\"https:\/\/sakumetall.ee\/uksetehas\/kkk\/\" \/>\n<meta property=\"og:site_name\" content=\"Uksetehas\" \/>\n<meta property=\"article:modified_time\" content=\"2020-08-18T10:02:54+00:00\" \/>\n<meta property=\"og:image\" content=\"https:\/\/sakumetall.ee\/uksetehas\/wp-content\/uploads\/sites\/2\/2017\/07\/silluse_pilt-300x241.jpg\" \/>\n<meta name=\"twitter:card\" content=\"summary_large_image\" \/>\n<meta name=\"twitter:label1\" content=\"Est. reading time\" \/>\n\t<meta name=\"twitter:data1\" content=\"2 minutit\" \/>\n<script type=\"application\/ld+json\" class=\"yoast-schema-graph\">{\"@context\":\"https:\\\/\\\/schema.org\",\"@graph\":[{\"@type\":\"WebPage\",\"@id\":\"https:\\\/\\\/sakumetall.ee\\\/uksetehas\\\/kkk\\\/\",\"url\":\"https:\\\/\\\/sakumetall.ee\\\/uksetehas\\\/kkk\\\/\",\"name\":\"KKK\",\"isPartOf\":{\"@id\":\"https:\\\/\\\/sakumetall.ee\\\/uksetehas\\\/#website\"},\"primaryImageOfPage\":{\"@id\":\"https:\\\/\\\/sakumetall.ee\\\/uksetehas\\\/kkk\\\/#primaryimage\"},\"image\":{\"@id\":\"https:\\\/\\\/sakumetall.ee\\\/uksetehas\\\/kkk\\\/#primaryimage\"},\"thumbnailUrl\":\"https:\\\/\\\/sakumetall.ee\\\/uksetehas\\\/wp-content\\\/uploads\\\/sites\\\/2\\\/2017\\\/07\\\/silluse_pilt-300x241.jpg\",\"datePublished\":\"2017-07-19T07:47:05+00:00\",\"dateModified\":\"2020-08-18T10:02:54+00:00\",\"description\":\"Saku Metall AS tegeleb uksetootmise ja allhankega. Pakume tulet\u00f5kkeuksi, metalluksi, profiil- ja l\u00fckanduksi ning garaa\u017ei- ja t\u00f6\u00f6stuslikke t\u00f5stuksi ning lehtmetallist allhanket\u00f6id. V\u00f5ta \u00fchendust!\",\"breadcrumb\":{\"@id\":\"https:\\\/\\\/sakumetall.ee\\\/uksetehas\\\/kkk\\\/#breadcrumb\"},\"inLanguage\":\"et\",\"potentialAction\":[{\"@type\":\"ReadAction\",\"target\":[\"https:\\\/\\\/sakumetall.ee\\\/uksetehas\\\/kkk\\\/\"]}]},{\"@type\":\"ImageObject\",\"inLanguage\":\"et\",\"@id\":\"https:\\\/\\\/sakumetall.ee\\\/uksetehas\\\/kkk\\\/#primaryimage\",\"url\":\"https:\\\/\\\/sakumetall.ee\\\/uksetehas\\\/wp-content\\\/uploads\\\/sites\\\/2\\\/2017\\\/07\\\/silluse_pilt.jpg\",\"contentUrl\":\"https:\\\/\\\/sakumetall.ee\\\/uksetehas\\\/wp-content\\\/uploads\\\/sites\\\/2\\\/2017\\\/07\\\/silluse_pilt.jpg\",\"width\":535,\"height\":429,\"caption\":\"silluse_pilt\"},{\"@type\":\"BreadcrumbList\",\"@id\":\"https:\\\/\\\/sakumetall.ee\\\/uksetehas\\\/kkk\\\/#breadcrumb\",\"itemListElement\":[{\"@type\":\"ListItem\",\"position\":1,\"name\":\"Home\",\"item\":\"https:\\\/\\\/sakumetall.ee\\\/uksetehas\\\/\"},{\"@type\":\"ListItem\",\"position\":2,\"name\":\"KKK\"}]},{\"@type\":\"WebSite\",\"@id\":\"https:\\\/\\\/sakumetall.ee\\\/uksetehas\\\/#website\",\"url\":\"https:\\\/\\\/sakumetall.ee\\\/uksetehas\\\/\",\"name\":\"Uksetehas\",\"description\":\"Saku Metall AS tegeleb uksetootmise ja allhankega. Pakume tulet\u00f5kkeuksi, metalluksi, profiil- ja l\u00fckanduksi ning garaa\u017ei- ja t\u00f6\u00f6stuslikke t\u00f5stuksi ning lehtmetallist allhanket\u00f6id. V\u00f5ta \u00fchendust!\",\"potentialAction\":[{\"@type\":\"SearchAction\",\"target\":{\"@type\":\"EntryPoint\",\"urlTemplate\":\"https:\\\/\\\/sakumetall.ee\\\/uksetehas\\\/?s={search_term_string}\"},\"query-input\":{\"@type\":\"PropertyValueSpecification\",\"valueRequired\":true,\"valueName\":\"search_term_string\"}}],\"inLanguage\":\"et\"}]}<\/script>\n<!-- \/ Yoast SEO plugin. -->","yoast_head_json":{"title":"KKK","description":"Saku Metall AS tegeleb uksetootmise ja allhankega. Pakume tulet\u00f5kkeuksi, metalluksi, profiil- ja l\u00fckanduksi ning garaa\u017ei- ja t\u00f6\u00f6stuslikke t\u00f5stuksi ning lehtmetallist allhanket\u00f6id. V\u00f5ta \u00fchendust!","robots":{"index":"index","follow":"follow","max-snippet":"max-snippet:-1","max-image-preview":"max-image-preview:large","max-video-preview":"max-video-preview:-1"},"canonical":"https:\/\/sakumetall.ee\/uksetehas\/kkk\/","og_locale":"et_EE","og_type":"article","og_title":"KKK","og_description":"Saku Metall AS tegeleb uksetootmise ja allhankega. Pakume tulet\u00f5kkeuksi, metalluksi, profiil- ja l\u00fckanduksi ning garaa\u017ei- ja t\u00f6\u00f6stuslikke t\u00f5stuksi ning lehtmetallist allhanket\u00f6id. V\u00f5ta \u00fchendust!","og_url":"https:\/\/sakumetall.ee\/uksetehas\/kkk\/","og_site_name":"Uksetehas","article_modified_time":"2020-08-18T10:02:54+00:00","og_image":[{"url":"https:\/\/sakumetall.ee\/uksetehas\/wp-content\/uploads\/sites\/2\/2017\/07\/silluse_pilt-300x241.jpg","type":"","width":"","height":""}],"twitter_card":"summary_large_image","twitter_misc":{"Est. reading time":"2 minutit"},"schema":{"@context":"https:\/\/schema.org","@graph":[{"@type":"WebPage","@id":"https:\/\/sakumetall.ee\/uksetehas\/kkk\/","url":"https:\/\/sakumetall.ee\/uksetehas\/kkk\/","name":"KKK","isPartOf":{"@id":"https:\/\/sakumetall.ee\/uksetehas\/#website"},"primaryImageOfPage":{"@id":"https:\/\/sakumetall.ee\/uksetehas\/kkk\/#primaryimage"},"image":{"@id":"https:\/\/sakumetall.ee\/uksetehas\/kkk\/#primaryimage"},"thumbnailUrl":"https:\/\/sakumetall.ee\/uksetehas\/wp-content\/uploads\/sites\/2\/2017\/07\/silluse_pilt-300x241.jpg","datePublished":"2017-07-19T07:47:05+00:00","dateModified":"2020-08-18T10:02:54+00:00","description":"Saku Metall AS tegeleb uksetootmise ja allhankega. Pakume tulet\u00f5kkeuksi, metalluksi, profiil- ja l\u00fckanduksi ning garaa\u017ei- ja t\u00f6\u00f6stuslikke t\u00f5stuksi ning lehtmetallist allhanket\u00f6id. V\u00f5ta \u00fchendust!","breadcrumb":{"@id":"https:\/\/sakumetall.ee\/uksetehas\/kkk\/#breadcrumb"},"inLanguage":"et","potentialAction":[{"@type":"ReadAction","target":["https:\/\/sakumetall.ee\/uksetehas\/kkk\/"]}]},{"@type":"ImageObject","inLanguage":"et","@id":"https:\/\/sakumetall.ee\/uksetehas\/kkk\/#primaryimage","url":"https:\/\/sakumetall.ee\/uksetehas\/wp-content\/uploads\/sites\/2\/2017\/07\/silluse_pilt.jpg","contentUrl":"https:\/\/sakumetall.ee\/uksetehas\/wp-content\/uploads\/sites\/2\/2017\/07\/silluse_pilt.jpg","width":535,"height":429,"caption":"silluse_pilt"},{"@type":"BreadcrumbList","@id":"https:\/\/sakumetall.ee\/uksetehas\/kkk\/#breadcrumb","itemListElement":[{"@type":"ListItem","position":1,"name":"Home","item":"https:\/\/sakumetall.ee\/uksetehas\/"},{"@type":"ListItem","position":2,"name":"KKK"}]},{"@type":"WebSite","@id":"https:\/\/sakumetall.ee\/uksetehas\/#website","url":"https:\/\/sakumetall.ee\/uksetehas\/","name":"Uksetehas","description":"Saku Metall AS tegeleb uksetootmise ja allhankega. Pakume tulet\u00f5kkeuksi, metalluksi, profiil- ja l\u00fckanduksi ning garaa\u017ei- ja t\u00f6\u00f6stuslikke t\u00f5stuksi ning lehtmetallist allhanket\u00f6id. V\u00f5ta \u00fchendust!","potentialAction":[{"@type":"SearchAction","target":{"@type":"EntryPoint","urlTemplate":"https:\/\/sakumetall.ee\/uksetehas\/?s={search_term_string}"},"query-input":{"@type":"PropertyValueSpecification","valueRequired":true,"valueName":"search_term_string"}}],"inLanguage":"et"}]}},"_links":{"self":[{"href":"https:\/\/sakumetall.ee\/uksetehas\/wp-json\/wp\/v2\/pages\/5291","targetHints":{"allow":["GET"]}}],"collection":[{"href":"https:\/\/sakumetall.ee\/uksetehas\/wp-json\/wp\/v2\/pages"}],"about":[{"href":"https:\/\/sakumetall.ee\/uksetehas\/wp-json\/wp\/v2\/types\/page"}],"author":[{"embeddable":true,"href":"https:\/\/sakumetall.ee\/uksetehas\/wp-json\/wp\/v2\/users\/16"}],"replies":[{"embeddable":true,"href":"https:\/\/sakumetall.ee\/uksetehas\/wp-json\/wp\/v2\/comments?post=5291"}],"version-history":[{"count":24,"href":"https:\/\/sakumetall.ee\/uksetehas\/wp-json\/wp\/v2\/pages\/5291\/revisions"}],"predecessor-version":[{"id":21189,"href":"https:\/\/sakumetall.ee\/uksetehas\/wp-json\/wp\/v2\/pages\/5291\/revisions\/21189"}],"wp:attachment":[{"href":"https:\/\/sakumetall.ee\/uksetehas\/wp-json\/wp\/v2\/media?parent=5291"}],"curies":[{"name":"wp","href":"https:\/\/api.w.org\/{rel}","templated":true}]}}