{"id":664,"date":"2015-07-06T14:36:28","date_gmt":"2015-07-06T11:36:28","guid":{"rendered":"https:\/\/sakumetall.ee\/uksetehas?page_id=664"},"modified":"2017-07-24T15:53:22","modified_gmt":"2017-07-24T12:53:22","slug":"pirita-tee-26-korterelamu","status":"publish","type":"page","link":"https:\/\/sakumetall.ee\/uksetehas\/tehtud-tood\/pirita-tee-26-korterelamu\/","title":{"rendered":"Pirita tee 26 korterelamu"},"content":{"rendered":"<p><a href=\"https:\/\/sakumetall.ee\/uksetehas\/wp-content\/uploads\/sites\/2\/2015\/07\/71.jpg\"><img loading=\"lazy\" decoding=\"async\" width=\"1125\" height=\"515\" class=\"alignnone size-full wp-image-632\" src=\"https:\/\/sakumetall.ee\/uksetehas\/wp-content\/uploads\/sites\/2\/2015\/07\/71.jpg\" alt=\"\" srcset=\"https:\/\/sakumetall.ee\/uksetehas\/wp-content\/uploads\/sites\/2\/2015\/07\/71.jpg 1125w, https:\/\/sakumetall.ee\/uksetehas\/wp-content\/uploads\/sites\/2\/2015\/07\/71-300x137.jpg 300w, https:\/\/sakumetall.ee\/uksetehas\/wp-content\/uploads\/sites\/2\/2015\/07\/71-1024x469.jpg 1024w, https:\/\/sakumetall.ee\/uksetehas\/wp-content\/uploads\/sites\/2\/2015\/07\/71-180x82.jpg 180w\" sizes=\"auto, (max-width: 1125px) 100vw, 1125px\" \/><\/a><\/p>\n<p><a href=\"https:\/\/sakumetall.ee\/uksetehas\/wp-content\/uploads\/sites\/2\/2015\/07\/61.jpg\"><img loading=\"lazy\" decoding=\"async\" width=\"998\" height=\"676\" class=\"alignnone size-full wp-image-631\" src=\"https:\/\/sakumetall.ee\/uksetehas\/wp-content\/uploads\/sites\/2\/2015\/07\/61.jpg\" alt=\"\" srcset=\"https:\/\/sakumetall.ee\/uksetehas\/wp-content\/uploads\/sites\/2\/2015\/07\/61.jpg 998w, https:\/\/sakumetall.ee\/uksetehas\/wp-content\/uploads\/sites\/2\/2015\/07\/61-300x203.jpg 300w, https:\/\/sakumetall.ee\/uksetehas\/wp-content\/uploads\/sites\/2\/2015\/07\/61-210x143.jpg 210w, https:\/\/sakumetall.ee\/uksetehas\/wp-content\/uploads\/sites\/2\/2015\/07\/61-180x122.jpg 180w\" sizes=\"auto, (max-width: 998px) 100vw, 998px\" \/><\/a><\/p>\n","protected":false},"excerpt":{"rendered":"","protected":false},"author":2,"featured_media":667,"parent":11,"menu_order":37,"comment_status":"closed","ping_status":"closed","template":"project-template.php","meta":{"footnotes":""},"class_list":["post-664","page","type-page","status-publish","has-post-thumbnail","hentry"],"yoast_head":"<!-- This site is optimized with the Yoast SEO plugin v27.3 - https:\/\/yoast.com\/product\/yoast-seo-wordpress\/ -->\n<title>Pirita tee 26 korterelamu<\/title>\n<meta name=\"description\" content=\"Saku Metall AS tegeleb uksetootmise ja allhankega. Pakume tulet\u00f5kkeuksi, metalluksi, profiil- ja l\u00fckanduksi ning garaa\u017ei- ja t\u00f6\u00f6stuslikke t\u00f5stuksi ning lehtmetallist allhanket\u00f6id. V\u00f5ta \u00fchendust!\" \/>\n<meta name=\"robots\" content=\"index, follow, max-snippet:-1, max-image-preview:large, max-video-preview:-1\" \/>\n<link rel=\"canonical\" href=\"https:\/\/sakumetall.ee\/uksetehas\/tehtud-tood\/pirita-tee-26-korterelamu\/\" \/>\n<meta property=\"og:locale\" content=\"et_EE\" \/>\n<meta property=\"og:type\" content=\"article\" \/>\n<meta property=\"og:title\" content=\"Pirita tee 26 korterelamu\" \/>\n<meta property=\"og:description\" content=\"Saku Metall AS tegeleb uksetootmise ja allhankega. Pakume tulet\u00f5kkeuksi, metalluksi, profiil- ja l\u00fckanduksi ning garaa\u017ei- ja t\u00f6\u00f6stuslikke t\u00f5stuksi ning lehtmetallist allhanket\u00f6id. V\u00f5ta \u00fchendust!\" \/>\n<meta property=\"og:url\" content=\"https:\/\/sakumetall.ee\/uksetehas\/tehtud-tood\/pirita-tee-26-korterelamu\/\" \/>\n<meta property=\"og:site_name\" content=\"Uksetehas\" \/>\n<meta property=\"article:modified_time\" content=\"2017-07-24T12:53:22+00:00\" \/>\n<meta property=\"og:image\" content=\"https:\/\/sakumetall.ee\/uksetehas\/wp-content\/uploads\/sites\/2\/2015\/05\/14.jpg\" \/>\n\t<meta property=\"og:image:width\" content=\"900\" \/>\n\t<meta property=\"og:image:height\" content=\"604\" \/>\n\t<meta property=\"og:image:type\" content=\"image\/jpeg\" \/>\n<meta name=\"twitter:card\" content=\"summary_large_image\" \/>\n<script type=\"application\/ld+json\" class=\"yoast-schema-graph\">{\"@context\":\"https:\\\/\\\/schema.org\",\"@graph\":[{\"@type\":\"WebPage\",\"@id\":\"https:\\\/\\\/sakumetall.ee\\\/uksetehas\\\/tehtud-tood\\\/pirita-tee-26-korterelamu\\\/\",\"url\":\"https:\\\/\\\/sakumetall.ee\\\/uksetehas\\\/tehtud-tood\\\/pirita-tee-26-korterelamu\\\/\",\"name\":\"Pirita tee 26 korterelamu\",\"isPartOf\":{\"@id\":\"https:\\\/\\\/sakumetall.ee\\\/uksetehas\\\/#website\"},\"primaryImageOfPage\":{\"@id\":\"https:\\\/\\\/sakumetall.ee\\\/uksetehas\\\/tehtud-tood\\\/pirita-tee-26-korterelamu\\\/#primaryimage\"},\"image\":{\"@id\":\"https:\\\/\\\/sakumetall.ee\\\/uksetehas\\\/tehtud-tood\\\/pirita-tee-26-korterelamu\\\/#primaryimage\"},\"thumbnailUrl\":\"https:\\\/\\\/sakumetall.ee\\\/uksetehas\\\/wp-content\\\/uploads\\\/sites\\\/2\\\/2015\\\/05\\\/14.jpg\",\"datePublished\":\"2015-07-06T11:36:28+00:00\",\"dateModified\":\"2017-07-24T12:53:22+00:00\",\"description\":\"Saku Metall AS tegeleb uksetootmise ja allhankega. Pakume tulet\u00f5kkeuksi, metalluksi, profiil- ja l\u00fckanduksi ning garaa\u017ei- ja t\u00f6\u00f6stuslikke t\u00f5stuksi ning lehtmetallist allhanket\u00f6id. V\u00f5ta \u00fchendust!\",\"breadcrumb\":{\"@id\":\"https:\\\/\\\/sakumetall.ee\\\/uksetehas\\\/tehtud-tood\\\/pirita-tee-26-korterelamu\\\/#breadcrumb\"},\"inLanguage\":\"et\",\"potentialAction\":[{\"@type\":\"ReadAction\",\"target\":[\"https:\\\/\\\/sakumetall.ee\\\/uksetehas\\\/tehtud-tood\\\/pirita-tee-26-korterelamu\\\/\"]}]},{\"@type\":\"ImageObject\",\"inLanguage\":\"et\",\"@id\":\"https:\\\/\\\/sakumetall.ee\\\/uksetehas\\\/tehtud-tood\\\/pirita-tee-26-korterelamu\\\/#primaryimage\",\"url\":\"https:\\\/\\\/sakumetall.ee\\\/uksetehas\\\/wp-content\\\/uploads\\\/sites\\\/2\\\/2015\\\/05\\\/14.jpg\",\"contentUrl\":\"https:\\\/\\\/sakumetall.ee\\\/uksetehas\\\/wp-content\\\/uploads\\\/sites\\\/2\\\/2015\\\/05\\\/14.jpg\",\"width\":900,\"height\":604},{\"@type\":\"BreadcrumbList\",\"@id\":\"https:\\\/\\\/sakumetall.ee\\\/uksetehas\\\/tehtud-tood\\\/pirita-tee-26-korterelamu\\\/#breadcrumb\",\"itemListElement\":[{\"@type\":\"ListItem\",\"position\":1,\"name\":\"Home\",\"item\":\"https:\\\/\\\/sakumetall.ee\\\/uksetehas\\\/\"},{\"@type\":\"ListItem\",\"position\":2,\"name\":\"Tehtud t\u00f6\u00f6d\",\"item\":\"https:\\\/\\\/sakumetall.ee\\\/uksetehas\\\/tehtud-tood\\\/\"},{\"@type\":\"ListItem\",\"position\":3,\"name\":\"Pirita tee 26 korterelamu\"}]},{\"@type\":\"WebSite\",\"@id\":\"https:\\\/\\\/sakumetall.ee\\\/uksetehas\\\/#website\",\"url\":\"https:\\\/\\\/sakumetall.ee\\\/uksetehas\\\/\",\"name\":\"Uksetehas\",\"description\":\"Saku Metall AS tegeleb uksetootmise ja allhankega. Pakume tulet\u00f5kkeuksi, metalluksi, profiil- ja l\u00fckanduksi ning garaa\u017ei- ja t\u00f6\u00f6stuslikke t\u00f5stuksi ning lehtmetallist allhanket\u00f6id. V\u00f5ta \u00fchendust!\",\"potentialAction\":[{\"@type\":\"SearchAction\",\"target\":{\"@type\":\"EntryPoint\",\"urlTemplate\":\"https:\\\/\\\/sakumetall.ee\\\/uksetehas\\\/?s={search_term_string}\"},\"query-input\":{\"@type\":\"PropertyValueSpecification\",\"valueRequired\":true,\"valueName\":\"search_term_string\"}}],\"inLanguage\":\"et\"}]}<\/script>\n<!-- \/ Yoast SEO plugin. -->","yoast_head_json":{"title":"Pirita tee 26 korterelamu","description":"Saku Metall AS tegeleb uksetootmise ja allhankega. Pakume tulet\u00f5kkeuksi, metalluksi, profiil- ja l\u00fckanduksi ning garaa\u017ei- ja t\u00f6\u00f6stuslikke t\u00f5stuksi ning lehtmetallist allhanket\u00f6id. V\u00f5ta \u00fchendust!","robots":{"index":"index","follow":"follow","max-snippet":"max-snippet:-1","max-image-preview":"max-image-preview:large","max-video-preview":"max-video-preview:-1"},"canonical":"https:\/\/sakumetall.ee\/uksetehas\/tehtud-tood\/pirita-tee-26-korterelamu\/","og_locale":"et_EE","og_type":"article","og_title":"Pirita tee 26 korterelamu","og_description":"Saku Metall AS tegeleb uksetootmise ja allhankega. Pakume tulet\u00f5kkeuksi, metalluksi, profiil- ja l\u00fckanduksi ning garaa\u017ei- ja t\u00f6\u00f6stuslikke t\u00f5stuksi ning lehtmetallist allhanket\u00f6id. V\u00f5ta \u00fchendust!","og_url":"https:\/\/sakumetall.ee\/uksetehas\/tehtud-tood\/pirita-tee-26-korterelamu\/","og_site_name":"Uksetehas","article_modified_time":"2017-07-24T12:53:22+00:00","og_image":[{"width":900,"height":604,"url":"https:\/\/sakumetall.ee\/uksetehas\/wp-content\/uploads\/sites\/2\/2015\/05\/14.jpg","type":"image\/jpeg"}],"twitter_card":"summary_large_image","schema":{"@context":"https:\/\/schema.org","@graph":[{"@type":"WebPage","@id":"https:\/\/sakumetall.ee\/uksetehas\/tehtud-tood\/pirita-tee-26-korterelamu\/","url":"https:\/\/sakumetall.ee\/uksetehas\/tehtud-tood\/pirita-tee-26-korterelamu\/","name":"Pirita tee 26 korterelamu","isPartOf":{"@id":"https:\/\/sakumetall.ee\/uksetehas\/#website"},"primaryImageOfPage":{"@id":"https:\/\/sakumetall.ee\/uksetehas\/tehtud-tood\/pirita-tee-26-korterelamu\/#primaryimage"},"image":{"@id":"https:\/\/sakumetall.ee\/uksetehas\/tehtud-tood\/pirita-tee-26-korterelamu\/#primaryimage"},"thumbnailUrl":"https:\/\/sakumetall.ee\/uksetehas\/wp-content\/uploads\/sites\/2\/2015\/05\/14.jpg","datePublished":"2015-07-06T11:36:28+00:00","dateModified":"2017-07-24T12:53:22+00:00","description":"Saku Metall AS tegeleb uksetootmise ja allhankega. Pakume tulet\u00f5kkeuksi, metalluksi, profiil- ja l\u00fckanduksi ning garaa\u017ei- ja t\u00f6\u00f6stuslikke t\u00f5stuksi ning lehtmetallist allhanket\u00f6id. V\u00f5ta \u00fchendust!","breadcrumb":{"@id":"https:\/\/sakumetall.ee\/uksetehas\/tehtud-tood\/pirita-tee-26-korterelamu\/#breadcrumb"},"inLanguage":"et","potentialAction":[{"@type":"ReadAction","target":["https:\/\/sakumetall.ee\/uksetehas\/tehtud-tood\/pirita-tee-26-korterelamu\/"]}]},{"@type":"ImageObject","inLanguage":"et","@id":"https:\/\/sakumetall.ee\/uksetehas\/tehtud-tood\/pirita-tee-26-korterelamu\/#primaryimage","url":"https:\/\/sakumetall.ee\/uksetehas\/wp-content\/uploads\/sites\/2\/2015\/05\/14.jpg","contentUrl":"https:\/\/sakumetall.ee\/uksetehas\/wp-content\/uploads\/sites\/2\/2015\/05\/14.jpg","width":900,"height":604},{"@type":"BreadcrumbList","@id":"https:\/\/sakumetall.ee\/uksetehas\/tehtud-tood\/pirita-tee-26-korterelamu\/#breadcrumb","itemListElement":[{"@type":"ListItem","position":1,"name":"Home","item":"https:\/\/sakumetall.ee\/uksetehas\/"},{"@type":"ListItem","position":2,"name":"Tehtud t\u00f6\u00f6d","item":"https:\/\/sakumetall.ee\/uksetehas\/tehtud-tood\/"},{"@type":"ListItem","position":3,"name":"Pirita tee 26 korterelamu"}]},{"@type":"WebSite","@id":"https:\/\/sakumetall.ee\/uksetehas\/#website","url":"https:\/\/sakumetall.ee\/uksetehas\/","name":"Uksetehas","description":"Saku Metall AS tegeleb uksetootmise ja allhankega. Pakume tulet\u00f5kkeuksi, metalluksi, profiil- ja l\u00fckanduksi ning garaa\u017ei- ja t\u00f6\u00f6stuslikke t\u00f5stuksi ning lehtmetallist allhanket\u00f6id. V\u00f5ta \u00fchendust!","potentialAction":[{"@type":"SearchAction","target":{"@type":"EntryPoint","urlTemplate":"https:\/\/sakumetall.ee\/uksetehas\/?s={search_term_string}"},"query-input":{"@type":"PropertyValueSpecification","valueRequired":true,"valueName":"search_term_string"}}],"inLanguage":"et"}]}},"_links":{"self":[{"href":"https:\/\/sakumetall.ee\/uksetehas\/wp-json\/wp\/v2\/pages\/664","targetHints":{"allow":["GET"]}}],"collection":[{"href":"https:\/\/sakumetall.ee\/uksetehas\/wp-json\/wp\/v2\/pages"}],"about":[{"href":"https:\/\/sakumetall.ee\/uksetehas\/wp-json\/wp\/v2\/types\/page"}],"author":[{"embeddable":true,"href":"https:\/\/sakumetall.ee\/uksetehas\/wp-json\/wp\/v2\/users\/2"}],"replies":[{"embeddable":true,"href":"https:\/\/sakumetall.ee\/uksetehas\/wp-json\/wp\/v2\/comments?post=664"}],"version-history":[{"count":6,"href":"https:\/\/sakumetall.ee\/uksetehas\/wp-json\/wp\/v2\/pages\/664\/revisions"}],"predecessor-version":[{"id":5401,"href":"https:\/\/sakumetall.ee\/uksetehas\/wp-json\/wp\/v2\/pages\/664\/revisions\/5401"}],"up":[{"embeddable":true,"href":"https:\/\/sakumetall.ee\/uksetehas\/wp-json\/wp\/v2\/pages\/11"}],"wp:featuredmedia":[{"embeddable":true,"href":"https:\/\/sakumetall.ee\/uksetehas\/wp-json\/wp\/v2\/media\/667"}],"wp:attachment":[{"href":"https:\/\/sakumetall.ee\/uksetehas\/wp-json\/wp\/v2\/media?parent=664"}],"curies":[{"name":"wp","href":"https:\/\/api.w.org\/{rel}","templated":true}]}}