{"id":7,"date":"2015-05-26T09:26:08","date_gmt":"2015-05-26T09:26:08","guid":{"rendered":"https:\/\/sakumetall.ee\/uksetehas?page_id=7"},"modified":"2025-07-07T13:30:34","modified_gmt":"2025-07-07T10:30:34","slug":"tooted","status":"publish","type":"page","link":"https:\/\/sakumetall.ee\/uksetehas\/tooted\/","title":{"rendered":"Tooted"},"content":{"rendered":"<p class=\"\" data-start=\"179\" data-end=\"317\"><strong data-start=\"179\" data-end=\"229\">Uksed, luugid ja lisatarvikud igaks otstarbeks.<\/strong><\/p>\n<p class=\"\" data-start=\"179\" data-end=\"317\"><strong data-start=\"322\" data-end=\"384\">K\u00fcsi eri- v\u00f5i terviklahendust meie <a href=\"https:\/\/sakumetall.ee\/uksetehas\/kontakt\/\">m\u00fc\u00fcgiesindajalt<\/a><\/strong> v\u00f5i t\u00e4ida p\u00e4ringuvorm.<\/p>\n<p class=\"\" data-start=\"179\" data-end=\"317\"><strong data-start=\"421\" data-end=\"454\">Soovid <a target=\"_blank\" href=\"https:\/\/sakumetall.ee\/uksetehas\/tootekategooria\/garaaziuksed\/\" rel=\"noopener\">garaa\u017eiukse<\/a> pakkumist?<\/strong> Disaini oma uks <a href=\"https:\/\/cfg.sakumetall.ee\/configurator\">konfiguraatoris<\/a>.<br data-start=\"499\" data-end=\"502\" \/>Soodsad ja kiire tarnega uksed leiad meie <strong><a target=\"_blank\" href=\"https:\/\/sakumetall.ee\/uksetehas\/leiunurk\/\" rel=\"noopener\">leiunurgast<\/a>.<\/strong><\/p>\n","protected":false},"excerpt":{"rendered":"<p>Uksed, luugid ja lisatarvikud igaks otstarbeks. K\u00fcsi eri- v\u00f5i terviklahendust meie m\u00fc\u00fcgiesindajalt v\u00f5i t\u00e4ida p\u00e4ringuvorm. Soovid garaa\u017eiukse pakkumist? Disaini oma uks konfiguraatoris.Soodsad ja kiire tarnega uksed leiad meie leiunurgast.<\/p>\n","protected":false},"author":1,"featured_media":0,"parent":0,"menu_order":44,"comment_status":"closed","ping_status":"closed","template":"products-template.php","meta":{"footnotes":""},"class_list":["post-7","page","type-page","status-publish","hentry"],"yoast_head":"<!-- This site is optimized with the Yoast SEO plugin v27.3 - https:\/\/yoast.com\/product\/yoast-seo-wordpress\/ -->\n<title>Tooted<\/title>\n<meta name=\"description\" content=\"Saku Metall AS tegeleb uksetootmise ja allhankega. Pakume tulet\u00f5kkeuksi, metalluksi, profiil- ja l\u00fckanduksi ning garaa\u017ei- ja t\u00f6\u00f6stuslikke t\u00f5stuksi ning lehtmetallist allhanket\u00f6id. V\u00f5ta \u00fchendust!\" \/>\n<meta name=\"robots\" content=\"index, follow, max-snippet:-1, max-image-preview:large, max-video-preview:-1\" \/>\n<link rel=\"canonical\" href=\"https:\/\/sakumetall.ee\/uksetehas\/tooted\/\" \/>\n<meta property=\"og:locale\" content=\"et_EE\" \/>\n<meta property=\"og:type\" content=\"article\" \/>\n<meta property=\"og:title\" content=\"Tooted\" \/>\n<meta property=\"og:description\" content=\"Saku Metall AS tegeleb uksetootmise ja allhankega. Pakume tulet\u00f5kkeuksi, metalluksi, profiil- ja l\u00fckanduksi ning garaa\u017ei- ja t\u00f6\u00f6stuslikke t\u00f5stuksi ning lehtmetallist allhanket\u00f6id. V\u00f5ta \u00fchendust!\" \/>\n<meta property=\"og:url\" content=\"https:\/\/sakumetall.ee\/uksetehas\/tooted\/\" \/>\n<meta property=\"og:site_name\" content=\"Uksetehas\" \/>\n<meta property=\"article:modified_time\" content=\"2025-07-07T10:30:34+00:00\" \/>\n<meta name=\"twitter:card\" content=\"summary_large_image\" \/>\n<meta name=\"twitter:label1\" content=\"Est. reading time\" \/>\n\t<meta name=\"twitter:data1\" content=\"1 minut\" \/>\n<script type=\"application\/ld+json\" class=\"yoast-schema-graph\">{\"@context\":\"https:\\\/\\\/schema.org\",\"@graph\":[{\"@type\":\"WebPage\",\"@id\":\"https:\\\/\\\/sakumetall.ee\\\/uksetehas\\\/tooted\\\/\",\"url\":\"https:\\\/\\\/sakumetall.ee\\\/uksetehas\\\/tooted\\\/\",\"name\":\"Tooted\",\"isPartOf\":{\"@id\":\"https:\\\/\\\/sakumetall.ee\\\/uksetehas\\\/#website\"},\"datePublished\":\"2015-05-26T09:26:08+00:00\",\"dateModified\":\"2025-07-07T10:30:34+00:00\",\"description\":\"Saku Metall AS tegeleb uksetootmise ja allhankega. Pakume tulet\u00f5kkeuksi, metalluksi, profiil- ja l\u00fckanduksi ning garaa\u017ei- ja t\u00f6\u00f6stuslikke t\u00f5stuksi ning lehtmetallist allhanket\u00f6id. V\u00f5ta \u00fchendust!\",\"breadcrumb\":{\"@id\":\"https:\\\/\\\/sakumetall.ee\\\/uksetehas\\\/tooted\\\/#breadcrumb\"},\"inLanguage\":\"et\",\"potentialAction\":[{\"@type\":\"ReadAction\",\"target\":[\"https:\\\/\\\/sakumetall.ee\\\/uksetehas\\\/tooted\\\/\"]}]},{\"@type\":\"BreadcrumbList\",\"@id\":\"https:\\\/\\\/sakumetall.ee\\\/uksetehas\\\/tooted\\\/#breadcrumb\",\"itemListElement\":[{\"@type\":\"ListItem\",\"position\":1,\"name\":\"Home\",\"item\":\"https:\\\/\\\/sakumetall.ee\\\/uksetehas\\\/\"},{\"@type\":\"ListItem\",\"position\":2,\"name\":\"Tooted\"}]},{\"@type\":\"WebSite\",\"@id\":\"https:\\\/\\\/sakumetall.ee\\\/uksetehas\\\/#website\",\"url\":\"https:\\\/\\\/sakumetall.ee\\\/uksetehas\\\/\",\"name\":\"Uksetehas\",\"description\":\"Saku Metall AS tegeleb uksetootmise ja allhankega. Pakume tulet\u00f5kkeuksi, metalluksi, profiil- ja l\u00fckanduksi ning garaa\u017ei- ja t\u00f6\u00f6stuslikke t\u00f5stuksi ning lehtmetallist allhanket\u00f6id. V\u00f5ta \u00fchendust!\",\"potentialAction\":[{\"@type\":\"SearchAction\",\"target\":{\"@type\":\"EntryPoint\",\"urlTemplate\":\"https:\\\/\\\/sakumetall.ee\\\/uksetehas\\\/?s={search_term_string}\"},\"query-input\":{\"@type\":\"PropertyValueSpecification\",\"valueRequired\":true,\"valueName\":\"search_term_string\"}}],\"inLanguage\":\"et\"}]}<\/script>\n<!-- \/ Yoast SEO plugin. -->","yoast_head_json":{"title":"Tooted","description":"Saku Metall AS tegeleb uksetootmise ja allhankega. Pakume tulet\u00f5kkeuksi, metalluksi, profiil- ja l\u00fckanduksi ning garaa\u017ei- ja t\u00f6\u00f6stuslikke t\u00f5stuksi ning lehtmetallist allhanket\u00f6id. V\u00f5ta \u00fchendust!","robots":{"index":"index","follow":"follow","max-snippet":"max-snippet:-1","max-image-preview":"max-image-preview:large","max-video-preview":"max-video-preview:-1"},"canonical":"https:\/\/sakumetall.ee\/uksetehas\/tooted\/","og_locale":"et_EE","og_type":"article","og_title":"Tooted","og_description":"Saku Metall AS tegeleb uksetootmise ja allhankega. Pakume tulet\u00f5kkeuksi, metalluksi, profiil- ja l\u00fckanduksi ning garaa\u017ei- ja t\u00f6\u00f6stuslikke t\u00f5stuksi ning lehtmetallist allhanket\u00f6id. V\u00f5ta \u00fchendust!","og_url":"https:\/\/sakumetall.ee\/uksetehas\/tooted\/","og_site_name":"Uksetehas","article_modified_time":"2025-07-07T10:30:34+00:00","twitter_card":"summary_large_image","twitter_misc":{"Est. reading time":"1 minut"},"schema":{"@context":"https:\/\/schema.org","@graph":[{"@type":"WebPage","@id":"https:\/\/sakumetall.ee\/uksetehas\/tooted\/","url":"https:\/\/sakumetall.ee\/uksetehas\/tooted\/","name":"Tooted","isPartOf":{"@id":"https:\/\/sakumetall.ee\/uksetehas\/#website"},"datePublished":"2015-05-26T09:26:08+00:00","dateModified":"2025-07-07T10:30:34+00:00","description":"Saku Metall AS tegeleb uksetootmise ja allhankega. Pakume tulet\u00f5kkeuksi, metalluksi, profiil- ja l\u00fckanduksi ning garaa\u017ei- ja t\u00f6\u00f6stuslikke t\u00f5stuksi ning lehtmetallist allhanket\u00f6id. V\u00f5ta \u00fchendust!","breadcrumb":{"@id":"https:\/\/sakumetall.ee\/uksetehas\/tooted\/#breadcrumb"},"inLanguage":"et","potentialAction":[{"@type":"ReadAction","target":["https:\/\/sakumetall.ee\/uksetehas\/tooted\/"]}]},{"@type":"BreadcrumbList","@id":"https:\/\/sakumetall.ee\/uksetehas\/tooted\/#breadcrumb","itemListElement":[{"@type":"ListItem","position":1,"name":"Home","item":"https:\/\/sakumetall.ee\/uksetehas\/"},{"@type":"ListItem","position":2,"name":"Tooted"}]},{"@type":"WebSite","@id":"https:\/\/sakumetall.ee\/uksetehas\/#website","url":"https:\/\/sakumetall.ee\/uksetehas\/","name":"Uksetehas","description":"Saku Metall AS tegeleb uksetootmise ja allhankega. Pakume tulet\u00f5kkeuksi, metalluksi, profiil- ja l\u00fckanduksi ning garaa\u017ei- ja t\u00f6\u00f6stuslikke t\u00f5stuksi ning lehtmetallist allhanket\u00f6id. V\u00f5ta \u00fchendust!","potentialAction":[{"@type":"SearchAction","target":{"@type":"EntryPoint","urlTemplate":"https:\/\/sakumetall.ee\/uksetehas\/?s={search_term_string}"},"query-input":{"@type":"PropertyValueSpecification","valueRequired":true,"valueName":"search_term_string"}}],"inLanguage":"et"}]}},"_links":{"self":[{"href":"https:\/\/sakumetall.ee\/uksetehas\/wp-json\/wp\/v2\/pages\/7","targetHints":{"allow":["GET"]}}],"collection":[{"href":"https:\/\/sakumetall.ee\/uksetehas\/wp-json\/wp\/v2\/pages"}],"about":[{"href":"https:\/\/sakumetall.ee\/uksetehas\/wp-json\/wp\/v2\/types\/page"}],"author":[{"embeddable":true,"href":"https:\/\/sakumetall.ee\/uksetehas\/wp-json\/wp\/v2\/users\/1"}],"replies":[{"embeddable":true,"href":"https:\/\/sakumetall.ee\/uksetehas\/wp-json\/wp\/v2\/comments?post=7"}],"version-history":[{"count":50,"href":"https:\/\/sakumetall.ee\/uksetehas\/wp-json\/wp\/v2\/pages\/7\/revisions"}],"predecessor-version":[{"id":34532,"href":"https:\/\/sakumetall.ee\/uksetehas\/wp-json\/wp\/v2\/pages\/7\/revisions\/34532"}],"wp:attachment":[{"href":"https:\/\/sakumetall.ee\/uksetehas\/wp-json\/wp\/v2\/media?parent=7"}],"curies":[{"name":"wp","href":"https:\/\/api.w.org\/{rel}","templated":true}]}}