{"id":703,"date":"2015-07-06T15:05:02","date_gmt":"2015-07-06T12:05:02","guid":{"rendered":"https:\/\/sakumetall.ee\/uksetehas?page_id=703"},"modified":"2017-07-24T15:50:14","modified_gmt":"2017-07-24T12:50:14","slug":"tallinna-lasnamae-mehaanikakooli-oppehoone-renoveerimine","status":"publish","type":"page","link":"https:\/\/sakumetall.ee\/uksetehas\/tehtud-tood\/tallinna-lasnamae-mehaanikakooli-oppehoone-renoveerimine\/","title":{"rendered":"Tallinna Lasnam\u00e4e Mehaanikakooli \u00f5ppehoone renoveerimine"},"content":{"rendered":"<p><a href=\"https:\/\/sakumetall.ee\/uksetehas\/wp-content\/uploads\/sites\/2\/2015\/07\/29.jpg\"><img loading=\"lazy\" decoding=\"async\" width=\"1003\" height=\"508\" class=\"alignnone size-full wp-image-698\" src=\"https:\/\/sakumetall.ee\/uksetehas\/wp-content\/uploads\/sites\/2\/2015\/07\/29.jpg\" alt=\"\" srcset=\"https:\/\/sakumetall.ee\/uksetehas\/wp-content\/uploads\/sites\/2\/2015\/07\/29.jpg 1003w, https:\/\/sakumetall.ee\/uksetehas\/wp-content\/uploads\/sites\/2\/2015\/07\/29-300x152.jpg 300w, https:\/\/sakumetall.ee\/uksetehas\/wp-content\/uploads\/sites\/2\/2015\/07\/29-180x91.jpg 180w\" sizes=\"auto, (max-width: 1003px) 100vw, 1003px\" \/><\/a><\/p>\n<p><a href=\"https:\/\/sakumetall.ee\/uksetehas\/wp-content\/uploads\/sites\/2\/2015\/07\/33.jpg\"><img loading=\"lazy\" decoding=\"async\" width=\"1013\" height=\"675\" class=\"alignnone size-full wp-image-697\" src=\"https:\/\/sakumetall.ee\/uksetehas\/wp-content\/uploads\/sites\/2\/2015\/07\/33.jpg\" alt=\"\" srcset=\"https:\/\/sakumetall.ee\/uksetehas\/wp-content\/uploads\/sites\/2\/2015\/07\/33.jpg 1013w, https:\/\/sakumetall.ee\/uksetehas\/wp-content\/uploads\/sites\/2\/2015\/07\/33-300x200.jpg 300w, https:\/\/sakumetall.ee\/uksetehas\/wp-content\/uploads\/sites\/2\/2015\/07\/33-285x190.jpg 285w, https:\/\/sakumetall.ee\/uksetehas\/wp-content\/uploads\/sites\/2\/2015\/07\/33-150x100.jpg 150w, https:\/\/sakumetall.ee\/uksetehas\/wp-content\/uploads\/sites\/2\/2015\/07\/33-180x120.jpg 180w\" sizes=\"auto, (max-width: 1013px) 100vw, 1013px\" \/><\/a><\/p>\n<p><a href=\"https:\/\/sakumetall.ee\/uksetehas\/wp-content\/uploads\/sites\/2\/2015\/07\/53.jpg\"><img loading=\"lazy\" decoding=\"async\" width=\"1013\" height=\"669\" class=\"alignnone size-full wp-image-695\" src=\"https:\/\/sakumetall.ee\/uksetehas\/wp-content\/uploads\/sites\/2\/2015\/07\/53.jpg\" alt=\"\" srcset=\"https:\/\/sakumetall.ee\/uksetehas\/wp-content\/uploads\/sites\/2\/2015\/07\/53.jpg 1013w, https:\/\/sakumetall.ee\/uksetehas\/wp-content\/uploads\/sites\/2\/2015\/07\/53-300x198.jpg 300w, https:\/\/sakumetall.ee\/uksetehas\/wp-content\/uploads\/sites\/2\/2015\/07\/53-150x100.jpg 150w, https:\/\/sakumetall.ee\/uksetehas\/wp-content\/uploads\/sites\/2\/2015\/07\/53-180x119.jpg 180w\" sizes=\"auto, (max-width: 1013px) 100vw, 1013px\" \/><\/a><\/p>\n<p><a href=\"https:\/\/sakumetall.ee\/uksetehas\/wp-content\/uploads\/sites\/2\/2015\/07\/43.jpg\"><img loading=\"lazy\" decoding=\"async\" width=\"1013\" height=\"667\" class=\"alignnone size-full wp-image-696\" src=\"https:\/\/sakumetall.ee\/uksetehas\/wp-content\/uploads\/sites\/2\/2015\/07\/43.jpg\" alt=\"\" srcset=\"https:\/\/sakumetall.ee\/uksetehas\/wp-content\/uploads\/sites\/2\/2015\/07\/43.jpg 1013w, https:\/\/sakumetall.ee\/uksetehas\/wp-content\/uploads\/sites\/2\/2015\/07\/43-300x198.jpg 300w, https:\/\/sakumetall.ee\/uksetehas\/wp-content\/uploads\/sites\/2\/2015\/07\/43-150x100.jpg 150w, https:\/\/sakumetall.ee\/uksetehas\/wp-content\/uploads\/sites\/2\/2015\/07\/43-180x119.jpg 180w\" sizes=\"auto, (max-width: 1013px) 100vw, 1013px\" \/><\/a><\/p>\n<p><a href=\"https:\/\/sakumetall.ee\/uksetehas\/wp-content\/uploads\/sites\/2\/2015\/07\/73.jpg\"><img loading=\"lazy\" decoding=\"async\" width=\"900\" height=\"592\" class=\"alignnone size-full wp-image-693\" src=\"https:\/\/sakumetall.ee\/uksetehas\/wp-content\/uploads\/sites\/2\/2015\/07\/73.jpg\" alt=\"\" srcset=\"https:\/\/sakumetall.ee\/uksetehas\/wp-content\/uploads\/sites\/2\/2015\/07\/73.jpg 900w, https:\/\/sakumetall.ee\/uksetehas\/wp-content\/uploads\/sites\/2\/2015\/07\/73-300x197.jpg 300w, https:\/\/sakumetall.ee\/uksetehas\/wp-content\/uploads\/sites\/2\/2015\/07\/73-150x100.jpg 150w, https:\/\/sakumetall.ee\/uksetehas\/wp-content\/uploads\/sites\/2\/2015\/07\/73-180x118.jpg 180w\" sizes=\"auto, (max-width: 900px) 100vw, 900px\" \/><\/a><\/p>\n<p><a href=\"https:\/\/sakumetall.ee\/uksetehas\/wp-content\/uploads\/sites\/2\/2015\/07\/63.jpg\"><img loading=\"lazy\" decoding=\"async\" width=\"1013\" height=\"677\" class=\"alignnone size-full wp-image-694\" src=\"https:\/\/sakumetall.ee\/uksetehas\/wp-content\/uploads\/sites\/2\/2015\/07\/63.jpg\" alt=\"\" srcset=\"https:\/\/sakumetall.ee\/uksetehas\/wp-content\/uploads\/sites\/2\/2015\/07\/63.jpg 1013w, https:\/\/sakumetall.ee\/uksetehas\/wp-content\/uploads\/sites\/2\/2015\/07\/63-300x200.jpg 300w, https:\/\/sakumetall.ee\/uksetehas\/wp-content\/uploads\/sites\/2\/2015\/07\/63-285x190.jpg 285w, https:\/\/sakumetall.ee\/uksetehas\/wp-content\/uploads\/sites\/2\/2015\/07\/63-150x100.jpg 150w, https:\/\/sakumetall.ee\/uksetehas\/wp-content\/uploads\/sites\/2\/2015\/07\/63-180x120.jpg 180w\" sizes=\"auto, (max-width: 1013px) 100vw, 1013px\" \/><\/a><\/p>\n<p><a href=\"https:\/\/sakumetall.ee\/uksetehas\/wp-content\/uploads\/sites\/2\/2015\/07\/82.jpg\"><img loading=\"lazy\" decoding=\"async\" width=\"900\" height=\"580\" class=\"alignnone size-full wp-image-692\" src=\"https:\/\/sakumetall.ee\/uksetehas\/wp-content\/uploads\/sites\/2\/2015\/07\/82.jpg\" alt=\"\" srcset=\"https:\/\/sakumetall.ee\/uksetehas\/wp-content\/uploads\/sites\/2\/2015\/07\/82.jpg 900w, https:\/\/sakumetall.ee\/uksetehas\/wp-content\/uploads\/sites\/2\/2015\/07\/82-300x193.jpg 300w, https:\/\/sakumetall.ee\/uksetehas\/wp-content\/uploads\/sites\/2\/2015\/07\/82-180x116.jpg 180w\" sizes=\"auto, (max-width: 900px) 100vw, 900px\" \/><\/a><\/p>\n<p><a href=\"https:\/\/sakumetall.ee\/uksetehas\/wp-content\/uploads\/sites\/2\/2015\/07\/93.jpg\"><img loading=\"lazy\" decoding=\"async\" width=\"1013\" height=\"648\" class=\"alignnone size-full wp-image-691\" src=\"https:\/\/sakumetall.ee\/uksetehas\/wp-content\/uploads\/sites\/2\/2015\/07\/93.jpg\" alt=\"\" srcset=\"https:\/\/sakumetall.ee\/uksetehas\/wp-content\/uploads\/sites\/2\/2015\/07\/93.jpg 1013w, https:\/\/sakumetall.ee\/uksetehas\/wp-content\/uploads\/sites\/2\/2015\/07\/93-300x192.jpg 300w, https:\/\/sakumetall.ee\/uksetehas\/wp-content\/uploads\/sites\/2\/2015\/07\/93-180x115.jpg 180w\" sizes=\"auto, (max-width: 1013px) 100vw, 1013px\" \/><\/a><\/p>\n<p><a href=\"https:\/\/sakumetall.ee\/uksetehas\/wp-content\/uploads\/sites\/2\/2015\/07\/162.jpg\"><img loading=\"lazy\" decoding=\"async\" width=\"1013\" height=\"660\" class=\"alignnone size-full wp-image-686\" src=\"https:\/\/sakumetall.ee\/uksetehas\/wp-content\/uploads\/sites\/2\/2015\/07\/162.jpg\" alt=\"\" srcset=\"https:\/\/sakumetall.ee\/uksetehas\/wp-content\/uploads\/sites\/2\/2015\/07\/162.jpg 1013w, https:\/\/sakumetall.ee\/uksetehas\/wp-content\/uploads\/sites\/2\/2015\/07\/162-300x195.jpg 300w, https:\/\/sakumetall.ee\/uksetehas\/wp-content\/uploads\/sites\/2\/2015\/07\/162-180x117.jpg 180w\" sizes=\"auto, (max-width: 1013px) 100vw, 1013px\" \/><\/a><\/p>\n<p><a href=\"https:\/\/sakumetall.ee\/uksetehas\/wp-content\/uploads\/sites\/2\/2015\/07\/172.jpg\"><img loading=\"lazy\" decoding=\"async\" width=\"1013\" height=\"534\" class=\"alignnone size-full wp-image-685\" src=\"https:\/\/sakumetall.ee\/uksetehas\/wp-content\/uploads\/sites\/2\/2015\/07\/172.jpg\" alt=\"\" srcset=\"https:\/\/sakumetall.ee\/uksetehas\/wp-content\/uploads\/sites\/2\/2015\/07\/172.jpg 1013w, https:\/\/sakumetall.ee\/uksetehas\/wp-content\/uploads\/sites\/2\/2015\/07\/172-300x158.jpg 300w, https:\/\/sakumetall.ee\/uksetehas\/wp-content\/uploads\/sites\/2\/2015\/07\/172-180x95.jpg 180w\" sizes=\"auto, (max-width: 1013px) 100vw, 1013px\" \/><\/a><\/p>\n","protected":false},"excerpt":{"rendered":"","protected":false},"author":2,"featured_media":690,"parent":11,"menu_order":36,"comment_status":"closed","ping_status":"closed","template":"project-template.php","meta":{"footnotes":""},"class_list":["post-703","page","type-page","status-publish","has-post-thumbnail","hentry"],"yoast_head":"<!-- This site is optimized with the Yoast SEO plugin v27.3 - https:\/\/yoast.com\/product\/yoast-seo-wordpress\/ -->\n<title>Tallinna Lasnam\u00e4e Mehaanikakooli \u00f5ppehoone renoveerimine<\/title>\n<meta name=\"description\" content=\"Saku Metall AS tegeleb uksetootmise ja allhankega. Pakume tulet\u00f5kkeuksi, metalluksi, profiil- ja l\u00fckanduksi ning garaa\u017ei- ja t\u00f6\u00f6stuslikke t\u00f5stuksi ning lehtmetallist allhanket\u00f6id. V\u00f5ta \u00fchendust!\" \/>\n<meta name=\"robots\" content=\"index, follow, max-snippet:-1, max-image-preview:large, max-video-preview:-1\" \/>\n<link rel=\"canonical\" href=\"https:\/\/sakumetall.ee\/uksetehas\/tehtud-tood\/tallinna-lasnamae-mehaanikakooli-oppehoone-renoveerimine\/\" \/>\n<meta property=\"og:locale\" content=\"et_EE\" \/>\n<meta property=\"og:type\" content=\"article\" \/>\n<meta property=\"og:title\" content=\"Tallinna Lasnam\u00e4e Mehaanikakooli \u00f5ppehoone renoveerimine\" \/>\n<meta property=\"og:description\" content=\"Saku Metall AS tegeleb uksetootmise ja allhankega. Pakume tulet\u00f5kkeuksi, metalluksi, profiil- ja l\u00fckanduksi ning garaa\u017ei- ja t\u00f6\u00f6stuslikke t\u00f5stuksi ning lehtmetallist allhanket\u00f6id. V\u00f5ta \u00fchendust!\" \/>\n<meta property=\"og:url\" content=\"https:\/\/sakumetall.ee\/uksetehas\/tehtud-tood\/tallinna-lasnamae-mehaanikakooli-oppehoone-renoveerimine\/\" \/>\n<meta property=\"og:site_name\" content=\"Uksetehas\" \/>\n<meta property=\"article:modified_time\" content=\"2017-07-24T12:50:14+00:00\" \/>\n<meta property=\"og:image\" content=\"https:\/\/sakumetall.ee\/uksetehas\/wp-content\/uploads\/sites\/2\/2015\/07\/104.jpg\" \/>\n\t<meta property=\"og:image:width\" content=\"900\" \/>\n\t<meta property=\"og:image:height\" content=\"621\" \/>\n\t<meta property=\"og:image:type\" content=\"image\/jpeg\" \/>\n<meta name=\"twitter:card\" content=\"summary_large_image\" \/>\n<script type=\"application\/ld+json\" class=\"yoast-schema-graph\">{\"@context\":\"https:\\\/\\\/schema.org\",\"@graph\":[{\"@type\":\"WebPage\",\"@id\":\"https:\\\/\\\/sakumetall.ee\\\/uksetehas\\\/tehtud-tood\\\/tallinna-lasnamae-mehaanikakooli-oppehoone-renoveerimine\\\/\",\"url\":\"https:\\\/\\\/sakumetall.ee\\\/uksetehas\\\/tehtud-tood\\\/tallinna-lasnamae-mehaanikakooli-oppehoone-renoveerimine\\\/\",\"name\":\"Tallinna Lasnam\u00e4e Mehaanikakooli \u00f5ppehoone renoveerimine\",\"isPartOf\":{\"@id\":\"https:\\\/\\\/sakumetall.ee\\\/uksetehas\\\/#website\"},\"primaryImageOfPage\":{\"@id\":\"https:\\\/\\\/sakumetall.ee\\\/uksetehas\\\/tehtud-tood\\\/tallinna-lasnamae-mehaanikakooli-oppehoone-renoveerimine\\\/#primaryimage\"},\"image\":{\"@id\":\"https:\\\/\\\/sakumetall.ee\\\/uksetehas\\\/tehtud-tood\\\/tallinna-lasnamae-mehaanikakooli-oppehoone-renoveerimine\\\/#primaryimage\"},\"thumbnailUrl\":\"https:\\\/\\\/sakumetall.ee\\\/uksetehas\\\/wp-content\\\/uploads\\\/sites\\\/2\\\/2015\\\/07\\\/104.jpg\",\"datePublished\":\"2015-07-06T12:05:02+00:00\",\"dateModified\":\"2017-07-24T12:50:14+00:00\",\"description\":\"Saku Metall AS tegeleb uksetootmise ja allhankega. Pakume tulet\u00f5kkeuksi, metalluksi, profiil- ja l\u00fckanduksi ning garaa\u017ei- ja t\u00f6\u00f6stuslikke t\u00f5stuksi ning lehtmetallist allhanket\u00f6id. V\u00f5ta \u00fchendust!\",\"breadcrumb\":{\"@id\":\"https:\\\/\\\/sakumetall.ee\\\/uksetehas\\\/tehtud-tood\\\/tallinna-lasnamae-mehaanikakooli-oppehoone-renoveerimine\\\/#breadcrumb\"},\"inLanguage\":\"et\",\"potentialAction\":[{\"@type\":\"ReadAction\",\"target\":[\"https:\\\/\\\/sakumetall.ee\\\/uksetehas\\\/tehtud-tood\\\/tallinna-lasnamae-mehaanikakooli-oppehoone-renoveerimine\\\/\"]}]},{\"@type\":\"ImageObject\",\"inLanguage\":\"et\",\"@id\":\"https:\\\/\\\/sakumetall.ee\\\/uksetehas\\\/tehtud-tood\\\/tallinna-lasnamae-mehaanikakooli-oppehoone-renoveerimine\\\/#primaryimage\",\"url\":\"https:\\\/\\\/sakumetall.ee\\\/uksetehas\\\/wp-content\\\/uploads\\\/sites\\\/2\\\/2015\\\/07\\\/104.jpg\",\"contentUrl\":\"https:\\\/\\\/sakumetall.ee\\\/uksetehas\\\/wp-content\\\/uploads\\\/sites\\\/2\\\/2015\\\/07\\\/104.jpg\",\"width\":900,\"height\":621},{\"@type\":\"BreadcrumbList\",\"@id\":\"https:\\\/\\\/sakumetall.ee\\\/uksetehas\\\/tehtud-tood\\\/tallinna-lasnamae-mehaanikakooli-oppehoone-renoveerimine\\\/#breadcrumb\",\"itemListElement\":[{\"@type\":\"ListItem\",\"position\":1,\"name\":\"Home\",\"item\":\"https:\\\/\\\/sakumetall.ee\\\/uksetehas\\\/\"},{\"@type\":\"ListItem\",\"position\":2,\"name\":\"Tehtud t\u00f6\u00f6d\",\"item\":\"https:\\\/\\\/sakumetall.ee\\\/uksetehas\\\/tehtud-tood\\\/\"},{\"@type\":\"ListItem\",\"position\":3,\"name\":\"Tallinna Lasnam\u00e4e Mehaanikakooli \u00f5ppehoone renoveerimine\"}]},{\"@type\":\"WebSite\",\"@id\":\"https:\\\/\\\/sakumetall.ee\\\/uksetehas\\\/#website\",\"url\":\"https:\\\/\\\/sakumetall.ee\\\/uksetehas\\\/\",\"name\":\"Uksetehas\",\"description\":\"Saku Metall AS tegeleb uksetootmise ja allhankega. Pakume tulet\u00f5kkeuksi, metalluksi, profiil- ja l\u00fckanduksi ning garaa\u017ei- ja t\u00f6\u00f6stuslikke t\u00f5stuksi ning lehtmetallist allhanket\u00f6id. V\u00f5ta \u00fchendust!\",\"potentialAction\":[{\"@type\":\"SearchAction\",\"target\":{\"@type\":\"EntryPoint\",\"urlTemplate\":\"https:\\\/\\\/sakumetall.ee\\\/uksetehas\\\/?s={search_term_string}\"},\"query-input\":{\"@type\":\"PropertyValueSpecification\",\"valueRequired\":true,\"valueName\":\"search_term_string\"}}],\"inLanguage\":\"et\"}]}<\/script>\n<!-- \/ Yoast SEO plugin. -->","yoast_head_json":{"title":"Tallinna Lasnam\u00e4e Mehaanikakooli \u00f5ppehoone renoveerimine","description":"Saku Metall AS tegeleb uksetootmise ja allhankega. Pakume tulet\u00f5kkeuksi, metalluksi, profiil- ja l\u00fckanduksi ning garaa\u017ei- ja t\u00f6\u00f6stuslikke t\u00f5stuksi ning lehtmetallist allhanket\u00f6id. V\u00f5ta \u00fchendust!","robots":{"index":"index","follow":"follow","max-snippet":"max-snippet:-1","max-image-preview":"max-image-preview:large","max-video-preview":"max-video-preview:-1"},"canonical":"https:\/\/sakumetall.ee\/uksetehas\/tehtud-tood\/tallinna-lasnamae-mehaanikakooli-oppehoone-renoveerimine\/","og_locale":"et_EE","og_type":"article","og_title":"Tallinna Lasnam\u00e4e Mehaanikakooli \u00f5ppehoone renoveerimine","og_description":"Saku Metall AS tegeleb uksetootmise ja allhankega. Pakume tulet\u00f5kkeuksi, metalluksi, profiil- ja l\u00fckanduksi ning garaa\u017ei- ja t\u00f6\u00f6stuslikke t\u00f5stuksi ning lehtmetallist allhanket\u00f6id. V\u00f5ta \u00fchendust!","og_url":"https:\/\/sakumetall.ee\/uksetehas\/tehtud-tood\/tallinna-lasnamae-mehaanikakooli-oppehoone-renoveerimine\/","og_site_name":"Uksetehas","article_modified_time":"2017-07-24T12:50:14+00:00","og_image":[{"width":900,"height":621,"url":"https:\/\/sakumetall.ee\/uksetehas\/wp-content\/uploads\/sites\/2\/2015\/07\/104.jpg","type":"image\/jpeg"}],"twitter_card":"summary_large_image","schema":{"@context":"https:\/\/schema.org","@graph":[{"@type":"WebPage","@id":"https:\/\/sakumetall.ee\/uksetehas\/tehtud-tood\/tallinna-lasnamae-mehaanikakooli-oppehoone-renoveerimine\/","url":"https:\/\/sakumetall.ee\/uksetehas\/tehtud-tood\/tallinna-lasnamae-mehaanikakooli-oppehoone-renoveerimine\/","name":"Tallinna Lasnam\u00e4e Mehaanikakooli \u00f5ppehoone renoveerimine","isPartOf":{"@id":"https:\/\/sakumetall.ee\/uksetehas\/#website"},"primaryImageOfPage":{"@id":"https:\/\/sakumetall.ee\/uksetehas\/tehtud-tood\/tallinna-lasnamae-mehaanikakooli-oppehoone-renoveerimine\/#primaryimage"},"image":{"@id":"https:\/\/sakumetall.ee\/uksetehas\/tehtud-tood\/tallinna-lasnamae-mehaanikakooli-oppehoone-renoveerimine\/#primaryimage"},"thumbnailUrl":"https:\/\/sakumetall.ee\/uksetehas\/wp-content\/uploads\/sites\/2\/2015\/07\/104.jpg","datePublished":"2015-07-06T12:05:02+00:00","dateModified":"2017-07-24T12:50:14+00:00","description":"Saku Metall AS tegeleb uksetootmise ja allhankega. Pakume tulet\u00f5kkeuksi, metalluksi, profiil- ja l\u00fckanduksi ning garaa\u017ei- ja t\u00f6\u00f6stuslikke t\u00f5stuksi ning lehtmetallist allhanket\u00f6id. V\u00f5ta \u00fchendust!","breadcrumb":{"@id":"https:\/\/sakumetall.ee\/uksetehas\/tehtud-tood\/tallinna-lasnamae-mehaanikakooli-oppehoone-renoveerimine\/#breadcrumb"},"inLanguage":"et","potentialAction":[{"@type":"ReadAction","target":["https:\/\/sakumetall.ee\/uksetehas\/tehtud-tood\/tallinna-lasnamae-mehaanikakooli-oppehoone-renoveerimine\/"]}]},{"@type":"ImageObject","inLanguage":"et","@id":"https:\/\/sakumetall.ee\/uksetehas\/tehtud-tood\/tallinna-lasnamae-mehaanikakooli-oppehoone-renoveerimine\/#primaryimage","url":"https:\/\/sakumetall.ee\/uksetehas\/wp-content\/uploads\/sites\/2\/2015\/07\/104.jpg","contentUrl":"https:\/\/sakumetall.ee\/uksetehas\/wp-content\/uploads\/sites\/2\/2015\/07\/104.jpg","width":900,"height":621},{"@type":"BreadcrumbList","@id":"https:\/\/sakumetall.ee\/uksetehas\/tehtud-tood\/tallinna-lasnamae-mehaanikakooli-oppehoone-renoveerimine\/#breadcrumb","itemListElement":[{"@type":"ListItem","position":1,"name":"Home","item":"https:\/\/sakumetall.ee\/uksetehas\/"},{"@type":"ListItem","position":2,"name":"Tehtud t\u00f6\u00f6d","item":"https:\/\/sakumetall.ee\/uksetehas\/tehtud-tood\/"},{"@type":"ListItem","position":3,"name":"Tallinna Lasnam\u00e4e Mehaanikakooli \u00f5ppehoone renoveerimine"}]},{"@type":"WebSite","@id":"https:\/\/sakumetall.ee\/uksetehas\/#website","url":"https:\/\/sakumetall.ee\/uksetehas\/","name":"Uksetehas","description":"Saku Metall AS tegeleb uksetootmise ja allhankega. Pakume tulet\u00f5kkeuksi, metalluksi, profiil- ja l\u00fckanduksi ning garaa\u017ei- ja t\u00f6\u00f6stuslikke t\u00f5stuksi ning lehtmetallist allhanket\u00f6id. V\u00f5ta \u00fchendust!","potentialAction":[{"@type":"SearchAction","target":{"@type":"EntryPoint","urlTemplate":"https:\/\/sakumetall.ee\/uksetehas\/?s={search_term_string}"},"query-input":{"@type":"PropertyValueSpecification","valueRequired":true,"valueName":"search_term_string"}}],"inLanguage":"et"}]}},"_links":{"self":[{"href":"https:\/\/sakumetall.ee\/uksetehas\/wp-json\/wp\/v2\/pages\/703","targetHints":{"allow":["GET"]}}],"collection":[{"href":"https:\/\/sakumetall.ee\/uksetehas\/wp-json\/wp\/v2\/pages"}],"about":[{"href":"https:\/\/sakumetall.ee\/uksetehas\/wp-json\/wp\/v2\/types\/page"}],"author":[{"embeddable":true,"href":"https:\/\/sakumetall.ee\/uksetehas\/wp-json\/wp\/v2\/users\/2"}],"replies":[{"embeddable":true,"href":"https:\/\/sakumetall.ee\/uksetehas\/wp-json\/wp\/v2\/comments?post=703"}],"version-history":[{"count":7,"href":"https:\/\/sakumetall.ee\/uksetehas\/wp-json\/wp\/v2\/pages\/703\/revisions"}],"predecessor-version":[{"id":5398,"href":"https:\/\/sakumetall.ee\/uksetehas\/wp-json\/wp\/v2\/pages\/703\/revisions\/5398"}],"up":[{"embeddable":true,"href":"https:\/\/sakumetall.ee\/uksetehas\/wp-json\/wp\/v2\/pages\/11"}],"wp:featuredmedia":[{"embeddable":true,"href":"https:\/\/sakumetall.ee\/uksetehas\/wp-json\/wp\/v2\/media\/690"}],"wp:attachment":[{"href":"https:\/\/sakumetall.ee\/uksetehas\/wp-json\/wp\/v2\/media?parent=703"}],"curies":[{"name":"wp","href":"https:\/\/api.w.org\/{rel}","templated":true}]}}