{"id":9085,"date":"2018-06-22T11:50:02","date_gmt":"2018-06-22T08:50:02","guid":{"rendered":"https:\/\/sakumetall.ee\/uksetehas\/?page_id=9085"},"modified":"2025-10-15T12:01:46","modified_gmt":"2025-10-15T09:01:46","slug":"lukuprojektid","status":"publish","type":"page","link":"https:\/\/sakumetall.ee\/uksetehas\/ettevottest\/lukuprojektid\/","title":{"rendered":"Lukuprojektid"},"content":{"rendered":"<p>Lisaks ustele pakume kliendile lukustuse projekteerimist ja teostust.<\/p>\n<p>Lukustuse projekteerimine h\u00f5lmab kogu hoone uste lukustuslahenduste ja lukkude sarjastuse m\u00e4\u00e4ramist koost\u00f6\u00f6s hoone arhitekti, \u00fcldprojekteerija, kasutaja ja tellijaga. Lukustusprojekti tulemuseks on lukustuslahenduste kirjeldus iga \u00fcksiku ukse kohta eraldi. Kinnitatud lukustusprojekti alusel valmistab uksetootja ustele lukkude paigaldamise jaoks vajalikud avad ja s\u00fcvised.<\/p>\n<p>Lukustusprojekt esitatakse \u00fcldjuhul tabeli kujul:<\/p>\n<p><a href=\"https:\/\/sakumetall.ee\/uksetehas\/wp-content\/uploads\/sites\/2\/2018\/06\/tabel.jpg\"><img loading=\"lazy\" decoding=\"async\" width=\"300\" height=\"129\" class=\"alignnone size-medium wp-image-9086\" src=\"https:\/\/sakumetall.ee\/uksetehas\/wp-content\/uploads\/sites\/2\/2018\/06\/tabel-300x129.jpg\" alt=\"\" srcset=\"https:\/\/sakumetall.ee\/uksetehas\/wp-content\/uploads\/sites\/2\/2018\/06\/tabel-300x129.jpg 300w, https:\/\/sakumetall.ee\/uksetehas\/wp-content\/uploads\/sites\/2\/2018\/06\/tabel-768x330.jpg 768w, https:\/\/sakumetall.ee\/uksetehas\/wp-content\/uploads\/sites\/2\/2018\/06\/tabel-1024x440.jpg 1024w, https:\/\/sakumetall.ee\/uksetehas\/wp-content\/uploads\/sites\/2\/2018\/06\/tabel-180x77.jpg 180w, https:\/\/sakumetall.ee\/uksetehas\/wp-content\/uploads\/sites\/2\/2018\/06\/tabel-400x172.jpg 400w, https:\/\/sakumetall.ee\/uksetehas\/wp-content\/uploads\/sites\/2\/2018\/06\/tabel.jpg 1452w\" sizes=\"auto, (max-width: 300px) 100vw, 300px\" \/><\/a><\/p>\n<h2>Sarjastamine<\/h2>\n<p>Uste mugavaks ja lihtsaks lukustamiseks soovitame kasutada v\u00f5tmepesade sarjastust. See t\u00e4hendab, et hoones saab iga isik avada k\u00f5ik vajalikud uksed \u00fche ja sama v\u00f5tmega, ehk iga kasutaja p\u00e4\u00e4seb oma v\u00f5tmega sisse ainult temale vajalikest ustest, mis on kindlaks m\u00e4\u00e4ratatud sarjatabelis. Sarjastus v\u00f5imaldab asendada suure v\u00f5tmekimbu \u00fcheainsa v\u00f5tmega.<\/p>\n<h4>Sarjastuse t\u00fc\u00fcbid:<\/h4>\n<h3>\u00dchev\u00f5tmelukustus<\/h3>\n<p>Lihtsaim sarjastuse t\u00fc\u00fcp: \u00fche v\u00f5tme v\u00f5i selle koopiatega saab avada mitu lukku. N\u00e4iteks \u00fche v\u00f5tmega v\u00f5ite avada nii maja v\u00e4lisukse kui ka garaazhi-, terrassi- jne ukse, aga ka n\u00e4iteks kuuri tabaluku.<\/p>\n<p><a href=\"https:\/\/sakumetall.ee\/uksetehas\/wp-content\/uploads\/sites\/2\/2018\/06\/yhev6tmelukustus.jpg\"><img loading=\"lazy\" decoding=\"async\" width=\"287\" height=\"233\" class=\"alignnone size-full wp-image-9087\" src=\"https:\/\/sakumetall.ee\/uksetehas\/wp-content\/uploads\/sites\/2\/2018\/06\/yhev6tmelukustus.jpg\" alt=\"\" srcset=\"https:\/\/sakumetall.ee\/uksetehas\/wp-content\/uploads\/sites\/2\/2018\/06\/yhev6tmelukustus.jpg 287w, https:\/\/sakumetall.ee\/uksetehas\/wp-content\/uploads\/sites\/2\/2018\/06\/yhev6tmelukustus-180x146.jpg 180w\" sizes=\"auto, (max-width: 287px) 100vw, 287px\" \/><\/a><\/p>\n<h3>Kortermaja s\u00fcsteem<\/h3>\n<p>K\u00f5ik individuaalsed korteriv\u00f5tmed avavad ka \u00fchisruumide uksi. N\u00e4iteks saab korteriv\u00f5tmega avada trepikoja, pesuruumi, keldri jms ruumi. S\u00fcsteemi saab lisada ka v\u00f5tmeid, mis avavad ainult \u00fchisruumide uksi. N\u00e4iteks remondimehe v\u00f5ti, mis avab trepikoja ja tehnoruumide uksi.<\/p>\n<p><a href=\"https:\/\/sakumetall.ee\/uksetehas\/wp-content\/uploads\/sites\/2\/2018\/06\/kortermaja.jpg\"><img loading=\"lazy\" decoding=\"async\" width=\"283\" height=\"261\" class=\"alignnone size-full wp-image-9088\" src=\"https:\/\/sakumetall.ee\/uksetehas\/wp-content\/uploads\/sites\/2\/2018\/06\/kortermaja.jpg\" alt=\"\" srcset=\"https:\/\/sakumetall.ee\/uksetehas\/wp-content\/uploads\/sites\/2\/2018\/06\/kortermaja.jpg 283w, https:\/\/sakumetall.ee\/uksetehas\/wp-content\/uploads\/sites\/2\/2018\/06\/kortermaja-180x166.jpg 180w\" sizes=\"auto, (max-width: 283px) 100vw, 283px\" \/><\/a><\/p>\n<h3>Peav\u00f5tmes\u00fcsteem<\/h3>\n<p>\u00dcles ehitatud samal p\u00f5him\u00f5ttel kui tavaline lukus\u00fcsteem, t\u00e4ienduseks k\u00f5iki uksi avav peav\u00f5ti. Peav\u00f5ti avab \u00fcldjuhul k\u00f5iki hoone uksi. Peav\u00f5tit tuleb hoida eriti hoolikalt kaotamise v\u00f5i v\u00f5\u00f5rastesse k\u00e4tesse sattumise eest. Peav\u00f5tme kaotamisega kaob ka kogu hoone lukustusturvalisus.<\/p>\n<p><a href=\"https:\/\/sakumetall.ee\/uksetehas\/wp-content\/uploads\/sites\/2\/2018\/06\/peav6tmesysteem.jpg\"><img loading=\"lazy\" decoding=\"async\" width=\"287\" height=\"267\" class=\"alignnone size-full wp-image-9089\" src=\"https:\/\/sakumetall.ee\/uksetehas\/wp-content\/uploads\/sites\/2\/2018\/06\/peav6tmesysteem.jpg\" alt=\"\" srcset=\"https:\/\/sakumetall.ee\/uksetehas\/wp-content\/uploads\/sites\/2\/2018\/06\/peav6tmesysteem.jpg 287w, https:\/\/sakumetall.ee\/uksetehas\/wp-content\/uploads\/sites\/2\/2018\/06\/peav6tmesysteem-180x167.jpg 180w\" sizes=\"auto, (max-width: 287px) 100vw, 287px\" \/><\/a><\/p>\n<h3>Suur peav\u00f5tmes\u00fcsteem<\/h3>\n<p>Mitu v\u00e4iksemat peav\u00f5tmega lukus\u00fcsteemi on koondatud \u00fchise peav\u00f5tme alla. Kogu s\u00fcsteemi peav\u00f5ti avab k\u00f5ik hoone lukus\u00fcdamikud. Alam v\u00f5tmes\u00fcsteemid on jaotatud n\u00e4iteks korruste, ruumide otstarbe v\u00f5i organisatsioonistruktuuri j\u00e4rgi. Suurt peav\u00f5tmes\u00fcsteemi kasutatakse \u00fcldjuhul suuremates organisatsioonides-hoonetes, nagu haiglad, koolid, hotellid, t\u00f6\u00f6stuskompleksid jne.<br \/>\nLukustusturvalisuse suure riskiohu t\u00f5ttu tuleb sellise s\u00fcsteemi peav\u00f5tme kasutamist hoida range kontrolli all. Ideaalse variandina peaks peav\u00f5ti olema kinni pitseeritud ja seda kasutatakse \u00fcksnes eriolukordades.<\/p>\n<p><a href=\"https:\/\/sakumetall.ee\/uksetehas\/wp-content\/uploads\/sites\/2\/2018\/06\/suur_peav6tmesysteem.jpg\"><img loading=\"lazy\" decoding=\"async\" width=\"300\" height=\"236\" class=\"alignnone size-medium wp-image-9090\" src=\"https:\/\/sakumetall.ee\/uksetehas\/wp-content\/uploads\/sites\/2\/2018\/06\/suur_peav6tmesysteem-300x236.jpg\" alt=\"\" srcset=\"https:\/\/sakumetall.ee\/uksetehas\/wp-content\/uploads\/sites\/2\/2018\/06\/suur_peav6tmesysteem-300x236.jpg 300w, https:\/\/sakumetall.ee\/uksetehas\/wp-content\/uploads\/sites\/2\/2018\/06\/suur_peav6tmesysteem-180x142.jpg 180w, https:\/\/sakumetall.ee\/uksetehas\/wp-content\/uploads\/sites\/2\/2018\/06\/suur_peav6tmesysteem.jpg 304w\" sizes=\"auto, (max-width: 300px) 100vw, 300px\" \/><\/a><\/p>\n<p>&nbsp;<\/p>\n","protected":false},"excerpt":{"rendered":"<p>Lisaks ustele pakume kliendile lukustuse projekteerimist ja teostust. Lukustuse projekteerimine h\u00f5lmab kogu hoone uste lukustuslahenduste ja lukkude sarjastuse m\u00e4\u00e4ramist koost\u00f6\u00f6s hoone arhitekti, \u00fcldprojekteerija, kasutaja ja tellijaga. Lukustusprojekti tulemuseks on lukustuslahenduste kirjeldus iga \u00fcksiku ukse kohta eraldi. Kinnitatud lukustusprojekti alusel valmistab uksetootja ustele lukkude paigaldamise jaoks vajalikud avad ja s\u00fcvised. Lukustusprojekt esitatakse \u00fcldjuhul tabeli kujul: Sarjastamine &#8230;<\/p>\n","protected":false},"author":13,"featured_media":0,"parent":13,"menu_order":6,"comment_status":"closed","ping_status":"closed","template":"","meta":{"footnotes":""},"class_list":["post-9085","page","type-page","status-publish","hentry"],"yoast_head":"<!-- This site is optimized with the Yoast SEO plugin v27.3 - https:\/\/yoast.com\/product\/yoast-seo-wordpress\/ -->\n<title>Lukuprojektid<\/title>\n<meta name=\"description\" content=\"Saku Metall AS tegeleb uksetootmise ja allhankega. Pakume tulet\u00f5kkeuksi, metalluksi, profiil- ja l\u00fckanduksi ning garaa\u017ei- ja t\u00f6\u00f6stuslikke t\u00f5stuksi ning lehtmetallist allhanket\u00f6id. V\u00f5ta \u00fchendust!\" \/>\n<meta name=\"robots\" content=\"index, follow, max-snippet:-1, max-image-preview:large, max-video-preview:-1\" \/>\n<link rel=\"canonical\" href=\"https:\/\/sakumetall.ee\/uksetehas\/ettevottest\/lukuprojektid\/\" \/>\n<meta property=\"og:locale\" content=\"et_EE\" \/>\n<meta property=\"og:type\" content=\"article\" \/>\n<meta property=\"og:title\" content=\"Lukuprojektid\" \/>\n<meta property=\"og:description\" content=\"Saku Metall AS tegeleb uksetootmise ja allhankega. Pakume tulet\u00f5kkeuksi, metalluksi, profiil- ja l\u00fckanduksi ning garaa\u017ei- ja t\u00f6\u00f6stuslikke t\u00f5stuksi ning lehtmetallist allhanket\u00f6id. V\u00f5ta \u00fchendust!\" \/>\n<meta property=\"og:url\" content=\"https:\/\/sakumetall.ee\/uksetehas\/ettevottest\/lukuprojektid\/\" \/>\n<meta property=\"og:site_name\" content=\"Uksetehas\" \/>\n<meta property=\"article:modified_time\" content=\"2025-10-15T09:01:46+00:00\" \/>\n<meta property=\"og:image\" content=\"https:\/\/sakumetall.ee\/uksetehas\/wp-content\/uploads\/sites\/2\/2018\/06\/tabel.jpg\" \/>\n\t<meta property=\"og:image:width\" content=\"1452\" \/>\n\t<meta property=\"og:image:height\" content=\"624\" \/>\n\t<meta property=\"og:image:type\" content=\"image\/jpeg\" \/>\n<meta name=\"twitter:card\" content=\"summary_large_image\" \/>\n<meta name=\"twitter:label1\" content=\"Est. reading time\" \/>\n\t<meta name=\"twitter:data1\" content=\"3 minutit\" \/>\n<script type=\"application\/ld+json\" class=\"yoast-schema-graph\">{\"@context\":\"https:\\\/\\\/schema.org\",\"@graph\":[{\"@type\":\"WebPage\",\"@id\":\"https:\\\/\\\/sakumetall.ee\\\/uksetehas\\\/ettevottest\\\/lukuprojektid\\\/\",\"url\":\"https:\\\/\\\/sakumetall.ee\\\/uksetehas\\\/ettevottest\\\/lukuprojektid\\\/\",\"name\":\"Lukuprojektid\",\"isPartOf\":{\"@id\":\"https:\\\/\\\/sakumetall.ee\\\/uksetehas\\\/#website\"},\"primaryImageOfPage\":{\"@id\":\"https:\\\/\\\/sakumetall.ee\\\/uksetehas\\\/ettevottest\\\/lukuprojektid\\\/#primaryimage\"},\"image\":{\"@id\":\"https:\\\/\\\/sakumetall.ee\\\/uksetehas\\\/ettevottest\\\/lukuprojektid\\\/#primaryimage\"},\"thumbnailUrl\":\"https:\\\/\\\/sakumetall.ee\\\/uksetehas\\\/wp-content\\\/uploads\\\/sites\\\/2\\\/2018\\\/06\\\/tabel-300x129.jpg\",\"datePublished\":\"2018-06-22T08:50:02+00:00\",\"dateModified\":\"2025-10-15T09:01:46+00:00\",\"description\":\"Saku Metall AS tegeleb uksetootmise ja allhankega. Pakume tulet\u00f5kkeuksi, metalluksi, profiil- ja l\u00fckanduksi ning garaa\u017ei- ja t\u00f6\u00f6stuslikke t\u00f5stuksi ning lehtmetallist allhanket\u00f6id. V\u00f5ta \u00fchendust!\",\"breadcrumb\":{\"@id\":\"https:\\\/\\\/sakumetall.ee\\\/uksetehas\\\/ettevottest\\\/lukuprojektid\\\/#breadcrumb\"},\"inLanguage\":\"et\",\"potentialAction\":[{\"@type\":\"ReadAction\",\"target\":[\"https:\\\/\\\/sakumetall.ee\\\/uksetehas\\\/ettevottest\\\/lukuprojektid\\\/\"]}]},{\"@type\":\"ImageObject\",\"inLanguage\":\"et\",\"@id\":\"https:\\\/\\\/sakumetall.ee\\\/uksetehas\\\/ettevottest\\\/lukuprojektid\\\/#primaryimage\",\"url\":\"https:\\\/\\\/sakumetall.ee\\\/uksetehas\\\/wp-content\\\/uploads\\\/sites\\\/2\\\/2018\\\/06\\\/tabel.jpg\",\"contentUrl\":\"https:\\\/\\\/sakumetall.ee\\\/uksetehas\\\/wp-content\\\/uploads\\\/sites\\\/2\\\/2018\\\/06\\\/tabel.jpg\",\"width\":1452,\"height\":624},{\"@type\":\"BreadcrumbList\",\"@id\":\"https:\\\/\\\/sakumetall.ee\\\/uksetehas\\\/ettevottest\\\/lukuprojektid\\\/#breadcrumb\",\"itemListElement\":[{\"@type\":\"ListItem\",\"position\":1,\"name\":\"Home\",\"item\":\"https:\\\/\\\/sakumetall.ee\\\/uksetehas\\\/\"},{\"@type\":\"ListItem\",\"position\":2,\"name\":\"Ettev\u00f5ttest\",\"item\":\"https:\\\/\\\/sakumetall.ee\\\/uksetehas\\\/ettevottest\\\/\"},{\"@type\":\"ListItem\",\"position\":3,\"name\":\"Lukuprojektid\"}]},{\"@type\":\"WebSite\",\"@id\":\"https:\\\/\\\/sakumetall.ee\\\/uksetehas\\\/#website\",\"url\":\"https:\\\/\\\/sakumetall.ee\\\/uksetehas\\\/\",\"name\":\"Uksetehas\",\"description\":\"Saku Metall AS tegeleb uksetootmise ja allhankega. Pakume tulet\u00f5kkeuksi, metalluksi, profiil- ja l\u00fckanduksi ning garaa\u017ei- ja t\u00f6\u00f6stuslikke t\u00f5stuksi ning lehtmetallist allhanket\u00f6id. V\u00f5ta \u00fchendust!\",\"potentialAction\":[{\"@type\":\"SearchAction\",\"target\":{\"@type\":\"EntryPoint\",\"urlTemplate\":\"https:\\\/\\\/sakumetall.ee\\\/uksetehas\\\/?s={search_term_string}\"},\"query-input\":{\"@type\":\"PropertyValueSpecification\",\"valueRequired\":true,\"valueName\":\"search_term_string\"}}],\"inLanguage\":\"et\"}]}<\/script>\n<!-- \/ Yoast SEO plugin. -->","yoast_head_json":{"title":"Lukuprojektid","description":"Saku Metall AS tegeleb uksetootmise ja allhankega. Pakume tulet\u00f5kkeuksi, metalluksi, profiil- ja l\u00fckanduksi ning garaa\u017ei- ja t\u00f6\u00f6stuslikke t\u00f5stuksi ning lehtmetallist allhanket\u00f6id. V\u00f5ta \u00fchendust!","robots":{"index":"index","follow":"follow","max-snippet":"max-snippet:-1","max-image-preview":"max-image-preview:large","max-video-preview":"max-video-preview:-1"},"canonical":"https:\/\/sakumetall.ee\/uksetehas\/ettevottest\/lukuprojektid\/","og_locale":"et_EE","og_type":"article","og_title":"Lukuprojektid","og_description":"Saku Metall AS tegeleb uksetootmise ja allhankega. Pakume tulet\u00f5kkeuksi, metalluksi, profiil- ja l\u00fckanduksi ning garaa\u017ei- ja t\u00f6\u00f6stuslikke t\u00f5stuksi ning lehtmetallist allhanket\u00f6id. V\u00f5ta \u00fchendust!","og_url":"https:\/\/sakumetall.ee\/uksetehas\/ettevottest\/lukuprojektid\/","og_site_name":"Uksetehas","article_modified_time":"2025-10-15T09:01:46+00:00","og_image":[{"width":1452,"height":624,"url":"https:\/\/sakumetall.ee\/uksetehas\/wp-content\/uploads\/sites\/2\/2018\/06\/tabel.jpg","type":"image\/jpeg"}],"twitter_card":"summary_large_image","twitter_misc":{"Est. reading time":"3 minutit"},"schema":{"@context":"https:\/\/schema.org","@graph":[{"@type":"WebPage","@id":"https:\/\/sakumetall.ee\/uksetehas\/ettevottest\/lukuprojektid\/","url":"https:\/\/sakumetall.ee\/uksetehas\/ettevottest\/lukuprojektid\/","name":"Lukuprojektid","isPartOf":{"@id":"https:\/\/sakumetall.ee\/uksetehas\/#website"},"primaryImageOfPage":{"@id":"https:\/\/sakumetall.ee\/uksetehas\/ettevottest\/lukuprojektid\/#primaryimage"},"image":{"@id":"https:\/\/sakumetall.ee\/uksetehas\/ettevottest\/lukuprojektid\/#primaryimage"},"thumbnailUrl":"https:\/\/sakumetall.ee\/uksetehas\/wp-content\/uploads\/sites\/2\/2018\/06\/tabel-300x129.jpg","datePublished":"2018-06-22T08:50:02+00:00","dateModified":"2025-10-15T09:01:46+00:00","description":"Saku Metall AS tegeleb uksetootmise ja allhankega. Pakume tulet\u00f5kkeuksi, metalluksi, profiil- ja l\u00fckanduksi ning garaa\u017ei- ja t\u00f6\u00f6stuslikke t\u00f5stuksi ning lehtmetallist allhanket\u00f6id. V\u00f5ta \u00fchendust!","breadcrumb":{"@id":"https:\/\/sakumetall.ee\/uksetehas\/ettevottest\/lukuprojektid\/#breadcrumb"},"inLanguage":"et","potentialAction":[{"@type":"ReadAction","target":["https:\/\/sakumetall.ee\/uksetehas\/ettevottest\/lukuprojektid\/"]}]},{"@type":"ImageObject","inLanguage":"et","@id":"https:\/\/sakumetall.ee\/uksetehas\/ettevottest\/lukuprojektid\/#primaryimage","url":"https:\/\/sakumetall.ee\/uksetehas\/wp-content\/uploads\/sites\/2\/2018\/06\/tabel.jpg","contentUrl":"https:\/\/sakumetall.ee\/uksetehas\/wp-content\/uploads\/sites\/2\/2018\/06\/tabel.jpg","width":1452,"height":624},{"@type":"BreadcrumbList","@id":"https:\/\/sakumetall.ee\/uksetehas\/ettevottest\/lukuprojektid\/#breadcrumb","itemListElement":[{"@type":"ListItem","position":1,"name":"Home","item":"https:\/\/sakumetall.ee\/uksetehas\/"},{"@type":"ListItem","position":2,"name":"Ettev\u00f5ttest","item":"https:\/\/sakumetall.ee\/uksetehas\/ettevottest\/"},{"@type":"ListItem","position":3,"name":"Lukuprojektid"}]},{"@type":"WebSite","@id":"https:\/\/sakumetall.ee\/uksetehas\/#website","url":"https:\/\/sakumetall.ee\/uksetehas\/","name":"Uksetehas","description":"Saku Metall AS tegeleb uksetootmise ja allhankega. Pakume tulet\u00f5kkeuksi, metalluksi, profiil- ja l\u00fckanduksi ning garaa\u017ei- ja t\u00f6\u00f6stuslikke t\u00f5stuksi ning lehtmetallist allhanket\u00f6id. V\u00f5ta \u00fchendust!","potentialAction":[{"@type":"SearchAction","target":{"@type":"EntryPoint","urlTemplate":"https:\/\/sakumetall.ee\/uksetehas\/?s={search_term_string}"},"query-input":{"@type":"PropertyValueSpecification","valueRequired":true,"valueName":"search_term_string"}}],"inLanguage":"et"}]}},"_links":{"self":[{"href":"https:\/\/sakumetall.ee\/uksetehas\/wp-json\/wp\/v2\/pages\/9085","targetHints":{"allow":["GET"]}}],"collection":[{"href":"https:\/\/sakumetall.ee\/uksetehas\/wp-json\/wp\/v2\/pages"}],"about":[{"href":"https:\/\/sakumetall.ee\/uksetehas\/wp-json\/wp\/v2\/types\/page"}],"author":[{"embeddable":true,"href":"https:\/\/sakumetall.ee\/uksetehas\/wp-json\/wp\/v2\/users\/13"}],"replies":[{"embeddable":true,"href":"https:\/\/sakumetall.ee\/uksetehas\/wp-json\/wp\/v2\/comments?post=9085"}],"version-history":[{"count":7,"href":"https:\/\/sakumetall.ee\/uksetehas\/wp-json\/wp\/v2\/pages\/9085\/revisions"}],"predecessor-version":[{"id":34642,"href":"https:\/\/sakumetall.ee\/uksetehas\/wp-json\/wp\/v2\/pages\/9085\/revisions\/34642"}],"up":[{"embeddable":true,"href":"https:\/\/sakumetall.ee\/uksetehas\/wp-json\/wp\/v2\/pages\/13"}],"wp:attachment":[{"href":"https:\/\/sakumetall.ee\/uksetehas\/wp-json\/wp\/v2\/media?parent=9085"}],"curies":[{"name":"wp","href":"https:\/\/api.w.org\/{rel}","templated":true}]}}