{"id":9257,"date":"2018-09-24T09:24:19","date_gmt":"2018-09-24T06:24:19","guid":{"rendered":"https:\/\/sakumetall.ee\/uksetehas\/?page_id=9257"},"modified":"2024-01-09T15:31:33","modified_gmt":"2024-01-09T13:31:33","slug":"viimsi-riigiguemnaasium","status":"publish","type":"page","link":"https:\/\/sakumetall.ee\/uksetehas\/tehtud-tood\/viimsi-riigiguemnaasium\/","title":{"rendered":"Viimsi Riigig\u00fcmnaasium"},"content":{"rendered":"<p><a href=\"https:\/\/sakumetall.ee\/uksetehas\/wp-content\/uploads\/sites\/2\/2018\/09\/IMG_4834.jpg\"><img loading=\"lazy\" decoding=\"async\" width=\"1000\" height=\"750\" class=\"alignnone size-full wp-image-9259\" src=\"https:\/\/sakumetall.ee\/uksetehas\/wp-content\/uploads\/sites\/2\/2018\/09\/IMG_4834.jpg\" alt=\"viimsi_riigig\u00fcmnaasium\" srcset=\"https:\/\/sakumetall.ee\/uksetehas\/wp-content\/uploads\/sites\/2\/2018\/09\/IMG_4834.jpg 1000w, https:\/\/sakumetall.ee\/uksetehas\/wp-content\/uploads\/sites\/2\/2018\/09\/IMG_4834-300x225.jpg 300w, https:\/\/sakumetall.ee\/uksetehas\/wp-content\/uploads\/sites\/2\/2018\/09\/IMG_4834-768x576.jpg 768w, https:\/\/sakumetall.ee\/uksetehas\/wp-content\/uploads\/sites\/2\/2018\/09\/IMG_4834-180x135.jpg 180w, https:\/\/sakumetall.ee\/uksetehas\/wp-content\/uploads\/sites\/2\/2018\/09\/IMG_4834-400x300.jpg 400w\" sizes=\"auto, (max-width: 1000px) 100vw, 1000px\" \/><\/a><\/p>\n<p><a href=\"https:\/\/sakumetall.ee\/uksetehas\/wp-content\/uploads\/sites\/2\/2018\/09\/IMG_4830.jpg\"><img loading=\"lazy\" decoding=\"async\" width=\"1000\" height=\"750\" class=\"alignnone size-full wp-image-9260\" src=\"https:\/\/sakumetall.ee\/uksetehas\/wp-content\/uploads\/sites\/2\/2018\/09\/IMG_4830.jpg\" alt=\"viimsi_riigig\u00fcmnaasium\" srcset=\"https:\/\/sakumetall.ee\/uksetehas\/wp-content\/uploads\/sites\/2\/2018\/09\/IMG_4830.jpg 1000w, https:\/\/sakumetall.ee\/uksetehas\/wp-content\/uploads\/sites\/2\/2018\/09\/IMG_4830-300x225.jpg 300w, https:\/\/sakumetall.ee\/uksetehas\/wp-content\/uploads\/sites\/2\/2018\/09\/IMG_4830-768x576.jpg 768w, https:\/\/sakumetall.ee\/uksetehas\/wp-content\/uploads\/sites\/2\/2018\/09\/IMG_4830-180x135.jpg 180w, https:\/\/sakumetall.ee\/uksetehas\/wp-content\/uploads\/sites\/2\/2018\/09\/IMG_4830-400x300.jpg 400w\" sizes=\"auto, (max-width: 1000px) 100vw, 1000px\" \/><\/a><\/p>\n<p><a href=\"https:\/\/sakumetall.ee\/uksetehas\/wp-content\/uploads\/sites\/2\/2018\/09\/IMG_4836.jpg\"><img loading=\"lazy\" decoding=\"async\" width=\"1000\" height=\"750\" class=\"alignnone size-full wp-image-9262\" src=\"https:\/\/sakumetall.ee\/uksetehas\/wp-content\/uploads\/sites\/2\/2018\/09\/IMG_4836.jpg\" alt=\"viimsi_riigig\u00fcmnaasium\" srcset=\"https:\/\/sakumetall.ee\/uksetehas\/wp-content\/uploads\/sites\/2\/2018\/09\/IMG_4836.jpg 1000w, https:\/\/sakumetall.ee\/uksetehas\/wp-content\/uploads\/sites\/2\/2018\/09\/IMG_4836-300x225.jpg 300w, https:\/\/sakumetall.ee\/uksetehas\/wp-content\/uploads\/sites\/2\/2018\/09\/IMG_4836-768x576.jpg 768w, https:\/\/sakumetall.ee\/uksetehas\/wp-content\/uploads\/sites\/2\/2018\/09\/IMG_4836-180x135.jpg 180w, https:\/\/sakumetall.ee\/uksetehas\/wp-content\/uploads\/sites\/2\/2018\/09\/IMG_4836-400x300.jpg 400w\" sizes=\"auto, (max-width: 1000px) 100vw, 1000px\" \/><\/a><\/p>\n<p><a href=\"https:\/\/sakumetall.ee\/uksetehas\/wp-content\/uploads\/sites\/2\/2018\/09\/IMG_4840.jpg\"><img loading=\"lazy\" decoding=\"async\" width=\"1000\" height=\"750\" class=\"alignnone size-full wp-image-9263\" src=\"https:\/\/sakumetall.ee\/uksetehas\/wp-content\/uploads\/sites\/2\/2018\/09\/IMG_4840.jpg\" alt=\"viimsi_riigig\u00fcmnaasium\" srcset=\"https:\/\/sakumetall.ee\/uksetehas\/wp-content\/uploads\/sites\/2\/2018\/09\/IMG_4840.jpg 1000w, https:\/\/sakumetall.ee\/uksetehas\/wp-content\/uploads\/sites\/2\/2018\/09\/IMG_4840-300x225.jpg 300w, https:\/\/sakumetall.ee\/uksetehas\/wp-content\/uploads\/sites\/2\/2018\/09\/IMG_4840-768x576.jpg 768w, https:\/\/sakumetall.ee\/uksetehas\/wp-content\/uploads\/sites\/2\/2018\/09\/IMG_4840-180x135.jpg 180w, https:\/\/sakumetall.ee\/uksetehas\/wp-content\/uploads\/sites\/2\/2018\/09\/IMG_4840-400x300.jpg 400w\" sizes=\"auto, (max-width: 1000px) 100vw, 1000px\" \/><\/a><\/p>\n<p><a href=\"https:\/\/sakumetall.ee\/uksetehas\/wp-content\/uploads\/sites\/2\/2018\/09\/IMG_4842.jpg\"><img loading=\"lazy\" decoding=\"async\" width=\"1000\" height=\"750\" class=\"alignnone size-full wp-image-9264\" src=\"https:\/\/sakumetall.ee\/uksetehas\/wp-content\/uploads\/sites\/2\/2018\/09\/IMG_4842.jpg\" alt=\"viimsi_riigig\u00fcmnaasium\" srcset=\"https:\/\/sakumetall.ee\/uksetehas\/wp-content\/uploads\/sites\/2\/2018\/09\/IMG_4842.jpg 1000w, https:\/\/sakumetall.ee\/uksetehas\/wp-content\/uploads\/sites\/2\/2018\/09\/IMG_4842-300x225.jpg 300w, https:\/\/sakumetall.ee\/uksetehas\/wp-content\/uploads\/sites\/2\/2018\/09\/IMG_4842-768x576.jpg 768w, https:\/\/sakumetall.ee\/uksetehas\/wp-content\/uploads\/sites\/2\/2018\/09\/IMG_4842-180x135.jpg 180w, https:\/\/sakumetall.ee\/uksetehas\/wp-content\/uploads\/sites\/2\/2018\/09\/IMG_4842-400x300.jpg 400w\" sizes=\"auto, (max-width: 1000px) 100vw, 1000px\" \/><\/a><\/p>\n<p><a href=\"https:\/\/sakumetall.ee\/uksetehas\/wp-content\/uploads\/sites\/2\/2018\/09\/IMG_4852.jpg\"><img loading=\"lazy\" decoding=\"async\" class=\"alignnone wp-image-9272 size-full\" src=\"https:\/\/sakumetall.ee\/uksetehas\/wp-content\/uploads\/sites\/2\/2018\/09\/IMG_4852.jpg\" alt=\"\" width=\"1000\" height=\"750\" srcset=\"https:\/\/sakumetall.ee\/uksetehas\/wp-content\/uploads\/sites\/2\/2018\/09\/IMG_4852.jpg 1000w, https:\/\/sakumetall.ee\/uksetehas\/wp-content\/uploads\/sites\/2\/2018\/09\/IMG_4852-300x225.jpg 300w, https:\/\/sakumetall.ee\/uksetehas\/wp-content\/uploads\/sites\/2\/2018\/09\/IMG_4852-768x576.jpg 768w, https:\/\/sakumetall.ee\/uksetehas\/wp-content\/uploads\/sites\/2\/2018\/09\/IMG_4852-180x135.jpg 180w, https:\/\/sakumetall.ee\/uksetehas\/wp-content\/uploads\/sites\/2\/2018\/09\/IMG_4852-400x300.jpg 400w\" sizes=\"auto, (max-width: 1000px) 100vw, 1000px\" \/><\/a><\/p>\n<p><a href=\"https:\/\/sakumetall.ee\/uksetehas\/wp-content\/uploads\/sites\/2\/2018\/09\/IMG_4862.jpg\"><img loading=\"lazy\" decoding=\"async\" width=\"1000\" height=\"750\" class=\"alignnone size-full wp-image-9266\" src=\"https:\/\/sakumetall.ee\/uksetehas\/wp-content\/uploads\/sites\/2\/2018\/09\/IMG_4862.jpg\" alt=\"viimsi_riigig\u00fcmnaasium\" srcset=\"https:\/\/sakumetall.ee\/uksetehas\/wp-content\/uploads\/sites\/2\/2018\/09\/IMG_4862.jpg 1000w, https:\/\/sakumetall.ee\/uksetehas\/wp-content\/uploads\/sites\/2\/2018\/09\/IMG_4862-300x225.jpg 300w, https:\/\/sakumetall.ee\/uksetehas\/wp-content\/uploads\/sites\/2\/2018\/09\/IMG_4862-768x576.jpg 768w, https:\/\/sakumetall.ee\/uksetehas\/wp-content\/uploads\/sites\/2\/2018\/09\/IMG_4862-180x135.jpg 180w, https:\/\/sakumetall.ee\/uksetehas\/wp-content\/uploads\/sites\/2\/2018\/09\/IMG_4862-400x300.jpg 400w\" sizes=\"auto, (max-width: 1000px) 100vw, 1000px\" \/><\/a><\/p>\n<p><a href=\"https:\/\/sakumetall.ee\/uksetehas\/wp-content\/uploads\/sites\/2\/2018\/09\/IMG_4865.jpg\"><img loading=\"lazy\" decoding=\"async\" width=\"1000\" height=\"750\" class=\"alignnone size-full wp-image-9267\" src=\"https:\/\/sakumetall.ee\/uksetehas\/wp-content\/uploads\/sites\/2\/2018\/09\/IMG_4865.jpg\" alt=\"viimsi_riigig\u00fcmnaasium\" srcset=\"https:\/\/sakumetall.ee\/uksetehas\/wp-content\/uploads\/sites\/2\/2018\/09\/IMG_4865.jpg 1000w, https:\/\/sakumetall.ee\/uksetehas\/wp-content\/uploads\/sites\/2\/2018\/09\/IMG_4865-300x225.jpg 300w, https:\/\/sakumetall.ee\/uksetehas\/wp-content\/uploads\/sites\/2\/2018\/09\/IMG_4865-768x576.jpg 768w, https:\/\/sakumetall.ee\/uksetehas\/wp-content\/uploads\/sites\/2\/2018\/09\/IMG_4865-180x135.jpg 180w, https:\/\/sakumetall.ee\/uksetehas\/wp-content\/uploads\/sites\/2\/2018\/09\/IMG_4865-400x300.jpg 400w\" sizes=\"auto, (max-width: 1000px) 100vw, 1000px\" \/><\/a><\/p>\n<p><a href=\"https:\/\/sakumetall.ee\/uksetehas\/wp-content\/uploads\/sites\/2\/2018\/09\/IMG_4873.jpg\"><img loading=\"lazy\" decoding=\"async\" width=\"1000\" height=\"762\" class=\"alignnone size-full wp-image-9268\" src=\"https:\/\/sakumetall.ee\/uksetehas\/wp-content\/uploads\/sites\/2\/2018\/09\/IMG_4873.jpg\" alt=\"viimsi_riigig\u00fcmnaasium\" srcset=\"https:\/\/sakumetall.ee\/uksetehas\/wp-content\/uploads\/sites\/2\/2018\/09\/IMG_4873.jpg 1000w, https:\/\/sakumetall.ee\/uksetehas\/wp-content\/uploads\/sites\/2\/2018\/09\/IMG_4873-300x229.jpg 300w, https:\/\/sakumetall.ee\/uksetehas\/wp-content\/uploads\/sites\/2\/2018\/09\/IMG_4873-768x585.jpg 768w, https:\/\/sakumetall.ee\/uksetehas\/wp-content\/uploads\/sites\/2\/2018\/09\/IMG_4873-180x137.jpg 180w, https:\/\/sakumetall.ee\/uksetehas\/wp-content\/uploads\/sites\/2\/2018\/09\/IMG_4873-400x305.jpg 400w\" sizes=\"auto, (max-width: 1000px) 100vw, 1000px\" \/><\/a><\/p>\n<p><a href=\"https:\/\/sakumetall.ee\/uksetehas\/wp-content\/uploads\/sites\/2\/2018\/09\/IMG_4867.jpg\"><img loading=\"lazy\" decoding=\"async\" width=\"651\" height=\"1000\" class=\"alignnone size-full wp-image-9269\" src=\"https:\/\/sakumetall.ee\/uksetehas\/wp-content\/uploads\/sites\/2\/2018\/09\/IMG_4867.jpg\" alt=\"viimsi_riigig\u00fcmnaasium\" srcset=\"https:\/\/sakumetall.ee\/uksetehas\/wp-content\/uploads\/sites\/2\/2018\/09\/IMG_4867.jpg 651w, https:\/\/sakumetall.ee\/uksetehas\/wp-content\/uploads\/sites\/2\/2018\/09\/IMG_4867-195x300.jpg 195w, https:\/\/sakumetall.ee\/uksetehas\/wp-content\/uploads\/sites\/2\/2018\/09\/IMG_4867-117x180.jpg 117w, https:\/\/sakumetall.ee\/uksetehas\/wp-content\/uploads\/sites\/2\/2018\/09\/IMG_4867-260x400.jpg 260w\" sizes=\"auto, (max-width: 651px) 100vw, 651px\" \/><\/a><\/p>\n","protected":false},"excerpt":{"rendered":"","protected":false},"author":13,"featured_media":9258,"parent":11,"menu_order":0,"comment_status":"closed","ping_status":"closed","template":"project-template.php","meta":{"footnotes":""},"class_list":["post-9257","page","type-page","status-publish","has-post-thumbnail","hentry"],"yoast_head":"<!-- This site is optimized with the Yoast SEO plugin v27.4 - https:\/\/yoast.com\/product\/yoast-seo-wordpress\/ -->\n<title>Viimsi Riigig\u00fcmnaasium<\/title>\n<meta name=\"description\" content=\"Saku Metall AS tegeleb uksetootmise ja allhankega. Pakume tulet\u00f5kkeuksi, metalluksi, profiil- ja l\u00fckanduksi ning garaa\u017ei- ja t\u00f6\u00f6stuslikke t\u00f5stuksi ning lehtmetallist allhanket\u00f6id. V\u00f5ta \u00fchendust!\" \/>\n<meta name=\"robots\" content=\"index, follow, max-snippet:-1, max-image-preview:large, max-video-preview:-1\" \/>\n<link rel=\"canonical\" href=\"https:\/\/sakumetall.ee\/uksetehas\/tehtud-tood\/viimsi-riigiguemnaasium\/\" \/>\n<meta property=\"og:locale\" content=\"et_EE\" \/>\n<meta property=\"og:type\" content=\"article\" \/>\n<meta property=\"og:title\" content=\"Viimsi Riigig\u00fcmnaasium\" \/>\n<meta property=\"og:description\" content=\"Saku Metall AS tegeleb uksetootmise ja allhankega. Pakume tulet\u00f5kkeuksi, metalluksi, profiil- ja l\u00fckanduksi ning garaa\u017ei- ja t\u00f6\u00f6stuslikke t\u00f5stuksi ning lehtmetallist allhanket\u00f6id. V\u00f5ta \u00fchendust!\" \/>\n<meta property=\"og:url\" content=\"https:\/\/sakumetall.ee\/uksetehas\/tehtud-tood\/viimsi-riigiguemnaasium\/\" \/>\n<meta property=\"og:site_name\" content=\"Uksetehas\" \/>\n<meta property=\"article:modified_time\" content=\"2024-01-09T13:31:33+00:00\" \/>\n<meta property=\"og:image\" content=\"https:\/\/sakumetall.ee\/uksetehas\/wp-content\/uploads\/sites\/2\/2018\/09\/IMG_4869.jpg\" \/>\n\t<meta property=\"og:image:width\" content=\"1000\" \/>\n\t<meta property=\"og:image:height\" content=\"750\" \/>\n\t<meta property=\"og:image:type\" content=\"image\/jpeg\" \/>\n<meta name=\"twitter:card\" content=\"summary_large_image\" \/>\n<meta name=\"twitter:label1\" content=\"Est. reading time\" \/>\n\t<meta name=\"twitter:data1\" content=\"3 minutit\" \/>\n<script type=\"application\/ld+json\" class=\"yoast-schema-graph\">{\"@context\":\"https:\\\/\\\/schema.org\",\"@graph\":[{\"@type\":\"WebPage\",\"@id\":\"https:\\\/\\\/sakumetall.ee\\\/uksetehas\\\/tehtud-tood\\\/viimsi-riigiguemnaasium\\\/\",\"url\":\"https:\\\/\\\/sakumetall.ee\\\/uksetehas\\\/tehtud-tood\\\/viimsi-riigiguemnaasium\\\/\",\"name\":\"Viimsi Riigig\u00fcmnaasium\",\"isPartOf\":{\"@id\":\"https:\\\/\\\/sakumetall.ee\\\/uksetehas\\\/#website\"},\"primaryImageOfPage\":{\"@id\":\"https:\\\/\\\/sakumetall.ee\\\/uksetehas\\\/tehtud-tood\\\/viimsi-riigiguemnaasium\\\/#primaryimage\"},\"image\":{\"@id\":\"https:\\\/\\\/sakumetall.ee\\\/uksetehas\\\/tehtud-tood\\\/viimsi-riigiguemnaasium\\\/#primaryimage\"},\"thumbnailUrl\":\"https:\\\/\\\/sakumetall.ee\\\/uksetehas\\\/wp-content\\\/uploads\\\/sites\\\/2\\\/2018\\\/09\\\/IMG_4869.jpg\",\"datePublished\":\"2018-09-24T06:24:19+00:00\",\"dateModified\":\"2024-01-09T13:31:33+00:00\",\"description\":\"Saku Metall AS tegeleb uksetootmise ja allhankega. Pakume tulet\u00f5kkeuksi, metalluksi, profiil- ja l\u00fckanduksi ning garaa\u017ei- ja t\u00f6\u00f6stuslikke t\u00f5stuksi ning lehtmetallist allhanket\u00f6id. V\u00f5ta \u00fchendust!\",\"breadcrumb\":{\"@id\":\"https:\\\/\\\/sakumetall.ee\\\/uksetehas\\\/tehtud-tood\\\/viimsi-riigiguemnaasium\\\/#breadcrumb\"},\"inLanguage\":\"et\",\"potentialAction\":[{\"@type\":\"ReadAction\",\"target\":[\"https:\\\/\\\/sakumetall.ee\\\/uksetehas\\\/tehtud-tood\\\/viimsi-riigiguemnaasium\\\/\"]}]},{\"@type\":\"ImageObject\",\"inLanguage\":\"et\",\"@id\":\"https:\\\/\\\/sakumetall.ee\\\/uksetehas\\\/tehtud-tood\\\/viimsi-riigiguemnaasium\\\/#primaryimage\",\"url\":\"https:\\\/\\\/sakumetall.ee\\\/uksetehas\\\/wp-content\\\/uploads\\\/sites\\\/2\\\/2018\\\/09\\\/IMG_4869.jpg\",\"contentUrl\":\"https:\\\/\\\/sakumetall.ee\\\/uksetehas\\\/wp-content\\\/uploads\\\/sites\\\/2\\\/2018\\\/09\\\/IMG_4869.jpg\",\"width\":1000,\"height\":750,\"caption\":\"viimsi_riigig\u00fcmnaasium\"},{\"@type\":\"BreadcrumbList\",\"@id\":\"https:\\\/\\\/sakumetall.ee\\\/uksetehas\\\/tehtud-tood\\\/viimsi-riigiguemnaasium\\\/#breadcrumb\",\"itemListElement\":[{\"@type\":\"ListItem\",\"position\":1,\"name\":\"Home\",\"item\":\"https:\\\/\\\/sakumetall.ee\\\/uksetehas\\\/\"},{\"@type\":\"ListItem\",\"position\":2,\"name\":\"Tehtud t\u00f6\u00f6d\",\"item\":\"https:\\\/\\\/sakumetall.ee\\\/uksetehas\\\/tehtud-tood\\\/\"},{\"@type\":\"ListItem\",\"position\":3,\"name\":\"Viimsi Riigig\u00fcmnaasium\"}]},{\"@type\":\"WebSite\",\"@id\":\"https:\\\/\\\/sakumetall.ee\\\/uksetehas\\\/#website\",\"url\":\"https:\\\/\\\/sakumetall.ee\\\/uksetehas\\\/\",\"name\":\"Uksetehas\",\"description\":\"Saku Metall AS tegeleb uksetootmise ja allhankega. Pakume tulet\u00f5kkeuksi, metalluksi, profiil- ja l\u00fckanduksi ning garaa\u017ei- ja t\u00f6\u00f6stuslikke t\u00f5stuksi ning lehtmetallist allhanket\u00f6id. V\u00f5ta \u00fchendust!\",\"potentialAction\":[{\"@type\":\"SearchAction\",\"target\":{\"@type\":\"EntryPoint\",\"urlTemplate\":\"https:\\\/\\\/sakumetall.ee\\\/uksetehas\\\/?s={search_term_string}\"},\"query-input\":{\"@type\":\"PropertyValueSpecification\",\"valueRequired\":true,\"valueName\":\"search_term_string\"}}],\"inLanguage\":\"et\"}]}<\/script>\n<!-- \/ Yoast SEO plugin. -->","yoast_head_json":{"title":"Viimsi Riigig\u00fcmnaasium","description":"Saku Metall AS tegeleb uksetootmise ja allhankega. Pakume tulet\u00f5kkeuksi, metalluksi, profiil- ja l\u00fckanduksi ning garaa\u017ei- ja t\u00f6\u00f6stuslikke t\u00f5stuksi ning lehtmetallist allhanket\u00f6id. V\u00f5ta \u00fchendust!","robots":{"index":"index","follow":"follow","max-snippet":"max-snippet:-1","max-image-preview":"max-image-preview:large","max-video-preview":"max-video-preview:-1"},"canonical":"https:\/\/sakumetall.ee\/uksetehas\/tehtud-tood\/viimsi-riigiguemnaasium\/","og_locale":"et_EE","og_type":"article","og_title":"Viimsi Riigig\u00fcmnaasium","og_description":"Saku Metall AS tegeleb uksetootmise ja allhankega. Pakume tulet\u00f5kkeuksi, metalluksi, profiil- ja l\u00fckanduksi ning garaa\u017ei- ja t\u00f6\u00f6stuslikke t\u00f5stuksi ning lehtmetallist allhanket\u00f6id. V\u00f5ta \u00fchendust!","og_url":"https:\/\/sakumetall.ee\/uksetehas\/tehtud-tood\/viimsi-riigiguemnaasium\/","og_site_name":"Uksetehas","article_modified_time":"2024-01-09T13:31:33+00:00","og_image":[{"width":1000,"height":750,"url":"https:\/\/sakumetall.ee\/uksetehas\/wp-content\/uploads\/sites\/2\/2018\/09\/IMG_4869.jpg","type":"image\/jpeg"}],"twitter_card":"summary_large_image","twitter_misc":{"Est. reading time":"3 minutit"},"schema":{"@context":"https:\/\/schema.org","@graph":[{"@type":"WebPage","@id":"https:\/\/sakumetall.ee\/uksetehas\/tehtud-tood\/viimsi-riigiguemnaasium\/","url":"https:\/\/sakumetall.ee\/uksetehas\/tehtud-tood\/viimsi-riigiguemnaasium\/","name":"Viimsi Riigig\u00fcmnaasium","isPartOf":{"@id":"https:\/\/sakumetall.ee\/uksetehas\/#website"},"primaryImageOfPage":{"@id":"https:\/\/sakumetall.ee\/uksetehas\/tehtud-tood\/viimsi-riigiguemnaasium\/#primaryimage"},"image":{"@id":"https:\/\/sakumetall.ee\/uksetehas\/tehtud-tood\/viimsi-riigiguemnaasium\/#primaryimage"},"thumbnailUrl":"https:\/\/sakumetall.ee\/uksetehas\/wp-content\/uploads\/sites\/2\/2018\/09\/IMG_4869.jpg","datePublished":"2018-09-24T06:24:19+00:00","dateModified":"2024-01-09T13:31:33+00:00","description":"Saku Metall AS tegeleb uksetootmise ja allhankega. Pakume tulet\u00f5kkeuksi, metalluksi, profiil- ja l\u00fckanduksi ning garaa\u017ei- ja t\u00f6\u00f6stuslikke t\u00f5stuksi ning lehtmetallist allhanket\u00f6id. V\u00f5ta \u00fchendust!","breadcrumb":{"@id":"https:\/\/sakumetall.ee\/uksetehas\/tehtud-tood\/viimsi-riigiguemnaasium\/#breadcrumb"},"inLanguage":"et","potentialAction":[{"@type":"ReadAction","target":["https:\/\/sakumetall.ee\/uksetehas\/tehtud-tood\/viimsi-riigiguemnaasium\/"]}]},{"@type":"ImageObject","inLanguage":"et","@id":"https:\/\/sakumetall.ee\/uksetehas\/tehtud-tood\/viimsi-riigiguemnaasium\/#primaryimage","url":"https:\/\/sakumetall.ee\/uksetehas\/wp-content\/uploads\/sites\/2\/2018\/09\/IMG_4869.jpg","contentUrl":"https:\/\/sakumetall.ee\/uksetehas\/wp-content\/uploads\/sites\/2\/2018\/09\/IMG_4869.jpg","width":1000,"height":750,"caption":"viimsi_riigig\u00fcmnaasium"},{"@type":"BreadcrumbList","@id":"https:\/\/sakumetall.ee\/uksetehas\/tehtud-tood\/viimsi-riigiguemnaasium\/#breadcrumb","itemListElement":[{"@type":"ListItem","position":1,"name":"Home","item":"https:\/\/sakumetall.ee\/uksetehas\/"},{"@type":"ListItem","position":2,"name":"Tehtud t\u00f6\u00f6d","item":"https:\/\/sakumetall.ee\/uksetehas\/tehtud-tood\/"},{"@type":"ListItem","position":3,"name":"Viimsi Riigig\u00fcmnaasium"}]},{"@type":"WebSite","@id":"https:\/\/sakumetall.ee\/uksetehas\/#website","url":"https:\/\/sakumetall.ee\/uksetehas\/","name":"Uksetehas","description":"Saku Metall AS tegeleb uksetootmise ja allhankega. Pakume tulet\u00f5kkeuksi, metalluksi, profiil- ja l\u00fckanduksi ning garaa\u017ei- ja t\u00f6\u00f6stuslikke t\u00f5stuksi ning lehtmetallist allhanket\u00f6id. V\u00f5ta \u00fchendust!","potentialAction":[{"@type":"SearchAction","target":{"@type":"EntryPoint","urlTemplate":"https:\/\/sakumetall.ee\/uksetehas\/?s={search_term_string}"},"query-input":{"@type":"PropertyValueSpecification","valueRequired":true,"valueName":"search_term_string"}}],"inLanguage":"et"}]}},"_links":{"self":[{"href":"https:\/\/sakumetall.ee\/uksetehas\/wp-json\/wp\/v2\/pages\/9257","targetHints":{"allow":["GET"]}}],"collection":[{"href":"https:\/\/sakumetall.ee\/uksetehas\/wp-json\/wp\/v2\/pages"}],"about":[{"href":"https:\/\/sakumetall.ee\/uksetehas\/wp-json\/wp\/v2\/types\/page"}],"author":[{"embeddable":true,"href":"https:\/\/sakumetall.ee\/uksetehas\/wp-json\/wp\/v2\/users\/13"}],"replies":[{"embeddable":true,"href":"https:\/\/sakumetall.ee\/uksetehas\/wp-json\/wp\/v2\/comments?post=9257"}],"version-history":[{"count":3,"href":"https:\/\/sakumetall.ee\/uksetehas\/wp-json\/wp\/v2\/pages\/9257\/revisions"}],"predecessor-version":[{"id":28789,"href":"https:\/\/sakumetall.ee\/uksetehas\/wp-json\/wp\/v2\/pages\/9257\/revisions\/28789"}],"up":[{"embeddable":true,"href":"https:\/\/sakumetall.ee\/uksetehas\/wp-json\/wp\/v2\/pages\/11"}],"wp:featuredmedia":[{"embeddable":true,"href":"https:\/\/sakumetall.ee\/uksetehas\/wp-json\/wp\/v2\/media\/9258"}],"wp:attachment":[{"href":"https:\/\/sakumetall.ee\/uksetehas\/wp-json\/wp\/v2\/media?parent=9257"}],"curies":[{"name":"wp","href":"https:\/\/api.w.org\/{rel}","templated":true}]}}